{"id":22033,"date":"2014-11-20T10:49:07","date_gmt":"2014-11-20T10:49:07","guid":{"rendered":"http:\/\/www.labeljoy.com\/ayuda\/itf14\/"},"modified":"2015-01-21T19:53:12","modified_gmt":"2015-01-21T19:53:12","slug":"itf14-es","status":"publish","type":"page","link":"https:\/\/www.labeljoy.com\/es\/ayuda\/itf14-es\/","title":{"rendered":"Itf-14"},"content":{"rendered":"<div data-partent=\"19635\" class=\"callout callout-warning\">\n<h4>Esta p\u00e1gina hace referencia a Labeljoy 5, que no es nuestra \u00faltima versi\u00f3n.<\/h4>\n<p><a href=\"\/es\/comprar\/\">Actualice a Labeljoy 6<\/a> para obtener la \u00faltima versi\u00f3n del software con todas sus incre\u00edbles caracter\u00edsticas, o si ya es usuario, visite la <a href=\"\/es\/ayuda-lj6\/\">gu\u00eda del usuario de Labeljoy 6<\/a>.<\/p>\n<\/div>\n<div id=\"help-guide\">\n\r\n<p class=\"title\">itf-14<\/p>\r\n<p class=\"body\"><strong>ITF-14<\/strong> es la implementaci\u00f3n GS1 de un c\u00f3digo de barras <a href=\"http:\/\/www.labeljoy.com\/es\/ayuda\/interleaved-2-of-5-es\/\">Interleaved 2 of 5<\/a> que codifica un Global Trade Item Number. Los s\u00edmbolos ITF-14 se utilizan generalmente en e<strong>l \u00e1mbito de los envases <\/strong>de los productos. Los s\u00edmbolos ITF-14 siempre codifican 14 d\u00edgitos.<br>\r\n  El grueso marco negro alrededor del s\u00edmbolo se llama <strong>Bearer bar<\/strong>. El prop\u00f3sito del marco es igualar la presi\u00f3n ejercida por la placa de impresi\u00f3n sobre toda la superficie del s\u00edmbolo, para mejorar la lectura, ayudando a reducir la probabilidad de error o mal escaneo que puede tener lugar cuando un rayo de lectura inclinado entra o sale del s\u00edmbolo en la parte superior o inferior.*<\/p>\r\n<table width=\"100%\" border=\"0\" cellspacing=\"2\" cellpadding=\"2\">\r\n  <tr>\r\n  <td width=\"25%\" class=\"images\"><img src=\"http:\/\/www.labeljoy.com\/user-guide-files\/es\/bcd_itf14_2.png\"><\/td>\r\n    <td><p class=\"body\">Labeljoy requiere que escriba <strong>13 o 14 d\u00edgitos<\/strong> para generar el c\u00f3digo de barras, en funci\u00f3n de la configuraci\u00f3n en la casilla <i>Car\u00e1cter de control (Checksum)<\/i>.<br>\r\n        Introduzca 13 d\u00edgitos en el <strong>cuadro de texto<\/strong> si la opci\u00f3n <strong>Checksum<\/strong> est\u00e1 establecida en <i>Si<\/i> (el 14\u00ba d\u00edgitos se calcula autom\u00e1ticamente), de lo contrario ingrese 14 d\u00edgitos.<br>\r\n        La necesidad de utilizar el 14\u00ba d\u00edgito como un car\u00e1cter de control puede variar de las aplicaciones que se utilice y de la configuraci\u00f3n del lector de c\u00f3digo de barras en uso.<\/p><\/td>\r\n  <\/tr>\r\n  <tr valign=\"top\">\r\n    <td align=\"left\" valign=\"middle\" class=\"images\">S\u00edmbolo ITF-14<\/td>\r\n    <td><\/td>\r\n  <\/tr>\r\n<\/table>\r\n<p class=\"body\">La casilla de control <i>Cuadro<\/i> permite especificar el tipo <em>Bearer bars<\/em> a imprimir.<\/p>\r\n<table width=\"100%\" border=\"0\" cellspacing=\"2\" cellpadding=\"2\">\r\n  <tr>\r\n    <td width=\"33%\" align=\"center\" valign=\"middle\"><span class=\"images\"><img src=\"http:\/\/www.labeljoy.com\/user-guide-files\/es\/bcd_itf14_3.png\" alt=\"\"><\/span><\/span><\/td>\r\n    <td width=\"34%\" align=\"center\" valign=\"middle\"><span class=\"images\"><img src=\"http:\/\/www.labeljoy.com\/user-guide-files\/es\/bcd_itf14_1.png\" alt=\"\"><\/span><\/td>\r\n  <\/tr>\r\n  <tr valign=\"top\">\r\n    <td align=\"center\" valign=\"middle\" class=\"images\">ITF-14 con bearer bars horizontales<\/td>\r\n    <td align=\"center\" valign=\"middle\" class=\"images\">ITF-14 con bearer bars ocultos<\/td>\r\n  <\/tr>\r\n<\/table>\r\n<p class=\"note\"><span class=apple-style-span><strong>Concatenaci\u00f3n texto<\/strong><\/span><br>\r\n  <span class=apple-style-span>Cuando se genera un c\u00f3digo de barras ITF-14 concatenado con campos o contadores se aplican la siguiente regla: <\/span><br>\r\n  <span class=apple-style-span>- Si la opci\u00f3n <i>Checksum<\/i><\/span> est\u00e1 establecida en <i>Si<\/i> s\u00f3lo se tendr\u00e1n en cuenta los 13 primeros d\u00edgitos, de lo contrario, se considerar\u00e1 los primeros 14 d\u00edgitos<br>\r\n  <span class=apple-style-span>Cuando se encuentra un valor que no cumpla con esta norma, no se muestra el c\u00f3digo de barras.<\/span><\/p>\r\n<p class=\"body\">El texto tambi\u00e9n se puede visualizar <strong>arriba \/ abajo del s\u00edmbolo<\/strong> o se puede <strong>ocultar<\/strong>, dependiendo de la configuraci\u00f3n del cuadro <strong>Texto<\/strong>.<\/p>\r\n<table width=\"100%\" border=\"0\" cellspacing=\"2\" cellpadding=\"2\">\r\n  <tr>\r\n    <td width=\"33%\" align=\"center\" valign=\"middle\"><span class=\"images\"><img src=\"http:\/\/www.labeljoy.com\/user-guide-files\/es\/bcd_itf14_4.png\" alt=\"\"><\/span><\/span><\/td>\r\n    <td width=\"34%\" align=\"center\" valign=\"middle\"><span class=\"images\"><img src=\"http:\/\/www.labeljoy.com\/user-guide-files\/es\/bcd_itf14_5.png\" alt=\"\"><\/span><\/td>\r\n  <\/tr>\r\n  <tr valign=\"top\">\r\n    <td align=\"center\" valign=\"middle\" class=\"images\">ITF-14 con texto sobre el s\u00edmbolo<\/td>\r\n    <td align=\"center\" valign=\"middle\" class=\"images\">ITF-14 con texto oculto<\/td>\r\n  <\/tr>\r\n<\/table>\r\n<p class=\"body\">* De <a href=\"http:\/\/en.wikipedia.org\/wiki\/ITF-14\">wikipedia<\/a>.<\/p>\r\n<\/div>\n<\/div>\n","protected":false},"excerpt":{"rendered":"<p>Esta p\u00e1gina hace referencia a Labeljoy 5, que no es nuestra \u00faltima versi\u00f3n. Actualice a Labeljoy 6 para obtener la \u00faltima versi\u00f3n del software con todas sus incre\u00edbles caracter\u00edsticas, o si ya es usuario, visite la gu\u00eda del usuario de Labeljoy 6.<\/p>\n","protected":false},"author":8,"featured_media":0,"parent":21680,"menu_order":0,"comment_status":"open","ping_status":"closed","template":"page-template-left-sidebar.php","meta":{"inline_featured_image":false,"_monsterinsights_skip_tracking":false,"_monsterinsights_sitenote_active":false,"_monsterinsights_sitenote_note":"","_monsterinsights_sitenote_category":0,"footnotes":""},"class_list":{"0":"post-22033","1":"page","2":"type-page","3":"status-publish","5":"infinite-scroll-item"},"aioseo_notices":[],"_links":{"self":[{"href":"https:\/\/www.labeljoy.com\/es\/wp-json\/wp\/v2\/pages\/22033","targetHints":{"allow":["GET"]}}],"collection":[{"href":"https:\/\/www.labeljoy.com\/es\/wp-json\/wp\/v2\/pages"}],"about":[{"href":"https:\/\/www.labeljoy.com\/es\/wp-json\/wp\/v2\/types\/page"}],"author":[{"embeddable":true,"href":"https:\/\/www.labeljoy.com\/es\/wp-json\/wp\/v2\/users\/8"}],"replies":[{"embeddable":true,"href":"https:\/\/www.labeljoy.com\/es\/wp-json\/wp\/v2\/comments?post=22033"}],"version-history":[{"count":3,"href":"https:\/\/www.labeljoy.com\/es\/wp-json\/wp\/v2\/pages\/22033\/revisions"}],"predecessor-version":[{"id":22139,"href":"https:\/\/www.labeljoy.com\/es\/wp-json\/wp\/v2\/pages\/22033\/revisions\/22139"}],"up":[{"embeddable":true,"href":"https:\/\/www.labeljoy.com\/es\/wp-json\/wp\/v2\/pages\/21680"}],"wp:attachment":[{"href":"https:\/\/www.labeljoy.com\/es\/wp-json\/wp\/v2\/media?parent=22033"}],"curies":[{"name":"wp","href":"https:\/\/api.w.org\/{rel}","templated":true}]}}