{"id":22034,"date":"2014-11-20T10:54:03","date_gmt":"2014-11-20T10:54:03","guid":{"rendered":"http:\/\/www.labeljoy.com\/ayuda\/code-11\/"},"modified":"2015-01-21T19:31:50","modified_gmt":"2015-01-21T19:31:50","slug":"code-11-es","status":"publish","type":"page","link":"https:\/\/www.labeljoy.com\/es\/ayuda\/code-11-es\/","title":{"rendered":"Code 11"},"content":{"rendered":"<div data-partent=\"19635\" class=\"callout callout-warning\">\n<h4>Esta p\u00e1gina hace referencia a Labeljoy 5, que no es nuestra \u00faltima versi\u00f3n.<\/h4>\n<p><a href=\"\/es\/comprar\/\">Actualice a Labeljoy 6<\/a> para obtener la \u00faltima versi\u00f3n del software con todas sus incre\u00edbles caracter\u00edsticas, o si ya es usuario, visite la <a href=\"\/es\/ayuda-lj6\/\">gu\u00eda del usuario de Labeljoy 6<\/a>.<\/p>\n<\/div>\n<div id=\"help-guide\">\n\r\n<p class=\"title\">code 11<\/p>\r\n<p class=\"body\"><strong>Code 11<\/strong> es una simbolog\u00eda desarrollada por Intermec en 1977. Se utiliza principalmente en el campo de las <strong>telecomunicaciones<\/strong>. El s\u00edmbolo puede codificar un texto de cualquier longitud (aunque Labeljoy lo limita a 255 caracteres) que consta de los n\u00fameros del 0 al 9 y el signo menos (-). Uno o dos caracteres de control pueden ser incluidos.*<\/p>\r\n<table width=\"100%\" border=\"0\" cellspacing=\"2\" cellpadding=\"2\">\r\n  <tr>\r\n  <td width=\"16%\" class=\"images\">\r\n<img src=\"http:\/\/www.labeljoy.com\/user-guide-files\/es\/bcd_code11_1.png\">\r\n<\/td>\r\n    <td><p class=\"body\">En el cuadro de texto de Labeljoy se puede escribir un texto con una <strong>longitud m\u00e1xima de 255 caracteres<\/strong>.<\/p><\/td>\r\n  <\/tr>\r\n  <tr valign=\"top\">\r\n    <td align=\"left\" valign=\"middle\" class=\"images\">S\u00edmbolo Code 11<\/p><\/td>\r\n    <td><\/td>\r\n  <\/tr>\r\n<\/table>\r\n<p class=\"body\">La simbolog\u00eda Code 11 exige que se incluya <strong>1 o 2 caracteres de control<\/strong>. El cuadro <strong>Checksum<\/strong> permite definir el n\u00famero de caracteres de control a a\u00f1adir al texto codificado. La selecci\u00f3n (<strong>Auto<\/strong>) a\u00f1ade 1 car\u00e1cter de control por texto de hasta 10 caracteres de longitud y 2 caracteres de control por textos m\u00e1s largos. Las selecciones <strong>1<\/strong> y <strong>2<\/strong> forzar\u00e1n respectivamente 1 y 2 caracteres de control, independientemente de la longitud del texto.<\/p>\r\n<p class=\"note\"><strong>Nota<\/strong><br>\r\n  Los caracteres de control se adjuntan s\u00f3lo en el s\u00edmbolo. No est\u00e1n a\u00f1adidos al texto.<\/p>\r\n<table width=\"100%\" border=\"0\" cellspacing=\"2\" cellpadding=\"2\">\r\n  <tr>\r\n    <td width=\"33%\" align=\"center\" valign=\"middle\"><img src=\"http:\/\/www.labeljoy.com\/user-guide-files\/es\/bcd_code11_2.png\"><\/td>\r\n    <td width=\"33%\" align=\"center\" valign=\"middle\"><img src=\"http:\/\/www.labeljoy.com\/user-guide-files\/es\/bcd_code11_3.png\"><\/td>\r\n  <\/tr>\r\n  <tr valign=\"top\">\r\n    <td align=\"center\" valign=\"middle\" class=\"images\">S\u00edmbolo Code 11 con 9 caracteres y 2 caracteres de control obligados<\/td>\r\n    <td align=\"center\" valign=\"middle\" class=\"images\">S\u00edmbolo Code 11 con 9 caracteres y 1 car\u00e1cter de control obligado<\/td>\r\n  <\/tr>\r\n<\/table>\r\n<p class=\"note\"><strong>Concatenaci\u00f3n texto<\/strong><br>\r\n  Cuando se genera un c\u00f3digo de barras Code 11 concatenado con campos o contadores se aplican las siguientes reglas:<br>\r\n  - El texto debe contener s\u00f3lo n\u00fameros y el signo meno (-).<br>\r\n  - El texto no debe superar los 255 caracteres, incluidos los signos menos.<br>\r\n  Cuando se encuentra un valor que no cumpla con estas normas, no se muestra el c\u00f3digo de barras.<\/p>\r\n<p class=\"body\">Se puede visualizar el texto <strong>arriba \/ abajo del s\u00edmbolo<\/strong> o se puede <strong>ocultar<\/strong>, dependiendo de la configuraci\u00f3n del cuadro <strong>Texto<\/strong>.<\/p>\r\n<table width=\"100%\" border=\"0\" cellspacing=\"2\" cellpadding=\"2\">\r\n  <tr>\r\n    <td width=\"33%\" align=\"center\" valign=\"middle\"><span class=\"images\"><img src=\"http:\/\/www.labeljoy.com\/user-guide-files\/es\/bcd_code11_4.png\"><\/span><\/span><\/td>\r\n    <td width=\"34%\" align=\"center\" valign=\"middle\"><span class=\"images\"><img src=\"http:\/\/www.labeljoy.com\/user-guide-files\/es\/bcd_code11_5.png\"><\/span><\/td>\r\n  <\/tr>\r\n  <tr valign=\"top\">\r\n    <td align=\"center\" valign=\"middle\" class=\"images\">Code 11 con texto arriba del s\u00edmbolo<\/td>\r\n    <td align=\"center\" valign=\"middle\" class=\"images\">Code 11 con texto oculto<\/td>\r\n  <\/tr>\r\n<\/table>\r\n<p class=\"body\">* De <a href=\"http:\/\/en.wikipedia.org\/wiki\/Code_11\">wikipedia<\/a>.<\/p>\n<\/div>\n","protected":false},"excerpt":{"rendered":"<p>Esta p\u00e1gina hace referencia a Labeljoy 5, que no es nuestra \u00faltima versi\u00f3n. Actualice a Labeljoy 6 para obtener la \u00faltima versi\u00f3n del software con todas sus incre\u00edbles caracter\u00edsticas, o si ya es usuario, visite la gu\u00eda del usuario de Labeljoy 6.<\/p>\n","protected":false},"author":8,"featured_media":0,"parent":21680,"menu_order":0,"comment_status":"open","ping_status":"closed","template":"page-template-left-sidebar.php","meta":{"inline_featured_image":false,"_monsterinsights_skip_tracking":false,"_monsterinsights_sitenote_active":false,"_monsterinsights_sitenote_note":"","_monsterinsights_sitenote_category":0,"footnotes":""},"class_list":{"0":"post-22034","1":"page","2":"type-page","3":"status-publish","5":"infinite-scroll-item"},"aioseo_notices":[],"_links":{"self":[{"href":"https:\/\/www.labeljoy.com\/es\/wp-json\/wp\/v2\/pages\/22034","targetHints":{"allow":["GET"]}}],"collection":[{"href":"https:\/\/www.labeljoy.com\/es\/wp-json\/wp\/v2\/pages"}],"about":[{"href":"https:\/\/www.labeljoy.com\/es\/wp-json\/wp\/v2\/types\/page"}],"author":[{"embeddable":true,"href":"https:\/\/www.labeljoy.com\/es\/wp-json\/wp\/v2\/users\/8"}],"replies":[{"embeddable":true,"href":"https:\/\/www.labeljoy.com\/es\/wp-json\/wp\/v2\/comments?post=22034"}],"version-history":[{"count":3,"href":"https:\/\/www.labeljoy.com\/es\/wp-json\/wp\/v2\/pages\/22034\/revisions"}],"predecessor-version":[{"id":22137,"href":"https:\/\/www.labeljoy.com\/es\/wp-json\/wp\/v2\/pages\/22034\/revisions\/22137"}],"up":[{"embeddable":true,"href":"https:\/\/www.labeljoy.com\/es\/wp-json\/wp\/v2\/pages\/21680"}],"wp:attachment":[{"href":"https:\/\/www.labeljoy.com\/es\/wp-json\/wp\/v2\/media?parent=22034"}],"curies":[{"name":"wp","href":"https:\/\/api.w.org\/{rel}","templated":true}]}}