{"id":22035,"date":"2014-11-20T10:55:06","date_gmt":"2014-11-20T10:55:06","guid":{"rendered":"http:\/\/www.labeljoy.com\/ayuda\/code-128\/"},"modified":"2015-01-21T19:28:43","modified_gmt":"2015-01-21T19:28:43","slug":"code-128-es","status":"publish","type":"page","link":"https:\/\/www.labeljoy.com\/es\/ayuda\/code-128-es\/","title":{"rendered":"Code 128"},"content":{"rendered":"<div data-partent=\"19635\" class=\"callout callout-warning\">\n<h4>Esta p\u00e1gina hace referencia a Labeljoy 5, que no es nuestra \u00faltima versi\u00f3n.<\/h4>\n<p><a href=\"\/es\/comprar\/\">Actualice a Labeljoy 6<\/a> para obtener la \u00faltima versi\u00f3n del software con todas sus incre\u00edbles caracter\u00edsticas, o si ya es usuario, visite la <a href=\"\/es\/ayuda-lj6\/\">gu\u00eda del usuario de Labeljoy 6<\/a>.<\/p>\n<\/div>\n<div id=\"help-guide\">\n\r\n<p class=\"title\">code 128<\/p>\n<p class=\"body\"><strong>Code 128<\/strong> es una simbolog\u00eda de alta densidad. Se utiliza para c\u00f3digos de barras alfanum\u00e9ricos o s\u00f3lo num\u00e9ricos. Puede codificar todos los 128 caracteres ASCII.*<\/p>\n<p class=\"body\">Code 128 est\u00e1 utilizado como <strong>simbolog\u00eda de base<\/strong> para generar los s\u00edmbolos <a href=\"http:\/\/www.labeljoy.com\/es\/ayuda\/ean128-es\/\">EAN-128<\/a> y <a href=\"http:\/\/www.labeljoy.com\/es\/ayuda\/gs1128-es\/\">GS1-128<\/a>.<\/p>\n<p class=\"body\">Labeljoy requiere que se escriba un texto <strong>alfanum\u00e9rico con una longitud de hasta 48 caracteres<\/strong>. Introduzca el texto en el cuadro de texto.<br>\n  Se puede visualizar el <strong>texto arriba \/ abajo del s\u00edmbolo<\/strong> o se puede <strong>ocultar<\/strong>, dependiendo de la configuraci\u00f3n del cuadro <strong>Texto<\/strong>.<\/p>\n<p class=\"body\">Opcionalmente, puede seleccionar el modo de codificaci&oacute;n del combobx Codificaci&oacute;n.<br \/>\n  Si selecciona un modo de codificaci&oacute;n distinto de <em>Auto<\/em>, el texto introducido se codificar&aacute; en funci&oacute;n del valor ASCII de cada car&aacute;cter, en lugar de su valor literal.<br \/>\nAs&iacute;, por ejemplo, la codificaci&oacute;n de la letra <em>A<\/em> con el modo de codificaci&oacute;n <em>128C<\/em> generar&aacute; un s&iacute;mbolo que codifica <em>33<\/em>, ya que es el valor correspondiente en la tabla de modo de codificaci&oacute;n 128C del car&aacute;cter ASCII 65 (letra A).<\/p>\n<p class=\"note\"><strong>Concatenaci\u00f3n texto<\/strong><br>\n  Cuando se genera un c\u00f3digo de barras Code 128 concatenado con campos o contadores se aplican las siguientes reglas:<br>\n  - El texto no debe superar los 48 caracteres.<br>\n  Cuando se encuentra un valor que no cumple con esta norma, no se muestra el c\u00f3digo de barras.<br>\n  <br>\n  Adem\u00e1s, se eliminar\u00e1n todos los caracteres con valor ASCII superior a 127.<\/p>\n<table width=\"100%\" border=\"0\" cellpadding=\"2\" cellspacing=\"2\" class=\"images\">\n  <tr>\n    <td valign=\"bottom\" class=\"imagesLeft\"><img src=\"http:\/\/www.labeljoy.com\/user-guide-files\/es\/bcd_code128_1.png\"><\/span><\/span><\/td>\n    <\/tr>\n  <tr valign=\"top\">\n    <td  valign=\"top\" class=\"imagesLeft\">Code 128 con el texto abajo del s\u00edmbolo<\/td>\n  <\/tr>\n   <tr>\n    <td  valign=\"bottom\" class=\"imagesLeft\"><img src=\"http:\/\/www.labeljoy.com\/user-guide-files\/es\/bcd_code128_2.png\"><\/span><\/span><\/td>\n    <\/tr>\n  <tr valign=\"top\">\n    <td  valign=\"top\" class=\"imagesLeft\">Code 128 con el texto arriba del s\u00edmbolo<\/td>\n  <\/tr>\n  <tr>\n    <td valign=\"bottom\" class=\"imagesLeft\"><img src=\"http:\/\/www.labeljoy.com\/user-guide-files\/es\/bcd_code128_3.png\"><\/td>\n  <\/tr>\n  <tr valign=\"top\">\n    <td  valign=\"top\" class=\"imagesLeft\">Code 128 con el texto oculto<\/td>\n  <\/tr>\n<\/table>\n<p class=\"body\">* De <a href=\"http:\/\/en.wikipedia.org\/wiki\/Code_128\">wikipedia<\/a>.<\/p>\n<\/div>\n<\/div>\n","protected":false},"excerpt":{"rendered":"<p>Esta p\u00e1gina hace referencia a Labeljoy 5, que no es nuestra \u00faltima versi\u00f3n. Actualice a Labeljoy 6 para obtener la \u00faltima versi\u00f3n del software con todas sus incre\u00edbles caracter\u00edsticas, o si ya es usuario, visite la gu\u00eda del usuario de Labeljoy 6.<\/p>\n","protected":false},"author":8,"featured_media":0,"parent":21680,"menu_order":0,"comment_status":"open","ping_status":"closed","template":"page-template-left-sidebar.php","meta":{"inline_featured_image":false,"_monsterinsights_skip_tracking":false,"_monsterinsights_sitenote_active":false,"_monsterinsights_sitenote_note":"","_monsterinsights_sitenote_category":0,"footnotes":""},"class_list":{"0":"post-22035","1":"page","2":"type-page","3":"status-publish","5":"infinite-scroll-item"},"aioseo_notices":[],"_links":{"self":[{"href":"https:\/\/www.labeljoy.com\/es\/wp-json\/wp\/v2\/pages\/22035","targetHints":{"allow":["GET"]}}],"collection":[{"href":"https:\/\/www.labeljoy.com\/es\/wp-json\/wp\/v2\/pages"}],"about":[{"href":"https:\/\/www.labeljoy.com\/es\/wp-json\/wp\/v2\/types\/page"}],"author":[{"embeddable":true,"href":"https:\/\/www.labeljoy.com\/es\/wp-json\/wp\/v2\/users\/8"}],"replies":[{"embeddable":true,"href":"https:\/\/www.labeljoy.com\/es\/wp-json\/wp\/v2\/comments?post=22035"}],"version-history":[{"count":3,"href":"https:\/\/www.labeljoy.com\/es\/wp-json\/wp\/v2\/pages\/22035\/revisions"}],"predecessor-version":[{"id":22130,"href":"https:\/\/www.labeljoy.com\/es\/wp-json\/wp\/v2\/pages\/22035\/revisions\/22130"}],"up":[{"embeddable":true,"href":"https:\/\/www.labeljoy.com\/es\/wp-json\/wp\/v2\/pages\/21680"}],"wp:attachment":[{"href":"https:\/\/www.labeljoy.com\/es\/wp-json\/wp\/v2\/media?parent=22035"}],"curies":[{"name":"wp","href":"https:\/\/api.w.org\/{rel}","templated":true}]}}