{"id":22036,"date":"2014-11-20T10:56:04","date_gmt":"2014-11-20T10:56:04","guid":{"rendered":"http:\/\/www.labeljoy.com\/ayuda\/code-39\/"},"modified":"2015-01-21T19:29:08","modified_gmt":"2015-01-21T19:29:08","slug":"code-39-es","status":"publish","type":"page","link":"https:\/\/www.labeljoy.com\/es\/ayuda\/code-39-es\/","title":{"rendered":"Code 39"},"content":{"rendered":"<div data-partent=\"19635\" class=\"callout callout-warning\">\n<h4>Esta p\u00e1gina hace referencia a Labeljoy 5, que no es nuestra \u00faltima versi\u00f3n.<\/h4>\n<p><a href=\"\/es\/comprar\/\">Actualice a Labeljoy 6<\/a> para obtener la \u00faltima versi\u00f3n del software con todas sus incre\u00edbles caracter\u00edsticas, o si ya es usuario, visite la <a href=\"\/es\/ayuda-lj6\/\">gu\u00eda del usuario de Labeljoy 6<\/a>.<\/p>\n<\/div>\n<div id=\"help-guide\">\n\r\n<p class=\"title\">code 39<\/p>\r\n<p class=\"body\"><strong>Code 39<\/strong> (tambi\u00e9n conocida como &quot;USS Code 39&quot;, &quot;Code 3\/9&quot;, &quot;Code 3 of 9&quot;, &quot;USD-3&quot;, &quot;Alpha39&quot;, &quot;Type 39&quot;) es una simbolog\u00eda discreta de longitud variable. Las especificaciones Code 39 definen 43 caracteres posibles, que consisten en letras may\u00fasculas (A a Z), n\u00fameros (0 a 9) y algunos caracteres especiales (-, ., $, \/, +, %, y espacio). *<\/p>\r\n<table width=\"100%\" border=\"0\" cellspacing=\"2\" cellpadding=\"2\">\r\n  <tr>\r\n  <td width=\"21%\" height=\"142\" class=\"images\">\r\n<img src=\"http:\/\/www.labeljoy.com\/user-guide-files\/es\/bcd_code39_1.png\">\r\n<\/td>\r\n    <td><p class=\"body\">Labeljoy requiere introducir en el cuadro un texto <strong>de longitud m\u00e1xima de 255 caracteres<\/strong>.<\/p><\/td>\r\n  <\/tr>\r\n  <tr valign=\"top\">\r\n    <td align=\"left\" valign=\"middle\" class=\"images\">S\u00edmbolo Code 39<\/td>\r\n    <td><\/td>\r\n  <\/tr>\r\n<\/table>\r\n<p class=\"body\">El c\u00f3digo de barra\u00a0 Code 39 puede contener <strong>un car\u00e1cter de control opcional<\/strong>. El car\u00e1cter de control puede ser codificado en el s\u00edmbolo y <strong>opcionalmente visualizado<\/strong> en texto.<br>\r\n  Defina los ajustes del car\u00e1cter de control a trav\u00e9s de la casilla de control <strong>Checksum<\/strong>.<\/p>\r\n<table width=\"100%\" border=\"0\" cellspacing=\"2\" cellpadding=\"2\">\r\n  <tr>\r\n    <td width=\"33%\" height=\"144\" align=\"center\" valign=\"middle\"><img src=\"http:\/\/www.labeljoy.com\/user-guide-files\/es\/bcd_code39_2.png\"><\/td>\r\n    <td width=\"33%\" align=\"center\" valign=\"middle\"><img src=\"http:\/\/www.labeljoy.com\/user-guide-files\/es\/bcd_code39_3.png\"><\/td>\r\n  <\/tr>\r\n  <tr valign=\"top\">\r\n    <td align=\"center\" valign=\"middle\" class=\"images\">Code 39 con un c\u00f3digo de control visualizado en el texto<\/td>\r\n    <td align=\"center\" valign=\"middle\" class=\"images\">Code 39 con un c\u00f3digo de control no visualizado en el texto<\/td>\r\n  <\/tr>\r\n<\/table>\r\n<p class=\"body\">Los s\u00edmbolos Code 39 se pueden extender para codificar todos <strong>los caracteres ASCII hasta el car\u00e1cter 127<\/strong>, incluyendo letras min\u00fasculas. Active la casilla <strong>Codificaci\u00f3n entera<\/strong> para activar el modo de codificaci\u00f3n completa.<br>\r\n  El modo extendido requiere m\u00e1s espacio horizontal para representar el s\u00edmbolo.<\/p>\r\n<table width=\"100%\" border=\"0\" cellspacing=\"2\" cellpadding=\"2\">\r\n  <tr>\r\n    <td width=\"33%\" height=\"142\" align=\"center\" valign=\"middle\"><img src=\"http:\/\/www.labeljoy.com\/user-guide-files\/es\/bcd_code39_4.png\"><\/td>\r\n  <\/tr>\r\n  <tr valign=\"top\">\r\n    <<td align=\"center\" valign=\"middle\" class=\"images\">Code 39 en el modo Codificaci\u00f3n entera<\/td>\r\n  <\/tr>\r\n<\/table>\r\n<p class=\"note\"><strong>Concatenaci\u00f3n texto:<\/strong><br>\r\n  Cuando se genera un c\u00f3digo de barras Code 39 concatenado con campos o contadores se aplican las siguientes reglas:<br>\r\n  - En el modo est\u00e1ndar, el texto puede contener s\u00f3lo letras may\u00fasculas (A - Z), n\u00fameros (0-9) y uno o m\u00e1s caracteres especiales (-, ., $, \/, +, % y espacio).<br>\r\n  - En la Codificaci\u00f3n entera, el texto puede contener cualquier conjunto de caracteres ASCII, hasta los caracteres ASCII 127.<br>\r\n  Cuando se encuentra un valor que no cumpla con estas normas, no se muestra el c\u00f3digo de barras.<\/p>\r\n<p class=\"body\">Se puede visualizar el texto <strong>arriba \/ abajo del s\u00edmbolo<\/strong> o se puede <strong>ocultar<\/strong>, dependiendo de la configuraci\u00f3n del cuadro <strong>Texto<\/strong>.<\/p>\r\n<table width=\"100%\" border=\"0\" cellspacing=\"2\" cellpadding=\"2\">\r\n  <tr>\r\n    <td width=\"33%\" height=\"139\" align=\"center\" valign=\"middle\"><span class=\"images\"><img src=\"http:\/\/www.labeljoy.com\/user-guide-files\/es\/bcd_code39_5.png\"><\/span><\/span><\/td>\r\n    <td width=\"34%\" align=\"center\" valign=\"middle\"><span class=\"images\"><img src=\"http:\/\/www.labeljoy.com\/user-guide-files\/es\/bcd_code39_6.png\"><\/span><\/td>\r\n  <\/tr>\r\n  <tr valign=\"top\">\r\n    <td align=\"center\" valign=\"middle\" class=\"images\">Code 39 con texto arriba del s\u00edmbolo<\/td>\r\n    <td align=\"center\" valign=\"middle\" class=\"images\">Code 39 con texto oculto<\/td>\r\n  <\/tr>\r\n<\/table>\r\n<p class=\"body\">* De <a href=\"http:\/\/en.wikipedia.org\/wiki\/Code39\">wikipedia<\/a>.<\/p>\n<\/div>\n","protected":false},"excerpt":{"rendered":"<p>Esta p\u00e1gina hace referencia a Labeljoy 5, que no es nuestra \u00faltima versi\u00f3n. Actualice a Labeljoy 6 para obtener la \u00faltima versi\u00f3n del software con todas sus incre\u00edbles caracter\u00edsticas, o si ya es usuario, visite la gu\u00eda del usuario de Labeljoy 6.<\/p>\n","protected":false},"author":8,"featured_media":0,"parent":21680,"menu_order":0,"comment_status":"open","ping_status":"closed","template":"page-template-left-sidebar.php","meta":{"inline_featured_image":false,"_monsterinsights_skip_tracking":false,"_monsterinsights_sitenote_active":false,"_monsterinsights_sitenote_note":"","_monsterinsights_sitenote_category":0,"footnotes":""},"class_list":{"0":"post-22036","1":"page","2":"type-page","3":"status-publish","5":"infinite-scroll-item"},"aioseo_notices":[],"_links":{"self":[{"href":"https:\/\/www.labeljoy.com\/es\/wp-json\/wp\/v2\/pages\/22036","targetHints":{"allow":["GET"]}}],"collection":[{"href":"https:\/\/www.labeljoy.com\/es\/wp-json\/wp\/v2\/pages"}],"about":[{"href":"https:\/\/www.labeljoy.com\/es\/wp-json\/wp\/v2\/types\/page"}],"author":[{"embeddable":true,"href":"https:\/\/www.labeljoy.com\/es\/wp-json\/wp\/v2\/users\/8"}],"replies":[{"embeddable":true,"href":"https:\/\/www.labeljoy.com\/es\/wp-json\/wp\/v2\/comments?post=22036"}],"version-history":[{"count":3,"href":"https:\/\/www.labeljoy.com\/es\/wp-json\/wp\/v2\/pages\/22036\/revisions"}],"predecessor-version":[{"id":22131,"href":"https:\/\/www.labeljoy.com\/es\/wp-json\/wp\/v2\/pages\/22036\/revisions\/22131"}],"up":[{"embeddable":true,"href":"https:\/\/www.labeljoy.com\/es\/wp-json\/wp\/v2\/pages\/21680"}],"wp:attachment":[{"href":"https:\/\/www.labeljoy.com\/es\/wp-json\/wp\/v2\/media?parent=22036"}],"curies":[{"name":"wp","href":"https:\/\/api.w.org\/{rel}","templated":true}]}}