{"id":22037,"date":"2014-11-20T10:58:09","date_gmt":"2014-11-20T10:58:09","guid":{"rendered":"http:\/\/www.labeljoy.com\/ayuda\/interleaved-2-of-5\/"},"modified":"2015-01-21T19:32:22","modified_gmt":"2015-01-21T19:32:22","slug":"interleaved-2-of-5-es","status":"publish","type":"page","link":"https:\/\/www.labeljoy.com\/es\/ayuda\/interleaved-2-of-5-es\/","title":{"rendered":"Interleaved 2 of 5"},"content":{"rendered":"<div data-partent=\"19635\" class=\"callout callout-warning\">\n<h4>Esta p\u00e1gina hace referencia a Labeljoy 5, que no es nuestra \u00faltima versi\u00f3n.<\/h4>\n<p><a href=\"\/es\/comprar\/\">Actualice a Labeljoy 6<\/a> para obtener la \u00faltima versi\u00f3n del software con todas sus incre\u00edbles caracter\u00edsticas, o si ya es usuario, visite la <a href=\"\/es\/ayuda-lj6\/\">gu\u00eda del usuario de Labeljoy 6<\/a>.<\/p>\n<\/div>\n<div id=\"help-guide\">\n\r\n<p class=\"title\">interleaved 2 of 5<\/p>\r\n<p class=\"body\"><strong>Interleaved 2 of 5<\/strong> es una simbolog\u00eda con 2 longitud que codifica <strong>s\u00f3lo n\u00fameros<\/strong>. Se utiliza comercialmente en pel\u00edculas 135 y en las cajas de algunos productos.*<\/p>\r\n<table width=\"100%\" border=\"0\" cellspacing=\"2\" cellpadding=\"2\">\r\n  <tr>\r\n  <td width=\"25%\" class=\"images\"><img src=\"http:\/\/www.labeljoy.com\/user-guide-files\/es\/bcd_int25_1.png\"><\/td>\r\n<td>\r\n<p class=\"body\" style='margin:0cm;margin-bottom:.0001pt'>Labeljoy requiere que se escriba un texto num\u00e9rico en el cuadro con una <strong>longitud m\u00e1xima de 255 caracteres<\/strong>.<\/p>\r\n<\/td>\r\n<\/tr>\r\n<tr valign=\"top\">\r\n<td align=\"left\" valign=\"middle\" class=\"images\">S\u00edmbolo Interleaved 2 of 5\r\n<\/td>\r\n<td>\r\n <\/td>\r\n<\/tr>\r\n<\/table>\r\n<p class=\"body\">El cuadro de control <strong>Cuadro<\/strong> permite especificar el tipo de <em>Bearer bars<\/em>\r\na imprimir.<\/p>\r\n<table width=\"100%\" border=\"0\" cellspacing=\"2\" cellpadding=\"2\">\r\n  <tr>\r\n    <td width=\"33%\" align=\"center\" valign=\"middle\"><span class=\"images\"><img src=\"http:\/\/www.labeljoy.com\/user-guide-files\/es\/bcd_int25_4.png\" alt=\"\"><\/span><\/span><\/td>\r\n    <td width=\"34%\" align=\"center\" valign=\"middle\"><span class=\"images\"><img src=\"http:\/\/www.labeljoy.com\/user-guide-files\/es\/bcd_int25_5.png\" alt=\"\"><\/span><\/td>\r\n  <\/tr>\r\n  <tr valign=\"top\">\r\n<td align=\"left\" valign=\"middle\" class=\"images\">Interleaved 2 of 5 con bearer bars horizontales\r\n<\/td>\r\n<td align=\"left\" valign=\"middle\" class=\"images\">Interleaved 2 of 5 con bearer bars integrales\r\n<\/td>\r\n<\/tr>\r\n<\/table>\r\n<p class=\"body\">El c\u00f3digos de barras Interleaved 2 of 5 puede contener un <strong>car\u00e1cter de control opcional<\/strong>. El car\u00e1cter de control puede ser codificado en el s\u00edmbolo y <strong>opcionalmente visualizado<\/strong> en texto.<br>\r\nDefina los ajustes sobre el car\u00e1cter de control a trav\u00e9s de la casilla <strong>Checksum<\/strong>.<\/p>\r\n<table width=\"100%\" border=\"0\" cellspacing=\"2\" cellpadding=\"2\">\r\n  <tr>\r\n    <td width=\"33%\" height=\"144\" align=\"center\" valign=\"middle\"><img src=\"http:\/\/www.labeljoy.com\/user-guide-files\/es\/bcd_int25_2.png\"><\/td>\r\n    <td width=\"33%\" align=\"center\" valign=\"middle\"><img src=\"http:\/\/www.labeljoy.com\/user-guide-files\/es\/bcd_int25_3.png\"><\/td>\r\n  <\/tr>\r\n<tr valign=\"top\">\r\n<td align=\"left\" valign=\"middle\" class=\"images\">Interleaved 2 of 5 con un car\u00e1cter de control visualizado en el texto\r\n<\/td>\r\n<td align=\"left\" valign=\"middle\" class=\"images\">Interleaved 2 of 5 con un car\u00e1cter de control no visualizado en el texto\r\n<\/td>\r\n<\/tr>\r\n<\/table>\r\n <p class=\"note\"><strong>Concatenaci\u00f3n texto<\/strong><br>\r\nCuando se genera un c\u00f3digo de barras Interleaved 2 of 5 concatenado con campos o contadores se aplican las siguientes reglas:<br>\r\n- S\u00f3lo se considerar\u00e1n los textos que contienen n\u00fameros.<br>\r\nCuando se encuentra un valor que no cumpla con esta norma, no se muestra el c\u00f3digo de barras.<\/p>\r\n <p class=\"body\">Se puede visualizar el texto <strong>arriba \/ abajo del s\u00edmbolo<\/strong> o se puede <strong>ocultar<\/strong>, dependiendo de la configuraci\u00f3n del cuadro <strong>Texto<\/strong>.<\/p>\r\n<table width=\"100%\" border=\"0\" cellspacing=\"2\" cellpadding=\"2\">\r\n  <tr>\r\n    <td width=\"33%\" align=\"center\" valign=\"middle\"><span class=\"images\"><img src=\"http:\/\/www.labeljoy.com\/user-guide-files\/es\/bcd_int25_6.png\"><\/span><\/span><\/td>\r\n    <td width=\"34%\" align=\"center\" valign=\"middle\"><span class=\"images\"><img src=\"http:\/\/www.labeljoy.com\/user-guide-files\/es\/bcd_int25_7.png\"><\/span><\/td>\r\n  <\/tr>\r\n<tr valign=\"top\">\r\n<td align=\"left\" valign=\"middle\" class=\"images\">Interleaved 2 of 5 con texto arriba del s\u00edmbolo\r\n<\/td>\r\n<td align=\"left\" valign=\"middle\" class=\"images\">Interleaved 2 of 5 con texto oculto\r\n<\/td>\r\n<\/tr>\r\n<\/table>\r\n<p class=\"body\">* De <a href=\"http:\/\/en.wikipedia.org\/wiki\/Interleaved_2_of_5\">wikipedia<\/a>.<\/p>\n<\/div>\n","protected":false},"excerpt":{"rendered":"<p>Esta p\u00e1gina hace referencia a Labeljoy 5, que no es nuestra \u00faltima versi\u00f3n. Actualice a Labeljoy 6 para obtener la \u00faltima versi\u00f3n del software con todas sus incre\u00edbles caracter\u00edsticas, o si ya es usuario, visite la gu\u00eda del usuario de Labeljoy 6.<\/p>\n","protected":false},"author":8,"featured_media":0,"parent":21680,"menu_order":0,"comment_status":"open","ping_status":"closed","template":"page-template-left-sidebar.php","meta":{"inline_featured_image":false,"_monsterinsights_skip_tracking":false,"_monsterinsights_sitenote_active":false,"_monsterinsights_sitenote_note":"","_monsterinsights_sitenote_category":0,"footnotes":""},"class_list":{"0":"post-22037","1":"page","2":"type-page","3":"status-publish","5":"infinite-scroll-item"},"aioseo_notices":[],"_links":{"self":[{"href":"https:\/\/www.labeljoy.com\/es\/wp-json\/wp\/v2\/pages\/22037","targetHints":{"allow":["GET"]}}],"collection":[{"href":"https:\/\/www.labeljoy.com\/es\/wp-json\/wp\/v2\/pages"}],"about":[{"href":"https:\/\/www.labeljoy.com\/es\/wp-json\/wp\/v2\/types\/page"}],"author":[{"embeddable":true,"href":"https:\/\/www.labeljoy.com\/es\/wp-json\/wp\/v2\/users\/8"}],"replies":[{"embeddable":true,"href":"https:\/\/www.labeljoy.com\/es\/wp-json\/wp\/v2\/comments?post=22037"}],"version-history":[{"count":3,"href":"https:\/\/www.labeljoy.com\/es\/wp-json\/wp\/v2\/pages\/22037\/revisions"}],"predecessor-version":[{"id":22138,"href":"https:\/\/www.labeljoy.com\/es\/wp-json\/wp\/v2\/pages\/22037\/revisions\/22138"}],"up":[{"embeddable":true,"href":"https:\/\/www.labeljoy.com\/es\/wp-json\/wp\/v2\/pages\/21680"}],"wp:attachment":[{"href":"https:\/\/www.labeljoy.com\/es\/wp-json\/wp\/v2\/media?parent=22037"}],"curies":[{"name":"wp","href":"https:\/\/api.w.org\/{rel}","templated":true}]}}