{"id":22039,"date":"2014-11-20T10:59:07","date_gmt":"2014-11-20T10:59:07","guid":{"rendered":"http:\/\/www.labeljoy.com\/ayuda\/industrial-2-of-5\/"},"modified":"2015-01-21T19:53:21","modified_gmt":"2015-01-21T19:53:21","slug":"industrial-2-of-5-es","status":"publish","type":"page","link":"https:\/\/www.labeljoy.com\/es\/ayuda\/industrial-2-of-5-es\/","title":{"rendered":"Industrial 2 of 5"},"content":{"rendered":"<div data-partent=\"19635\" class=\"callout callout-warning\">\n<h4>Esta p\u00e1gina hace referencia a Labeljoy 5, que no es nuestra \u00faltima versi\u00f3n.<\/h4>\n<p><a href=\"\/es\/comprar\/\">Actualice a Labeljoy 6<\/a> para obtener la \u00faltima versi\u00f3n del software con todas sus incre\u00edbles caracter\u00edsticas, o si ya es usuario, visite la <a href=\"\/es\/ayuda-lj6\/\">gu\u00eda del usuario de Labeljoy 6<\/a>.<\/p>\n<\/div>\n<div id=\"help-guide\">\n\r\n<p class=\"title\">industrial 2 of 5<\/p>\r\n<p class=\"body\">El c\u00f3digo de barras <strong>Industrial 2 of 5<\/strong> es una simbolog\u00eda continua que codifica <strong>n\u00fameros<\/strong>. Se aplica en la industria de acabado de fotograf\u00eda y en la log\u00edstica, as\u00ed como en el campo de la numeraci\u00f3n secuencial de entradas de avi\u00f3n.<\/p>\r\n<table width=\"100%\" border=\"0\" cellspacing=\"2\" cellpadding=\"2\">\r\n  <tr>\r\n  <td width=\"25%\" class=\"images\"><img src=\"http:\/\/www.labeljoy.com\/user-guide-files\/es\/bcd_ind25_1.png\"><\/td>\r\n    <td><p class=\"body\">Labeljoy requiere que se escriba un texto num\u00e9rico en el cuadro de una<strong> longitud m\u00e1xima de 255 caracteres<\/strong>.<\/p><\/td>\r\n  <\/tr>\r\n  <tr valign=\"top\">\r\n    <td align=\"left\" valign=\"middle\" class=\"images\">S\u00edmbolo Industrial 2 of 5\/td>\r\n    <td><\/td>\r\n  <\/tr>\r\n<\/table>\r\n<p class=\"body\">La casilla de control <strong>Cuadro<\/strong> permite especificar el tipo de <em>Bearer bars<\/em> a imprimir.<\/p>\r\n<table width=\"100%\" border=\"0\" cellspacing=\"2\" cellpadding=\"2\">\r\n  <tr>\r\n    <td width=\"33%\" align=\"center\" valign=\"middle\"><span class=\"images\"><img src=\"http:\/\/www.labeljoy.com\/user-guide-files\/es\/bcd_ind25_4.png\" alt=\"\"><\/span><\/span><\/td>\r\n    <td width=\"34%\" align=\"center\" valign=\"middle\"><span class=\"images\"><img src=\"http:\/\/www.labeljoy.com\/user-guide-files\/es\/bcd_ind25_5.png\" alt=\"\"><\/span><\/td>\r\n  <\/tr>\r\n  <tr valign=\"top\">\r\n    <td align=\"left\" valign=\"middle\" class=\"images\">Industrial 2 of 5 con bearer bars horizontales<\/td>\r\n    <td align=\"left\" valign=\"middle\" class=\"images\">Industrial 2 of 5 con bearer bars integrales<\/td>\r\n  <\/tr>\r\n<\/table>\r\n<p class=\"body\">Los c\u00f3digos de barras Industrial 2 of 5 pueden contener un <strong>car\u00e1cter de control opcional<\/strong>. El car\u00e1cter de control puede ser codificado en el s\u00edmbolo y <strong>opcionalmente visualizado en texto<\/strong>.<br>\r\n  Defina los ajustes sobre el car\u00e1cter de control a trav\u00e9s de la casilla <strong>Checksum<\/strong>.<\/p>\r\n<table width=\"100%\" border=\"0\" cellspacing=\"2\" cellpadding=\"2\">\r\n  <tr>\r\n    <td width=\"33%\" height=\"144\" align=\"center\" valign=\"middle\"><img src=\"http:\/\/www.labeljoy.com\/user-guide-files\/es\/bcd_ind25_2.png\"><\/td>\r\n    <td width=\"33%\" align=\"center\" valign=\"middle\"><img src=\"http:\/\/www.labeljoy.com\/user-guide-files\/es\/bcd_ind25_3.png\"><\/td>\r\n  <\/tr>\r\n  <tr valign=\"top\">\r\n    <td align=\"left\" valign=\"middle\" class=\"images\">Industrial 2 of 5 con un car\u00e1cter de control aparece en el texto<\/td>\r\n    <td align=\"left\" valign=\"middle\" class=\"images\">Industrial 2 of 5 con un car\u00e1cter de control que no aparece en el texto<\/td>\r\n  <\/tr>\r\n<\/table>\r\n<p class=\"note\"><strong>Concatenaci\u00f3n de texto<\/strong><br>\r\n  Cuando se genera un c\u00f3digo de barras Industrial 2 of 5 concatenado con campos o contadores se aplican las siguientes reglas:<br>\r\n  - S\u00f3lo se considerar\u00e1n los textos que contienen n\u00fameros.<br>\r\n  Cuando se encuentra un valor que no cumple con estas normas, no se muestra el c\u00f3digo de barras.<\/p>\r\n<p class=\"body\">Se puede visualizar el <strong>texto arriba \/ abajo del s\u00edmbolo<\/strong> o se puede <strong>ocultar<\/strong>, dependiendo de la configuraci\u00f3n del cuadro <strong>Texto<\/strong>.<\/p>\r\n<table width=\"100%\" border=\"0\" cellspacing=\"2\" cellpadding=\"2\">\r\n  <tr>\r\n    <td width=\"33%\" align=\"center\" valign=\"middle\"><span class=\"images\"><img src=\"http:\/\/www.labeljoy.com\/user-guide-files\/es\/bcd_ind25_6.png\"><\/span><\/span><\/td>\r\n    <td width=\"34%\" align=\"center\" valign=\"middle\"><span class=\"images\"><img src=\"http:\/\/www.labeljoy.com\/user-guide-files\/es\/bcd_ind25_7.png\"><\/span><\/td>\r\n  <\/tr>\r\n  <tr valign=\"top\">\r\n    <td align=\"left\" valign=\"middle\" class=\"images\">Industrial 2 of 5 con texto sobre el s\u00edmbolo<\/td>\r\n    <td align=\"left\" valign=\"middle\" class=\"images\">Industrial 2 of 5 con texto oculto<\/td>\r\n  <\/tr>\r\n<\/table>\r\n\n<\/div>\n","protected":false},"excerpt":{"rendered":"<p>Esta p\u00e1gina hace referencia a Labeljoy 5, que no es nuestra \u00faltima versi\u00f3n. Actualice a Labeljoy 6 para obtener la \u00faltima versi\u00f3n del software con todas sus incre\u00edbles caracter\u00edsticas, o si ya es usuario, visite la gu\u00eda del usuario de Labeljoy 6.<\/p>\n","protected":false},"author":8,"featured_media":0,"parent":21680,"menu_order":0,"comment_status":"open","ping_status":"closed","template":"page-template-left-sidebar.php","meta":{"inline_featured_image":false,"_monsterinsights_skip_tracking":false,"_monsterinsights_sitenote_active":false,"_monsterinsights_sitenote_note":"","_monsterinsights_sitenote_category":0,"footnotes":""},"class_list":{"0":"post-22039","1":"page","2":"type-page","3":"status-publish","5":"infinite-scroll-item"},"aioseo_notices":[],"_links":{"self":[{"href":"https:\/\/www.labeljoy.com\/es\/wp-json\/wp\/v2\/pages\/22039","targetHints":{"allow":["GET"]}}],"collection":[{"href":"https:\/\/www.labeljoy.com\/es\/wp-json\/wp\/v2\/pages"}],"about":[{"href":"https:\/\/www.labeljoy.com\/es\/wp-json\/wp\/v2\/types\/page"}],"author":[{"embeddable":true,"href":"https:\/\/www.labeljoy.com\/es\/wp-json\/wp\/v2\/users\/8"}],"replies":[{"embeddable":true,"href":"https:\/\/www.labeljoy.com\/es\/wp-json\/wp\/v2\/comments?post=22039"}],"version-history":[{"count":3,"href":"https:\/\/www.labeljoy.com\/es\/wp-json\/wp\/v2\/pages\/22039\/revisions"}],"predecessor-version":[{"id":22140,"href":"https:\/\/www.labeljoy.com\/es\/wp-json\/wp\/v2\/pages\/22039\/revisions\/22140"}],"up":[{"embeddable":true,"href":"https:\/\/www.labeljoy.com\/es\/wp-json\/wp\/v2\/pages\/21680"}],"wp:attachment":[{"href":"https:\/\/www.labeljoy.com\/es\/wp-json\/wp\/v2\/media?parent=22039"}],"curies":[{"name":"wp","href":"https:\/\/api.w.org\/{rel}","templated":true}]}}