{"id":22040,"date":"2014-11-20T11:00:56","date_gmt":"2014-11-20T11:00:56","guid":{"rendered":"http:\/\/www.labeljoy.com\/ayuda\/postnet\/"},"modified":"2015-01-21T15:39:36","modified_gmt":"2015-01-21T15:39:36","slug":"postnet-es","status":"publish","type":"page","link":"https:\/\/www.labeljoy.com\/es\/ayuda\/postnet-es\/","title":{"rendered":"Postnet"},"content":{"rendered":"<div data-partent=\"19635\" class=\"callout callout-warning\">\n<h4>Esta p\u00e1gina hace referencia a Labeljoy 5, que no es nuestra \u00faltima versi\u00f3n.<\/h4>\n<p><a href=\"\/es\/comprar\/\">Actualice a Labeljoy 6<\/a> para obtener la \u00faltima versi\u00f3n del software con todas sus incre\u00edbles caracter\u00edsticas, o si ya es usuario, visite la <a href=\"\/es\/ayuda-lj6\/\">gu\u00eda del usuario de Labeljoy 6<\/a>.<\/p>\n<\/div>\n<div id=\"help-guide\">\n\r\n<p class=\"title\">postnet<\/p>\r\n<p class=\"body\"><strong>Postnet<\/strong> (<strong>Pos<\/strong>tal <strong>N<\/strong>umeric <strong>E<\/strong>ncoding <strong>T<\/strong>echnique) es un s\u00edmbolo utilizado por el servicio postal de los Estados Unidos que ayuda en el direccionamiento de correo. El c\u00f3digo postal o el c\u00f3digo postal + 4 d\u00edgitos codifican en los bares de media y larga longitud. Muy a menudo, se a\u00f1ade el punto de entrega, por lo general como los \u00faltimos 2 n\u00fameros de la direcci\u00f3n o buz\u00f3n del apartado de correos.*<\/p>\r\n<p class=\"body\">Los s\u00edmbolos Postnet codifican <strong>s\u00f3lo 5, 9 \u00f3 11 d\u00edgitos<\/strong>.<\/p>\r\n<p class=\"note\"><strong>Nota<\/strong><br>\r\n  Con esta simbolog\u00eda el texto no es visible.<\/p>\r\n<table width=\"100%\" border=\"0\" cellspacing=\"2\" cellpadding=\"2\">\r\n  <tr>\r\n    <td width=\"33%\" align=\"center\" valign=\"middle\"><img src=\"http:\/\/www.labeljoy.com\/user-guide-files\/es\/bcd_postnet_1.png\"><\/td>\r\n    <\/tr>\r\n  <tr valign=\"top\">\r\n    <td align=\"center\" valign=\"middle\" class=\"images\">Postnet que codifica 5 d\u00edgitos<\/td>\r\n  <\/tr>\r\n  <tr>\r\n    <td width=\"33%\"  align=\"center\" valign=\"middle\"><img src=\"http:\/\/www.labeljoy.com\/user-guide-files\/es\/bcd_postnet_2.png\"><\/td>\r\n    <\/tr>\r\n  <tr valign=\"top\">\r\n    <td align=\"center\" valign=\"middle\" class=\"images\">Postnet que codifica 9 d\u00edgitos<\/td>\r\n  <\/tr>\r\n  <tr>\r\n    <td width=\"33%\"  align=\"center\" valign=\"middle\"><img src=\"http:\/\/www.labeljoy.com\/user-guide-files\/es\/bcd_postnet_3.png\"><\/td>\r\n  <\/tr>\r\n  <tr valign=\"top\">\r\n    <td align=\"center\" valign=\"middle\" class=\"images\">Postnet que codifica 11 d\u00edgitos<\/td>\r\n  <\/tr>\r\n<\/table>\r\n<p class=\"note\"><strong>Concatenaci\u00f3n de texto<\/strong><br>\r\n  Cuando se genera un c\u00f3digo de barras Postnet concatenado con campos o contadores se aplican las siguientes reglas:<br>\r\n  - S\u00f3lo se permiten n\u00fameros.<br>\r\n  - Se tendr\u00e1n en cuenta s\u00f3lo textos con 5, 9 u 11 d\u00edgitos.<br>\r\n  Cuando se encuentra un valor que no cumple con estas normas, no se muestra el c\u00f3digo de barras.<\/p>\r\n<p class=\"body\">* De <a href=\"http:\/\/en.wikipedia.org\/wiki\/Postnet\">wikipedia<\/a>.<\/p>\n<\/div>\n","protected":false},"excerpt":{"rendered":"<p>Esta p\u00e1gina hace referencia a Labeljoy 5, que no es nuestra \u00faltima versi\u00f3n. Actualice a Labeljoy 6 para obtener la \u00faltima versi\u00f3n del software con todas sus incre\u00edbles caracter\u00edsticas, o si ya es usuario, visite la gu\u00eda del usuario de Labeljoy 6.<\/p>\n","protected":false},"author":8,"featured_media":0,"parent":21680,"menu_order":0,"comment_status":"open","ping_status":"closed","template":"page-template-left-sidebar.php","meta":{"inline_featured_image":false,"_monsterinsights_skip_tracking":false,"_monsterinsights_sitenote_active":false,"_monsterinsights_sitenote_note":"","_monsterinsights_sitenote_category":0,"footnotes":""},"class_list":{"0":"post-22040","1":"page","2":"type-page","3":"status-publish","5":"infinite-scroll-item"},"aioseo_notices":[],"_links":{"self":[{"href":"https:\/\/www.labeljoy.com\/es\/wp-json\/wp\/v2\/pages\/22040","targetHints":{"allow":["GET"]}}],"collection":[{"href":"https:\/\/www.labeljoy.com\/es\/wp-json\/wp\/v2\/pages"}],"about":[{"href":"https:\/\/www.labeljoy.com\/es\/wp-json\/wp\/v2\/types\/page"}],"author":[{"embeddable":true,"href":"https:\/\/www.labeljoy.com\/es\/wp-json\/wp\/v2\/users\/8"}],"replies":[{"embeddable":true,"href":"https:\/\/www.labeljoy.com\/es\/wp-json\/wp\/v2\/comments?post=22040"}],"version-history":[{"count":3,"href":"https:\/\/www.labeljoy.com\/es\/wp-json\/wp\/v2\/pages\/22040\/revisions"}],"predecessor-version":[{"id":22101,"href":"https:\/\/www.labeljoy.com\/es\/wp-json\/wp\/v2\/pages\/22040\/revisions\/22101"}],"up":[{"embeddable":true,"href":"https:\/\/www.labeljoy.com\/es\/wp-json\/wp\/v2\/pages\/21680"}],"wp:attachment":[{"href":"https:\/\/www.labeljoy.com\/es\/wp-json\/wp\/v2\/media?parent=22040"}],"curies":[{"name":"wp","href":"https:\/\/api.w.org\/{rel}","templated":true}]}}