{"id":22041,"date":"2014-11-20T11:00:02","date_gmt":"2014-11-20T11:00:02","guid":{"rendered":"http:\/\/www.labeljoy.com\/ayuda\/codabar\/"},"modified":"2015-01-21T15:20:38","modified_gmt":"2015-01-21T15:20:38","slug":"codabar-es","status":"publish","type":"page","link":"https:\/\/www.labeljoy.com\/es\/ayuda\/codabar-es\/","title":{"rendered":"Codabar"},"content":{"rendered":"<div data-partent=\"19635\" class=\"callout callout-warning\">\n<h4>Esta p\u00e1gina hace referencia a Labeljoy 5, que no es nuestra \u00faltima versi\u00f3n.<\/h4>\n<p><a href=\"\/es\/comprar\/\">Actualice a Labeljoy 6<\/a> para obtener la \u00faltima versi\u00f3n del software con todas sus incre\u00edbles caracter\u00edsticas, o si ya es usuario, visite la <a href=\"\/es\/ayuda-lj6\/\">gu\u00eda del usuario de Labeljoy 6<\/a>.<\/p>\n<\/div>\n<div id=\"help-guide\">\n\r\n<p class=\"title\">codabar<\/p>\r\n<p class=\"body\">El c\u00f3digo de barras <strong>Codabar<\/strong> es una simbolog\u00eda lineal desarrollada en 1972 por Pitney Bowes Corp. Tambi\u00e9n se conoce como Codeabar, Ames Code, NW-7, Monarch, Code 2 of 7, Rationalized Codabar, ANSI \/ AIM BC3-1995 o USD-4. Library Book Barcode.*<\/p>\r\n<p class=\"body\">Ha sido dise\u00f1ado para ser <strong>le\u00eddo con cuidado<\/strong>, incluso si se imprimen con las impresoras dot-matrix (de matriz de puntos) para los m\u00f3dulos en varias secciones tales como FedEx y los de los bancos de sangre, de las cuales hay algunas variantes todav\u00eda en uso en 2007. Aunque la mayor\u00eda de los s\u00edmbolos modernos pueden contener m\u00e1s informaci\u00f3n, la simbolog\u00eda Codabar tiene una gran base instalada en las bibliotecas.*<\/p>\r\n<p class=\"body\">Los s\u00edmbolos Codabar pueden codificar los n<strong>\u00fameros desde 0 hasta 9<\/strong>, y los siguientes <strong>caracteres especiales<\/strong>: -. $: \/ +<br>\r\n  El texto cifrado debe ser delimitado por un <strong>caracter de inicio y fin<\/strong>, que debe ser seleccionado entre las letras may\u00fasculas <strong>A<\/strong>, <strong>B<\/strong>, <strong>C<\/strong> o <strong>D<\/strong>.<\/p>\r\n<p class=\"note\"><strong>Nota<\/strong><br>\r\n  Los caracteres de inicio y fin <strong>no se muestran en texto<\/strong>.<\/p>\r\n<table width=\"100%\" border=\"0\" cellspacing=\"2\" cellpadding=\"2\">\r\n  <tr>\r\n  <td width=\"25%\" class=\"images\"><img src=\"http:\/\/www.labeljoy.com\/user-guide-files\/es\/bcd_codabar_1.png\"><\/td>\r\n    <td><p class=\"body\">Labeljoy requiere que se escriba en el cuadro un texto num\u00e9rico <strong>de una longitud m\u00e1xima de 255 caracteres<\/strong>.<\/p><\/td>\r\n  <\/tr>\r\n  <tr valign=\"top\">\r\n    <td align=\"left\" valign=\"middle\" class=\"images\">S\u00edmbolo Codabar<\/td>\r\n    <td><\/td>\r\n  <\/tr>\r\n<\/table>\r\n<table width=\"100%\" border=\"0\" cellspacing=\"2\" cellpadding=\"2\">\r\n  <tr>\r\n    <td width=\"33%\" height=\"144\" align=\"center\" valign=\"middle\"><img src=\"http:\/\/www.labeljoy.com\/user-guide-files\/es\/bcd_codabar_2.png\"><\/td>\r\n  <\/tr>\r\n  <tr valign=\"top\">\r\n    <td align=\"left\" valign=\"middle\" class=\"images\">Simbolo Codabar que codifica los n\u00fameros y caracteres especiales<\/td>\r\n  <\/tr>\r\n<\/table>\r\n<p class=\"note\"><strong>Concatenaci\u00f3n de texto<\/strong><br>\r\n  Cuando se genera un c\u00f3digo de barras Codabar concatenado con campos o contadores se aplican las siguientes reglas<br>\r\n  - Se tomar\u00e1n en consideraci\u00f3n s\u00f3lo textos con n\u00fameros y los caracteres especiales.<br>\r\n  - Los textos deben estar delimitados por una de las 4 letras may\u00fasculas. Por ejemplo, para codificar el texto 1234+5678, el campo debe contener el siguiente texto: <strong>A<\/strong>1234+5678<strong>B<\/strong>, donde A y B son, respectivamente, el car\u00e1cter inicial y final que no aparecer\u00e1n en el texto.<br>\r\n  Cuando se encuentra un valor que no cumple con estas normas, no se muestra el c\u00f3digo de barras.<\/p>\r\n<p class=\"body\">Se puede visualizar el texto <strong>arriba \/ abajo del s\u00edmbolo<\/strong> o se puede <strong>ocultar<\/strong>, dependiendo de la configuraci\u00f3n del cuadro <strong>Texto<\/strong>.<\/p>\r\n<table width=\"100%\" border=\"0\" cellspacing=\"2\" cellpadding=\"2\">\r\n  <tr>\r\n    <td width=\"33%\" align=\"center\" valign=\"middle\"><span class=\"images\"><img src=\"http:\/\/www.labeljoy.com\/user-guide-files\/es\/bcd_codabar_3.png\"><\/span><\/span><\/td>\r\n    <td width=\"34%\" align=\"center\" valign=\"middle\"><span class=\"images\"><img src=\"http:\/\/www.labeljoy.com\/user-guide-files\/es\/bcd_codabar_4.png\"><\/span><\/td>\r\n  <\/tr>\r\n  <tr valign=\"top\">\r\n    <td align=\"left\" valign=\"middle\" class=\"images\">Codabar con texto arriba del s\u00edmbolo<\/td>\r\n    <td align=\"left\" valign=\"middle\" class=\"images\">Codabar con texto oculto<\/td>\r\n  <\/tr>\r\n<\/table>\r\n<p class=\"body\">* De <a href=\"http:\/\/en.wikipedia.org\/wiki\/Codabar\">wikipedia<\/a>.<\/p>\n<\/div>\n","protected":false},"excerpt":{"rendered":"<p>Esta p\u00e1gina hace referencia a Labeljoy 5, que no es nuestra \u00faltima versi\u00f3n. Actualice a Labeljoy 6 para obtener la \u00faltima versi\u00f3n del software con todas sus incre\u00edbles caracter\u00edsticas, o si ya es usuario, visite la gu\u00eda del usuario de Labeljoy 6.<\/p>\n","protected":false},"author":8,"featured_media":0,"parent":21680,"menu_order":0,"comment_status":"open","ping_status":"closed","template":"page-template-left-sidebar.php","meta":{"inline_featured_image":false,"_monsterinsights_skip_tracking":false,"_monsterinsights_sitenote_active":false,"_monsterinsights_sitenote_note":"","_monsterinsights_sitenote_category":0,"footnotes":""},"class_list":{"0":"post-22041","1":"page","2":"type-page","3":"status-publish","5":"infinite-scroll-item"},"aioseo_notices":[],"_links":{"self":[{"href":"https:\/\/www.labeljoy.com\/es\/wp-json\/wp\/v2\/pages\/22041","targetHints":{"allow":["GET"]}}],"collection":[{"href":"https:\/\/www.labeljoy.com\/es\/wp-json\/wp\/v2\/pages"}],"about":[{"href":"https:\/\/www.labeljoy.com\/es\/wp-json\/wp\/v2\/types\/page"}],"author":[{"embeddable":true,"href":"https:\/\/www.labeljoy.com\/es\/wp-json\/wp\/v2\/users\/8"}],"replies":[{"embeddable":true,"href":"https:\/\/www.labeljoy.com\/es\/wp-json\/wp\/v2\/comments?post=22041"}],"version-history":[{"count":3,"href":"https:\/\/www.labeljoy.com\/es\/wp-json\/wp\/v2\/pages\/22041\/revisions"}],"predecessor-version":[{"id":22099,"href":"https:\/\/www.labeljoy.com\/es\/wp-json\/wp\/v2\/pages\/22041\/revisions\/22099"}],"up":[{"embeddable":true,"href":"https:\/\/www.labeljoy.com\/es\/wp-json\/wp\/v2\/pages\/21680"}],"wp:attachment":[{"href":"https:\/\/www.labeljoy.com\/es\/wp-json\/wp\/v2\/media?parent=22041"}],"curies":[{"name":"wp","href":"https:\/\/api.w.org\/{rel}","templated":true}]}}