{"id":22042,"date":"2014-11-20T11:01:49","date_gmt":"2014-11-20T11:01:49","guid":{"rendered":"http:\/\/www.labeljoy.com\/ayuda\/planet\/"},"modified":"2015-01-21T15:30:31","modified_gmt":"2015-01-21T15:30:31","slug":"planet-es","status":"publish","type":"page","link":"https:\/\/www.labeljoy.com\/es\/ayuda\/planet-es\/","title":{"rendered":"Planet"},"content":{"rendered":"<div data-partent=\"19635\" class=\"callout callout-warning\">\n<h4>Esta p\u00e1gina hace referencia a Labeljoy 5, que no es nuestra \u00faltima versi\u00f3n.<\/h4>\n<p><a href=\"\/es\/comprar\/\">Actualice a Labeljoy 6<\/a> para obtener la \u00faltima versi\u00f3n del software con todas sus incre\u00edbles caracter\u00edsticas, o si ya es usuario, visite la <a href=\"\/es\/ayuda-lj6\/\">gu\u00eda del usuario de Labeljoy 6<\/a>.<\/p>\n<\/div>\n<div id=\"help-guide\">\n\r\n<p class=\"title\">planet<\/p>\n<p class=\"body\">Planet, el simbolismo Postal Alpha Numeric Encoding Technique es usado por el <strong>servicio postal de los Estados Unidos<\/strong> para identificar y localizar los art\u00edculos postales durante la entrega.*<\/p>\n<p class=\"body\">Los s\u00edmbolos Planet codifican <strong>s\u00f3lo 12 o 14 d\u00edgitos<\/strong>, donde el \u00faltimo d\u00edgito es el caracter de control, que se calcula autom\u00e1ticamente por Labeljoy. Por lo tanto se pueden introducir s\u00f3lo 11 o 13 d\u00edgitos.<\/p>\n<p class=\"note\"><strong>Nota<\/strong><br>\n  Con esta simbolog\u00eda el texto no es visible.<\/p>\n<table width=\"100%\" border=\"0\" cellspacing=\"2\" cellpadding=\"2\">\n  <tr>\n    <td width=\"33%\" align=\"center\" valign=\"middle\"><img src=\"http:\/\/www.labeljoy.com\/user-guide-files\/es\/bcd_planet_1.png\"><\/td>\n    <\/tr>\n  <tr valign=\"top\">\n    <td align=\"center\" valign=\"middle\" class=\"images\">Planet que codifica 11 d\u00edgitos + car\u00e1cter de control<\/td>\n  <\/tr>\n   <tr>\n    <td width=\"33%\" align=\"center\" valign=\"middle\"><img src=\"http:\/\/www.labeljoy.com\/user-guide-files\/es\/bcd_planet_2.png\"><\/td>\n  <\/tr>\n  <tr valign=\"top\">\n    <td align=\"center\" valign=\"middle\" class=\"images\">Planet que codifica 13 d\u00edgitos + car\u00e1cter de control<\/td>\n  <\/tr>\n<\/table>\n<p class=\"note\"><strong>Concatenaci\u00f3n de texto<\/strong><br>\n  Cuando se genera un c\u00f3digo de barras Planet\u00a0 concatenado con campos o contadores se aplican las siguientes reglas:<br>\n  - S\u00f3lo se permiten n\u00fameros.<br>\n  - Se tendr\u00e1n en cuenta s\u00f3lo los textos con 11 o 13 d\u00edgitos.<br>\n  Cuando se encuentra un valor que no cumple con estas normas, no se muestra el c\u00f3digo de barras.<\/p>\n<p class=\"body\">* De <a href=\"http:\/\/en.wikipedia.org\/wiki\/Postal_Alpha_Numeric_Encoding_Technique\">wikipedia<\/a>.<\/p>\n<\/div>\n","protected":false},"excerpt":{"rendered":"<p>Esta p\u00e1gina hace referencia a Labeljoy 5, que no es nuestra \u00faltima versi\u00f3n. Actualice a Labeljoy 6 para obtener la \u00faltima versi\u00f3n del software con todas sus incre\u00edbles caracter\u00edsticas, o si ya es usuario, visite la gu\u00eda del usuario de Labeljoy 6.<\/p>\n","protected":false},"author":8,"featured_media":0,"parent":21680,"menu_order":0,"comment_status":"open","ping_status":"closed","template":"page-template-left-sidebar.php","meta":{"inline_featured_image":false,"_monsterinsights_skip_tracking":false,"_monsterinsights_sitenote_active":false,"_monsterinsights_sitenote_note":"","_monsterinsights_sitenote_category":0,"footnotes":""},"class_list":{"0":"post-22042","1":"page","2":"type-page","3":"status-publish","5":"infinite-scroll-item"},"aioseo_notices":[],"_links":{"self":[{"href":"https:\/\/www.labeljoy.com\/es\/wp-json\/wp\/v2\/pages\/22042","targetHints":{"allow":["GET"]}}],"collection":[{"href":"https:\/\/www.labeljoy.com\/es\/wp-json\/wp\/v2\/pages"}],"about":[{"href":"https:\/\/www.labeljoy.com\/es\/wp-json\/wp\/v2\/types\/page"}],"author":[{"embeddable":true,"href":"https:\/\/www.labeljoy.com\/es\/wp-json\/wp\/v2\/users\/8"}],"replies":[{"embeddable":true,"href":"https:\/\/www.labeljoy.com\/es\/wp-json\/wp\/v2\/comments?post=22042"}],"version-history":[{"count":3,"href":"https:\/\/www.labeljoy.com\/es\/wp-json\/wp\/v2\/pages\/22042\/revisions"}],"predecessor-version":[{"id":22100,"href":"https:\/\/www.labeljoy.com\/es\/wp-json\/wp\/v2\/pages\/22042\/revisions\/22100"}],"up":[{"embeddable":true,"href":"https:\/\/www.labeljoy.com\/es\/wp-json\/wp\/v2\/pages\/21680"}],"wp:attachment":[{"href":"https:\/\/www.labeljoy.com\/es\/wp-json\/wp\/v2\/media?parent=22042"}],"curies":[{"name":"wp","href":"https:\/\/api.w.org\/{rel}","templated":true}]}}