{"id":22043,"date":"2014-11-20T11:02:37","date_gmt":"2014-11-20T11:02:37","guid":{"rendered":"http:\/\/www.labeljoy.com\/ayuda\/data-matrix\/"},"modified":"2015-01-21T19:29:33","modified_gmt":"2015-01-21T19:29:33","slug":"data-matrix-es","status":"publish","type":"page","link":"https:\/\/www.labeljoy.com\/es\/ayuda\/data-matrix-es\/","title":{"rendered":"Data matrix"},"content":{"rendered":"<div data-partent=\"19635\" class=\"callout callout-warning\">\n<h4>Esta p\u00e1gina hace referencia a Labeljoy 5, que no es nuestra \u00faltima versi\u00f3n.<\/h4>\n<p><a href=\"\/es\/comprar\/\">Actualice a Labeljoy 6<\/a> para obtener la \u00faltima versi\u00f3n del software con todas sus incre\u00edbles caracter\u00edsticas, o si ya es usuario, visite la <a href=\"\/es\/ayuda-lj6\/\">gu\u00eda del usuario de Labeljoy 6<\/a>.<\/p>\n<\/div>\n<div id=\"help-guide\">\n\r\n<p class=\"title\">data matrix<\/p>\n<p class=\"body\">Un s\u00edmbolo <strong>Data Matrix <\/strong>es un c\u00f3digo de barras <strong>bidimensional<\/strong> que consiste en &quot;c\u00e9lulas&quot; o m\u00f3dulos negros y blancos dispuestos en matrices cuadradas o rectangulares. La informaci\u00f3n codificada puede ser texto o datos.*<br>\n  La longitud de los datos codificados depende del tama\u00f1o del s\u00edmbolo que se utiliza. <strong>C\u00f3digos de correcci\u00f3n de error<\/strong> se a\u00f1aden para reforzar el s\u00edmbolo: incluso si est\u00e1n da\u00f1adas parcialmente todav\u00eda se pueden leer. Un s\u00edmbolo Data Matrix puede codificar <strong>hasta 2335 caracteres alfanum\u00e9ricos<\/strong>.<\/p>\n<p class=\"note\"><strong>Nota<\/strong><br>\n  Con esta simbolog\u00eda el texto no es visible. <\/p>\n<p class=\"body\">Los s\u00edmbolos Data Matrix pueden codificar los datos de diferentes maneras. Utilice el cuadro <i>Codificaci\u00f3n<\/i> para definir el algoritmo de codificaci\u00f3n de los datos y para obtener la mejor compresi\u00f3n posible, con el fin de reducir el espacio ocupado por el s\u00edmbolo. Las opciones son:<\/p>\n<ul>\n  <li class=\"body\"><strong>(Mixed)<\/strong>: configuraci\u00f3n por defecto que permite la codificaci\u00f3n de texto utilizando una combinaci\u00f3n de los distintos algoritmos de compresi\u00f3n dependiendo del tipo de contenido. Normalmente, esta configuraci\u00f3n produce los mejores resultados.<\/li>\n  <li class=\"body\"><strong>Ascii<\/strong>: permite la codificaci\u00f3n de los 256 caracteres del c\u00f3digo Ascii. Obtiene los mejores resultados sobre los caracteres num\u00e9ricos y valores ASCII entre 0 y 127.<\/li>\n  <li class=\"body\"><strong>C40<\/strong>: permite la codificaci\u00f3n de n\u00fameros y letras y algunos caracteres especiales. Adecuado para contenidos alfanum\u00e9ricos principalmente en may\u00fasculas.<\/li>\n  <li class=\"body\"><strong>Text<\/strong>: permite la codificaci\u00f3n de n\u00fameros y letras y algunos caracteres especiales. Adecuado para contenidos alfanum\u00e9ricos principalmente en min\u00fasculas.<\/li>\n  <li class=\"body\"><strong>X12<\/strong>: permite la codificaci\u00f3n de caracteres incluido en el set ANSI X12.<\/li>\n  <li class=\"body\">Edifact: permite la codificaci\u00f3n de los caracteres Ascii desde el 32 hasta el 94. No se recomienda su uso porque son obsoletos y de dif\u00edcil compatibilidad.<\/li>\n  <li class=\"body\"><strong>Base 256<\/strong>: codificaci\u00f3n espec\u00edfica de valores de <i>byte<\/i> de 0 a 255. Con el uso de este algoritmo es posible codificar cualquier valor entre 0x00 y 0xFF (decimal 0 ~ 255). Para utilizar esta codificaci\u00f3n, se debe especificar como texto una cadena de valores hexadecimales separados por un espacio: Por ejemplo: 32 56 E8 12 FA ... etc.<\/li>\n<\/ul>\n<table width=\"100%\">\n  <tr valign=\"top\">\n    <td  colspan=\"2\" align=\"center\" valign=\"middle\" class=\"images\">S\u00edmbolo Data Matrix que codifica:<strong> http:\/\/www.labeljoy.com\/en\/download-software-create-labels.html<\/strong><\/td>\n  <\/tr>\n  <tr>\n    <td  align=\"center\" valign=\"middle\"><img src=\"http:\/\/www.labeljoy.com\/user-guide-files\/es\/bcd_datamatrix_3.png\"><\/td>\n    <td   align=\"center\" valign=\"middle\"><img src=\"http:\/\/www.labeljoy.com\/user-guide-files\/es\/bcd_datamatrix_4.png\"><\/td>\n  <\/tr>\n  <tr valign=\"top\">\n    <td align=\"center\" valign=\"middle\" class=\"images\">Con codificaci\u00f3n ASCII<\/td>\n    <td align=\"center\" valign=\"middle\" class=\"images\">Con codificaci\u00f3n Text<\/td>\n  <\/tr>\n<\/table>\n<p class=\"body\">La casilla <i>Tama\u00f1o de s\u00edmbolo<\/i> permite definir el tama\u00f1o m\u00ednimo del s\u00edmbolo. La arquitectura del c\u00f3digo Data Matrix proporciona la organizaci\u00f3n de los datos que se muestran en <i>matrices<\/i> cuadradas o rectangulares combinados unos con otros con el fin de contener la informaci\u00f3n codificada. El n\u00famero de matrices depende de la cantidad de datos codificados.<br>\n  Normalmente, el s\u00edmbolo se genera con el n\u00famero m\u00ednimo de matrices necesarios para representar los datos contenidos. En algunos casos, puede ser necesario aumentar el umbral m\u00ednimo para obtener s\u00edmbolos iguales, independientemente de la cantidad de datos codificados. Por ejemplo, si se conecta un c\u00f3digo de barras Data Matrix a una lista de direcciones que desea imprimir, puede ser necesario que el tama\u00f1o del s\u00edmbolo sea el mismo independientemente de la longitud de la direcci\u00f3n. En este caso, se puede definir manualmente el tama\u00f1o m\u00ednimo.<\/p>\n<table width=\"100%\" border=\"0\" cellspacing=\"2\" cellpadding=\"2\">\n  <tr>\n    <td  colspan=\"2\" align=\"center\" valign=\"middle\" class=\"images\">S\u00edmbolo Data Matrix que codifica:<strong>12345<\/strong><\/td>\n  <\/tr>\n  <tr>\n    <td   align=\"center\" valign=\"middle\"><img src=\"http:\/\/www.labeljoy.com\/user-guide-files\/es\/bcd_datamatrix_1.png\"><\/td>\n    <td  align=\"center\" valign=\"middle\"><img src=\"http:\/\/www.labeljoy.com\/user-guide-files\/es\/bcd_datamatrix_2.png\"><\/td>\n  <\/tr>\n  <tr valign=\"top\">\n    <td align=\"center\" valign=\"middle\" class=\"images\">Con formato (Auto)<\/td>\n    <td align=\"center\" valign=\"middle\" class=\"images\">Con formato 16x48<\/td>\n  <\/tr>\n<\/table>\n<p class=\"note\"><strong>Concatenaci\u00f3n de texto<\/strong><br>\n  Cuando se genera un c\u00f3digo de barras Data Matrix concatenado con campos o contadores se aplican las siguientes reglas:<br>\n  - El texto debe cumplir con el algoritmo de codificaci\u00f3n seleccionado.<br>\n  - El texto no debe superar la longitud m\u00e1xima permitida.<br>\nCuando se encuentra un valor que no cumple con estas normas, no se muestra el c\u00f3digo de barras.<\/p>\n<p class=\"note\"><strong>Limitaciones<\/strong><br>\n  Los s\u00edmbolos Data Matrix generados con Labeljoy actualmente no soportan: Extended Channel Interpretation (ECI), el modo FNC1 y el modo Structure Append.\n  <\/p>\n<\/p>\n<p class=\"body\">* De <a href=\"http:\/\/en.wikipedia.org\/wiki\/Data_matrix_(computer)\">wikipedia<\/a>.<\/p>\n<\/div>\n","protected":false},"excerpt":{"rendered":"<p>Esta p\u00e1gina hace referencia a Labeljoy 5, que no es nuestra \u00faltima versi\u00f3n. Actualice a Labeljoy 6 para obtener la \u00faltima versi\u00f3n del software con todas sus incre\u00edbles caracter\u00edsticas, o si ya es usuario, visite la gu\u00eda del usuario de Labeljoy 6.<\/p>\n","protected":false},"author":8,"featured_media":0,"parent":21680,"menu_order":0,"comment_status":"open","ping_status":"closed","template":"page-template-left-sidebar.php","meta":{"inline_featured_image":false,"_monsterinsights_skip_tracking":false,"_monsterinsights_sitenote_active":false,"_monsterinsights_sitenote_note":"","_monsterinsights_sitenote_category":0,"footnotes":""},"class_list":{"0":"post-22043","1":"page","2":"type-page","3":"status-publish","5":"infinite-scroll-item"},"aioseo_notices":[],"_links":{"self":[{"href":"https:\/\/www.labeljoy.com\/es\/wp-json\/wp\/v2\/pages\/22043","targetHints":{"allow":["GET"]}}],"collection":[{"href":"https:\/\/www.labeljoy.com\/es\/wp-json\/wp\/v2\/pages"}],"about":[{"href":"https:\/\/www.labeljoy.com\/es\/wp-json\/wp\/v2\/types\/page"}],"author":[{"embeddable":true,"href":"https:\/\/www.labeljoy.com\/es\/wp-json\/wp\/v2\/users\/8"}],"replies":[{"embeddable":true,"href":"https:\/\/www.labeljoy.com\/es\/wp-json\/wp\/v2\/comments?post=22043"}],"version-history":[{"count":3,"href":"https:\/\/www.labeljoy.com\/es\/wp-json\/wp\/v2\/pages\/22043\/revisions"}],"predecessor-version":[{"id":22132,"href":"https:\/\/www.labeljoy.com\/es\/wp-json\/wp\/v2\/pages\/22043\/revisions\/22132"}],"up":[{"embeddable":true,"href":"https:\/\/www.labeljoy.com\/es\/wp-json\/wp\/v2\/pages\/21680"}],"wp:attachment":[{"href":"https:\/\/www.labeljoy.com\/es\/wp-json\/wp\/v2\/media?parent=22043"}],"curies":[{"name":"wp","href":"https:\/\/api.w.org\/{rel}","templated":true}]}}