{"id":22044,"date":"2014-11-20T11:03:24","date_gmt":"2014-11-20T11:03:24","guid":{"rendered":"http:\/\/www.labeljoy.com\/ayuda\/qr-code\/"},"modified":"2015-01-21T19:30:30","modified_gmt":"2015-01-21T19:30:30","slug":"qr-code-es","status":"publish","type":"page","link":"https:\/\/www.labeljoy.com\/es\/ayuda\/qr-code-es\/","title":{"rendered":"Qr code"},"content":{"rendered":"<div data-partent=\"19635\" class=\"callout callout-warning\">\n<h4>Esta p\u00e1gina hace referencia a Labeljoy 5, que no es nuestra \u00faltima versi\u00f3n.<\/h4>\n<p><a href=\"\/es\/comprar\/\">Actualice a Labeljoy 6<\/a> para obtener la \u00faltima versi\u00f3n del software con todas sus incre\u00edbles caracter\u00edsticas, o si ya es usuario, visite la <a href=\"\/es\/ayuda-lj6\/\">gu\u00eda del usuario de Labeljoy 6<\/a>.<\/p>\n<\/div>\n<div id=\"help-guide\">\n\r\n<p class=\"title\">qr code<\/p>\n<p class=\"online\"><strong>Profundizaci\u00f3n<\/strong>:<br>\n  Video: <a href=\"http:\/\/www.labeljoy.com\/es\/videos\/generar-qr-codigo-de-barras\/\" title=\"C\u00f3mo Generar C\u00f3digo de Barras y C\u00f3digo QR\" target=\"_blank\">C\u00f3mo Generar C\u00f3digo de Barras y C\u00f3digo QR<\/a><br>\n  Info: <a href=\"http:\/\/www.labeljoy.com\/support\/about-qr-code\/\" title=\"Gu\u00eda c\u00f3digo QR\" target=\"_blank\">Gu\u00eda c\u00f3digo QR<\/a>\n<p class=\"body\">Un c\u00f3digo <strong>QR Code<\/strong> (siglas de <strong>Q<\/strong>uick <strong>R<\/strong>esponse) es un <strong>c\u00f3digo de barras de matriz<\/strong> (o c\u00f3digo bidimensional), legibles por esc\u00e1ner dedicado o<strong> tel\u00e9fonos con c\u00e1mara<\/strong>. El c\u00f3digo consta de m\u00f3dulos dispuestos en matrices negros sobre fondo blanco. La informaci\u00f3n codificada puede ser <strong>texto<\/strong>, <strong>URL<\/strong>, u <strong>otros datos<\/strong>. Muy com\u00fan en Jap\u00f3n, donde fue creado por Denso-Wave, subsidiaria de Toyota en 1994, el C\u00f3digo QR es uno de los c\u00f3digos de barras de dos dimensiones m\u00e1s populares. QR es la abreviatura de Quick Response (respuesta r\u00e1pida), su creador dise\u00f1\u00f3 el c\u00f3digo de barras para ser decodificado a alta velocidad.*<\/p>\n<p class=\"note\"><strong>Nota<\/strong><br>\n  Con esta simbolog\u00eda no se visualiza el texto. <\/p>\n<p class=\"body\">Los s\u00edmbolos QR Code pueden ser de dos tipos: <strong>Micro QR Code<\/strong> o <strong>Standard QR Code<\/strong>.<br>\n  El s\u00edmbolo Micro QR Code es una <strong>versi\u00f3n m\u00e1s peque\u00f1a de la simbolog\u00eda<\/strong> y, dependiendo del contenido y el <i>nivel de correcci\u00f3n de errores<\/i>, que puede representar hasta 35 n\u00fameros o 21 caracteres alfanum\u00e9ricos. Existen <strong>4 versiones de Micro QR Code<\/strong>: desde el Micro QR Code 1 hasta el Micro QR Code 4.<br>\n  Los <strong>Standard QR<\/strong> Code pueden representar los n\u00fameros hasta 7089 d\u00edgitos o 4296 caracteres alfanum\u00e9ricos. Hay 4<strong>0 versiones de Standard QR Code<\/strong>: desde la versi\u00f3n 1 hasta la versi\u00f3n 40.<\/p>\n<table width=\"100%\" border=\"0\" cellspacing=\"2\" cellpadding=\"2\">\n <tr>\n   <td  colspan=\"2\" align=\"center\" valign=\"middle\" class=\"images\">QR Code que codifica:<strong>12345<\/strong><\/td>\n  <\/tr>\n  <tr>\n    <td  align=\"center\" valign=\"middle\"><img src=\"http:\/\/www.labeljoy.com\/user-guide-files\/es\/bcd_qrcode_1.png\"><\/td>\n    <td   align=\"center\" valign=\"middle\"><img src=\"http:\/\/www.labeljoy.com\/user-guide-files\/es\/bcd_qrcode_2.png\"><\/td>\n  <\/tr>\n  <tr valign=\"top\">\n    <td><p class=\"body\">S\u00edmbolo Micro QR Code<\/p><\/td>\n    <td><p class=\"body\">S\u00edmbolo Standard QR Code<\/p><\/td>\n  <\/tr>\n<\/table>\n<p class=\"body\">El cuadro <i>Codificaci\u00f3n<\/i>, permite definir el algoritmo de codificaci\u00f3n de los datos para obtener la mejor compresi\u00f3n posible, con el fin de reducir el espacio ocupado por el s\u00edmbolo. Las opciones son:<\/p>\n<ul type=disc>\n  <li class=\"body\"><strong>(Mixed)<\/strong>: configuraci\u00f3n por defecto que permite la codificaci\u00f3n de texto utilizando una combinaci\u00f3n de los distintos algoritmos de compresi\u00f3n dependiendo del tipo de contenido. Normalmente, esta configuraci\u00f3n produce los mejores resultados.<\/li>\n  <li class=\"body\"><strong>Numeric<\/strong>: s\u00f3lo permite la codificaci\u00f3n de los n\u00fameros desde 0 hasta 9.<\/li>\n  <li class=\"body\"><strong>Alphanumeric<\/strong>: permite la codificaci\u00f3n de n\u00fameros, letras may\u00fasculas y algunos caracteres especiales. Adecuado para el contenido alfanum\u00e9rico en may\u00fascula.<\/li>\n  <li class=\"body\"><strong>Hex (String)<\/strong>: permite la codificaci\u00f3n de cualquier s\u00edmbolo en el conjunto de c\u00f3digos ASCII. Adecuado para el contenido alfanum\u00e9rico con texto min\u00fasculo.<\/li>\n  <li class=\"body\"><strong>Hex (Byte)<\/strong>: codificaci\u00f3n espec\u00edfica de valores de byte desde 0 hasta 255. Con el uso de este algoritmo es posible codificar cualquier valor entre 0x00 y 0xFF (decimal 0 ~ 255). Para utilizar este c\u00f3digo el texto tiene que ser especificado como una cadena de valores hexadecimales separados por un espacio: Por ejemplo: 32 56 E8 12 FA... etc.<\/li>\n  <li class=\"body\"><strong>Kanji<\/strong>: permite que el sistema de codificaci\u00f3n de caracteres Shift JIS, utilizado para mostrar los caracteres japoneses.<\/li>\n<\/ul>\n<table width=\"100%\" border=\"0\" cellspacing=\"2\" cellpadding=\"2\">\n  <tr>\n    <td  colspan=\"2\" align=\"center\" valign=\"middle\" class=\"images\">QR Code que c\u00f3difica: <strong>012345678901234567890123456789012345678901234567890123456789012345678901234567890123456789<\/strong><\/td>\n  <\/tr>\n  <tr>\n    <td   align=\"center\" valign=\"middle\"><img src=\"http:\/\/www.labeljoy.com\/user-guide-files\/es\/bcd_qrcode_3.png\"><\/td>\n    <td   align=\"center\" valign=\"middle\"><img src=\"http:\/\/www.labeljoy.com\/user-guide-files\/es\/bcd_qrcode_4.png\"><\/td>\n  <\/tr>\n  <tr valign=\"top\">\n    <td align=\"center\" valign=\"middle\" class=\"images\">Codificaci\u00f3n Numeric<\/td>\n    <td align=\"center\" valign=\"middle\" class=\"images\">Con codificaci\u00f3n Byte (String)<\/td>\n  <\/tr>\n<\/table>\n<p class=\"body\">La casilla <i>Tama\u00f1o de s\u00edmbolo<\/i> permite definir el tama\u00f1o m\u00ednimo del s\u00edmbolo. La arquitectura del c\u00f3digo QR Code prev\u00e9 la organizaci\u00f3n de los datos en matrices cuadradas con el fin de contener la informaci\u00f3n codificada. El tama\u00f1o de la matriz depende de la cantidad de datos codificados.<br>\nNormalmente, se genera el s\u00edmbolo con el tama\u00f1o m\u00ednimo requerido para representar los datos. En algunos casos, puede ser necesario aumentar el umbral m\u00ednimo para lograr s\u00edmbolos del mismo tama\u00f1o, independientemente de la cantidad de datos codificados. Por ejemplo, si se conecta un QR code a una lista de direcciones que se desea imprimir, puede ser necesario que el tama\u00f1o del s\u00edmbolo sea el mismo independientemente de la longitud de las direcciones. En este caso, se puede definir manualmente el tama\u00f1o m\u00ednimo a utilizar.<\/p>\n<table width=\"100%\" border=\"0\" cellspacing=\"2\" cellpadding=\"2\">\n  <tr>\n    <td  colspan=\"2\" align=\"center\" valign=\"middle\" class=\"images\">QR Code que codifica:<strong> http:\/\/www.labeljoy.com\/en\/download-software-create-labels.html<\/strong><\/td>\n  <\/tr>\n  <tr>\n    <td   align=\"center\" valign=\"middle\"><img src=\"http:\/\/www.labeljoy.com\/user-guide-files\/es\/bcd_qrcode_5.png\"><\/td>\n    <td  align=\"center\" valign=\"middle\"><img src=\"http:\/\/www.labeljoy.com\/user-guide-files\/es\/bcd_qrcode_6.png\"><\/td>\n  <\/tr>\n  <tr valign=\"top\">\n    <td align=\"center\" valign=\"middle\" class=\"images\">Con formato (Auto)<\/td>\n    <td align=\"center\" valign=\"middle\" class=\"images\">Con formato Versi\u00f3n 10<\/td>\n  <\/tr>\n<\/table>\n<p class=\"body\">El cuadro <i>Nivel de correcci\u00f3n de error<\/i> permite seleccionar 4 niveles de correcci\u00f3n de errores:<\/p>\n<ul>\n  <li class=\"body\"><strong>L<\/strong>: 7% de capacidad de correcci\u00f3n. <\/li>\n  <li class=\"body\"><strong>M<\/strong>: 15% de capacidad de correcci\u00f3n. <\/li>\n  <li class=\"body\"><strong>Q<\/strong>: 25% de capacidad de correcci\u00f3n. <\/li>\n  <li class=\"body\"><strong>H<\/strong>: (por defecto) 30% de capacidad de correcci\u00f3n. <\/li>\n<\/ul>\n<p class=\"body\">Los c\u00f3digos QR Code implementan la funcionalidad de correcci\u00f3n de errores para asegurar la legibilidad de los s\u00edmbolos parcialmente da\u00f1ados. Cuanto mayor sea el nivel de correcci\u00f3n de error, mayor ser\u00e1 el tama\u00f1o del s\u00edmbolo requerido para codificar la misma cantidad de datos.<\/p>\n<table width=\"100%\" border=\"0\" cellspacing=\"2\" cellpadding=\"2\">\n  <tr>\n    <td  colspan=\"2\" align=\"center\" valign=\"middle\" class=\"images\">QR Code que codifica:<strong> http:\/\/www.labeljoy.com\/en\/download-software-create-labels.html<\/strong><\/td>\n  <\/tr>\n  <tr>\n    <td   align=\"center\" valign=\"middle\"><img src=\"http:\/\/www.labeljoy.com\/user-guide-files\/es\/bcd_qrcode_7.png\"><\/td>\n    <td  align=\"center\" valign=\"middle\"><img src=\"http:\/\/www.labeljoy.com\/user-guide-files\/es\/bcd_qrcode_8.png\"><\/td>\n  <\/tr>\n  <tr valign=\"top\">\n    <td align=\"center\" valign=\"middle\" class=\"images\">Con nivel de correcci\u00f3n de errores L<\/td>\n    <td align=\"center\" valign=\"middle\" class=\"images\">Con nivel de correcci\u00f3n de errores Q<\/td>\n  <\/tr>\n<\/table>\n<p class=\"body\"><strong>Optimizaci&oacute;n de Smartphone<\/strong><br \/>\n  Mediante el combobox <em>Optimizar para<\/em>, puede definir el modo de codificaci&oacute;n para texto que contienen caracteres por encima de ASCII 127, normalmente caracteres orientales y de medioorientales.<br \/>\nSeleccione <em>Esc&aacute;ner<\/em> para codificar utilizando Unicode o seleccione <em>Smartphone<\/em> para codificar usando UTF-8.<\/p>\n<p class=\"note\"><strong>Concatenaci\u00f3n de texto<\/strong><br>\n  Cuando se genera un c\u00f3digo QR Code concatenado con campos o contadores se aplican las siguientes reglas:<br>\n  - El texto debe coincidir con el algoritmo de codificaci\u00f3n seleccionado.<br>\n  - El texto no debe superar la longitud m\u00e1xima permitida.<br>\n  Cuando se encuentra un valor que no cumpla con estas normas, no se muestra el c\u00f3digo de barras.<\/p>\n<p class=\"note\"><strong>Limitaciones<\/strong><br>\nLos s\u00edmbolos QR Code generados con Labeljoy actualmente no son compatibles con: Extended Channel Interpretation (ECI), la modalidad FNC1 y Structure Append.<\/p>\n<p class=\"body\">* De <a href=\"http:\/\/en.wikipedia.org\/wiki\/QR_code\">wikipedia<\/a>.<\/p>\n<\/div>\n","protected":false},"excerpt":{"rendered":"<p>Esta p\u00e1gina hace referencia a Labeljoy 5, que no es nuestra \u00faltima versi\u00f3n. Actualice a Labeljoy 6 para obtener la \u00faltima versi\u00f3n del software con todas sus incre\u00edbles caracter\u00edsticas, o si ya es usuario, visite la gu\u00eda del usuario de Labeljoy 6.<\/p>\n","protected":false},"author":8,"featured_media":0,"parent":21680,"menu_order":0,"comment_status":"open","ping_status":"closed","template":"page-template-left-sidebar.php","meta":{"inline_featured_image":false,"_monsterinsights_skip_tracking":false,"_monsterinsights_sitenote_active":false,"_monsterinsights_sitenote_note":"","_monsterinsights_sitenote_category":0,"footnotes":""},"class_list":{"0":"post-22044","1":"page","2":"type-page","3":"status-publish","5":"infinite-scroll-item"},"aioseo_notices":[],"_links":{"self":[{"href":"https:\/\/www.labeljoy.com\/es\/wp-json\/wp\/v2\/pages\/22044","targetHints":{"allow":["GET"]}}],"collection":[{"href":"https:\/\/www.labeljoy.com\/es\/wp-json\/wp\/v2\/pages"}],"about":[{"href":"https:\/\/www.labeljoy.com\/es\/wp-json\/wp\/v2\/types\/page"}],"author":[{"embeddable":true,"href":"https:\/\/www.labeljoy.com\/es\/wp-json\/wp\/v2\/users\/8"}],"replies":[{"embeddable":true,"href":"https:\/\/www.labeljoy.com\/es\/wp-json\/wp\/v2\/comments?post=22044"}],"version-history":[{"count":3,"href":"https:\/\/www.labeljoy.com\/es\/wp-json\/wp\/v2\/pages\/22044\/revisions"}],"predecessor-version":[{"id":22135,"href":"https:\/\/www.labeljoy.com\/es\/wp-json\/wp\/v2\/pages\/22044\/revisions\/22135"}],"up":[{"embeddable":true,"href":"https:\/\/www.labeljoy.com\/es\/wp-json\/wp\/v2\/pages\/21680"}],"wp:attachment":[{"href":"https:\/\/www.labeljoy.com\/es\/wp-json\/wp\/v2\/media?parent=22044"}],"curies":[{"name":"wp","href":"https:\/\/api.w.org\/{rel}","templated":true}]}}