{"id":22045,"date":"2014-11-26T14:23:52","date_gmt":"2014-11-26T14:23:52","guid":{"rendered":"http:\/\/www.labeljoy.com\/ayuda\/pdf417\/"},"modified":"2015-01-21T13:54:12","modified_gmt":"2015-01-21T13:54:12","slug":"pdf417-es","status":"publish","type":"page","link":"https:\/\/www.labeljoy.com\/es\/ayuda\/pdf417-es\/","title":{"rendered":"pdf417"},"content":{"rendered":"<div data-partent=\"19635\" class=\"callout callout-warning\">\n<h4>Esta p\u00e1gina hace referencia a Labeljoy 5, que no es nuestra \u00faltima versi\u00f3n.<\/h4>\n<p><a href=\"\/es\/comprar\/\">Actualice a Labeljoy 6<\/a> para obtener la \u00faltima versi\u00f3n del software con todas sus incre\u00edbles caracter\u00edsticas, o si ya es usuario, visite la <a href=\"\/es\/ayuda-lj6\/\">gu\u00eda del usuario de Labeljoy 6<\/a>.<\/p>\n<\/div>\n<link rel=\"stylesheet\" href=\"http:\/\/www.labeljoy.com\/user-guide-files\/en\/styles.css\" type=\"text\/css\" media=\"all\" \/>\n<div id=\"help-guide\">\n\r\n<p class=\"title\"><strong>pdf417<\/strong><\/p>\n<p class=\"body\"><strong>PDF417 es un s&iacute;mbolo de c&oacute;digo de barras lineal<\/strong> utilizados en una variedad de aplicaciones, principalmente de <strong>transporte<\/strong>, <strong>tarjetas de identificaci\u00f3n<\/strong>, y  <strong>gesti\u00f3n de inventarios<\/strong>.<span id=\"result_box\" lang=\"es\" xml:lang=\"es\"> PDF significa Portable Data File. El PDF417 es representado por la norma ISO 15438. *<\/span>\n<p class=\"note\"><strong>Nota<\/strong>:<br>\n  No existe un texto <em>legible por humanos<\/em>  con este tipo de simbolog\u00eda.\n<p class=\"body\">Los s\u00edmbolos PDF417 generados por Labeljoy pueden codificar texto de <strong>3 formas diferentes<\/strong>. Utilizar el cuadro combinado de <strong>codificaci\u00f3n<\/strong> para definir el algoritmo de codificaci\u00f3n m\u00e1s adecuada para el texto que se desea:\n<UL>\n  <LI><span class=\"body\"><STRONG>(Mixto)<\/STRONG>: ajuste predeterminado. Permite la codificaci\u00f3n de los datos utilizando una combinaci\u00f3n de todos los siguientes modos de codificaci\u00f3n basado en el tipo de datos encontrado. Normalmente esta configuraci\u00f3n produce los mejores resultados.   \n  <\/span>\n  <LI><span class=\"body\"><STRONG>Texto<\/STRONG>: permite la codificaci\u00f3n de todos los 256 caracteres de la tabla ASCII est\u00e1ndar. Produce los mejores resultados en caracteres num\u00e9ricos y valores ASCII entre 0 y 127.   \n  <\/span>\n  <LI><span class=\"body\"><STRONG>Num&eacute;rico<\/STRONG>: permite la codificaci\u00f3n de s\u00f3lo n\u00fameros.<\/span><\/UL>\n    <table width=\"100%\" border=\"0\" cellspacing=\"2\" cellpadding=\"2\">\n      <tr>\n        <td  colspan=\"2\" align=\"center\" valign=\"middle\" class=\"images\">Codificaci\u00f3n PDF417: <strong>Labeljoy puede generar s\u00edmbolos PDF417 0123456789<\/strong><\/td>\n  <\/tr>\n  <tr>\n    <td  align=\"center\" valign=\"middle\"><img src=\"http:\/\/www.labeljoy.com\/user-guide-files\/en\/bcd_pdf417_1.png\"><\/td>\n    <td   align=\"center\" valign=\"middle\"><img src=\"http:\/\/www.labeljoy.com\/user-guide-files\/en\/bcd_pdf417_2.png\"><\/td>\n  <\/tr>\n  <tr>\n    <td align=\"center\" valign=\"middle\" class=\"images\">Con codificaci\u00f3n Mixta <\/td>\n    <td align=\"center\" valign=\"middle\" class=\"images\">Con codificaci\u00f3n Texto<\/td>\n  <\/tr>\n<\/table>\n<p class=\"body\">El cuadro <em>Nivel de correcci\u00f3n de errores<\/em> permite seleccionar entre los 9 niveles diferentes de recuperaci\u00f3n de da\u00f1os a s\u00edmbolo, 0 a 8.<br \/>\n\nPDF417 implementa la correcci\u00f3n de errores para garantizar la legibilidad de los s\u00edmbolos parcialmente da\u00f1adas. Cuanto mayor sea el nivel de correcci\u00f3n de error, mayor ser\u00e1 el tama\u00f1o del s\u00edmbolo necesario para codificar los mismos datos.<\/p>\n<table width=\"100%\" border=\"0\" cellspacing=\"2\" cellpadding=\"2\">\n  <tr>\n    <td  colspan=\"2\" align=\"center\" valign=\"middle\" class=\"images\">PDF417 codifica:<strong> http:\/\/www.labeljoy.com\/en\/download-software-create-labels.html<\/strong><\/td>\n  <\/tr>\n  <tr>\n    <td   align=\"center\" valign=\"middle\"><img src=\"http:\/\/www.labeljoy.com\/user-guide-files\/en\/bcd_pdf417_3.png\"><\/td>\n    <td  align=\"center\" valign=\"middle\"><img src=\"http:\/\/www.labeljoy.com\/user-guide-files\/en\/bcd_pdf417_4.png\"><\/td>\n  <\/tr>\n  <tr>\n    <td align=\"center\" valign=\"middle\" class=\"images\">Con correcci\u00f3n de error de nivel 0<\/td>\n    <td align=\"center\" valign=\"middle\" class=\"images\">Con correcci\u00f3n de error de nivel 8<\/td>\n  <\/tr>\n<\/table>\n<p class=\"note\"><strong>Concatenaci\u00f3n de texto<\/strong><br>\n  Cuando se genera un c\u00f3digo de barras PDF417 concatenando campos o contadores, se aplican las siguientes reglas:<br>\n  - Contenido de texto deben cumplir con el algoritmo de codificaci\u00f3n seleccionado.<br>\n  - La longitud del texto no debe superar la capacidad m\u00e1xima.<br>\nCuando se encuentra un valor que no cumpla con las reglas anteriores, no se muestra el c\u00f3digo de barras.<\/p>\n<p class=\"note\"><STRONG>Limitaciones<\/STRONG>:<BR>\nS\u00edmbolos PDF417 generados con Labeljoy no soportan: Extended Interpretaci\u00f3n Channel (ECI), y Structure Append Macro PDF417). <\/p>\n<p class=\"body\">* De <a href=\"http:\/\/en.wikipedia.org\/wiki\/PDF417\">wikipedia<\/a>.<\/p>\n<\/div>\n","protected":false},"excerpt":{"rendered":"<p>Esta p\u00e1gina hace referencia a Labeljoy 5, que no es nuestra \u00faltima versi\u00f3n. Actualice a Labeljoy 6 para obtener la \u00faltima versi\u00f3n del software con todas sus incre\u00edbles caracter\u00edsticas, o si ya es usuario, visite la gu\u00eda del usuario de Labeljoy 6.<\/p>\n","protected":false},"author":1,"featured_media":0,"parent":21680,"menu_order":0,"comment_status":"open","ping_status":"closed","template":"page-template-left-sidebar.php","meta":{"inline_featured_image":false,"_monsterinsights_skip_tracking":false,"_monsterinsights_sitenote_active":false,"_monsterinsights_sitenote_note":"","_monsterinsights_sitenote_category":0,"footnotes":""},"class_list":{"0":"post-22045","1":"page","2":"type-page","3":"status-publish","5":"infinite-scroll-item"},"aioseo_notices":[],"_links":{"self":[{"href":"https:\/\/www.labeljoy.com\/es\/wp-json\/wp\/v2\/pages\/22045","targetHints":{"allow":["GET"]}}],"collection":[{"href":"https:\/\/www.labeljoy.com\/es\/wp-json\/wp\/v2\/pages"}],"about":[{"href":"https:\/\/www.labeljoy.com\/es\/wp-json\/wp\/v2\/types\/page"}],"author":[{"embeddable":true,"href":"https:\/\/www.labeljoy.com\/es\/wp-json\/wp\/v2\/users\/1"}],"replies":[{"embeddable":true,"href":"https:\/\/www.labeljoy.com\/es\/wp-json\/wp\/v2\/comments?post=22045"}],"version-history":[{"count":2,"href":"https:\/\/www.labeljoy.com\/es\/wp-json\/wp\/v2\/pages\/22045\/revisions"}],"predecessor-version":[{"id":22096,"href":"https:\/\/www.labeljoy.com\/es\/wp-json\/wp\/v2\/pages\/22045\/revisions\/22096"}],"up":[{"embeddable":true,"href":"https:\/\/www.labeljoy.com\/es\/wp-json\/wp\/v2\/pages\/21680"}],"wp:attachment":[{"href":"https:\/\/www.labeljoy.com\/es\/wp-json\/wp\/v2\/media?parent=22045"}],"curies":[{"name":"wp","href":"https:\/\/api.w.org\/{rel}","templated":true}]}}