{"id":22104,"date":"2014-11-20T11:05:36","date_gmt":"2014-11-20T11:05:36","guid":{"rendered":"http:\/\/www.labeljoy.com\/ayuda\/adding-text\/"},"modified":"2015-01-21T20:03:11","modified_gmt":"2015-01-21T20:03:11","slug":"agregar-texto","status":"publish","type":"page","link":"https:\/\/www.labeljoy.com\/es\/ayuda\/agregar-texto\/","title":{"rendered":"Agregar texto"},"content":{"rendered":"<div data-partent=\"19635\" class=\"callout callout-warning\">\n<h4>Esta p\u00e1gina hace referencia a Labeljoy 5, que no es nuestra \u00faltima versi\u00f3n.<\/h4>\n<p><a href=\"\/es\/comprar\/\">Actualice a Labeljoy 6<\/a> para obtener la \u00faltima versi\u00f3n del software con todas sus incre\u00edbles caracter\u00edsticas, o si ya es usuario, visite la <a href=\"\/es\/ayuda-lj6\/\">gu\u00eda del usuario de Labeljoy 6<\/a>.<\/p>\n<\/div>\n<div id=\"help-guide\">\n\r\n<p class=\"title\">agregar texto<\/p>\r\n<p class=\"body\">Es posible agregar un elemento <i>Texto<\/i> estableciendo el <strong>modo de entrada<\/strong> de texto desde la <a href=\"http:\/\/www.labeljoy.com\/es\/ayuda\/la-barra-de-herramientas\/\">barra de herramientas <\/a>o seleccionando la opci\u00f3n <i>Agregar texto<\/i> desde el icono grupo.<\/p>\r\n<table width=\"100%\">\r\n  <tr valign=\"top\">\r\n    <td><p class=\"body\"><img src=\"http:\/\/www.labeljoy.com\/user-guide-files\/es\/2040_001.png\" align=\"left\">Haga clic en el icono <i>Agregar texto<\/i> en la barra de herramientas para activar el modo de entrada de texto. Luego, haga clic con el bot\u00f3n izquierdo del rat\u00f3n en el grupo de etiqueta en la que desea insertar el elemento. Arrastre el rat\u00f3n mientras se mantiene pulsado el bot\u00f3n izquierdo del rat\u00f3n para dibujar la zona rectangular en la que se desea insertar el elemento. Cuando se suelte el bot\u00f3n del rat\u00f3n, se insertar\u00e1 nuevo elemento.<\/p><\/td>\r\n  <\/tr>\r\n  <tr valign=\"top\">\r\n    <td><p class=\"body\"><img src=\"http:\/\/www.labeljoy.com\/user-guide-files\/es\/2040_002.png\" align=left>Tambi\u00e9n se puede seleccionar el comando <i>Agregar texto<\/i> del men\u00fa de configuraci\u00f3n de grupo. En este caso, el nuevo elemento se inserta inmediatamente en el grupo seleccionado.<\/p>\r\n      <p class=\"body\">Un elemento de texto insertado mostrar\u00e1 el texto haga <i>Doble clic para editar<\/i>.<\/p>\r\n      <p class=\"body\">Luego se puede <strong>cambiar las propiedades<\/strong> a trav\u00e9s su <a href=\"http:\/\/www.labeljoy.com\/es\/ayuda\/configuracion-de-texto\/\">ventana<\/a> para adaptarlo a las propias necesidades.<\/p><\/td>\r\n  <\/tr>\r\n<\/table>\r\n<\/div>\n<\/div>\n","protected":false},"excerpt":{"rendered":"<p>Esta p\u00e1gina hace referencia a Labeljoy 5, que no es nuestra \u00faltima versi\u00f3n. Actualice a Labeljoy 6 para obtener la \u00faltima versi\u00f3n del software con todas sus incre\u00edbles caracter\u00edsticas, o si ya es usuario, visite la gu\u00eda del usuario de Labeljoy 6.<\/p>\n","protected":false},"author":8,"featured_media":0,"parent":21680,"menu_order":0,"comment_status":"open","ping_status":"closed","template":"page-template-left-sidebar.php","meta":{"inline_featured_image":false,"_monsterinsights_skip_tracking":false,"_monsterinsights_sitenote_active":false,"_monsterinsights_sitenote_note":"","_monsterinsights_sitenote_category":0,"footnotes":""},"class_list":{"0":"post-22104","1":"page","2":"type-page","3":"status-publish","5":"infinite-scroll-item"},"aioseo_notices":[],"_links":{"self":[{"href":"https:\/\/www.labeljoy.com\/es\/wp-json\/wp\/v2\/pages\/22104","targetHints":{"allow":["GET"]}}],"collection":[{"href":"https:\/\/www.labeljoy.com\/es\/wp-json\/wp\/v2\/pages"}],"about":[{"href":"https:\/\/www.labeljoy.com\/es\/wp-json\/wp\/v2\/types\/page"}],"author":[{"embeddable":true,"href":"https:\/\/www.labeljoy.com\/es\/wp-json\/wp\/v2\/users\/8"}],"replies":[{"embeddable":true,"href":"https:\/\/www.labeljoy.com\/es\/wp-json\/wp\/v2\/comments?post=22104"}],"version-history":[{"count":3,"href":"https:\/\/www.labeljoy.com\/es\/wp-json\/wp\/v2\/pages\/22104\/revisions"}],"predecessor-version":[{"id":22145,"href":"https:\/\/www.labeljoy.com\/es\/wp-json\/wp\/v2\/pages\/22104\/revisions\/22145"}],"up":[{"embeddable":true,"href":"https:\/\/www.labeljoy.com\/es\/wp-json\/wp\/v2\/pages\/21680"}],"wp:attachment":[{"href":"https:\/\/www.labeljoy.com\/es\/wp-json\/wp\/v2\/media?parent=22104"}],"curies":[{"name":"wp","href":"https:\/\/api.w.org\/{rel}","templated":true}]}}