{"id":22105,"date":"2014-11-20T11:06:28","date_gmt":"2014-11-20T11:06:28","guid":{"rendered":"http:\/\/www.labeljoy.com\/ayuda\/text-settings\/"},"modified":"2015-01-21T20:03:23","modified_gmt":"2015-01-21T20:03:23","slug":"configuracion-de-texto","status":"publish","type":"page","link":"https:\/\/www.labeljoy.com\/es\/ayuda\/configuracion-de-texto\/","title":{"rendered":"Configuraci\u00f3n de texto"},"content":{"rendered":"<div data-partent=\"19635\" class=\"callout callout-warning\">\n<h4>Esta p\u00e1gina hace referencia a Labeljoy 5, que no es nuestra \u00faltima versi\u00f3n.<\/h4>\n<p><a href=\"\/es\/comprar\/\">Actualice a Labeljoy 6<\/a> para obtener la \u00faltima versi\u00f3n del software con todas sus incre\u00edbles caracter\u00edsticas, o si ya es usuario, visite la <a href=\"\/es\/ayuda-lj6\/\">gu\u00eda del usuario de Labeljoy 6<\/a>.<\/p>\n<\/div>\n<div id=\"help-guide\">\n\r\n<p class=\"title\">configuraci\u00f3n de texto<\/p>\r\n<p class=\"body\">Haciendo doble clic en un elemento <i>Texto<\/i> aparece la <strong>ventana de propiedades<\/strong> que permite <strong>cambiar su apariencia<\/strong>.<\/p>\r\n<p class=\"body\">La ventana de propiedades de un elemento <i>Texto<\/i> consta de 8 fichas:<\/p>\r\n<table width=\"100%\">\r\n  <tr valign=\"top\">\r\n    <td><p class=\"body\"><img src=\"http:\/\/www.labeljoy.com\/user-guide-files\/es\/2060_001.png\" align=\"left\" style=\"margin: 0px 24px 4px 0px\"><strong>Texto<\/strong>: En esta pesta\u00f1a se puede definir el texto que se mostrar\u00e1. Se puede crear texto compuestos que contienen, adem\u00e1s que textos fijos, tambi\u00e9n <a href=\"http:\/\/www.labeljoy.com\/es\/ayuda\/gestionar-los-campos\/\">campos de fuente de datos<\/a>, <a href=\"http:\/\/www.labeljoy.com\/es\/ayuda\/gestion-de-contadores\/\">contadores<\/a>, <a href=\"http:\/\/www.labeljoy.com\/es\/ayuda\/gestionar-referencias\/\">referencias<\/a> y <a href=\"http:\/\/www.labeljoy.com\/es\/ayuda\/vista-previa-del-texto\/\">pre visualizar<\/a> el texto resultante que se mostrar\u00e1 en la hoja.<br>\r\n        Vea el p\u00e1rrafo <a href=\"http:\/\/www.labeljoy.com\/es\/ayuda\/concatenacion-de-textos\/\">Concatenar textos<\/a> para m\u00e1s informaci\u00f3n.<\/p><\/td>\r\n  <\/tr>\r\n  <tr valign=\"top\">\r\n    <td><p class=\"body\"><img src=\"http:\/\/www.labeljoy.com\/user-guide-files\/es\/2060_002.png\" align=\"left\" style=\"margin: 0px 24px 4px 0px\"><strong>Fuente<\/strong>: La ficha <i>Fuente<\/i> permite definir el car\u00e1cter y el estilo de texto lineal o circular:<\/p>\r\n      <ul>\r\n        <li class=\"body\"><strong>Definici\u00f3n de la fuente<\/strong>: seleccione la fuente en el cuadro combinado, establecer las dimensiones y definir los atributos <strong>Negrita<\/strong>, <i>It\u00e1lica<\/i>, <u>Subrayado<\/u> o <s>Tachado<\/s>.<\/li>\r\n        <li class=\"body\"><strong>Texto lineal<\/strong>: cuando seleccione esta opci\u00f3n, utilice los controles de este panel para definir la alineaci\u00f3n horizontal y vertical, los posibles efectos de ajuste horizontal autom\u00e1tico, especifique si debe cortar el texto y definir la rotaci\u00f3n del texto dentro de su caja.<\/li>\r\n        <li class=\"body\"><strong>Texto redondeado<\/strong>: cuando se selecciona esta opci\u00f3n, utilice los controles de este panel para definir el \u00e1ngulo inicial con el cual el texto debe empezar, el rango y el sentido con la casilla <i>Invertir<\/i>.<\/li>\r\n      <\/ul>\r\n      <p class=\"note\"><strong>Nota<\/strong><br>\r\n        Labeljoy mostrar\u00e1 la lista de <i>fuentes<\/i> instaladas solamente de tipo <i>TrueType.<\/i><\/p><\/td>\r\n  <\/tr>\r\n  <tr valign=\"top\">\r\n    <td><p class=\"body\"><img src=\"http:\/\/www.labeljoy.com\/user-guide-files\/es\/2060_003.png\" align=\"left\" style=\"margin: 0px 24px 4px 0px\"><strong>Relleno<\/strong>: definici\u00f3n del color interno del texto.<\/p>\r\n      <p class=\"body\">Vea el p\u00e1rrafo <a href=\"http:\/\/www.labeljoy.com\/es\/ayuda\/definir-los-colores\/\">definici\u00f3n de colores<\/a> para m\u00e1s informaci\u00f3n sobre la creaci\u00f3n de colores y matices.<\/p><\/td>\r\n  <\/tr>\r\n  <tr valign=\"top\">\r\n    <td><p class=\"body\"><img src=\"http:\/\/www.labeljoy.com\/user-guide-files\/es\/2060_004.png\" align=\"left\" style=\"margin: 0px 24px 4px 0px\"><strong>Fondo<\/strong>: definici\u00f3n del color de fondo del elemento Texto.<br>\r\n        Haga clic en <em>Activar color de fondo<\/em> para activar los controles, o desactivar para dejar el texto sobre fondo transparente.<\/p>\r\n      <p class=\"body\">Vea el p\u00e1rrafo <a href=\"http:\/\/www.labeljoy.com\/es\/ayuda\/definir-los-colores\/\">definici\u00f3n colores<\/a> para m\u00e1s informaci\u00f3n sobre la creaci\u00f3n de colores y matices. <\/p><\/td>\r\n  <\/tr>\r\n  <tr valign=\"top\">\r\n    <td><p class=\"body\"><img src=\"http:\/\/www.labeljoy.com\/user-guide-files\/es\/2060_005.png\" align=\"left\" style=\"margin: 0px 24px 4px 0px\"><strong>Color de recuadro<\/strong>: Haga clic en <em>Activar color de cuadro<\/em> para activar los controles de colores y tama\u00f1o del recuadro, o desactivar para dejar el texto sin recuadro.<\/p>\r\n      <p class=\"body\">Vea el p\u00e1rrafo <a href=\"http:\/\/www.labeljoy.com\/es\/ayuda\/definir-los-colores\/\">definici\u00f3n de colores<\/a> para m\u00e1s informaci\u00f3n sobre la creaci\u00f3n de colores y matices.<\/p><\/td>\r\n  <\/tr>\r\n  <tr valign=\"top\">\r\n    <td><p class=\"body\"><img src=\"http:\/\/www.labeljoy.com\/user-guide-files\/es\/2060_006.png\" align=\"left\" style=\"margin: 0px 24px 4px 0px\"><strong>Borde de texto<\/strong>: haga clic en <em>Activar color de borde <\/em>para activar el modo de <em>Outline<\/em> (borde). En este caso el texto se dibuja con un contorno cuyo color se define aqu\u00ed. Tambi\u00e9n se puede definir el tama\u00f1o del trazo y el modo de relleno (interior s\u00f3lido \u0096 Interior vacio).<\/p>\r\n      <p class=\"body\">Vea el p\u00e1rrafo <a href=\"http:\/\/www.labeljoy.com\/es\/ayuda\/definir-los-colores\/\">definici\u00f3n de colores<\/a> para m\u00e1s informaci\u00f3n sobre la creaci\u00f3n de colores y matices.<\/p><\/td>\r\n  <\/tr>\r\n  <tr valign=\"top\">\r\n    <td><p class=\"body\"><img src=\"http:\/\/www.labeljoy.com\/user-guide-files\/es\/2060_008.png\" align=\"left\" style=\"margin: 0px 24px 4px 0px\"><strong>Figura<\/strong>: definici\u00f3n de la forma del elemento.<\/p><\/td>\r\n  <\/tr>\r\n  <tr valign=\"top\">\r\n    <td><p class=\"body\"><img src=\"http:\/\/www.labeljoy.com\/user-guide-files\/es\/2060_007.png\" align=\"left\" style=\"margin: 0px 24px 4px 0px\"><strong>Avanzada<\/strong>: ficha <a href=\"http:\/\/www.labeljoy.com\/es\/ayuda\/posicionar-los-elementos\/\">com\u00fan<\/a> a todos los elementos que permite especificar las coordenadas, tama\u00f1o, rotaci\u00f3n, y el nombre del elemento.<\/p>\r\n      <p class=\"note\"><strong>Nota<\/strong><br>\r\n        Se puede visualizar el tama\u00f1o en cent\u00edmetros o pulgadas, dependiendo de la unidad de medida seleccionada, configurable en la ficha <i>Interfaz<\/i> de la ventana <a href=\"http:\/\/www.labeljoy.com\/es\/ayuda\/principal\/\">Opciones<\/a>.<br>\r\n        Las fracciones de pulgada pueden insertarse mediante un men\u00fa contextual, tal como se detalla en el p\u00e1rrafo <a href=\"http:\/\/www.labeljoy.com\/es\/ayuda\/gestionar-las-fracciones-de-pulgadas\/\">gestionar las fracciones de pulgada<\/a>.<\/p><\/td>\r\n  <\/tr>\r\n<\/table>\r\n<\/div>\n<\/div>\n","protected":false},"excerpt":{"rendered":"<p>Esta p\u00e1gina hace referencia a Labeljoy 5, que no es nuestra \u00faltima versi\u00f3n. Actualice a Labeljoy 6 para obtener la \u00faltima versi\u00f3n del software con todas sus incre\u00edbles caracter\u00edsticas, o si ya es usuario, visite la gu\u00eda del usuario de Labeljoy 6.<\/p>\n","protected":false},"author":8,"featured_media":0,"parent":21680,"menu_order":0,"comment_status":"open","ping_status":"closed","template":"page-template-left-sidebar.php","meta":{"inline_featured_image":false,"_monsterinsights_skip_tracking":false,"_monsterinsights_sitenote_active":false,"_monsterinsights_sitenote_note":"","_monsterinsights_sitenote_category":0,"footnotes":""},"class_list":{"0":"post-22105","1":"page","2":"type-page","3":"status-publish","5":"infinite-scroll-item"},"aioseo_notices":[],"_links":{"self":[{"href":"https:\/\/www.labeljoy.com\/es\/wp-json\/wp\/v2\/pages\/22105","targetHints":{"allow":["GET"]}}],"collection":[{"href":"https:\/\/www.labeljoy.com\/es\/wp-json\/wp\/v2\/pages"}],"about":[{"href":"https:\/\/www.labeljoy.com\/es\/wp-json\/wp\/v2\/types\/page"}],"author":[{"embeddable":true,"href":"https:\/\/www.labeljoy.com\/es\/wp-json\/wp\/v2\/users\/8"}],"replies":[{"embeddable":true,"href":"https:\/\/www.labeljoy.com\/es\/wp-json\/wp\/v2\/comments?post=22105"}],"version-history":[{"count":3,"href":"https:\/\/www.labeljoy.com\/es\/wp-json\/wp\/v2\/pages\/22105\/revisions"}],"predecessor-version":[{"id":22147,"href":"https:\/\/www.labeljoy.com\/es\/wp-json\/wp\/v2\/pages\/22105\/revisions\/22147"}],"up":[{"embeddable":true,"href":"https:\/\/www.labeljoy.com\/es\/wp-json\/wp\/v2\/pages\/21680"}],"wp:attachment":[{"href":"https:\/\/www.labeljoy.com\/es\/wp-json\/wp\/v2\/media?parent=22105"}],"curies":[{"name":"wp","href":"https:\/\/api.w.org\/{rel}","templated":true}]}}