{"id":22106,"date":"2014-11-20T11:07:46","date_gmt":"2014-11-20T11:07:46","guid":{"rendered":"http:\/\/www.labeljoy.com\/ayuda\/managing-graphic-elements\/"},"modified":"2015-01-21T20:02:51","modified_gmt":"2015-01-21T20:02:51","slug":"configuracion-grafica","status":"publish","type":"page","link":"https:\/\/www.labeljoy.com\/es\/ayuda\/configuracion-grafica\/","title":{"rendered":"Configuraci\u00f3n gr\u00e1fica"},"content":{"rendered":"<div data-partent=\"19635\" class=\"callout callout-warning\">\n<h4>Esta p\u00e1gina hace referencia a Labeljoy 5, que no es nuestra \u00faltima versi\u00f3n.<\/h4>\n<p><a href=\"\/es\/comprar\/\">Actualice a Labeljoy 6<\/a> para obtener la \u00faltima versi\u00f3n del software con todas sus incre\u00edbles caracter\u00edsticas, o si ya es usuario, visite la <a href=\"\/es\/ayuda-lj6\/\">gu\u00eda del usuario de Labeljoy 6<\/a>.<\/p>\n<\/div>\n<div id=\"help-guide\">\n\r\n<p class=\"title\">configuraci\u00f3n gr\u00e1fica<\/p>\r\n<p class=\"body\">Los elementos gr\u00e1ficos agrupan <strong>caracter\u00edsticas gr\u00e1ficas<\/strong> que permiten a\u00f1adir efectos y estilos a las etiquetas.<\/p>\r\n<p class=\"body\">El elemento gr\u00e1fico incluye <strong>3 caracter\u00edsticas principales<\/strong>:<\/p>\r\n<ol>\r\n  <li class=\"body\">La posibilidad de mostrar <strong>im\u00e1genes<\/strong>, cargadas desde el disco, desde la biblioteca de <i>Clipart<\/i>* o incluso conectadas a una base de datos.<\/li>\r\n  <li class=\"body\">La posibilidad de mostrar las <strong>parcelas<\/strong>, es decir, los efectos del fondo tales como l\u00edneas, diagonales, efectos varios, etc.<\/li>\r\n  <li class=\"body\">La posibilidad de mostrar <strong>l\u00edneas espec\u00edficas<\/strong> como flechas, l\u00edneas discontinuas, sombreados, etc.<\/li>\r\n<\/ol>\r\n<p class=\"body\">* Las funcionalidades de acceso a las Clipart no est\u00e1n disponibles en la versi\u00f3n Light.<\/p>\n<\/div>\n","protected":false},"excerpt":{"rendered":"<p>Esta p\u00e1gina hace referencia a Labeljoy 5, que no es nuestra \u00faltima versi\u00f3n. Actualice a Labeljoy 6 para obtener la \u00faltima versi\u00f3n del software con todas sus incre\u00edbles caracter\u00edsticas, o si ya es usuario, visite la gu\u00eda del usuario de Labeljoy 6.<\/p>\n","protected":false},"author":8,"featured_media":0,"parent":21680,"menu_order":0,"comment_status":"open","ping_status":"closed","template":"page-template-left-sidebar.php","meta":{"inline_featured_image":false,"_monsterinsights_skip_tracking":false,"_monsterinsights_sitenote_active":false,"_monsterinsights_sitenote_note":"","_monsterinsights_sitenote_category":0,"footnotes":""},"class_list":{"0":"post-22106","1":"page","2":"type-page","3":"status-publish","5":"infinite-scroll-item"},"aioseo_notices":[],"_links":{"self":[{"href":"https:\/\/www.labeljoy.com\/es\/wp-json\/wp\/v2\/pages\/22106","targetHints":{"allow":["GET"]}}],"collection":[{"href":"https:\/\/www.labeljoy.com\/es\/wp-json\/wp\/v2\/pages"}],"about":[{"href":"https:\/\/www.labeljoy.com\/es\/wp-json\/wp\/v2\/types\/page"}],"author":[{"embeddable":true,"href":"https:\/\/www.labeljoy.com\/es\/wp-json\/wp\/v2\/users\/8"}],"replies":[{"embeddable":true,"href":"https:\/\/www.labeljoy.com\/es\/wp-json\/wp\/v2\/comments?post=22106"}],"version-history":[{"count":3,"href":"https:\/\/www.labeljoy.com\/es\/wp-json\/wp\/v2\/pages\/22106\/revisions"}],"predecessor-version":[{"id":22143,"href":"https:\/\/www.labeljoy.com\/es\/wp-json\/wp\/v2\/pages\/22106\/revisions\/22143"}],"up":[{"embeddable":true,"href":"https:\/\/www.labeljoy.com\/es\/wp-json\/wp\/v2\/pages\/21680"}],"wp:attachment":[{"href":"https:\/\/www.labeljoy.com\/es\/wp-json\/wp\/v2\/media?parent=22106"}],"curies":[{"name":"wp","href":"https:\/\/api.w.org\/{rel}","templated":true}]}}