{"id":22108,"date":"2014-11-20T11:09:57","date_gmt":"2014-11-20T11:09:57","guid":{"rendered":"http:\/\/www.labeljoy.com\/ayuda\/graphic-element-settings\/"},"modified":"2015-01-21T16:27:33","modified_gmt":"2015-01-21T16:27:33","slug":"configurar-un-elemento-grafico","status":"publish","type":"page","link":"https:\/\/www.labeljoy.com\/es\/ayuda\/configurar-un-elemento-grafico\/","title":{"rendered":"Configurar un elemento gr\u00e1fico"},"content":{"rendered":"<div data-partent=\"19635\" class=\"callout callout-warning\">\n<h4>Esta p\u00e1gina hace referencia a Labeljoy 5, que no es nuestra \u00faltima versi\u00f3n.<\/h4>\n<p><a href=\"\/es\/comprar\/\">Actualice a Labeljoy 6<\/a> para obtener la \u00faltima versi\u00f3n del software con todas sus incre\u00edbles caracter\u00edsticas, o si ya es usuario, visite la <a href=\"\/es\/ayuda-lj6\/\">gu\u00eda del usuario de Labeljoy 6<\/a>.<\/p>\n<\/div>\n<link rel=\"stylesheet\" href=\"http:\/\/www.labeljoy.com\/user-guide-files\/en\/styles.css\" type=\"text\/css\" media=\"all\" \/>\n<div id=\"help-guide\">\n\r\n<p class=\"title\">configurar un elemento gr\u00e1fico<\/p>\r\n<p class=\"body\">Haciendo doble clic sobre un elemento gr\u00e1fico, aparece la <strong>ventana de propiedades<\/strong> que permite <strong>cambiar la apariencia<\/strong>.<\/p>\r\n<p class=\"body\">La ventana de propiedades de un elemento gr\u00e1fico se compone de 8 fichas:<\/p>\r\n<table width=\"100%\">\r\n  <tr valign=\"top\">\r\n    <td><p class=\"body\"><img src=\"http:\/\/www.labeljoy.com\/user-guide-files\/es\/2120_001.png\" align=\"left\" style=\"margin: 0px 24px 4px 0px\"><strong>Imagen<\/strong>: configuraci\u00f3n de im\u00e1genes. Es posible cargar una imagen existente desde el disco duro, con importaci\u00f3n desde esc\u00e1ner, importando desde el <a href=\"http:\/\/www.labeljoy.com\/es\/ayuda\/utilizar-clipart\/\"><i>Clipart<\/i><\/a>* o conectarse a una base de datos, como se explica con m\u00e1s detalle a continuaci\u00f3n en <a href=\"#Data\">Conexi\u00f3n a un campo desde fuente de dato<\/a>s. Consulte el p\u00e1rrafo <a href=\"http:\/\/www.labeljoy.com\/es\/ayuda\/configurar-una-imagen\/\">configuraci\u00f3n de imagen<\/a> para los detalles de la operaci\u00f3n.<\/p>\r\n      <p class=\"body\">* La colecci\u00f3n de Clipart no est\u00e1 disponible en la versi\u00f3n Light.<\/p><\/td>\r\n  <\/tr>\r\n  <tr valign=\"top\">\r\n    <td><p class=\"body\"><img src=\"http:\/\/www.labeljoy.com\/user-guide-files\/es\/2120_002.png\" align=\"left\" style=\"margin: 0px 24px 4px 0px\"><strong>Color de frente<\/strong>: definici\u00f3n del color utilizado para las <a href=\"#Pattern\">texturas<\/a> y las <a href=\"#Lines\">l\u00edneas<\/a>.<\/p>\r\n      <p class=\"body\">Vea el p\u00e1rrafo <a href=\"http:\/\/www.labeljoy.com\/es\/ayuda\/definir-los-colores\/\">definici\u00f3n de colores<\/a> para obtener m\u00e1s informaci\u00f3n acerca la creaci\u00f3n de colores y matices complejos.<\/p><\/td>\r\n  <\/tr>\r\n  <tr valign=\"top\">\r\n    <td><p class=\"body\"><img src=\"http:\/\/www.labeljoy.com\/user-guide-files\/es\/2120_003.png\" align=\"left\" style=\"margin: 0px 24px 4px 0px\"><strong>Fondo<\/strong>: definir el color de fondo del objeto gr\u00e1fico.<br>\r\n      Haga clic en <i>Activar color de fondo <\/i>para habilitar los controles, o desactivar para dejar el objeto gr\u00e1fico con un fondo transparente.<\/p>\r\n<p class=\"body\">Vea el p\u00e1rrafo <a href=\"http:\/\/www.labeljoy.com\/es\/ayuda\/definir-los-colores\/\">definici\u00f3n de colores<\/a> para obtener m\u00e1s informaci\u00f3n acerca la creaci\u00f3n de colores y matices complejos.<\/p><\/td>\r\n  <\/tr>\r\n  <tr valign=\"top\">\r\n    <td><p class=\"body\"><img src=\"http:\/\/www.labeljoy.com\/user-guide-files\/es\/2120_004.png\" align=\"left\" style=\"margin: 0px 24px 4px 0px\"><strong>Color del recuadro<\/strong>: haga clic en <i>Activar color de recuadro <\/i>para habilitar los controles de definici\u00f3n del color y del tama\u00f1o del recuadro, de lo contrario, desactive la casilla para dejar del objeto gr\u00e1fico sin recuadro.<\/p>\r\n      <p class=\"body\">Vea el p\u00e1rrafo <a href=\"http:\/\/www.labeljoy.com\/es\/ayuda\/definir-los-colores\/\">definici\u00f3n de colores<\/a> para obtener m\u00e1s informaci\u00f3n acerca la creaci\u00f3n de colores y matices complejos.<\/p><\/td>\r\n  <\/tr>\r\n  <tr valign=\"top\">\r\n    <td><p class=\"body\"><img src=\"http:\/\/www.labeljoy.com\/user-guide-files\/es\/2120_005.png\" align=\"left\" style=\"margin: 0px 24px 4px 0px\"><a name=Pattern><\/a><strong>Patr\u00f3n<\/strong>: activando la casilla correspondiente, se puede seleccionar entre 52 estilos diferentes de posibles patrones aplicables.<\/p>\r\n      <p class=\"body\">Active la casilla <strong>Invertir<\/strong> para invertir los colores del patr\u00f3n con los del fondo.<\/p><\/td>\r\n  <\/tr>\r\n  <tr valign=\"top\">\r\n    <td><p class=\"body\"><img src=\"http:\/\/www.labeljoy.com\/user-guide-files\/es\/2120_006.png\" align=\"left\" style=\"margin: 0px 24px 4px 0px\"><a name=Lines><\/a><strong>L\u00ednea<\/strong>: visualizaci\u00f3n de una l\u00ednea.<\/p>\r\n      <p class=\"body\">Active la visualizaci\u00f3n de la l\u00ednea a trav\u00e9s de la caja en la parte superior.<\/p>\r\n      <p class=\"body\">Defina el estilo inicial y el estilo final de la l\u00ednea en los dos primeros cuadros combinados.<\/p>\r\n      <p class=\"body\">Defina el estilo de l\u00ednea a trav\u00e9s su cuadro combinado. En caso en que se selecciona un estilo diferente a <i>S\u00f3lido<\/i>, se activa la casilla de abajo para la definici\u00f3n del estilo de los puntos de inicio y fin de la escotilla.<\/p>\r\n      <p class=\"body\">La caja de <i>Direcci\u00f3n<\/i> permite definir la orientaci\u00f3n vertical u horizontal de la l\u00ednea.<\/p>\r\n      <p class=\"body\">Configure el tama\u00f1o de la l\u00ednea a trav\u00e9s de la caja de texto de abajo.<\/p><\/td>\r\n  <\/tr>\r\n  <tr valign=\"top\">\r\n    <td><p class=\"body\"><img src=\"http:\/\/www.labeljoy.com\/user-guide-files\/es\/2120_007.png\" align=\"left\" style=\"margin: 0px 24px 4px 0px\"><strong>Figura<\/strong>: definici\u00f3n de la figura del elemento.<\/p><\/td>\r\n  <\/tr>\r\n  <tr valign=\"top\">\r\n    <td><p class=\"body\"><img src=\"http:\/\/www.labeljoy.com\/user-guide-files\/es\/2120_008.png\" align=\"left\" style=\"margin: 0px 24px 4px 0px\"><strong>Avanzada<\/strong>: pesta\u00f1a <a href=\"http:\/\/www.labeljoy.com\/es\/ayuda\/posicionar-los-elementos\/\">com\u00fan<\/a> en todos los elementos que permite especificar las coordenadas, tama\u00f1o, rotaci\u00f3n, y el nombre del elemento.<\/p>\r\n      <p class=\"note\"><strong>Nota<\/strong><br>\r\n        El tama\u00f1o visualizado puede ser en cent\u00edmetros o pulgadas, dependiendo de la unidad de medida actual, definible en la ficha <i>Interfaz<\/i> de la ventana <a href=\"http:\/\/www.labeljoy.com\/es\/ayuda\/principal\/\">Opciones<\/a>.<br>\r\n        Las fracciones de pulgada pueden ser insertadas mediante un men\u00fa contextual, tal como se detalla en el p\u00e1rrafo <a href=\"http:\/\/www.labeljoy.com\/es\/ayuda\/gestionar-las-fracciones-de-pulgadas\/\">configurar las fracciones de pulgada<\/a>.<\/p><\/td>\r\n  <\/tr>\r\n<\/table>\r\n<p class=\"body\"><a name=Data><\/a><strong><u>CONEXI\u00d3N A UN CAMPO DE LA FUENTE DE DATOS<\/u><\/strong><\/p>\r\n<p class=\"body\">Si el grupo de etiquetas que contiene el elemento gr\u00e1fico est\u00e1 conectado a una fuente de datos, se puede conectar la imagen de un campo del origen de datos para que se pueda cambiar en cada entrada de la tabla.<\/p>\r\n<p class=\"body\">Se puede conectar 2 tipos de campo para un objeto gr\u00e1fico:\t<\/p>\r\n<ul>\r\n  <li class=\"body\"><strong>Binario<\/strong>: campo de tipo binario (OLE, BLOB, Medium BLOB, etc). Este tipo de campo contiene la secuencia de <i>bytes<\/i> que forman la imagen, es decir, el archivo imagen.<\/li>\r\n  <li class=\"body\"><strong>Texto<\/strong>: el campo de texto (CHAR, VARCHAR, etc.). Labeljoy interpreta la informaci\u00f3n textual como <i>rutas<\/i> a archivo de imagen del ordenador o de la red. Las im\u00e1genes se muestran s\u00f3lo si el texto indica una posici\u00f3n fuerte y un archivo de imagen compatible.<\/li>\r\n<\/ul>\r\n<p class=\"note\"><strong>Nota<\/strong><br>\r\n  Labeljoy gestiona im\u00e1genes <strong>no m\u00e1s grandes de 500 KB<\/strong>.<\/p>\r\n<\/div>\n<\/div>\n","protected":false},"excerpt":{"rendered":"<p>Esta p\u00e1gina hace referencia a Labeljoy 5, que no es nuestra \u00faltima versi\u00f3n. Actualice a Labeljoy 6 para obtener la \u00faltima versi\u00f3n del software con todas sus incre\u00edbles caracter\u00edsticas, o si ya es usuario, visite la gu\u00eda del usuario de Labeljoy 6.<\/p>\n","protected":false},"author":8,"featured_media":0,"parent":21680,"menu_order":0,"comment_status":"open","ping_status":"closed","template":"page-template-left-sidebar.php","meta":{"inline_featured_image":false,"_monsterinsights_skip_tracking":false,"_monsterinsights_sitenote_active":false,"_monsterinsights_sitenote_note":"","_monsterinsights_sitenote_category":0,"footnotes":""},"class_list":{"0":"post-22108","1":"page","2":"type-page","3":"status-publish","5":"infinite-scroll-item"},"aioseo_notices":[],"_links":{"self":[{"href":"https:\/\/www.labeljoy.com\/es\/wp-json\/wp\/v2\/pages\/22108","targetHints":{"allow":["GET"]}}],"collection":[{"href":"https:\/\/www.labeljoy.com\/es\/wp-json\/wp\/v2\/pages"}],"about":[{"href":"https:\/\/www.labeljoy.com\/es\/wp-json\/wp\/v2\/types\/page"}],"author":[{"embeddable":true,"href":"https:\/\/www.labeljoy.com\/es\/wp-json\/wp\/v2\/users\/8"}],"replies":[{"embeddable":true,"href":"https:\/\/www.labeljoy.com\/es\/wp-json\/wp\/v2\/comments?post=22108"}],"version-history":[{"count":2,"href":"https:\/\/www.labeljoy.com\/es\/wp-json\/wp\/v2\/pages\/22108\/revisions"}],"predecessor-version":[{"id":22126,"href":"https:\/\/www.labeljoy.com\/es\/wp-json\/wp\/v2\/pages\/22108\/revisions\/22126"}],"up":[{"embeddable":true,"href":"https:\/\/www.labeljoy.com\/es\/wp-json\/wp\/v2\/pages\/21680"}],"wp:attachment":[{"href":"https:\/\/www.labeljoy.com\/es\/wp-json\/wp\/v2\/media?parent=22108"}],"curies":[{"name":"wp","href":"https:\/\/api.w.org\/{rel}","templated":true}]}}