{"id":22109,"date":"2014-11-20T11:10:51","date_gmt":"2014-11-20T11:10:51","guid":{"rendered":"http:\/\/www.labeljoy.com\/ayuda\/managing-page-elements\/"},"modified":"2015-01-21T20:02:59","modified_gmt":"2015-01-21T20:02:59","slug":"administrar-los-elementos-pagina","status":"publish","type":"page","link":"https:\/\/www.labeljoy.com\/es\/ayuda\/administrar-los-elementos-pagina\/","title":{"rendered":"Administrar los elementos p\u00e1gina"},"content":{"rendered":"<div data-partent=\"19635\" class=\"callout callout-warning\">\n<h4>Esta p\u00e1gina hace referencia a Labeljoy 5, que no es nuestra \u00faltima versi\u00f3n.<\/h4>\n<p><a href=\"\/es\/comprar\/\">Actualice a Labeljoy 6<\/a> para obtener la \u00faltima versi\u00f3n del software con todas sus incre\u00edbles caracter\u00edsticas, o si ya es usuario, visite la <a href=\"\/es\/ayuda-lj6\/\">gu\u00eda del usuario de Labeljoy 6<\/a>.<\/p>\n<\/div>\n<div id=\"help-guide\">\n\r\n<p class=\"title\">administrar los elementos p\u00e1gina<\/p>\r\n<p class=\"body\">El elemento p\u00e1gina consiste en un <strong>objeto colocado en la hoja de etiquetas<\/strong>, que puede mostrar <strong>textos<\/strong>, <strong>formas<\/strong>, o <strong>im\u00e1genes<\/strong>, y que tiene la caracter\u00edstica de <strong>no ser parte de un grupo de etiquetas<\/strong>.<\/p>\r\n<p class=\"body\">Independientemente del n\u00famero de grupos de etiquetas que se agregan y lo que contienen, el elemento p\u00e1gina permite a\u00f1adir a la impresi\u00f3n informaci\u00f3n sobre el <strong>n\u00famero de p\u00e1ginas<\/strong>, el <strong>n\u00famero de etiquetas<\/strong> o <strong>efectos gr\u00e1ficos<\/strong> independientemente de los grupos de etiquetas.<\/p>\r\n<p class=\"body\">A diferencia de los grupos de etiquetas, el elemento p\u00e1gina no puede ser conectado a un campo de una base de datos.<\/p>\n<\/div>\n","protected":false},"excerpt":{"rendered":"<p>Esta p\u00e1gina hace referencia a Labeljoy 5, que no es nuestra \u00faltima versi\u00f3n. Actualice a Labeljoy 6 para obtener la \u00faltima versi\u00f3n del software con todas sus incre\u00edbles caracter\u00edsticas, o si ya es usuario, visite la gu\u00eda del usuario de Labeljoy 6.<\/p>\n","protected":false},"author":8,"featured_media":0,"parent":21680,"menu_order":0,"comment_status":"open","ping_status":"closed","template":"page-template-left-sidebar.php","meta":{"inline_featured_image":false,"_monsterinsights_skip_tracking":false,"_monsterinsights_sitenote_active":false,"_monsterinsights_sitenote_note":"","_monsterinsights_sitenote_category":0,"footnotes":""},"class_list":{"0":"post-22109","1":"page","2":"type-page","3":"status-publish","5":"infinite-scroll-item"},"aioseo_notices":[],"_links":{"self":[{"href":"https:\/\/www.labeljoy.com\/es\/wp-json\/wp\/v2\/pages\/22109","targetHints":{"allow":["GET"]}}],"collection":[{"href":"https:\/\/www.labeljoy.com\/es\/wp-json\/wp\/v2\/pages"}],"about":[{"href":"https:\/\/www.labeljoy.com\/es\/wp-json\/wp\/v2\/types\/page"}],"author":[{"embeddable":true,"href":"https:\/\/www.labeljoy.com\/es\/wp-json\/wp\/v2\/users\/8"}],"replies":[{"embeddable":true,"href":"https:\/\/www.labeljoy.com\/es\/wp-json\/wp\/v2\/comments?post=22109"}],"version-history":[{"count":3,"href":"https:\/\/www.labeljoy.com\/es\/wp-json\/wp\/v2\/pages\/22109\/revisions"}],"predecessor-version":[{"id":22144,"href":"https:\/\/www.labeljoy.com\/es\/wp-json\/wp\/v2\/pages\/22109\/revisions\/22144"}],"up":[{"embeddable":true,"href":"https:\/\/www.labeljoy.com\/es\/wp-json\/wp\/v2\/pages\/21680"}],"wp:attachment":[{"href":"https:\/\/www.labeljoy.com\/es\/wp-json\/wp\/v2\/media?parent=22109"}],"curies":[{"name":"wp","href":"https:\/\/api.w.org\/{rel}","templated":true}]}}