{"id":22110,"date":"2014-11-20T11:13:29","date_gmt":"2014-11-20T11:13:29","guid":{"rendered":"http:\/\/www.labeljoy.com\/ayuda\/adding-a-page-element\/"},"modified":"2015-01-21T20:02:35","modified_gmt":"2015-01-21T20:02:35","slug":"agregar-un-elemento-pagina","status":"publish","type":"page","link":"https:\/\/www.labeljoy.com\/es\/ayuda\/agregar-un-elemento-pagina\/","title":{"rendered":"Agregar un elemento p\u00e1gina"},"content":{"rendered":"<div data-partent=\"19635\" class=\"callout callout-warning\">\n<h4>Esta p\u00e1gina hace referencia a Labeljoy 5, que no es nuestra \u00faltima versi\u00f3n.<\/h4>\n<p><a href=\"\/es\/comprar\/\">Actualice a Labeljoy 6<\/a> para obtener la \u00faltima versi\u00f3n del software con todas sus incre\u00edbles caracter\u00edsticas, o si ya es usuario, visite la <a href=\"\/es\/ayuda-lj6\/\">gu\u00eda del usuario de Labeljoy 6<\/a>.<\/p>\n<\/div>\n<div id=\"help-guide\">\n\r\n<p class=\"title\">agregar un elemento p\u00e1gina<\/p>\r\n<p class=\"body\">Para agregar un <i>Elemento p\u00e1gina<\/i> se tiene que configurar el <strong>modo de inserci\u00f3n elemento p\u00e1gina<\/strong> desde la <a href=\"http:\/\/www.labeljoy.com\/es\/ayuda\/la-barra-de-herramientas\/\">\u00a0barra de herramientas<\/a> o seleccionar <i>Agregar elemento de p\u00e1gina<\/i> desde el men\u00fa del icono del grupo.<\/p>\r\n<table width=\"100%\">\r\n  <tr valign=\"top\">\r\n    <td><p class=\"body\"><img src=\"http:\/\/www.labeljoy.com\/user-guide-files\/es\/2160_001.png\" align=\"left\">Seleccione el bot\u00f3n <i>Insertar elemento de p\u00e1gina<\/i> desde la barra de herramientas para activar el modo de inserci\u00f3n elemento p\u00e1gina. Haga clic y mantenga pulsado el bot\u00f3n izquierdo del rat\u00f3n en cualquier lugar de la hoja, arrastre el rat\u00f3n dibujando un \u00e1rea rectangular que contendr\u00e1 el nuevo elemento y suelte el bot\u00f3n del rat\u00f3n. Se introducir\u00e1 un nuevo elemento de p\u00e1gina en el \u00e1rea definida.<\/p><\/td>\r\n  <\/tr>\r\n  <tr valign=\"top\">\r\n    <td><p class=\"body\"><img src=\"http:\/\/www.labeljoy.com\/user-guide-files\/es\/2160_002.png\" align=\"left\">Como alternativa, se puede insertar un nuevo elemento de p\u00e1gina directamente en la hoja, seleccionando <i>Agregar elemento de p\u00e1gina<\/i> del men\u00fa de configuraci\u00f3n grupo.<br>\r\n        En este caso, el nuevo elemento se insertar\u00e1 autom\u00e1ticamente en la hoja.<\/p>\r\n      <p class=\"body\">El nuevo elemento de p\u00e1gina incluir\u00e1 el texto <i>Elemento p\u00e1gina n<\/i> (donde n es el n\u00famero de elementos consecutivos de la p\u00e1gina).<\/p><\/td>\r\n  <\/tr>\r\n<\/table>\r\n<\/div>\n<\/div>\n","protected":false},"excerpt":{"rendered":"<p>Esta p\u00e1gina hace referencia a Labeljoy 5, que no es nuestra \u00faltima versi\u00f3n. Actualice a Labeljoy 6 para obtener la \u00faltima versi\u00f3n del software con todas sus incre\u00edbles caracter\u00edsticas, o si ya es usuario, visite la gu\u00eda del usuario de Labeljoy 6.<\/p>\n","protected":false},"author":8,"featured_media":0,"parent":21680,"menu_order":0,"comment_status":"open","ping_status":"closed","template":"page-template-left-sidebar.php","meta":{"inline_featured_image":false,"_monsterinsights_skip_tracking":false,"_monsterinsights_sitenote_active":false,"_monsterinsights_sitenote_note":"","_monsterinsights_sitenote_category":0,"footnotes":""},"class_list":{"0":"post-22110","1":"page","2":"type-page","3":"status-publish","5":"infinite-scroll-item"},"aioseo_notices":[],"_links":{"self":[{"href":"https:\/\/www.labeljoy.com\/es\/wp-json\/wp\/v2\/pages\/22110","targetHints":{"allow":["GET"]}}],"collection":[{"href":"https:\/\/www.labeljoy.com\/es\/wp-json\/wp\/v2\/pages"}],"about":[{"href":"https:\/\/www.labeljoy.com\/es\/wp-json\/wp\/v2\/types\/page"}],"author":[{"embeddable":true,"href":"https:\/\/www.labeljoy.com\/es\/wp-json\/wp\/v2\/users\/8"}],"replies":[{"embeddable":true,"href":"https:\/\/www.labeljoy.com\/es\/wp-json\/wp\/v2\/comments?post=22110"}],"version-history":[{"count":3,"href":"https:\/\/www.labeljoy.com\/es\/wp-json\/wp\/v2\/pages\/22110\/revisions"}],"predecessor-version":[{"id":22141,"href":"https:\/\/www.labeljoy.com\/es\/wp-json\/wp\/v2\/pages\/22110\/revisions\/22141"}],"up":[{"embeddable":true,"href":"https:\/\/www.labeljoy.com\/es\/wp-json\/wp\/v2\/pages\/21680"}],"wp:attachment":[{"href":"https:\/\/www.labeljoy.com\/es\/wp-json\/wp\/v2\/media?parent=22110"}],"curies":[{"name":"wp","href":"https:\/\/api.w.org\/{rel}","templated":true}]}}