{"id":22111,"date":"2014-11-20T11:18:58","date_gmt":"2014-11-20T11:18:58","guid":{"rendered":"http:\/\/www.labeljoy.com\/ayuda\/page-element-settings\/"},"modified":"2015-01-21T20:03:17","modified_gmt":"2015-01-21T20:03:17","slug":"configurar-un-elemento-de-pagina","status":"publish","type":"page","link":"https:\/\/www.labeljoy.com\/es\/ayuda\/configurar-un-elemento-de-pagina\/","title":{"rendered":"Configurar un elemento de p\u00e1gina"},"content":{"rendered":"<div data-partent=\"19635\" class=\"callout callout-warning\">\n<h4>Esta p\u00e1gina hace referencia a Labeljoy 5, que no es nuestra \u00faltima versi\u00f3n.<\/h4>\n<p><a href=\"\/es\/comprar\/\">Actualice a Labeljoy 6<\/a> para obtener la \u00faltima versi\u00f3n del software con todas sus incre\u00edbles caracter\u00edsticas, o si ya es usuario, visite la <a href=\"\/es\/ayuda-lj6\/\">gu\u00eda del usuario de Labeljoy 6<\/a>.<\/p>\n<\/div>\n<div id=\"help-guide\">\n\r\n<p class=\"title\">configurar un elemento de p\u00e1gina<\/p>\r\n<p class=\"body\">Haciendo doble clic en un elemento de la p\u00e1gina, ver\u00e1 visualizada la <strong>ventana de propiedades<\/strong> que permite <strong>modificar la apariencia<\/strong>.<\/p>\r\n<p class=\"body\">La ventana de propiedades de un elemento de la p\u00e1gina se compone de 9 pesta\u00f1as:<\/p>\r\n<table width=\"100%\">\r\n  <tr valign=\"top\">\r\n    <td><p class=\"body\"><img src=\"http:\/\/www.labeljoy.com\/user-guide-files\/es\/2180_001.png\" align=\"left\" style=\"margin: 0px 24px 4px 0px\"><strong>Imagen<\/strong>: configuraci\u00f3n de im\u00e1genes. Se puede cargar una imagen existente desde un disco duro, importar de esc\u00e1neres, importar desde el <a href=\"http:\/\/www.labeljoy.com\/es\/ayuda\/utilizar-clipart\/\"><i>\u00a0Clipart<\/i><\/a>*. Consulte el p\u00e1rrafo <a href=\"http:\/\/www.labeljoy.com\/es\/ayuda\/configurar-una-imagen\/\">Configurar una imagen <\/a>para los detalles de la operaci\u00f3n.<\/p>\r\n      <p class=\"body\">* La colecci\u00f3n de Clipart no est\u00e1 disponible en la versi\u00f3n Light.<\/p><\/td>\r\n  <\/tr>\r\n  <tr valign=\"top\">\r\n    <td><p class=\"body\"><img src=\"http:\/\/www.labeljoy.com\/user-guide-files\/es\/2180_002.png\" align=\"left\" style=\"margin: 0px 24px 4px 0px\"><strong>Texto<\/strong>: definici\u00f3n del texto que se mostrar\u00e1. Escriba aqu\u00ed el texto que se desea que aparezca. Tenga en cuenta que se puede ir a la cabeza con la tecla <i>Enter<\/i>. Al hacer clic en el bot\u00f3n de <a href=\"http:\/\/www.labeljoy.com\/es\/ayuda\/gestionar-referencias\/\">Referencia<\/a> se muestra un men\u00fa que permite insertar texto <i>din\u00e1mico<\/i>, es decir, cuyo contenido es modificado por las variables espec\u00edficas. Con la <a href=\"http:\/\/www.labeljoy.com\/es\/ayuda\/concatenacion-de-textos\/\">combinaci\u00f3n<\/a> de textos din\u00e1micos con textos manuales es posible crear elementos de informaci\u00f3n textuales que facilitan la identificaci\u00f3n de los procesos de impresi\u00f3n.<\/p><\/td>\r\n  <\/tr>\r\n  <tr valign=\"top\">\r\n    <td><p class=\"body\"><img src=\"http:\/\/www.labeljoy.com\/user-guide-files\/es\/2180_003.png\" align=\"left\" style=\"margin: 0px 24px 4px 0px\"><strong>Fuente<\/strong>: la ficha <i>Fuente<\/i> permite definir la fuente y el estilo del texto:<\/p>\r\n      <p class=\"body\">Seleccione el tipo de fuente en el cuadro combinado, establezca las dimensiones y defina los atributos <strong>negrita<\/strong>, <i>it\u00e1lica<\/i>, <u>subrayado<\/u> o <s>tachado<\/s>.<\/p>\r\n      <p class=\"body\">Utilice los siguientes controles para definir la alineaci\u00f3n horizontal y vertical, los posibles efectos del ajuste horizontal autom\u00e1tico, especifique si el texto puede ser envuelto en el caso de espacio horizontal insuficiente, y defina la rotaci\u00f3n del texto dentro de su caja.<\/p>\r\n      <p class=\"note\" style=' text-align:justify;text-justify:inter-ideograph;background: #F0F0F0'><strong>Nota<\/strong><br>\r\n        Labeljoy mostrar\u00e1 solamente la lista de <i>font<\/i> instaladas de tipo <i>TrueType<\/i>.<\/p><\/td>\r\n  <\/tr>\r\n  <tr valign=\"top\">\r\n    <td><p class=\"body\"><img src=\"http:\/\/www.labeljoy.com\/user-guide-files\/es\/2180_004.png\" align=\"left\" style=\"margin: 0px 24px 4px 0px\"><strong>Color de texto<\/strong>: definir el color del texto.<\/p>\r\n      <p class=\"body\">Vea el p\u00e1rrafo <a href=\"http:\/\/www.labeljoy.com\/es\/ayuda\/definir-los-colores\/\">definici\u00f3n de colores<\/a> para obtener m\u00e1s informaci\u00f3n acerca la creaci\u00f3n de colores y matices complejos.<\/p><\/td>\r\n  <\/tr>\r\n  <tr valign=\"top\">\r\n    <td><p class=\"body\"><img src=\"http:\/\/www.labeljoy.com\/user-guide-files\/es\/2180_005.png\" align=\"left\" style=\"margin: 0px 24px 4px 0px\"><strong>Fondo<\/strong>: Definir el color de fondo de la p\u00e1gina.<\/p>\r\n      <p class=\"body\">Haga clic en <i>Activar color de fondo <\/i>para activar los controles de color de fondo, tambi\u00e9n puede desactivar la opci\u00f3n para dejar el elemento p\u00e1gina sobre fondo transparente.<\/p>\r\n      <p class=\"body\">Vea el p\u00e1rrafo <a href=\"http:\/\/www.labeljoy.com\/es\/ayuda\/definir-los-colores\/\">definici\u00f3n de colores<\/a> para obtener m\u00e1s informaci\u00f3n acerca la creaci\u00f3n de colores y matices complejos.<\/p><\/td>\r\n  <\/tr>\r\n  <tr valign=\"top\">\r\n    <td><p class=\"body\"><img src=\"http:\/\/www.labeljoy.com\/user-guide-files\/es\/2180_006.png\" align=\"left\" style=\"margin: 0px 24px 4px 0px\"><strong>Color del recuadro<\/strong>: haga clic en <i>Activar color de cuadro<\/i> para habilitar los controles de definici\u00f3n del color y del tama\u00f1o del cuadro, de lo contrario deshabilite para dejar el elemento p\u00e1gina sin cuadro.<\/p>\r\n      <p class=\"body\">Vea el p\u00e1rrafo <a href=\"http:\/\/www.labeljoy.com\/es\/ayuda\/definir-los-colores\/\">definici\u00f3n de colores<\/a> para obtener m\u00e1s informaci\u00f3n acerca la creaci\u00f3n de colores y matices complejos.<\/p><\/td>\r\n  <\/tr>\r\n  <tr valign=\"top\">\r\n    <td><p class=\"body\"><img src=\"http:\/\/www.labeljoy.com\/user-guide-files\/es\/2180_007.png\" align=\"left\" style=\"margin: 0px 24px 4px 0px\"><strong>Figura<\/strong>: definici\u00f3n de la forma de la p\u00e1gina.<\/p><\/td>\r\n  <\/tr>\r\n  <tr valign=\"top\">\r\n    <td><p class=\"body\"><img src=\"http:\/\/www.labeljoy.com\/user-guide-files\/es\/2180_008.png\" align=\"left\" style=\"margin: 0px 24px 4px 0px\"><strong>Paginaci\u00f3n<\/strong>: el cuadro combinado <i>Imprimir en<\/i> esta ficha permite definir en qu\u00e9 p\u00e1ginas se imprimir\u00e1 el elemento p\u00e1gina.<br>\r\n      Tambi\u00e9n se puede utilizar las casillas de verificaci\u00f3n <i>Saltar primera p\u00e1gina<\/i> y <i>Saltar \u00faltima p\u00e1gina<\/i> para definir mejor la visibilidad de los elementos.<br>\r\n    Tenga en cuenta que las casillas de opciones est\u00e1n desactivadas si se selecciona <i>S\u00f3lo primera p\u00e1gina<\/i> o <i>S\u00f3lo \u00faltima p\u00e1gina<\/i>.<br>\r\n    Por \u00faltimo, es posible definir, a trav\u00e9s del cuadro combinado <i>Orden de impresi\u00f3n<\/i>, si el elemento p\u00e1gina tiene que colocarse <i>Sobre las etiquetas<\/i> o <i>Tras de las etiquetas<\/i>.<\/p><\/td>\r\n  <\/tr>\r\n  <tr valign=\"top\">\r\n    <td><p class=\"body\"><img src=\"http:\/\/www.labeljoy.com\/user-guide-files\/es\/2180_009.png\" align=\"left\" style=\"margin: 0px 24px 4px 0px\"><strong>Avanzada<\/strong>: pesta\u00f1a <a href=\"http:\/\/www.labeljoy.com\/es\/ayuda\/posicionar-los-elementos\/\">com\u00fan<\/a> a todos los elementos que permite especificar las coordenadas, tama\u00f1o, rotaci\u00f3n, y el nombre del elemento. Tenga en cuenta que en el caso del elemento p\u00e1gina, las coordenadas son relativas al tama\u00f1o del papel.<\/p>\r\n      <p class=\"note\"><strong>Nota<\/strong><br>\r\n        El tama\u00f1o se puede visualizar en cent\u00edmetros o pulgadas, dependiendo de la unidad de medida actual, fijado en la ficha <i>Interfaz<\/i> de la ventana <a href=\"http:\/\/www.labeljoy.com\/es\/ayuda\/principal\/\">Opciones<\/a>.<br>\r\n        Las fracciones de pulgada pueden insertarse mediante un men\u00fa contextual, tal como se detalla en el p\u00e1rrafo <a href=\"http:\/\/www.labeljoy.com\/es\/ayuda\/gestionar-las-fracciones-de-pulgadas\/\">gestionar las fracciones de pulgadas<\/a>.<\/p><\/td>\r\n  <\/tr>\r\n<\/table>\r\n<\/div>\n<\/div>\n","protected":false},"excerpt":{"rendered":"<p>Esta p\u00e1gina hace referencia a Labeljoy 5, que no es nuestra \u00faltima versi\u00f3n. Actualice a Labeljoy 6 para obtener la \u00faltima versi\u00f3n del software con todas sus incre\u00edbles caracter\u00edsticas, o si ya es usuario, visite la gu\u00eda del usuario de Labeljoy 6.<\/p>\n","protected":false},"author":8,"featured_media":0,"parent":21680,"menu_order":0,"comment_status":"open","ping_status":"closed","template":"page-template-left-sidebar.php","meta":{"inline_featured_image":false,"_monsterinsights_skip_tracking":false,"_monsterinsights_sitenote_active":false,"_monsterinsights_sitenote_note":"","_monsterinsights_sitenote_category":0,"footnotes":""},"class_list":{"0":"post-22111","1":"page","2":"type-page","3":"status-publish","5":"infinite-scroll-item"},"aioseo_notices":[],"_links":{"self":[{"href":"https:\/\/www.labeljoy.com\/es\/wp-json\/wp\/v2\/pages\/22111","targetHints":{"allow":["GET"]}}],"collection":[{"href":"https:\/\/www.labeljoy.com\/es\/wp-json\/wp\/v2\/pages"}],"about":[{"href":"https:\/\/www.labeljoy.com\/es\/wp-json\/wp\/v2\/types\/page"}],"author":[{"embeddable":true,"href":"https:\/\/www.labeljoy.com\/es\/wp-json\/wp\/v2\/users\/8"}],"replies":[{"embeddable":true,"href":"https:\/\/www.labeljoy.com\/es\/wp-json\/wp\/v2\/comments?post=22111"}],"version-history":[{"count":3,"href":"https:\/\/www.labeljoy.com\/es\/wp-json\/wp\/v2\/pages\/22111\/revisions"}],"predecessor-version":[{"id":22146,"href":"https:\/\/www.labeljoy.com\/es\/wp-json\/wp\/v2\/pages\/22111\/revisions\/22146"}],"up":[{"embeddable":true,"href":"https:\/\/www.labeljoy.com\/es\/wp-json\/wp\/v2\/pages\/21680"}],"wp:attachment":[{"href":"https:\/\/www.labeljoy.com\/es\/wp-json\/wp\/v2\/media?parent=22111"}],"curies":[{"name":"wp","href":"https:\/\/api.w.org\/{rel}","templated":true}]}}