{"id":22150,"date":"2014-11-20T11:21:12","date_gmt":"2014-11-20T11:21:12","guid":{"rendered":"http:\/\/www.labeljoy.com\/ayuda\/text-concatenation\/"},"modified":"2015-01-22T09:22:25","modified_gmt":"2015-01-22T09:22:25","slug":"concatenacion-de-textos","status":"publish","type":"page","link":"https:\/\/www.labeljoy.com\/es\/ayuda\/concatenacion-de-textos\/","title":{"rendered":"Concatenaci\u00f3n de textos"},"content":{"rendered":"<div data-partent=\"19635\" class=\"callout callout-warning\">\n<h4>Esta p\u00e1gina hace referencia a Labeljoy 5, que no es nuestra \u00faltima versi\u00f3n.<\/h4>\n<p><a href=\"\/es\/comprar\/\">Actualice a Labeljoy 6<\/a> para obtener la \u00faltima versi\u00f3n del software con todas sus incre\u00edbles caracter\u00edsticas, o si ya es usuario, visite la <a href=\"\/es\/ayuda-lj6\/\">gu\u00eda del usuario de Labeljoy 6<\/a>.<\/p>\n<\/div>\n<link rel=\"stylesheet\" href=\"http:\/\/www.labeljoy.com\/user-guide-files\/en\/styles.css\" type=\"text\/css\" media=\"all\" \/>\n<div id=\"help-guide\">\n\r\n<p class=\"title\">concatenaci\u00f3n de textos<\/p>\r\n<p class=\"body\">En los elementos de tipo <a href=\"http:\/\/www.labeljoy.com\/es\/ayuda\/configurar-un-codigo-de-barras\/\">c\u00f3digos de barras<\/a>, <a href=\"http:\/\/www.labeljoy.com\/es\/ayuda\/configuracion-de-texto\/\">Texto<\/a>\r\ny <a href=\"http:\/\/www.labeljoy.com\/es\/ayuda\/configurar-un-elemento-de-pagina\/\">objeto p\u00e1gina<\/a>\r\nes posible crear <strong>texto din\u00e1mico<\/strong> concatenando <strong>informaci\u00f3n fija, valores desde origen de datos<\/strong> conectados al grupo, <strong>contadores<\/strong> y <strong>otra informaci\u00f3n din\u00e1mica<\/strong> como el n\u00famero de p\u00e1gina, la posici\u00f3n de la etiqueta, el nombre del ordenador o del usuario de Windows.<\/p>\r\n<p class=\"body\">Labeljoy le permite <strong>concatenar texto en absoluta libertad<\/strong>, creando <strong>combinaciones libres<\/strong> de textos fijos, contadores, campos, referencias, y tambi\u00e9n incluyendo m\u00e1s veces el mismo tipo de informaci\u00f3n.<\/p>\r\n<p class=\"body\">Dependiendo del tipo de elemento que se est\u00e1 editando, en la ficha de edici\u00f3n de texto estar\u00e1n disponibles los siguientes botones:<\/p>\r\n<ul style='margin-top:0cm' type=disc>\r\n<li class=\"body\"><img src=\"http:\/\/www.labeljoy.com\/user-guide-files\/es\/2400_001.png\" style=\"margin-right:8px\"><a href=\"http:\/\/www.labeljoy.com\/es\/ayuda\/gestionar-los-campos\/\"><strong>Campo<\/strong><\/a>: disponible para elementos de tipo <strong>c\u00f3digo de barras<\/strong> y <strong>texto<\/strong>, <strong>s\u00f3lo para la versi\u00f3n Full<\/strong> o en el modo de demostraci\u00f3n.<br>\r\nCuando el grupo al que pertenece el elemento est\u00e1 <strong>conectado a una fuente de datos<\/strong>, este bot\u00f3n muestra un <strong>men\u00fa con la lista de campos disponibles<\/strong> en el origen de datos que contienen <strong>datos num\u00e9ricos o de texto<\/strong>. Seleccione los elementos de men\u00fa para a\u00f1adir al texto <strong>uno o m\u00e1s campos del origen de datos<\/strong>.<br>\r\nSi el grupo de etiqueta no est\u00e1 conectado a una fuente de datos, se visualiza un mensaje de confirmaci\u00f3n para iniciar el <a href=\"http:\/\/www.labeljoy.com\/es\/ayuda\/asistente-para-la-conexion-a-una-fuente-de-datos\/\">asistente para el enlace de datos<\/a>.<\/li>\r\n<li class=\"body\"><img src=\"http:\/\/www.labeljoy.com\/user-guide-files\/es\/4000_002.png\" style=\"margin-right:8px\"><a href=\"http:\/\/www.labeljoy.com\/es\/ayuda\/gestion-de-contadores\/\"><strong>Contador<\/strong><\/a>: disponible para elementos de tipo de c\u00f3digo de barras y el texto completo y las versiones b\u00e1sicas o en el modo de demostraci\u00f3n.<br>\r\nPermite la inserci\u00f3n de uno o m\u00e1s contadores configurables que aumentan un valor a cada nueva etiqueta perteneciente al grupo.<\/li>\r\n<li class=\"body\"><img src=\"http:\/\/www.labeljoy.com\/user-guide-files\/es\/4000_003.png\" style=\"margin-right:8px\"><a href=\"http:\/\/www.labeljoy.com\/es\/ayuda\/gestionar-referencias\/\"><strong>Referencia<\/strong><\/a>: disponible para los elementos tipo texto y objetos de p\u00e1gina, <strong>para las versiones Full<\/strong> y <strong>Basic<\/strong> o en el modo de demostraci\u00f3n.<br>\r\nPermite insertar referencias al n\u00famero de p\u00e1gina, al n\u00famero de etiquetas que pertenecen al grupo, informaci\u00f3n relacionada al dise\u00f1o, al nombre de usuario y al PC en uso, y m\u00e1s.<\/li>\r\n<li class=\"body\"><img src=\"http:\/\/www.labeljoy.com\/user-guide-files\/es\/4000_004.png\" style=\"margin-right:8px\"><a href=\"http:\/\/www.labeljoy.com\/es\/ayuda\/vista-previa-del-texto\/\"><strong>Vista Previa<\/strong><\/a>: disponible para todos los elementos de las <strong>versiones basic y Full <\/strong>o en modo de demostraci\u00f3n.<br>\r\nPermite visualizar un ejemplo del resultado del texto final concatenados, tal y como aparecer\u00e1 en las etiquetas.<\/li>\r\n<\/ul>\r\n \r\n<\/div>\n<\/div>\n","protected":false},"excerpt":{"rendered":"<p>Esta p\u00e1gina hace referencia a Labeljoy 5, que no es nuestra \u00faltima versi\u00f3n. Actualice a Labeljoy 6 para obtener la \u00faltima versi\u00f3n del software con todas sus incre\u00edbles caracter\u00edsticas, o si ya es usuario, visite la gu\u00eda del usuario de Labeljoy 6.<\/p>\n","protected":false},"author":8,"featured_media":0,"parent":21680,"menu_order":0,"comment_status":"open","ping_status":"closed","template":"page-template-left-sidebar.php","meta":{"inline_featured_image":false,"_monsterinsights_skip_tracking":false,"_monsterinsights_sitenote_active":false,"_monsterinsights_sitenote_note":"","_monsterinsights_sitenote_category":0,"footnotes":""},"class_list":{"0":"post-22150","1":"page","2":"type-page","3":"status-publish","5":"infinite-scroll-item"},"aioseo_notices":[],"_links":{"self":[{"href":"https:\/\/www.labeljoy.com\/es\/wp-json\/wp\/v2\/pages\/22150","targetHints":{"allow":["GET"]}}],"collection":[{"href":"https:\/\/www.labeljoy.com\/es\/wp-json\/wp\/v2\/pages"}],"about":[{"href":"https:\/\/www.labeljoy.com\/es\/wp-json\/wp\/v2\/types\/page"}],"author":[{"embeddable":true,"href":"https:\/\/www.labeljoy.com\/es\/wp-json\/wp\/v2\/users\/8"}],"replies":[{"embeddable":true,"href":"https:\/\/www.labeljoy.com\/es\/wp-json\/wp\/v2\/comments?post=22150"}],"version-history":[{"count":3,"href":"https:\/\/www.labeljoy.com\/es\/wp-json\/wp\/v2\/pages\/22150\/revisions"}],"predecessor-version":[{"id":22184,"href":"https:\/\/www.labeljoy.com\/es\/wp-json\/wp\/v2\/pages\/22150\/revisions\/22184"}],"up":[{"embeddable":true,"href":"https:\/\/www.labeljoy.com\/es\/wp-json\/wp\/v2\/pages\/21680"}],"wp:attachment":[{"href":"https:\/\/www.labeljoy.com\/es\/wp-json\/wp\/v2\/media?parent=22150"}],"curies":[{"name":"wp","href":"https:\/\/api.w.org\/{rel}","templated":true}]}}