{"id":22151,"date":"2014-11-20T11:22:53","date_gmt":"2014-11-20T11:22:53","guid":{"rendered":"http:\/\/www.labeljoy.com\/ayuda\/manage-fields\/"},"modified":"2015-01-22T11:14:23","modified_gmt":"2015-01-22T11:14:23","slug":"gestionar-los-campos","status":"publish","type":"page","link":"https:\/\/www.labeljoy.com\/es\/ayuda\/gestionar-los-campos\/","title":{"rendered":"Gestionar los campos"},"content":{"rendered":"<div data-partent=\"19635\" class=\"callout callout-warning\">\n<h4>Esta p\u00e1gina hace referencia a Labeljoy 5, que no es nuestra \u00faltima versi\u00f3n.<\/h4>\n<p><a href=\"\/es\/comprar\/\">Actualice a Labeljoy 6<\/a> para obtener la \u00faltima versi\u00f3n del software con todas sus incre\u00edbles caracter\u00edsticas, o si ya es usuario, visite la <a href=\"\/es\/ayuda-lj6\/\">gu\u00eda del usuario de Labeljoy 6<\/a>.<\/p>\n<\/div>\n<div id=\"help-guide\">\n\r\n<p class=\"title\">gestionar los campos<\/p>\r\n<p class=\"body\">En los elementos de tipo <a href=\"http:\/\/www.labeljoy.com\/es\/ayuda\/configurar-un-codigo-de-barras\/\">C\u00f3digo de barras<\/a> y el <a href=\"http:\/\/www.labeljoy.com\/es\/ayuda\/configuracion-de-texto\/\">Texto<\/a> se puede c<strong>oncatenar en el texto uno o m\u00e1s campos<\/strong> del origen de datos:<\/p>\r\n<table width=\"100%\">\r\n  <tr valign=\"top\">\r\n    <td><p class=\"body\"><img src=\"http:\/\/www.labeljoy.com\/user-guide-files\/es\/4020_001.png\" align=\"left\" style=\"margin: 0px 24px 4px 0px\">Cuando el grupo del elemento est\u00e1 conectado a una fuente de datos, haciendo clic en el bot\u00f3n <i>Campo<\/i> se mostrar\u00e1 un <strong>men\u00fa contextual<\/strong> con la lista de <strong>campos que hay en la fuente de datos<\/strong>.<br>\r\n        Seleccionando el nombre del campo, <strong>esto se insertar\u00e1 en el texto<\/strong> en forma de <i>Enlaces<\/i> activos.<\/p>\r\n      <p class=\"body\">Si el grupo del elemento no est\u00e1 conectado a una fuente de datos, se preguntar\u00e1 si se desea iniciar el asistente para conectarse a un origen de datos.<\/p>\r\n      <p class=\"body\">La funcionalidad de concatenaci\u00f3n datos est\u00e1 presente s\u00f3lo en la versi\u00f3n <strong>Full<\/strong> y en la versi\u00f3n de demostraci\u00f3n.<\/p><\/td>\r\n  <\/tr>\r\n  <tr valign=\"top\">\r\n    <td><p class=\"body\"><img src=\"http:\/\/www.labeljoy.com\/user-guide-files\/es\/4020_002.png\" align=\"left\" style=\"margin: 0px 24px 4px 0px\">Los campos que se incluyen en el texto se mostrar\u00e1n como <i>enlaces<\/i> activos con <strong>fondo gris <\/strong>y se incluyen <strong>entre llaves<\/strong>.<br>\r\n        <strong>Haciendo clic en los nombres de los campos <\/strong>se puede acceder a la ventana de propiedades del campo, para establecer <strong>algunas propiedades adicionales<\/strong>.<\/p><\/td>\r\n  <\/tr>\r\n  <tr valign=\"top\">\r\n    <td><p class=\"body\"><img src=\"http:\/\/www.labeljoy.com\/user-guide-files\/es\/4020_003.png\" align=\"left\" style=\"margin: 0px 24px 4px 0px\">La ventana de edici\u00f3n de un campo puede ser utilizada para actuar sobre las siguientes propiedades:<\/p>\r\n      <ul type=disc>\r\n        <li class=\"body\"><strong>Campo<\/strong>: desde este men\u00fa desplegable se puede editar el campo seleccionado durante la inserci\u00f3n.<\/li>\r\n        <li class=\"body\"><strong>Formato<\/strong>: caja para ajustar el formato de aplicar al valor le\u00eddo de la fuente de datos (opcional). Por ejemplo, si el campo contiene una fecha, se puede especificar el formato de texto, como el formato <i>dd\/mm\/aaaa<\/i> para mostrar la fecha 28\/11\/2012 o especificar <i>dddd d mmmm aaaa<\/i> obtendr\u00e1 el resultado de Mi\u00e9rcoles, 28 de noviembre 2012.<br>\r\n          Es posible personalizar el formato mediante la inserci\u00f3n de un m\u00e1scara de formato espec\u00edfica o seleccionando uno desde la lista de formatos predefinidos.<\/li>\r\n      <\/ul>\r\n      <p class=\"body\">La opci\u00f3n <i>Mostrar esta ventana cuando hay nuevos elementos<\/i> si est\u00e1 activada se asegura de que cada vez que un nuevo campo se concatena con el texto, se muestre autom\u00e1ticamente la ventana de propiedades.<\/p>\r\n      <p class=\"note\"><strong>Nota<\/strong><br>\r\n        El texto concatenado puede incluir el mismo campo varias veces y cada instancia tendr\u00e1 su propio formato espec\u00edfico e independiente de otras instancias del mismo campo.<\/p><\/td>\r\n  <\/tr>\r\n<\/table>\r\n<\/div>\n<\/div>\n","protected":false},"excerpt":{"rendered":"<p>Esta p\u00e1gina hace referencia a Labeljoy 5, que no es nuestra \u00faltima versi\u00f3n. Actualice a Labeljoy 6 para obtener la \u00faltima versi\u00f3n del software con todas sus incre\u00edbles caracter\u00edsticas, o si ya es usuario, visite la gu\u00eda del usuario de Labeljoy 6.<\/p>\n","protected":false},"author":8,"featured_media":0,"parent":21680,"menu_order":0,"comment_status":"open","ping_status":"closed","template":"page-template-left-sidebar.php","meta":{"inline_featured_image":false,"_monsterinsights_skip_tracking":false,"_monsterinsights_sitenote_active":false,"_monsterinsights_sitenote_note":"","_monsterinsights_sitenote_category":0,"footnotes":""},"class_list":{"0":"post-22151","1":"page","2":"type-page","3":"status-publish","5":"infinite-scroll-item"},"aioseo_notices":[],"_links":{"self":[{"href":"https:\/\/www.labeljoy.com\/es\/wp-json\/wp\/v2\/pages\/22151","targetHints":{"allow":["GET"]}}],"collection":[{"href":"https:\/\/www.labeljoy.com\/es\/wp-json\/wp\/v2\/pages"}],"about":[{"href":"https:\/\/www.labeljoy.com\/es\/wp-json\/wp\/v2\/types\/page"}],"author":[{"embeddable":true,"href":"https:\/\/www.labeljoy.com\/es\/wp-json\/wp\/v2\/users\/8"}],"replies":[{"embeddable":true,"href":"https:\/\/www.labeljoy.com\/es\/wp-json\/wp\/v2\/comments?post=22151"}],"version-history":[{"count":4,"href":"https:\/\/www.labeljoy.com\/es\/wp-json\/wp\/v2\/pages\/22151\/revisions"}],"predecessor-version":[{"id":22253,"href":"https:\/\/www.labeljoy.com\/es\/wp-json\/wp\/v2\/pages\/22151\/revisions\/22253"}],"up":[{"embeddable":true,"href":"https:\/\/www.labeljoy.com\/es\/wp-json\/wp\/v2\/pages\/21680"}],"wp:attachment":[{"href":"https:\/\/www.labeljoy.com\/es\/wp-json\/wp\/v2\/media?parent=22151"}],"curies":[{"name":"wp","href":"https:\/\/api.w.org\/{rel}","templated":true}]}}