{"id":22152,"date":"2014-11-20T11:23:49","date_gmt":"2014-11-20T11:23:49","guid":{"rendered":"http:\/\/www.labeljoy.com\/ayuda\/manage-counters\/"},"modified":"2015-01-22T11:12:22","modified_gmt":"2015-01-22T11:12:22","slug":"gestion-de-contadores","status":"publish","type":"page","link":"https:\/\/www.labeljoy.com\/es\/ayuda\/gestion-de-contadores\/","title":{"rendered":"Gesti\u00f3n de contadores"},"content":{"rendered":"<div data-partent=\"19635\" class=\"callout callout-warning\">\n<h4>Esta p\u00e1gina hace referencia a Labeljoy 5, que no es nuestra \u00faltima versi\u00f3n.<\/h4>\n<p><a href=\"\/es\/comprar\/\">Actualice a Labeljoy 6<\/a> para obtener la \u00faltima versi\u00f3n del software con todas sus incre\u00edbles caracter\u00edsticas, o si ya es usuario, visite la <a href=\"\/es\/ayuda-lj6\/\">gu\u00eda del usuario de Labeljoy 6<\/a>.<\/p>\n<\/div>\n<div id=\"help-guide\">\n\r\n<p class=\"title\">gesti\u00f3n de contadores<\/p>\n<p class=\"online\"><strong>Profundizaci\u00f3n<\/strong>:<br>\nVideo: <a href=\"http:\/\/www.labeljoy.com\/es\/videos\/contadores-incrementales\/\" title=\"C\u00f3mo usar Contadores Incrementales\" target=\"_blank\">C\u00f3mo usar Contadores Incrementales<\/a><\/p>\n<p class=\"body\">En los elementos de tipo <a href=\"http:\/\/www.labeljoy.com\/es\/ayuda\/configurar-un-codigo-de-barras\/\">C\u00f3digo de barras<\/a> y <a href=\"http:\/\/www.labeljoy.com\/es\/ayuda\/configuracion-de-texto\/\">Texto<\/a> se pueden <strong>concatenar en el texto uno o m\u00e1s contadores<\/strong>:<\/p>\n<table width=\"100%\">\n  <tr valign=\"top\">\n    <td><p class=\"body\"><img src=\"http:\/\/www.labeljoy.com\/user-guide-files\/es\/4040_001.png\" align=\"left\" style=\"margin: 0px 24px 4px 0px\">Al hacer clic en el bot\u00f3n <i>Contador<\/i> aparecer\u00e1 un <strong>men\u00fa contextual <\/strong>que contiene los 6 tipos de contador que gestiona Labeljoy.<br>\n        Seleccionando el nombre del contador, <strong>este se insertar\u00e1 en el texto en forma<\/strong> de <i>Enlaces<\/i> activos.<\/p>\n      <p class=\"body\">La funcionalidad de concatenaci\u00f3n de contadores est\u00e1 presente en la versi\u00f3n <strong>Full<\/strong> y <strong>Basic<\/strong>.<\/p><\/td>\n  <\/tr>\n  <tr valign=\"top\">\n    <td><p class=\"body\"><img src=\"http:\/\/www.labeljoy.com\/user-guide-files\/es\/4040_002.png\" align=\"left\" style=\"margin: 0px 24px 4px 0px\">Los contadores incluidos en el texto aparecer\u00e1n como <i>enlaces<\/i> activos con el fondo <strong>verde<\/strong> y se incluyen <strong>entre llaves<\/strong>.<br>\n        <strong>Haciendo clic en los nombres de los contadores <\/strong>ser\u00e1 posible acceder a la ventana de propiedades del contador, para establecer algunas propiedades adicionales.<\/p>\n      <p class=\"body\">El nombre del contador visualizado en el cuadro de texto estar\u00e1 integrado por el texto <i>Contador<\/i> seguido del valor inicial del contador y el <i>paso<\/i> separados por dos puntos.<\/p><\/td>\n  <\/tr>\n  <tr valign=\"top\">\n    <td><p class=\"body\"><img src=\"http:\/\/www.labeljoy.com\/user-guide-files\/es\/4040_003.png\" align=\"left\" style=\"margin: 0px 24px 4px 0px\">La ventana de edici\u00f3n de un contador permite actuar sobre las siguientes propiedades:<\/p>\n      <ul>\n      <li class=\"body\"><strong>Tipo de contador<\/strong>: cuadro para cambiar el tipo de contador utilizado, seleccionando entre uno de los 6 tipos disponibles:<\/li>\n      <li class=\"body\"><strong>Decimal<\/strong>: contador en base 10 que utiliza los d\u00edgitos desde 0 hasta 9.<\/li>\n      <li class=\"body\"><strong>Alfanum\u00e9rico may\u00fasculo<\/strong>: contador en base 36 que utiliza los d\u00edgitos desde 0 hasta 9, seguido por las 26 letras may\u00fasculas de la A hasta la Z.<\/li>\n        \n        \n        \n        \n        <li class=\"body\"><strong>Alfanum\u00e9rico min\u00fasculo<\/strong>: contador en base 36 que utiliza los d\u00edgitos desde 0 hasta 9, seguido por las 26 letras min\u00fasculas de la <i>a<\/i> hasta la z.<\/li>\n        <li class=\"body\"><strong>Alfab\u00e9tico may\u00fasculo<\/strong>: contador en base 26 que utiliza solamente las 26 letras may\u00fasculas de la A a la Z.<\/li>\n        <li class=\"body\"><strong>Alfab\u00e9tico min\u00fasculo<\/strong>: contador en base 26 que utiliza solamente las 26 letras min\u00fasculas de la <i>a<\/i> a la <i>z<\/i>.<\/li>\n        <li class=\"body\"><strong>Hexadecimal<\/strong>: contador de base 16 que utiliza los d\u00edgitos del 0 al 9 y las letras may\u00fasculas de A a la F.<\/li>\n        <li class=\"body\"><strong>Modo de contador<\/strong>: en el caso de archivos con m\u00e1s de 1 grupo, puede definir la posici\u00f3n inicial del contador, seleccion\u00e1ndolo entre Archivos (por defecto), donde el contador comenzar\u00e1 a aumentar desde la posici\u00f3n 1 del archivo, independientemente de los grupos anteriores, o Grupo donde el contador empezar\u00e1 a contar desde el principio del grupo.<\/li>\n        <li class=\"body\"><strong>Inicio<\/strong>: en este cuadro de texto se puede especificar el valor inicial del contador. El valor especificado aqu\u00ed es siempre num\u00e9rico, incluso si el tipo de contador seleccionado implica el uso de caracteres alfanum\u00e9ricos. Este valor puede ser negativo.<\/li>\n        <li class=\"body\"><strong>Paso<\/strong>: en este cuadro se puede especificar el valor que se utiliza para incrementar el contador en cada posici\u00f3n. Por ejemplo, si se especifica 5 en este cuadro, cada etiqueta se mostrar\u00e1 el contador incrementado de 5 unidades. Este valor puede ser negativo.<\/li>\n        <li class=\"body\"><strong>Repeticiones<\/strong>: introducir el n\u00famero de veces que  desea que un solo valor del contador se replique. Este n\u00famero es siempre positivo. Por ejemplo, para un contador num\u00e9rico a partir de cero, mediante la introducci\u00f3n del n&uacute;mero 2 en este campo, se  replican el  valor cada 2 etiquetas: 0, 0, 1, 1, 2, 2, etc.<\/li>\n        <li class=\"body\"><strong>Envolver valor<\/strong>: introducir aqu\u00ed el valor m\u00e1ximo que el contador puede alcanzar, despu\u00e9s de lo cual se reiniciar\u00e1 desde el valor inicial. Esto debe ser del mismo signo que el paso, por ejemplo, si se tiene un contador negativo con los pasos establecidos en -2, s\u00f3lo se puede tener un  Envolver valor negativo. Introducir 0 para desactivar el contador Envolver valor.<\/li>\n         <li class=\"body\"><strong>Cantidad de digitos<\/strong>: el n\u00famero m\u00ednimo de d\u00edgitos que aparecen en el texto. Por ejemplo, si se especifica 5, el contador se muestra como 00001, 00002, 00003, etc<\/li>\n        <li class=\"body\"><strong>Formato<\/strong>: cuadro para configurar el formato que se aplica al valor resultante del contador. Se puede personalizar el formato mediante la inserci\u00f3n de una m\u00e1scara de formato espec\u00edfica o seleccionar uno de la lista de formatos predefinidos.<\/li>\n      <\/ul>\n        <p class=\"note\"><strong>Nota<\/strong><br>\n        En caso de combinar un  Envolver <span class=\"body\">valor<\/span> y un Paso distinto de 1, siempre tener en cuenta que el valor mostrado en la etiqueta siempre se calcula en base a la posici\u00f3n de la etiqueta. As\u00ed que para evitar resultados inesperados, aseg\u00farese siempre de que el valor Envolver es un m\u00faltiplo de Paso.\nPor ejemplo, si se introduce Paso = 2, y es necesario introducir un valor envoltura, aseg\u00farese de que sea un m\u00faltiplo de 2, por ejemplo, 4, 6, 8, etc.<\/p>\n      <p class=\"body\">La opci\u00f3n <i>Mostrar este formulario al agregar nuevos \u00edtems<\/i> si est\u00e1 activado se asegura de que cada vez que un nuevo contador se concatena con el texto, se muestra autom\u00e1ticamente este ventana de propiedades.<\/p>\n      <p class=\"note\"><strong>Nota<\/strong><br>\n        El texto concatenado puede incluir m\u00e1s de un contador. Cada instancia del contador tendr\u00e1 su punto de partida, paso, n\u00famero de d\u00edgitos y un su formato completamente independiente de los otros contadores en el texto.<\/p><\/td>\n  <\/tr>\n<\/table>\n<\/div>\n<\/div>\n","protected":false},"excerpt":{"rendered":"<p>Esta p\u00e1gina hace referencia a Labeljoy 5, que no es nuestra \u00faltima versi\u00f3n. Actualice a Labeljoy 6 para obtener la \u00faltima versi\u00f3n del software con todas sus incre\u00edbles caracter\u00edsticas, o si ya es usuario, visite la gu\u00eda del usuario de Labeljoy 6.<\/p>\n","protected":false},"author":8,"featured_media":0,"parent":21680,"menu_order":0,"comment_status":"open","ping_status":"closed","template":"page-template-left-sidebar.php","meta":{"inline_featured_image":false,"_monsterinsights_skip_tracking":false,"_monsterinsights_sitenote_active":false,"_monsterinsights_sitenote_note":"","_monsterinsights_sitenote_category":0,"footnotes":""},"class_list":{"0":"post-22152","1":"page","2":"type-page","3":"status-publish","5":"infinite-scroll-item"},"aioseo_notices":[],"_links":{"self":[{"href":"https:\/\/www.labeljoy.com\/es\/wp-json\/wp\/v2\/pages\/22152","targetHints":{"allow":["GET"]}}],"collection":[{"href":"https:\/\/www.labeljoy.com\/es\/wp-json\/wp\/v2\/pages"}],"about":[{"href":"https:\/\/www.labeljoy.com\/es\/wp-json\/wp\/v2\/types\/page"}],"author":[{"embeddable":true,"href":"https:\/\/www.labeljoy.com\/es\/wp-json\/wp\/v2\/users\/8"}],"replies":[{"embeddable":true,"href":"https:\/\/www.labeljoy.com\/es\/wp-json\/wp\/v2\/comments?post=22152"}],"version-history":[{"count":4,"href":"https:\/\/www.labeljoy.com\/es\/wp-json\/wp\/v2\/pages\/22152\/revisions"}],"predecessor-version":[{"id":22252,"href":"https:\/\/www.labeljoy.com\/es\/wp-json\/wp\/v2\/pages\/22152\/revisions\/22252"}],"up":[{"embeddable":true,"href":"https:\/\/www.labeljoy.com\/es\/wp-json\/wp\/v2\/pages\/21680"}],"wp:attachment":[{"href":"https:\/\/www.labeljoy.com\/es\/wp-json\/wp\/v2\/media?parent=22152"}],"curies":[{"name":"wp","href":"https:\/\/api.w.org\/{rel}","templated":true}]}}