{"id":22153,"date":"2014-11-20T11:24:48","date_gmt":"2014-11-20T11:24:48","guid":{"rendered":"http:\/\/www.labeljoy.com\/ayuda\/manage-references\/"},"modified":"2015-01-22T09:22:28","modified_gmt":"2015-01-22T09:22:28","slug":"gestionar-referencias","status":"publish","type":"page","link":"https:\/\/www.labeljoy.com\/es\/ayuda\/gestionar-referencias\/","title":{"rendered":"Gestionar referencias"},"content":{"rendered":"<div data-partent=\"19635\" class=\"callout callout-warning\">\n<h4>Esta p\u00e1gina hace referencia a Labeljoy 5, que no es nuestra \u00faltima versi\u00f3n.<\/h4>\n<p><a href=\"\/es\/comprar\/\">Actualice a Labeljoy 6<\/a> para obtener la \u00faltima versi\u00f3n del software con todas sus incre\u00edbles caracter\u00edsticas, o si ya es usuario, visite la <a href=\"\/es\/ayuda-lj6\/\">gu\u00eda del usuario de Labeljoy 6<\/a>.<\/p>\n<\/div>\n<link rel=\"stylesheet\" href=\"http:\/\/www.labeljoy.com\/user-guide-files\/en\/styles.css\" type=\"text\/css\" media=\"all\" \/>\n<div id=\"help-guide\">\n\r\n<p class=\"title\">gestionar referencias<\/p>\r\n<p class=\"body\">En los elementos de tipo <a href=\"http:\/\/www.labeljoy.com\/es\/ayuda\/configurar-un-codigo-de-barras\/\">C\u00f3digo de barras<\/a> y <a href=\"http:\/\/www.labeljoy.com\/es\/ayuda\/configuracion-de-texto\/\">Texto<\/a> se puede <strong>concatenar en el texto uno o m\u00e1s referencias<\/strong>:<\/p>\r\n<table width=\"100%\">\r\n  <tr valign=\"top\">\r\n    <td><p class=\"body\"><img src=\"http:\/\/www.labeljoy.com\/user-guide-files\/es\/4060_001.png\" align=\"left\" style=\"margin: 0px 24px 4px 0px\">Al hacer clic en el bot\u00f3n <i>Referencia<\/i> se mostrar\u00e1 un <strong>men\u00fa contextual<\/strong> que contiene los 18 tipos de referencias gestionadas por Labeljoy (13 por el elemento p\u00e1gina).<br>\r\n        Al seleccionar el nombre de la referencia, esta <strong>se insertar\u00e1 en el texto<\/strong> en forma de <i>Enlaces<\/i> activos.<\/p>\r\n      <p class=\"body\">La funcionalidad de concatenaci\u00f3n contadores est\u00e1 presente versi\u00f3n <strong>Full<\/strong> y <strong>Basic<\/strong>.<\/p>\r\n      <table width=\"100%\">\r\n        <tr valign=\"top\">\r\n          <td><\/td>\r\n        <\/tr>\r\n      <\/table><\/td>\r\n  <\/tr>\r\n  <tr valign=\"top\">\r\n    <td><p class=\"body\"><img src=\"http:\/\/www.labeljoy.com\/user-guide-files\/es\/4060_002.png\" align=\"left\" style=\"margin: 0px 24px 4px 0px\">Las referencias incluidas en el texto aparecer\u00e1n como <i>enlaces<\/i> activos con un <strong>fondo de color rosa<\/strong> y <strong>entre llaves<\/strong>.<br>\r\n        <strong>Al hacer clic en los nombres de referencias<\/strong> se puede acceder a la ventana de propiedades de la referencia, para establecer algunas propiedades adicionales.<\/p><\/td>\r\n  <\/tr>\r\n  <tr valign=\"top\">\r\n    <td><p class=\"body\"><img src=\"http:\/\/www.labeljoy.com\/user-guide-files\/es\/4060_003.png\" align=\"left\" style=\"margin: 0px 24px 4px 0px\">La ventana de edici\u00f3n de una referencia hace que sea posible actuar sobre las siguientes propiedades:<\/p>\r\n      <ul>\r\n        <li><span class=\"body\"><strong>Referencia<\/strong>: desde esta lista desplegable se puede cambiar el tipo de referencia seleccionado durante la inserci\u00f3n.<br>\r\n          Las referencias son:<\/span>\r\n          <ul>\r\n            <li class=\"body\"><strong>P\u00e1gina actual<\/strong>: muestra el n\u00famero de la p\u00e1gina en la que se encuentra el elemento.<\/li>\r\n            <li class=\"body\"><strong>P\u00e1ginas totales<\/strong>: muestra el n\u00famero total de p\u00e1ginas en el proyecto actual.<\/li>\r\n            <li class=\"body\"><strong>Primera etiqueta en la p\u00e1gina<\/strong>: muestra el primer n\u00famero de etiqueta visualizado en la p\u00e1gina actual. Por ejemplo, si el layout actual consta de 24 etiquetas, en la primera p\u00e1gina esta referencia tendr\u00e1 el n\u00famero 1, en la segunda el n\u00famero 25, en la tercera el n\u00famero 49, etc.<\/li>\r\n            <li class=\"body\"><strong>\u00daltima etiqueta en la p\u00e1gina<\/strong>: muestra el \u00faltimo n\u00famero de etiqueta en la p\u00e1gina actual\u00a0 siempre en el caso de un layout compuesto de 24 etiquetas, presentar\u00e1 el n\u00famero 24 en la primera p\u00e1gina, 48 en la segunda, 72 en la tercera y as\u00ed sucesivamente.<\/li>\r\n            <li class=\"body\"><strong>Etiquetas totales<\/strong>: muestra el n\u00famero total de etiquetas presentes en el trabajo actual, incluyendo todos los grupos.<\/li>\r\n            <li class=\"body\"><strong>Ruta y titulo del archivo<\/strong>: muestra la ruta y el nombre de archivo actual. Si el trabajo a\u00fan no se ha guardado, esta referencia se queda vac\u00eda.<\/li>\r\n            <li class=\"body\">Titulo del archivo: el nombre sin la ruta del archivo actual. Si el trabajo a\u00fan no se ha guardado, esta referencia se queda vac\u00eda.<\/li>\r\n            <li class=\"body\"><strong>Marca de layout<\/strong>: marca del layout en uso, seg\u00fan lo especificado en la ficha <i>Avanzadas<\/i> de la <a href=\"http:\/\/www.labeljoy.com\/es\/ayuda\/establecer-el-layout\/\">\u00a0ventana de Gesti\u00f3n del layout<\/a>.<\/li>\r\n            <li class=\"body\"><strong>Descripci\u00f3n del layout<\/strong>: descripci\u00f3n del trazado en uso, seg\u00fan lo especificado en la ficha Opciones avanzadas de la gesti\u00f3n del layout.<\/li>\r\n            <li class=\"body\"><strong>Modelo del layout<\/strong>: modelo de layout en uso, seg\u00fan lo especificado en la ficha <i>Avanzada<\/i> de la ventana de gesti\u00f3n del layout.<\/li>\r\n            <li class=\"body\"><strong>Fecha\/hora actual<\/strong>: la fecha y hora actuales. Para personalizar la apariencia use el bot\u00f3n <i>Formato<\/i>.<\/li>\r\n            <li class=\"body\"><strong>Nombre del PC<\/strong>: nombre del PC en uso, seg\u00fan lo especificado en la configuraci\u00f3n de Windows.<\/li>\r\n            <li class=\"body\"><strong>Nombre de usuario<\/strong>: nombre de usuario de Windows.<\/li>\r\n            <li class=\"body\"><strong>Columna<\/strong>: n\u00famero de columna del layout en la que se encuentra la etiqueta (no disponible para los elementos p\u00e1gina).<\/li>\r\n            <li class=\"body\"><strong>Fila<\/strong>: n\u00famero de fila del layout en el que se encuentra la etiqueta (no disponible para los elementos p\u00e1gina).<\/li>\r\n            <li class=\"body\"><strong>N\u00famero de etiqueta<\/strong>: n\u00famero de etiqueta desde el principio del grupo (no disponible para los elementos p\u00e1gina).<\/li>\r\n            <li class=\"body\"><strong>Nombre del grupo<\/strong>: El nombre del grupo como se especifica en la ficha <i>General<\/i> de la las <a href=\"http:\/\/www.labeljoy.com\/es\/ayuda\/administrar-grupos\/\">ventana de propiedad grupos<\/a> (no disponible para los elementos p\u00e1gina).<\/li>\r\n            <li class=\"body\"><strong>M\u00f3dulo-10 Checksum<\/strong>: a\u00f1ade un car\u00e1cter de control antes de la secuencia de n\u00fameros, calculado seg\u00fan el algoritmo EAN\/UPC\/GS1 Modulo-10. Por ejemplo, si se a\u00f1ade despu\u00e9s de la secuencia 123456789 esto se convertir\u00e1 en 1234567895, donde 5 (el \u00faltimo d\u00edgito) es el car\u00e1cter de control. Esta referencia s\u00f3lo funciona si se coloca inmediatamente despu\u00e9s de una secuencia num\u00e9rica. Los caracteres no num\u00e9ricos restablecen el c\u00e1lculo. Por ejemplo, en el caso de <strong>12345-6789{Checksum Modulo-10} <\/strong>el c\u00e1lculo considera s\u00f3lo los d\u00edgitos 6789, es decir, aquellos inmediatamente anterior a la referencia.<\/li>\r\n          <\/ul>\r\n        <\/li>\r\n        <li class=\"body\"><strong>Formato<\/strong>: cuadro para la configuraci\u00f3n del formato que se aplicar\u00e1 al valor (opcional). Por ejemplo, si la referencia contiene una fecha, se puede especificar el formato de texto como <i>dd\/mm\/aaaa<\/i> para mostrar la fecha 28\/11\/2013 o especificando <i>dddd d mmmm aaaa<\/i> para obtener el resultado <i>Mi\u00e9rcoles, 28 de noviembre 2012<\/i>. Se puede personalizar el formato mediante la inserci\u00f3n de una m\u00e1scara de formato espec\u00edfica o seleccionando una desde la lista de formatos predefinidos. En el caso de selecci\u00f3n de la referencia <i>Checksum Moduslo-10<\/i> formato no se toma en cuenta.<\/li>\r\n      <\/ul>\r\n      <p class=\"body\">La opci\u00f3n <i>Mostrar este formulario al agregar nuevos \u00edtems<\/i> si est\u00e1 activado se asegura de que cada vez que una nueva referencia se concatena con el texto, se muestre autom\u00e1ticamente la ventana de propiedades.<\/p>\r\n      <p class=\"note\"><strong>Nota<\/strong><br>\r\n        El texto concatenado puede incluir la misma referencia repetida varias veces, y cada instancia tendr\u00e1 su propio formato espec\u00edfico e independiente de otras instancias de la misma referencia.<\/p><\/td>\r\n  <\/tr>\r\n  <tr valign=\"top\">\r\n    <td>&nbsp;<\/td>\r\n  <\/tr>\r\n<\/table>\r\n<\/div>\n<\/div>\n","protected":false},"excerpt":{"rendered":"<p>Esta p\u00e1gina hace referencia a Labeljoy 5, que no es nuestra \u00faltima versi\u00f3n. Actualice a Labeljoy 6 para obtener la \u00faltima versi\u00f3n del software con todas sus incre\u00edbles caracter\u00edsticas, o si ya es usuario, visite la gu\u00eda del usuario de Labeljoy 6.<\/p>\n","protected":false},"author":8,"featured_media":0,"parent":21680,"menu_order":0,"comment_status":"open","ping_status":"closed","template":"page-template-left-sidebar.php","meta":{"inline_featured_image":false,"_monsterinsights_skip_tracking":false,"_monsterinsights_sitenote_active":false,"_monsterinsights_sitenote_note":"","_monsterinsights_sitenote_category":0,"footnotes":""},"class_list":{"0":"post-22153","1":"page","2":"type-page","3":"status-publish","5":"infinite-scroll-item"},"aioseo_notices":[],"_links":{"self":[{"href":"https:\/\/www.labeljoy.com\/es\/wp-json\/wp\/v2\/pages\/22153","targetHints":{"allow":["GET"]}}],"collection":[{"href":"https:\/\/www.labeljoy.com\/es\/wp-json\/wp\/v2\/pages"}],"about":[{"href":"https:\/\/www.labeljoy.com\/es\/wp-json\/wp\/v2\/types\/page"}],"author":[{"embeddable":true,"href":"https:\/\/www.labeljoy.com\/es\/wp-json\/wp\/v2\/users\/8"}],"replies":[{"embeddable":true,"href":"https:\/\/www.labeljoy.com\/es\/wp-json\/wp\/v2\/comments?post=22153"}],"version-history":[{"count":3,"href":"https:\/\/www.labeljoy.com\/es\/wp-json\/wp\/v2\/pages\/22153\/revisions"}],"predecessor-version":[{"id":22187,"href":"https:\/\/www.labeljoy.com\/es\/wp-json\/wp\/v2\/pages\/22153\/revisions\/22187"}],"up":[{"embeddable":true,"href":"https:\/\/www.labeljoy.com\/es\/wp-json\/wp\/v2\/pages\/21680"}],"wp:attachment":[{"href":"https:\/\/www.labeljoy.com\/es\/wp-json\/wp\/v2\/media?parent=22153"}],"curies":[{"name":"wp","href":"https:\/\/api.w.org\/{rel}","templated":true}]}}