{"id":22154,"date":"2014-11-20T11:32:12","date_gmt":"2014-11-20T11:32:12","guid":{"rendered":"http:\/\/www.labeljoy.com\/ayuda\/exporting-a-label-image\/"},"modified":"2015-01-22T09:23:00","modified_gmt":"2015-01-22T09:23:00","slug":"copiar-la-imagen-de-una-etiqueta","status":"publish","type":"page","link":"https:\/\/www.labeljoy.com\/es\/ayuda\/copiar-la-imagen-de-una-etiqueta\/","title":{"rendered":"Copiar la imagen de una etiqueta"},"content":{"rendered":"<div data-partent=\"19635\" class=\"callout callout-warning\">\n<h4>Esta p\u00e1gina hace referencia a Labeljoy 5, que no es nuestra \u00faltima versi\u00f3n.<\/h4>\n<p><a href=\"\/es\/comprar\/\">Actualice a Labeljoy 6<\/a> para obtener la \u00faltima versi\u00f3n del software con todas sus incre\u00edbles caracter\u00edsticas, o si ya es usuario, visite la <a href=\"\/es\/ayuda-lj6\/\">gu\u00eda del usuario de Labeljoy 6<\/a>.<\/p>\n<\/div>\n<link rel=\"stylesheet\" href=\"http:\/\/www.labeljoy.com\/user-guide-files\/en\/styles.css\" type=\"text\/css\" media=\"all\" \/>\n<div id=\"help-guide\">\n\r\n<p class=\"title\">copiar la imagen de una etiqueta<\/p>\r\n<p class=\"body\">En caso en que se tiene que utilizar<strong> la imagen de una etiqueta<\/strong> en un programa externo, Labeljoy ofrece la posibilidad de crear r\u00e1pidamente una imagen de una etiqueta utilizando <strong>el portapapeles de Windows<\/strong>.<\/p>\r\n<p class=\"note\"><strong>Nota<\/strong><br>\r\n  Para <i>exportar<\/i> una etiqueta y guardarla en el disco en uno de los formatos de imagen m\u00e1s comunes, utilizar la funcionalidad <a href=\"http:\/\/www.labeljoy.com\/es\/ayuda\/exportar-las-etiquetas\/\">exportaci\u00f3n etiquetas<\/a>.<\/p>\r\n<p class=\"body\"><img src=\"http:\/\/www.labeljoy.com\/user-guide-files\/es\/2360_001.png\" align=\"left\" style=\"margin: 0px 24px 4px 0px\">Para copiar la imagen de una etiqueta proceda de la siguiente manera:<\/p>\r\n<ol>\r\n  <li class=\"body\">Seleccione el grupo de etiquetas del cual se desea exportar la imagen.<\/li>\r\n  <li class=\"body\">Visualice el men\u00fa <a href=\"http:\/\/www.labeljoy.com\/es\/ayuda\/configuracion-grupo\/\">Configuraci\u00f3n grupo<\/a> haciendo clic con el bot\u00f3n derecho del rat\u00f3n en punto vac\u00edo de la etiqueta o haga clic en el icono espec\u00edfico.<\/li>\r\n  <li class=\"body\">Seleccione <i>Copiar elemento en el portapapeles<\/i>.<\/li>\r\n<\/ol>\r\n<p class=\"note\"><strong>Nota<\/strong><br>\r\n  En caso de que el grupo de etiqueta tenga una conexi\u00f3n a una base de datos y los elementos contenidos en el mismo tengan las referencias a campos de base de datos, cada etiqueta del grupo puede mostrar algunas diferencias en funci\u00f3n de los contenidos de las entradas de la tabla. La imagen copiada en el portapapeles de Labeljoy coincidir\u00e1 con el de la etiqueta en la que se ha hecho clic con el bot\u00f3n derecho del rat\u00f3n para mostrar el men\u00fa de <i>Configuraci\u00f3n grupo<\/i> o de la \u00faltima etiqueta cliqueada, si el comando se invoca el mando haciendo clic en el icono.<\/p>\r\n<p class=\"body\">En este punto, <strong>una copia de la etiqueta seleccionada reside en el portapapeles de Windows<\/strong> y est\u00e1 lista para ser <i>Pegada<\/i> en un programa externo, en cualquier contexto se proporciona la copia de las im\u00e1genes en el portapapeles de Windows.<\/p>\r\n<\/div>\n<\/div>\n","protected":false},"excerpt":{"rendered":"<p>Esta p\u00e1gina hace referencia a Labeljoy 5, que no es nuestra \u00faltima versi\u00f3n. Actualice a Labeljoy 6 para obtener la \u00faltima versi\u00f3n del software con todas sus incre\u00edbles caracter\u00edsticas, o si ya es usuario, visite la gu\u00eda del usuario de Labeljoy 6.<\/p>\n","protected":false},"author":8,"featured_media":0,"parent":21680,"menu_order":0,"comment_status":"open","ping_status":"closed","template":"page-template-left-sidebar.php","meta":{"inline_featured_image":false,"_monsterinsights_skip_tracking":false,"_monsterinsights_sitenote_active":false,"_monsterinsights_sitenote_note":"","_monsterinsights_sitenote_category":0,"footnotes":""},"class_list":{"0":"post-22154","1":"page","2":"type-page","3":"status-publish","5":"infinite-scroll-item"},"aioseo_notices":[],"_links":{"self":[{"href":"https:\/\/www.labeljoy.com\/es\/wp-json\/wp\/v2\/pages\/22154","targetHints":{"allow":["GET"]}}],"collection":[{"href":"https:\/\/www.labeljoy.com\/es\/wp-json\/wp\/v2\/pages"}],"about":[{"href":"https:\/\/www.labeljoy.com\/es\/wp-json\/wp\/v2\/types\/page"}],"author":[{"embeddable":true,"href":"https:\/\/www.labeljoy.com\/es\/wp-json\/wp\/v2\/users\/8"}],"replies":[{"embeddable":true,"href":"https:\/\/www.labeljoy.com\/es\/wp-json\/wp\/v2\/comments?post=22154"}],"version-history":[{"count":3,"href":"https:\/\/www.labeljoy.com\/es\/wp-json\/wp\/v2\/pages\/22154\/revisions"}],"predecessor-version":[{"id":22193,"href":"https:\/\/www.labeljoy.com\/es\/wp-json\/wp\/v2\/pages\/22154\/revisions\/22193"}],"up":[{"embeddable":true,"href":"https:\/\/www.labeljoy.com\/es\/wp-json\/wp\/v2\/pages\/21680"}],"wp:attachment":[{"href":"https:\/\/www.labeljoy.com\/es\/wp-json\/wp\/v2\/media?parent=22154"}],"curies":[{"name":"wp","href":"https:\/\/api.w.org\/{rel}","templated":true}]}}