{"id":22155,"date":"2014-11-20T11:25:43","date_gmt":"2014-11-20T11:25:43","guid":{"rendered":"http:\/\/www.labeljoy.com\/ayuda\/display-a-text-preview\/"},"modified":"2015-01-22T10:23:55","modified_gmt":"2015-01-22T10:23:55","slug":"vista-previa-del-texto","status":"publish","type":"page","link":"https:\/\/www.labeljoy.com\/es\/ayuda\/vista-previa-del-texto\/","title":{"rendered":"Vista previa del texto"},"content":{"rendered":"<div data-partent=\"19635\" class=\"callout callout-warning\">\n<h4>Esta p\u00e1gina hace referencia a Labeljoy 5, que no es nuestra \u00faltima versi\u00f3n.<\/h4>\n<p><a href=\"\/es\/comprar\/\">Actualice a Labeljoy 6<\/a> para obtener la \u00faltima versi\u00f3n del software con todas sus incre\u00edbles caracter\u00edsticas, o si ya es usuario, visite la <a href=\"\/es\/ayuda-lj6\/\">gu\u00eda del usuario de Labeljoy 6<\/a>.<\/p>\n<\/div>\n<div id=\"help-guide\">\n\r\n<p class=\"title\">vista previa del texto<\/p>\n<p class=\"body\">Siempre que sea posible crear la concatenaci\u00f3n de textos, se utiliza el bot\u00f3n <i>Vista previa<\/i> para activar el <strong>modo de vista previa del texto de salida<\/strong>. En este modo, <strong>el texto ya no es editable <\/strong>y se presenta el texto concatenado<strong> tal y como aparecer\u00e1 en las etiquetas<\/strong>.<br>\n  El bot\u00f3n <i>Vista previa<\/i> permite <strong>comprobar el resultado de la concatenaci\u00f3n del texto<\/strong>, sin tener que aplicar los cambios y desplazarse a trav\u00e9s de las etiquetas.<\/p>\n<table width=\"100%\">\n  <tr valign=\"top\">\n    <td><p class=\"body\"><img src=\"http:\/\/www.labeljoy.com\/user-guide-files\/es\/4080_001.png\" align=\"left\" style=\"margin: 0px 24px 4px 0px\">En la pantalla de la izquierda se muestra un ejemplo en el que se ha creado un texto que concatena una parte <strong>fija de texto, dos campos<\/strong> (cliente y pa\u00eds), <strong>un contador<\/strong> y <strong>una referencia<\/strong> (fecha \/ hora).<\/p><\/td>\n  <\/tr>\n  <tr valign=\"top\">\n    <td><p class=\"body\"><img src=\"http:\/\/www.labeljoy.com\/user-guide-files\/es\/4080_002.png\" align=\"left\" style=\"margin: 0px 24px 4px 0px\">Al hacer clic en el bot\u00f3n <i>Vista previa<\/i> se muestra el texto restante mediante la sustituci\u00f3n de los nombres de los campos, del contador y de la referencia:<\/p>\n      <ul>\n        <li><span class=\"body\">Los <strong>campos<\/strong> se reemplazan con el valor <strong>le\u00eddo en la posici\u00f3n 1 de la fuente de datos<\/strong>.<\/span><\/li>\n        <li class=\"body\">El <strong>contador<\/strong> se sustituye por el <strong>valor de la posici\u00f3n 1<\/strong>.<\/li>\n        <li class=\"body\">La <strong>referencia<\/strong> se reemplaza con la <strong>fecha actual<\/strong>.<\/li>\n      <\/ul>\n      <p class=\"body\">Tenga en cuenta que en este ejemplo el contador se ajusta para mostrar 3 d\u00edgitos y que la fecha ha sido formateada con la m\u00e1scara <i>dd\/mm\/aaaa<\/i>.<\/p>\n      <p class=\"note\"><strong>Nota<\/strong><br>\n        El texto no es editable cuando est\u00e1 en modo <i>Vista previa,<\/i> los botones de entrada Campo, Contador y Referencia se vuelven inactivos.<\/p><\/td>\n  <\/tr>\n<\/table>\n\n<\/div>\n","protected":false},"excerpt":{"rendered":"<p>Esta p\u00e1gina hace referencia a Labeljoy 5, que no es nuestra \u00faltima versi\u00f3n. Actualice a Labeljoy 6 para obtener la \u00faltima versi\u00f3n del software con todas sus incre\u00edbles caracter\u00edsticas, o si ya es usuario, visite la gu\u00eda del usuario de Labeljoy 6.<\/p>\n","protected":false},"author":8,"featured_media":0,"parent":21680,"menu_order":0,"comment_status":"open","ping_status":"closed","template":"page-template-left-sidebar.php","meta":{"inline_featured_image":false,"_monsterinsights_skip_tracking":false,"_monsterinsights_sitenote_active":false,"_monsterinsights_sitenote_note":"","_monsterinsights_sitenote_category":0,"footnotes":""},"class_list":{"0":"post-22155","1":"page","2":"type-page","3":"status-publish","5":"infinite-scroll-item"},"aioseo_notices":[],"_links":{"self":[{"href":"https:\/\/www.labeljoy.com\/es\/wp-json\/wp\/v2\/pages\/22155","targetHints":{"allow":["GET"]}}],"collection":[{"href":"https:\/\/www.labeljoy.com\/es\/wp-json\/wp\/v2\/pages"}],"about":[{"href":"https:\/\/www.labeljoy.com\/es\/wp-json\/wp\/v2\/types\/page"}],"author":[{"embeddable":true,"href":"https:\/\/www.labeljoy.com\/es\/wp-json\/wp\/v2\/users\/8"}],"replies":[{"embeddable":true,"href":"https:\/\/www.labeljoy.com\/es\/wp-json\/wp\/v2\/comments?post=22155"}],"version-history":[{"count":4,"href":"https:\/\/www.labeljoy.com\/es\/wp-json\/wp\/v2\/pages\/22155\/revisions"}],"predecessor-version":[{"id":22240,"href":"https:\/\/www.labeljoy.com\/es\/wp-json\/wp\/v2\/pages\/22155\/revisions\/22240"}],"up":[{"embeddable":true,"href":"https:\/\/www.labeljoy.com\/es\/wp-json\/wp\/v2\/pages\/21680"}],"wp:attachment":[{"href":"https:\/\/www.labeljoy.com\/es\/wp-json\/wp\/v2\/media?parent=22155"}],"curies":[{"name":"wp","href":"https:\/\/api.w.org\/{rel}","templated":true}]}}