{"id":22156,"date":"2014-11-20T11:26:34","date_gmt":"2014-11-20T11:26:34","guid":{"rendered":"http:\/\/www.labeljoy.com\/ayuda\/export\/"},"modified":"2015-01-22T09:22:41","modified_gmt":"2015-01-22T09:22:41","slug":"exportacion","status":"publish","type":"page","link":"https:\/\/www.labeljoy.com\/es\/ayuda\/exportacion\/","title":{"rendered":"Exportaci\u00f3n"},"content":{"rendered":"<div data-partent=\"19635\" class=\"callout callout-warning\">\n<h4>Esta p\u00e1gina hace referencia a Labeljoy 5, que no es nuestra \u00faltima versi\u00f3n.<\/h4>\n<p><a href=\"\/es\/comprar\/\">Actualice a Labeljoy 6<\/a> para obtener la \u00faltima versi\u00f3n del software con todas sus incre\u00edbles caracter\u00edsticas, o si ya es usuario, visite la <a href=\"\/es\/ayuda-lj6\/\">gu\u00eda del usuario de Labeljoy 6<\/a>.<\/p>\n<\/div>\n<link rel=\"stylesheet\" href=\"http:\/\/www.labeljoy.com\/user-guide-files\/en\/styles.css\" type=\"text\/css\" media=\"all\" \/>\n<div id=\"help-guide\">\n\r\n<p class=\"title\">exportaci\u00f3n<\/p>\r\n<p class=\"body\">Labeljoy permite <strong>exportar los proyectos creados en los formatos gr\u00e1ficos m\u00e1s comunes<\/strong>.<\/p>\r\n<table width=\"100%\">\r\n  <tr valign=\"top\">\r\n    <td><p><img src=\"http:\/\/www.labeljoy.com\/user-guide-files\/es\/4100_001.png\" align=\"left\" style=\"margin: 0px 24px 4px 0px\"><span class=\"body\">Haga clic en el icono <a href=\"http:\/\/www.labeljoy.com\/es\/ayuda\/guardar\/\">Guardar<\/a> y seleccionar el men\u00fa <i>Exportar<\/i> para acceder a <strong>tres funciones de exportaci\u00f3n disponibles<\/strong>.<\/span><\/p>\r\n      <ul>\r\n        <li class=\"body\">La exportaci\u00f3n de <a href=\"http:\/\/www.labeljoy.com\/es\/ayuda\/exportar-las-etiquetas\/\">Etiqueta<\/a> permite exportar en formato imagen <strong>elementos gr\u00e1ficos situados dentro de las etiquetas<\/strong>.<\/li>\r\n        <li class=\"body\">La exportaci\u00f3n del <a href=\"http:\/\/www.labeljoy.com\/es\/ayuda\/exportar-los-codigos-de-barras\/\">C\u00f3digo de barras<\/a> permite exportar en formato imagen los <strong>elementos c\u00f3digo de barras que hay en las etiquetas<\/strong>.<\/li>\r\n        <li class=\"body\">La exportaci\u00f3n <a href=\"http:\/\/www.labeljoy.com\/es\/ayuda\/exportar-las-paginas\/\">P\u00e1ginas<\/a> permite exportar en formato de imagen <strong>p\u00e1ginas enteras<\/strong>, incluyendo tanto las etiquetas como los elementos p\u00e1gina.<\/li>\r\n      <\/ul>\r\n      <p class=\"note\"><strong>Nota<\/strong><br>\r\n        Las funciones de exportaci\u00f3n no est\u00e1n disponibles en la versi\u00f3n <i>Light<\/i>.<\/p><\/td>\r\n  <\/tr>\r\n<\/table>\r\n<\/div>\n<\/div>\n","protected":false},"excerpt":{"rendered":"<p>Esta p\u00e1gina hace referencia a Labeljoy 5, que no es nuestra \u00faltima versi\u00f3n. Actualice a Labeljoy 6 para obtener la \u00faltima versi\u00f3n del software con todas sus incre\u00edbles caracter\u00edsticas, o si ya es usuario, visite la gu\u00eda del usuario de Labeljoy 6.<\/p>\n","protected":false},"author":8,"featured_media":0,"parent":21680,"menu_order":0,"comment_status":"open","ping_status":"closed","template":"page-template-left-sidebar.php","meta":{"inline_featured_image":false,"_monsterinsights_skip_tracking":false,"_monsterinsights_sitenote_active":false,"_monsterinsights_sitenote_note":"","_monsterinsights_sitenote_category":0,"footnotes":""},"class_list":{"0":"post-22156","1":"page","2":"type-page","3":"status-publish","5":"infinite-scroll-item"},"aioseo_notices":[],"_links":{"self":[{"href":"https:\/\/www.labeljoy.com\/es\/wp-json\/wp\/v2\/pages\/22156","targetHints":{"allow":["GET"]}}],"collection":[{"href":"https:\/\/www.labeljoy.com\/es\/wp-json\/wp\/v2\/pages"}],"about":[{"href":"https:\/\/www.labeljoy.com\/es\/wp-json\/wp\/v2\/types\/page"}],"author":[{"embeddable":true,"href":"https:\/\/www.labeljoy.com\/es\/wp-json\/wp\/v2\/users\/8"}],"replies":[{"embeddable":true,"href":"https:\/\/www.labeljoy.com\/es\/wp-json\/wp\/v2\/comments?post=22156"}],"version-history":[{"count":3,"href":"https:\/\/www.labeljoy.com\/es\/wp-json\/wp\/v2\/pages\/22156\/revisions"}],"predecessor-version":[{"id":22190,"href":"https:\/\/www.labeljoy.com\/es\/wp-json\/wp\/v2\/pages\/22156\/revisions\/22190"}],"up":[{"embeddable":true,"href":"https:\/\/www.labeljoy.com\/es\/wp-json\/wp\/v2\/pages\/21680"}],"wp:attachment":[{"href":"https:\/\/www.labeljoy.com\/es\/wp-json\/wp\/v2\/media?parent=22156"}],"curies":[{"name":"wp","href":"https:\/\/api.w.org\/{rel}","templated":true}]}}