{"id":22159,"date":"2014-11-20T11:31:23","date_gmt":"2014-11-20T11:31:23","guid":{"rendered":"http:\/\/www.labeljoy.com\/ayuda\/exporting-pages\/"},"modified":"2015-01-22T10:44:19","modified_gmt":"2015-01-22T10:44:19","slug":"exportar-las-paginas","status":"publish","type":"page","link":"https:\/\/www.labeljoy.com\/es\/ayuda\/exportar-las-paginas\/","title":{"rendered":"Exportar las p\u00e1ginas"},"content":{"rendered":"<div data-partent=\"19635\" class=\"callout callout-warning\">\n<h4>Esta p\u00e1gina hace referencia a Labeljoy 5, que no es nuestra \u00faltima versi\u00f3n.<\/h4>\n<p><a href=\"\/es\/comprar\/\">Actualice a Labeljoy 6<\/a> para obtener la \u00faltima versi\u00f3n del software con todas sus incre\u00edbles caracter\u00edsticas, o si ya es usuario, visite la <a href=\"\/es\/ayuda-lj6\/\">gu\u00eda del usuario de Labeljoy 6<\/a>.<\/p>\n<\/div>\n<div id=\"help-guide\">\n\r\n<p class=\"title\">exportar las p\u00e1ginas<\/p>\r\n<p class=\"body\">Seleccionando el men\u00fa <i>Exportar\/Etiqueta<\/i>... aparece una ventana para la <strong>exportaci\u00f3n de las p\u00e1ginas<\/strong>.<\/p>\r\n<table width=\"100%\">\r\n  <tr valign=\"top\">\r\n    <td><p><img src=\"http:\/\/www.labeljoy.com\/user-guide-files\/es\/4160_001.png\" align=\"left\" style=\"margin: 0px 24px 4px 0px\"><span class=\"body\">La ventana siguiente visible en la ventana de impresi\u00f3n. Se puede seleccionar entre las siguientes opciones:<\/span><\/p>\r\n      <ul>\r\n        <li class=\"body\"><strong>Todos<\/strong>: exporta todas las p\u00e1ginas.<\/li>\r\n        <li class=\"body\"><strong>P\u00e1gina actual<\/strong>: exporta s\u00f3lo la p\u00e1gina que aparece en la pantalla.<\/li>\r\n        <li class=\"body\"><strong>P\u00e1ginas<\/strong>: permite definir una p\u00e1gina espec\u00edfica o un rango de p\u00e1ginas que desea exportar. Escriba un n\u00famero \u00fanico para exportar una p\u00e1gina o un rango de p\u00e1ginas en el formato XX-YY donde XX es el n\u00famero de la primera p\u00e1gina que exportar, e YY es el \u00faltimo n\u00famero de la p\u00e1gina que exportar.<\/li>\r\n      <\/ul>\r\n      <p class=\"body\">En la parte inferior hay dos cuadros combinados para definir el formato y la calidad de exportaci\u00f3n de los archivos generados:<\/p>\r\n      <ul>\r\n        <li><span class=\"body\"><strong>Formato de exportaci\u00f3n<\/strong>: seleccione el formato gr\u00e1fico que se utilizar\u00e1 para la exportaci\u00f3n de las im\u00e1genes. Tenga en cuenta que el formato Bitmap es un formato sin compresi\u00f3n y que genera un archivo de gran tama\u00f1o.<\/span><\/li>\r\n        <li class=\"body\"><strong>Calidad de exportaci\u00f3n<\/strong>: seleccione la resoluci\u00f3n ppp (dots por inch - puntos por pulgada) con el que generar\u00e1 las im\u00e1genes. Cuanto mayor es el valor seleccionado, mayor ser\u00e1 el tama\u00f1o de los archivos resultantes y el tiempo requerido para el procesamiento y la generaci\u00f3n del archivo.<\/li>\r\n      <\/ul>\r\n      <p class=\"body\">Por \u00faltimo en la parte inferior de la ventana hay un cuadro <i>Abrir carpeta de destino despu\u00e9s de exportar<\/i> que, cuando est\u00e1 activado, hace que <strong>al final del procedimiento de exportaci\u00f3n<\/strong>, la carpeta de destino seleccionada para la exportaci\u00f3n <strong>se abra autom\u00e1ticamente<\/strong>.<\/p><\/td>\r\n  <\/tr>\r\n<\/table>\r\n\n<\/div>\n","protected":false},"excerpt":{"rendered":"<p>Esta p\u00e1gina hace referencia a Labeljoy 5, que no es nuestra \u00faltima versi\u00f3n. Actualice a Labeljoy 6 para obtener la \u00faltima versi\u00f3n del software con todas sus incre\u00edbles caracter\u00edsticas, o si ya es usuario, visite la gu\u00eda del usuario de Labeljoy 6.<\/p>\n","protected":false},"author":8,"featured_media":0,"parent":21680,"menu_order":0,"comment_status":"open","ping_status":"closed","template":"page-template-left-sidebar.php","meta":{"inline_featured_image":false,"_monsterinsights_skip_tracking":false,"_monsterinsights_sitenote_active":false,"_monsterinsights_sitenote_note":"","_monsterinsights_sitenote_category":0,"footnotes":""},"class_list":{"0":"post-22159","1":"page","2":"type-page","3":"status-publish","5":"infinite-scroll-item"},"aioseo_notices":[],"_links":{"self":[{"href":"https:\/\/www.labeljoy.com\/es\/wp-json\/wp\/v2\/pages\/22159","targetHints":{"allow":["GET"]}}],"collection":[{"href":"https:\/\/www.labeljoy.com\/es\/wp-json\/wp\/v2\/pages"}],"about":[{"href":"https:\/\/www.labeljoy.com\/es\/wp-json\/wp\/v2\/types\/page"}],"author":[{"embeddable":true,"href":"https:\/\/www.labeljoy.com\/es\/wp-json\/wp\/v2\/users\/8"}],"replies":[{"embeddable":true,"href":"https:\/\/www.labeljoy.com\/es\/wp-json\/wp\/v2\/comments?post=22159"}],"version-history":[{"count":4,"href":"https:\/\/www.labeljoy.com\/es\/wp-json\/wp\/v2\/pages\/22159\/revisions"}],"predecessor-version":[{"id":22241,"href":"https:\/\/www.labeljoy.com\/es\/wp-json\/wp\/v2\/pages\/22159\/revisions\/22241"}],"up":[{"embeddable":true,"href":"https:\/\/www.labeljoy.com\/es\/wp-json\/wp\/v2\/pages\/21680"}],"wp:attachment":[{"href":"https:\/\/www.labeljoy.com\/es\/wp-json\/wp\/v2\/media?parent=22159"}],"curies":[{"name":"wp","href":"https:\/\/api.w.org\/{rel}","templated":true}]}}