{"id":22195,"date":"2014-11-20T11:33:50","date_gmt":"2014-11-20T11:33:50","guid":{"rendered":"http:\/\/www.labeljoy.com\/ayuda\/using-cliparts\/"},"modified":"2015-01-22T09:49:10","modified_gmt":"2015-01-22T09:49:10","slug":"utilizar-clipart","status":"publish","type":"page","link":"https:\/\/www.labeljoy.com\/es\/ayuda\/utilizar-clipart\/","title":{"rendered":"Utilizar clipart"},"content":{"rendered":"<div data-partent=\"19635\" class=\"callout callout-warning\">\n<h4>Esta p\u00e1gina hace referencia a Labeljoy 5, que no es nuestra \u00faltima versi\u00f3n.<\/h4>\n<p><a href=\"\/es\/comprar\/\">Actualice a Labeljoy 6<\/a> para obtener la \u00faltima versi\u00f3n del software con todas sus incre\u00edbles caracter\u00edsticas, o si ya es usuario, visite la <a href=\"\/es\/ayuda-lj6\/\">gu\u00eda del usuario de Labeljoy 6<\/a>.<\/p>\n<\/div>\n<link rel=\"stylesheet\" href=\"http:\/\/www.labeljoy.com\/user-guide-files\/en\/styles.css\" type=\"text\/css\" media=\"all\" \/>\n<div id=\"help-guide\">\n\r\n<p class=\"title\">utilizar clipart<\/p>\r\n<p class=\"body\">Labeljoy cuenta<strong> con una biblioteca de aproximadamente 1.500 clipart<\/strong>, listos para ser insertados en las etiquetas. Las cliparts pueden ser utilizadas en <a href=\"http:\/\/www.labeljoy.com\/es\/ayuda\/configurar-un-elemento-grafico\/\">elementos gr\u00e1ficos<\/a> y <a href=\"http:\/\/www.labeljoy.com\/es\/ayuda\/configurar-un-elemento-de-pagina\/\">elementos p\u00e1gina<\/a>.<\/p>\r\n<p class=\"body\">La biblioteca de cliparts est\u00e1 disponible en la versi\u00f3n <strong>Basic<\/strong> y <strong>Full<\/strong>, as\u00ed como en la versi\u00f3n de demostraci\u00f3n.<\/p>\r\n<table width=\"100%\">\r\n  <tr valign=\"top\">\r\n    <td><p><img src=\"http:\/\/www.labeljoy.com\/user-guide-files\/es\/4180_001.png\" align=\"left\" style=\"margin: 0px 24px 4px 0px\"><span class=\"body\">Para acceder a la ventana de gesti\u00f3n cliparts, seleccione la ficha <i>Imagen<\/i>, luego el bot\u00f3n <i>Clipart<\/i>.<\/span><\/p><\/td>\r\n  <\/tr>\r\n  <tr valign=\"top\">\r\n    <td><p><img src=\"http:\/\/www.labeljoy.com\/user-guide-files\/es\/4180_002.png\" align=\"left\" style=\"margin: 0px 24px 4px 0px\"><span class=\"body\">La ventana de selecci\u00f3n de cliparts se organiza en <strong>categor\u00edas<\/strong>. Cada categor\u00eda tiene un n\u00famero de im\u00e1genes que figuran en las previstas.<\/span><\/p>\r\n      <p class=\"body\">Una vez que se encuentra la imagen que se desea utilizar, selecci\u00f3nela y haga clic en <i>Ok<\/i>, o haga doble clic en la imagen.<\/p>\r\n      <p class=\"note\"><strong>Nota<\/strong><br>\r\n        La biblioteca de cliparts de Labeljoy se compone de im\u00e1genes en formato gif con un tama\u00f1o m\u00e1ximo de 512x512 p\u00edxeles.<\/p><\/td>\r\n  <\/tr>\r\n<\/table>\r\n<\/div>\n<\/div>\n","protected":false},"excerpt":{"rendered":"<p>Esta p\u00e1gina hace referencia a Labeljoy 5, que no es nuestra \u00faltima versi\u00f3n. Actualice a Labeljoy 6 para obtener la \u00faltima versi\u00f3n del software con todas sus incre\u00edbles caracter\u00edsticas, o si ya es usuario, visite la gu\u00eda del usuario de Labeljoy 6.<\/p>\n","protected":false},"author":8,"featured_media":0,"parent":21680,"menu_order":0,"comment_status":"open","ping_status":"closed","template":"page-template-left-sidebar.php","meta":{"inline_featured_image":false,"_monsterinsights_skip_tracking":false,"_monsterinsights_sitenote_active":false,"_monsterinsights_sitenote_note":"","_monsterinsights_sitenote_category":0,"footnotes":""},"class_list":{"0":"post-22195","1":"page","2":"type-page","3":"status-publish","5":"infinite-scroll-item"},"aioseo_notices":[],"_links":{"self":[{"href":"https:\/\/www.labeljoy.com\/es\/wp-json\/wp\/v2\/pages\/22195","targetHints":{"allow":["GET"]}}],"collection":[{"href":"https:\/\/www.labeljoy.com\/es\/wp-json\/wp\/v2\/pages"}],"about":[{"href":"https:\/\/www.labeljoy.com\/es\/wp-json\/wp\/v2\/types\/page"}],"author":[{"embeddable":true,"href":"https:\/\/www.labeljoy.com\/es\/wp-json\/wp\/v2\/users\/8"}],"replies":[{"embeddable":true,"href":"https:\/\/www.labeljoy.com\/es\/wp-json\/wp\/v2\/comments?post=22195"}],"version-history":[{"count":2,"href":"https:\/\/www.labeljoy.com\/es\/wp-json\/wp\/v2\/pages\/22195\/revisions"}],"predecessor-version":[{"id":22225,"href":"https:\/\/www.labeljoy.com\/es\/wp-json\/wp\/v2\/pages\/22195\/revisions\/22225"}],"up":[{"embeddable":true,"href":"https:\/\/www.labeljoy.com\/es\/wp-json\/wp\/v2\/pages\/21680"}],"wp:attachment":[{"href":"https:\/\/www.labeljoy.com\/es\/wp-json\/wp\/v2\/media?parent=22195"}],"curies":[{"name":"wp","href":"https:\/\/api.w.org\/{rel}","templated":true}]}}