{"id":22196,"date":"2014-11-20T11:36:41","date_gmt":"2014-11-20T11:36:41","guid":{"rendered":"http:\/\/www.labeljoy.com\/ayuda\/manage-inch-fractions\/"},"modified":"2015-01-22T11:11:03","modified_gmt":"2015-01-22T11:11:03","slug":"gestionar-las-fracciones-de-pulgadas","status":"publish","type":"page","link":"https:\/\/www.labeljoy.com\/es\/ayuda\/gestionar-las-fracciones-de-pulgadas\/","title":{"rendered":"Gestionar las fracciones de pulgadas"},"content":{"rendered":"<div data-partent=\"19635\" class=\"callout callout-warning\">\n<h4>Esta p\u00e1gina hace referencia a Labeljoy 5, que no es nuestra \u00faltima versi\u00f3n.<\/h4>\n<p><a href=\"\/es\/comprar\/\">Actualice a Labeljoy 6<\/a> para obtener la \u00faltima versi\u00f3n del software con todas sus incre\u00edbles caracter\u00edsticas, o si ya es usuario, visite la <a href=\"\/es\/ayuda-lj6\/\">gu\u00eda del usuario de Labeljoy 6<\/a>.<\/p>\n<\/div>\n<div id=\"help-guide\">\n\r\n<p class=\"title\">gestionar las fracciones de pulgadas<\/p>\r\n<p class=\"body\"><img src=\"http:\/\/www.labeljoy.com\/user-guide-files\/es\/2230_001.png\" align=\"left\" style=\"margin: 0px 24px 4px 0px\">Si las dimensiones son en <strong>pulgadas<\/strong>, como se define en la ventana de Opciones de la ficha <a href=\"http:\/\/www.labeljoy.com\/es\/ayuda\/principal\/\">Principal<\/a>, se puede cambiar la parte fraccionaria de cada medida, mediante el uso de un <strong>men\u00fa contextual<\/strong> que muestra las medidas en fracciones de dieciseisavos de pulgada.<\/p>\r\n<p class=\"body\">Al hacer clic en la <strong>parte derecha<\/strong> de los cuadros de texto, un men\u00fa contextual se mostrar\u00e1 con 16 entradas en <strong>incrementos de dieciseisavos<\/strong>.<\/p>\r\n<p class=\"body\">Al seleccionar una de estas entradas, la parte fraccionaria de esta medida en el cuadro de texto <strong>se cambiara el valor decimal<\/strong> decimosexta seleccionado.<\/p>\r\n<\/div>\n<\/div>\n","protected":false},"excerpt":{"rendered":"<p>Esta p\u00e1gina hace referencia a Labeljoy 5, que no es nuestra \u00faltima versi\u00f3n. Actualice a Labeljoy 6 para obtener la \u00faltima versi\u00f3n del software con todas sus incre\u00edbles caracter\u00edsticas, o si ya es usuario, visite la gu\u00eda del usuario de Labeljoy 6.<\/p>\n","protected":false},"author":8,"featured_media":0,"parent":21680,"menu_order":0,"comment_status":"open","ping_status":"closed","template":"page-template-left-sidebar.php","meta":{"inline_featured_image":false,"_monsterinsights_skip_tracking":false,"_monsterinsights_sitenote_active":false,"_monsterinsights_sitenote_note":"","_monsterinsights_sitenote_category":0,"footnotes":""},"class_list":{"0":"post-22196","1":"page","2":"type-page","3":"status-publish","5":"infinite-scroll-item"},"aioseo_notices":[],"_links":{"self":[{"href":"https:\/\/www.labeljoy.com\/es\/wp-json\/wp\/v2\/pages\/22196","targetHints":{"allow":["GET"]}}],"collection":[{"href":"https:\/\/www.labeljoy.com\/es\/wp-json\/wp\/v2\/pages"}],"about":[{"href":"https:\/\/www.labeljoy.com\/es\/wp-json\/wp\/v2\/types\/page"}],"author":[{"embeddable":true,"href":"https:\/\/www.labeljoy.com\/es\/wp-json\/wp\/v2\/users\/8"}],"replies":[{"embeddable":true,"href":"https:\/\/www.labeljoy.com\/es\/wp-json\/wp\/v2\/comments?post=22196"}],"version-history":[{"count":3,"href":"https:\/\/www.labeljoy.com\/es\/wp-json\/wp\/v2\/pages\/22196\/revisions"}],"predecessor-version":[{"id":22249,"href":"https:\/\/www.labeljoy.com\/es\/wp-json\/wp\/v2\/pages\/22196\/revisions\/22249"}],"up":[{"embeddable":true,"href":"https:\/\/www.labeljoy.com\/es\/wp-json\/wp\/v2\/pages\/21680"}],"wp:attachment":[{"href":"https:\/\/www.labeljoy.com\/es\/wp-json\/wp\/v2\/media?parent=22196"}],"curies":[{"name":"wp","href":"https:\/\/api.w.org\/{rel}","templated":true}]}}