{"id":22197,"date":"2014-11-20T11:35:36","date_gmt":"2014-11-20T11:35:36","guid":{"rendered":"http:\/\/www.labeljoy.com\/ayuda\/element-coordinates\/"},"modified":"2015-01-22T11:04:57","modified_gmt":"2015-01-22T11:04:57","slug":"posicionar-los-elementos","status":"publish","type":"page","link":"https:\/\/www.labeljoy.com\/es\/ayuda\/posicionar-los-elementos\/","title":{"rendered":"Posicionar los elementos"},"content":{"rendered":"<div data-partent=\"19635\" class=\"callout callout-warning\">\n<h4>Esta p\u00e1gina hace referencia a Labeljoy 5, que no es nuestra \u00faltima versi\u00f3n.<\/h4>\n<p><a href=\"\/es\/comprar\/\">Actualice a Labeljoy 6<\/a> para obtener la \u00faltima versi\u00f3n del software con todas sus incre\u00edbles caracter\u00edsticas, o si ya es usuario, visite la <a href=\"\/es\/ayuda-lj6\/\">gu\u00eda del usuario de Labeljoy 6<\/a>.<\/p>\n<\/div>\n<div id=\"help-guide\">\n\r\n<p class=\"title\">posicionar los elementos<\/p>\n<p class=\"body\">El <strong>posicionamiento<\/strong> y <strong>redimensionamiento<\/strong> de los elementos de la hoja se consigue normalmente utilizando el rat\u00f3n.<\/p>\n<p class=\"body\">Cuando se selecciona un elemento, el cursor del rat\u00f3n sobre el elemento aparecer\u00e1 un icono de una mano para indicar que, al <strong>hacer clic en el bot\u00f3n izquierdo del rat\u00f3n<\/strong>, se puede <i>arrastrar<\/i>\n\u00f3n deseada, suelte el bot\u00f3n del rat\u00f3n para terminar la operaci\u00f3n de arrastre.<strong><\/strong><\/p>\n <p class=\"note\"><strong>Nota<\/strong><br>\nSi se desea mover un elemento con el rat\u00f3n, pero actuando <strong>en una sola direcci\u00f3n<\/strong> (vertical u horizontal), se puede usar la <strong>combinaci\u00f3n de teclas <\/strong><i>ALT + SHIFT<\/i>\npara mover <strong>s\u00f3lo en sentido horizontal<\/strong>, y <i>ALT + CTRL<\/i>\nmoverse <strong>s\u00f3lo en el sentido vertical<\/strong>.<\/p>\n <p class=\"body\">Cuando el cursor se encuentra en las <strong>zonas de los bordes<\/strong> del elemento (en funci\u00f3n del borde o del \u00e1ngulo), el cursor cambia <strong>en una flecha de dos puntas<\/strong> para indicar que se puede c<strong>ambiar el tama\u00f1o del elemento<\/strong>. Tambi\u00e9n en este caso, haga clic con el bot\u00f3n izquierdo del rat\u00f3n, cambiar el tama\u00f1o desde el borde y soltar el bot\u00f3n.<strong><\/strong><\/p>\n <p class=\"note\"><strong>Nota<\/strong><br>\nEs posible mover o dimensionar <strong>simult\u00e1neamente m\u00e1s elementos<\/strong>.<br>\n<br>\nSeleccione los elementos que se desea mover o dimensionar utilizando uno de los m\u00e9todos siguientes:<br>\n1) Al hacer clic en ellos mientras se mantiene presionada la tecla <i>CTRL<\/i>\nen el teclado.<br>\n2) Hacer clic en un \u00e1rea en blanco de la etiqueta, mantener pulsado el bot\u00f3n izquierdo del rat\u00f3n y arrastrar el cursor. Todos los elementos en el rect\u00e1ngulo de selecci\u00f3n ser\u00e1n seleccionados autom\u00e1ticamente.<br>\nUna vez que seleccione el \u00faltimo elemento, suelte la tecla <i>CTRL<\/i>\n(o suelte el bot\u00f3n izquierdo del rat\u00f3n) y mueva o cambe el tama\u00f1o de los elementos seleccionados.<br>\n<br>\nEsta forma de trabajo, llamada <i>selecci\u00f3n m\u00faltiple<\/i>, es posible para los elementos que pertenecen al mismo contexto. Por ejemplo, se puede seleccionar diferentes elementos de un mismo grupo de etiquetas, diversos elementos de la p\u00e1gina, pero no elementos que pertenecen a diferentes grupos de etiquetas o elementos de p\u00e1gina y los elementos de la etiqueta.<\/p>\n <p class=\"body\">Tenga en cuenta que para los elementos posicionados en las etiquetas (c\u00f3digos de barras, texto y gr\u00e1ficos) la selecci\u00f3n del elemento, su arrastre o su redimensionamiento son posibles <strong>solamente si el elemento se encuentra dentro de la zona del grupo de etiquetas<\/strong> la cual forma parte. En otras palabras, si un elemento se ha movido y su borde derecho est\u00e1 fuera de la etiqueta, no se puede acceder a las funciones de cambio de tama\u00f1o del borde derecho, ya que el rat\u00f3n no tendr\u00e1 ning\u00fan efecto en la zona exterior.<\/p>\n<p class=\"body\">En estos casos, o si desea realizar <strong>cambios precisos<\/strong> de la posici\u00f3n o del tama\u00f1o de un elemento, se conseja actuar a trav\u00e9s de la pesta\u00f1a <i>Avanzadas<\/i>, presente en <strong>todas las ventanas de propiedades<\/strong> de los elementos.<\/p>\n<p class=\"body\">La ficha <i>Avanzada<\/i>\ntiene <strong>5 casillas<\/strong> a trav\u00e9s de las cuales se pueden definir las coordenadas, el tama\u00f1o y la rotaci\u00f3n de los elementos:<\/p>\n<img src=\"http:\/\/www.labeljoy.com\/user-guide-files\/es\/2120_008.png\" align=\"left\" style=\"margin: 0px 24px 4px 0px\">\n<ul>\n  <li class=\"body\"><strong>Izquierda<\/strong>: posici\u00f3n del borde izquierdo del elemento. Para elementos p\u00e1gina, este valor se refiere al borde izquierdo de la hoja, para todos los dem\u00e1s elementos al borde izquierdo de la etiqueta.<\/li>\n  <li class=\"body\"><strong>Arriba<\/strong>: posici\u00f3n del borde superior del elemento. Para los elementos p\u00e1gina este valor se informa al borde superior de la hoja, para todos los otros elementos en el borde superior de la etiqueta.<\/li>\n  <li class=\"body\"><strong>Ancho<\/strong>: tama\u00f1o horizontal del elemento.<\/li>\n  <li class=\"body\"><strong>Alto<\/strong>: la dimensi\u00f3n vertical del elemento.<\/li>\n  <li class=\"body\"><strong>Rotaci\u00f3n<\/strong>: valor en grados del \u00e1ngulo de <a href=\"http:\/\/www.labeljoy.com\/es\/ayuda\/rotar-los-elementos\/\">rotaci\u00f3n de elemento<\/a>.<\/li>\n<\/ul>\n<p class=\"note\"><strong>Nota<\/strong><br>\nEn los cuadros de texto en la ficha <i>Avanzada<\/i>\nse puede escribir s\u00f3lo n\u00fameros y el signo &quot;menos&quot; y el punto decimal. Las mediciones se pueden expresar en cent\u00edmetros o pulgadas, dependiendo de la configuraci\u00f3n definida en la ventana de opciones de la ficha <a href=\"hhttp:\/\/www.labeljoy.com\/es\/ayuda\/interfaz\/\">Interfaz<\/a>.<\/p>\n <p class=\"body\">Tambi\u00e9n hay dos controles para definir dos ajustes importantes:<\/p>\n<ul>\n   <li><span class=\"body\"><strong>Permitir acci\u00f3n de rat\u00f3n<\/strong>: cuadro de selecci\u00f3n que determina si el rat\u00f3n est\u00e1 habilitado para actuar sobre el elemento.<\/span><\/li>\n   <li class=\"body\"><strong>Nombre<\/strong>: nombre del elemento. El texto introducido aqu\u00ed (m\u00e1ximo 32 caracteres) se muestra cuando se<a href=\"http:\/\/www.labeljoy.com\/es\/ayuda\/seleccion-de-elementos\/\">\n    pasa el rat\u00f3n<\/a>\n    (si la opci\u00f3n est\u00e1 activa) y en el men\u00fa de <a href=\"http:\/\/www.labeljoy.com\/es\/ayuda\/vista-de-elementos\/\">visualizaci\u00f3n<\/a>.<\/li>\n<\/ul>\n<p class=\"body\">Si la casilla <strong>Permitir acci\u00f3n de rat\u00f3n<\/strong>\u00a0est\u00e1 desactivada, el rat\u00f3n no tendr\u00e1 ning\u00fan efecto sobre el elemento. As\u00ed que ya no se puede mover, cambiar el tama\u00f1o o girar el art\u00edculo con la ayuda del rat\u00f3n. Esta opci\u00f3n puede ser \u00fatil si se quiere tener un elemento en toda la superficie de la etiqueta, pero sin que \u00e9stas impidan el acceso a las propiedades de la etiqueta, o con otros elementos situados en la misma zona. En otros casos puede ser necesario para asegurar que un elemento no se mueve o cambia de tama\u00f1o accidentalmente. En cualquier caso, recuerde que:<\/p>\n <p class=\"note\"><strong>Para tener acceso a la ventana de propiedades de un elemento inactivo al rat\u00f3n<\/strong>, debe seleccionar usando el icono <a href=\"http:\/\/www.labeljoy.com\/es\/ayuda\/vista-de-elementos\/\">visualizar elementos<\/a>\n<a href=\"http:\/\/www.labeljoy.com\/es\/ayuda\/elemento\/\">configuraci\u00f3n elemento<\/a>.<\/p>\n \n<\/div>\n<\/div>\n","protected":false},"excerpt":{"rendered":"<p>Esta p\u00e1gina hace referencia a Labeljoy 5, que no es nuestra \u00faltima versi\u00f3n. Actualice a Labeljoy 6 para obtener la \u00faltima versi\u00f3n del software con todas sus incre\u00edbles caracter\u00edsticas, o si ya es usuario, visite la gu\u00eda del usuario de Labeljoy 6.<\/p>\n","protected":false},"author":8,"featured_media":0,"parent":21680,"menu_order":0,"comment_status":"open","ping_status":"closed","template":"page-template-left-sidebar.php","meta":{"inline_featured_image":false,"_monsterinsights_skip_tracking":false,"_monsterinsights_sitenote_active":false,"_monsterinsights_sitenote_note":"","_monsterinsights_sitenote_category":0,"footnotes":""},"class_list":{"0":"post-22197","1":"page","2":"type-page","3":"status-publish","5":"infinite-scroll-item"},"aioseo_notices":[],"_links":{"self":[{"href":"https:\/\/www.labeljoy.com\/es\/wp-json\/wp\/v2\/pages\/22197","targetHints":{"allow":["GET"]}}],"collection":[{"href":"https:\/\/www.labeljoy.com\/es\/wp-json\/wp\/v2\/pages"}],"about":[{"href":"https:\/\/www.labeljoy.com\/es\/wp-json\/wp\/v2\/types\/page"}],"author":[{"embeddable":true,"href":"https:\/\/www.labeljoy.com\/es\/wp-json\/wp\/v2\/users\/8"}],"replies":[{"embeddable":true,"href":"https:\/\/www.labeljoy.com\/es\/wp-json\/wp\/v2\/comments?post=22197"}],"version-history":[{"count":3,"href":"https:\/\/www.labeljoy.com\/es\/wp-json\/wp\/v2\/pages\/22197\/revisions"}],"predecessor-version":[{"id":22243,"href":"https:\/\/www.labeljoy.com\/es\/wp-json\/wp\/v2\/pages\/22197\/revisions\/22243"}],"up":[{"embeddable":true,"href":"https:\/\/www.labeljoy.com\/es\/wp-json\/wp\/v2\/pages\/21680"}],"wp:attachment":[{"href":"https:\/\/www.labeljoy.com\/es\/wp-json\/wp\/v2\/media?parent=22197"}],"curies":[{"name":"wp","href":"https:\/\/api.w.org\/{rel}","templated":true}]}}