{"id":22198,"date":"2014-11-20T11:40:23","date_gmt":"2014-11-20T11:40:23","guid":{"rendered":"http:\/\/www.labeljoy.com\/ayuda\/defining-colors\/"},"modified":"2015-01-22T09:49:44","modified_gmt":"2015-01-22T09:49:44","slug":"definir-los-colores","status":"publish","type":"page","link":"https:\/\/www.labeljoy.com\/es\/ayuda\/definir-los-colores\/","title":{"rendered":"Definir los colores"},"content":{"rendered":"<div data-partent=\"19635\" class=\"callout callout-warning\">\n<h4>Esta p\u00e1gina hace referencia a Labeljoy 5, que no es nuestra \u00faltima versi\u00f3n.<\/h4>\n<p><a href=\"\/es\/comprar\/\">Actualice a Labeljoy 6<\/a> para obtener la \u00faltima versi\u00f3n del software con todas sus incre\u00edbles caracter\u00edsticas, o si ya es usuario, visite la <a href=\"\/es\/ayuda-lj6\/\">gu\u00eda del usuario de Labeljoy 6<\/a>.<\/p>\n<\/div>\n<link rel=\"stylesheet\" href=\"http:\/\/www.labeljoy.com\/user-guide-files\/en\/styles.css\" type=\"text\/css\" media=\"all\" \/>\n<div id=\"help-guide\">\n\r\n<p class=\"title\">definir los colores<\/p>\r\n<p class=\"body\">El <strong>ajuste de color<\/strong> se lleva a cabo a trav\u00e9s de una serie de controles colocados en <strong>las pesta\u00f1as colores<\/strong>. Por ejemplo, en la ficha <i>Relleno<\/i> de un elemento de <i>Texto<\/i> se muestran los controles para ajustar el color interior del texto.<\/p>\r\n<p class=\"note\"><strong>Nota<\/strong><br>\r\n  Haciendo clic c<strong>on el bot\u00f3n derecho del rat\u00f3n<\/strong> en el panel de vista previa en la parte inferior del color se muestra un <strong>men\u00fa contextual<\/strong> que permite <strong>copiar<\/strong>, <strong>pegar<\/strong>, y <strong>restaurar el valor predeterminado<\/strong> de cada color.<\/p>\r\n<p class=\"body\">Las fichas de configuraci\u00f3n de color permiten establecer un color <i>s\u00f3lido<\/i> (un solo color, sin gradientes) o con <i>Atenuaci\u00f3n<\/i> (dos tonos matizados y que pueden tener elementos de opacidad).<\/p>\r\n<p class=\"note\"><strong>Nota<\/strong><br>\r\n  El modo <i>Degradado<\/i> estar\u00e1 presente <strong>solo donde se puede aplicar<\/strong>. Por ejemplo, en el caso del color de los elementos <i>C\u00f3digo de barras<\/i> no se puede ajustar una matiz, s\u00f3lo un color s\u00f3lido. En estos casos, a continuaci\u00f3n, los botones S\u00f3lido\/Atenuaci\u00f3n no ser\u00e1n visibles.<\/p>\r\n<p class=\"body\">Los dos modos <i>S\u00f3lidos<\/i> y <i>Atenuaci\u00f3n<\/i> muestran los siguientes controles:<\/p>\r\n<table width=\"100%\">\r\n  <tr valign=\"top\">\r\n    <td><p class=\"body\"><img src=\"http:\/\/www.labeljoy.com\/user-guide-files\/es\/2060_003.png\" align=\"left\" style=\"margin: 0px 24px 4px 0px\"><strong>Solido<\/strong>: en la parte superior se encuentra la caja de color de selecci\u00f3n: haciendo clic se seleccionar\u00e1 el color en el que est\u00e1 situado el cursor en ese momento. A la derecha se encuentra la barra para ajustar el brillo: haciendo clic sobre esta se pueden cambiar los colores de la pantalla y ajustar los valores de brillo.<br>\r\n        En la parte inferior hay cuadros de texto que muestran los valores num\u00e9ricos de rojo, verde y azul correspondiente al color seleccionado. Tenga en cuenta que se pueden cambiar los colores tambi\u00e9n actuando en estos cuadros de texto e introduciendo los valores manualmente (0 a 255).<br>\r\n        El panel inferior muestra el color seleccionado.<\/p><\/td>\r\n  <\/tr>\r\n  <tr valign=\"top\">\r\n    <td><p class=\"body\"><img src=\"http:\/\/www.labeljoy.com\/user-guide-files\/es\/2300_001.png\" align=\"left\" style=\"margin: 0px 24px 4px 0px\"><strong>Atenuaci\u00f3n<\/strong>: en este modo, la ventana se divide en dos secciones y cada opera uno de los dos colores que se combinan para formar el gradiente de color que se desea.<br>\r\n        En la parte superior de cada secci\u00f3n, adem\u00e1s de la selecci\u00f3n de color actual y barra de brillo, hay tambi\u00e9n las barras de transparencia que permiten establecer la cantidad de opacidad del color (desde 0 hasta 255, donde 0 es completamente transparente y 255 completamente opaco). En cada una de las dos hojas de color est\u00e1n presentes tres cajas con los valores de rojo, verde y azul, as\u00ed como el cuadro de opacidad que muestra con precisi\u00f3n el valor de la transparencia seleccionada.<br>\r\n        Es posible <i>copiar<\/i> los colores con los botones <strong>\u00ab<\/strong> y <strong>\u00bb<\/strong>.<br>\r\n        En la parte inferior se encuentra el panel de vista previa que muestra la combinaci\u00f3n seleccionada. A la derecha hay los controles que permiten definir el \u00e1ngulo a usar para el gradiente. Tambi\u00e9n en este caso, es posible actuar sobre la barra de desplazamiento o insertar los valores directamente en el cuadro de texto (desde 0\u00b0 hasta 359\u00b0).<\/p>\r\n      <p class=\"note\"><strong>Nota<\/strong><br>\r\n        El modo Atenuaci\u00f3n no est\u00e1 disponible en la versi\u00f3n <i>Light<\/i>.<\/p><\/td>\r\n  <\/tr>\r\n<\/table>\r\n<p class=\"body\">Una vez decidido el color que se desea, haga clic en <i>OK<\/i> o <i>Aplicar<\/i> para confirmar la selecci\u00f3n, o haga clic en <i>Cancelar<\/i> para no hacer cambios.<\/p>\n<\/div>\n","protected":false},"excerpt":{"rendered":"<p>Esta p\u00e1gina hace referencia a Labeljoy 5, que no es nuestra \u00faltima versi\u00f3n. Actualice a Labeljoy 6 para obtener la \u00faltima versi\u00f3n del software con todas sus incre\u00edbles caracter\u00edsticas, o si ya es usuario, visite la gu\u00eda del usuario de Labeljoy 6.<\/p>\n","protected":false},"author":8,"featured_media":0,"parent":21680,"menu_order":0,"comment_status":"open","ping_status":"closed","template":"page-template-left-sidebar.php","meta":{"inline_featured_image":false,"_monsterinsights_skip_tracking":false,"_monsterinsights_sitenote_active":false,"_monsterinsights_sitenote_note":"","_monsterinsights_sitenote_category":0,"footnotes":""},"class_list":{"0":"post-22198","1":"page","2":"type-page","3":"status-publish","5":"infinite-scroll-item"},"aioseo_notices":[],"_links":{"self":[{"href":"https:\/\/www.labeljoy.com\/es\/wp-json\/wp\/v2\/pages\/22198","targetHints":{"allow":["GET"]}}],"collection":[{"href":"https:\/\/www.labeljoy.com\/es\/wp-json\/wp\/v2\/pages"}],"about":[{"href":"https:\/\/www.labeljoy.com\/es\/wp-json\/wp\/v2\/types\/page"}],"author":[{"embeddable":true,"href":"https:\/\/www.labeljoy.com\/es\/wp-json\/wp\/v2\/users\/8"}],"replies":[{"embeddable":true,"href":"https:\/\/www.labeljoy.com\/es\/wp-json\/wp\/v2\/comments?post=22198"}],"version-history":[{"count":2,"href":"https:\/\/www.labeljoy.com\/es\/wp-json\/wp\/v2\/pages\/22198\/revisions"}],"predecessor-version":[{"id":22231,"href":"https:\/\/www.labeljoy.com\/es\/wp-json\/wp\/v2\/pages\/22198\/revisions\/22231"}],"up":[{"embeddable":true,"href":"https:\/\/www.labeljoy.com\/es\/wp-json\/wp\/v2\/pages\/21680"}],"wp:attachment":[{"href":"https:\/\/www.labeljoy.com\/es\/wp-json\/wp\/v2\/media?parent=22198"}],"curies":[{"name":"wp","href":"https:\/\/api.w.org\/{rel}","templated":true}]}}