{"id":22199,"date":"2014-11-20T11:37:30","date_gmt":"2014-11-20T11:37:30","guid":{"rendered":"http:\/\/www.labeljoy.com\/ayuda\/rotating-elements\/"},"modified":"2015-01-22T09:49:39","modified_gmt":"2015-01-22T09:49:39","slug":"rotar-los-elementos","status":"publish","type":"page","link":"https:\/\/www.labeljoy.com\/es\/ayuda\/rotar-los-elementos\/","title":{"rendered":"Rotar los elementos"},"content":{"rendered":"<div data-partent=\"19635\" class=\"callout callout-warning\">\n<h4>Esta p\u00e1gina hace referencia a Labeljoy 5, que no es nuestra \u00faltima versi\u00f3n.<\/h4>\n<p><a href=\"\/es\/comprar\/\">Actualice a Labeljoy 6<\/a> para obtener la \u00faltima versi\u00f3n del software con todas sus incre\u00edbles caracter\u00edsticas, o si ya es usuario, visite la <a href=\"\/es\/ayuda-lj6\/\">gu\u00eda del usuario de Labeljoy 6<\/a>.<\/p>\n<\/div>\n<link rel=\"stylesheet\" href=\"http:\/\/www.labeljoy.com\/user-guide-files\/en\/styles.css\" type=\"text\/css\" media=\"all\" \/>\n<div id=\"help-guide\">\n\r\n<p class=\"title\">rotar los elementos<\/p>\r\n<p class=\"body\">Los elementos dispuestos en la hoja de etiquetas, ya sean elementos p\u00e1gina o elementos de etiquetas, <strong>se pueden girar <\/strong>por un valor en grados entre 0\u00b0 y 359.9\u00b0.<\/p>\r\n<table width=\"100%\">\r\n  <tr valign=\"top\">\r\n    <td><p class=\"body\"><img src=\"http:\/\/www.labeljoy.com\/user-guide-files\/es\/2240_001.png\" align=\"left\" style=\"margin: 0px 24px 4px 0px\"><\/p><\/td>\r\n  <\/tr>\r\n  <tr valign=\"top\">\r\n    <td><p class=\"body\"><img src=\"http:\/\/www.labeljoy.com\/user-guide-files\/es\/2240_004.png\" align=\"left\" style=\"margin: 0px 24px 4px 0px\">El ajuste <strong>manual<\/strong> de un valor de rotaci\u00f3n puede ocurrir a trav\u00e9s de la casilla en la ficha <a href=\"http:\/\/www.labeljoy.com\/es\/ayuda\/posicionar-los-elementos\/\">Avanzada<\/a><em> <\/em>presente en todas las ventanas de propiedades de los elementos.<\/p><\/td>\r\n  <\/tr>\r\n  <tr valign=\"top\">\r\n    <td><\/td>\r\n  <\/tr>\r\n  <tr valign=\"top\">\r\n    <td><p class=\"body\"><img src=\"http:\/\/www.labeljoy.com\/user-guide-files\/es\/2240_002.png\" align=\"left\" style=\"margin: 0px 24px 4px 0px\">O utilizando los men\u00fas de rotaci\u00f3n que aparecen haciendo clic en el icono <a href=\"http:\/\/www.labeljoy.com\/es\/ayuda\/la-barra-de-herramientas\/\">Centro\/rotaci\u00f3n<\/a> en la barra de herramientas.<\/p><\/td>\r\n  <\/tr>\r\n  <tr valign=\"top\">\r\n    <td><p class=\"body\"><img src=\"http:\/\/www.labeljoy.com\/user-guide-files\/es\/2240_003.png\" align=\"left\" style=\"margin: 0px 24px 4px 0px\">En este \u00faltimo caso, si se selecciona el men\u00fa <i>Rotar libremente<\/i>... se mostrar\u00e1 un cuadro de di\u00e1logo que permite definir un \u00e1ngulo de rotaci\u00f3n especificado para todos los elementos seleccionados.<\/p>\r\n      <ul>\r\n        <li class=\"body\"><strong>\u00c1ngulo de rotaci\u00f3n<\/strong>: escriba manualmente un valor entre 0\u00b0 y 359.9\u00b0, o arrastre la barra para definir el \u00e1ngulo de rotaci\u00f3n.<\/li>\r\n        <li class=\"body\"><strong>A\u00f1adir a la rotaci\u00f3n actual<\/strong>: seleccione esta opci\u00f3n para agregar el \u00e1ngulo de giro definido en el paso anterior a la rotaci\u00f3n actual de que cada uno de los elementos seleccionados que est\u00e1 utilizando.<\/li>\r\n        <li class=\"body\"><strong>Rotaci\u00f3n absoluta<\/strong>: seleccione esta opci\u00f3n para aplicar el \u00e1ngulo de giro definido para los elementos seleccionados, independientemente de su rotaci\u00f3n actual.<\/li>\r\n      <\/ul>      <\/td>\r\n  <\/tr>\r\n<\/table>\r\n<p class=\"body\">El ajuste <strong>manual<\/strong> de un valor de rotaci\u00f3n puede ocurrir a trav\u00e9s de la casilla correspondiente en la ficha <a href=\"http:\/\/www.labeljoy.com\/es\/ayuda\/posicionar-los-elementos\/\">Avanzada<\/a> presente en todas las ventanas de propiedades de los elementos.<\/p>\r\n<p class=\"body\">Sin embargo, existe tambi\u00e9n la posibilidad de <strong>utilizar el rat\u00f3n<\/strong> para cambiar <strong>el \u00e1ngulo de rotaci\u00f3n<\/strong> de uno o m\u00e1s elementos. Para rotar un elemento por medio del mouse, haga lo siguiente:<\/p>\r\n<ol>\r\n  <li><span class=\"body\">Seleccione el elemento con un clic del rat\u00f3n.<\/span><\/li>\r\n  <li><span class=\"body\">Coloque el cursor del rat\u00f3n en una zona c\u00e9ntrica del elemento seleccionado para que aparezca el cursor &quot;mano&quot;.<\/span><\/li>\r\n  <li><span class=\"body\">Mantenga pulsada la tecla Shift (MAIUSC o SHIFT).<\/span><\/li>\r\n  <li class=\"body\">Haga clic y mantenga pulsado el bot\u00f3n izquierdo del rat\u00f3n y cambie el \u00e1ngulo de rotaci\u00f3n moviendo el rat\u00f3n hacia arriba o hacia abajo.<\/li>\r\n<\/ol>\r\n<p class=\"body\">De esta manera, los elementos <strong>giran libremente<\/strong> dependiendo del movimiento del rat\u00f3n.<\/p>\r\n<p class=\"body\">Si se desea utilizar el rat\u00f3n y rotar los elementos en m\u00faltiplos de 90\u00b0, proceda como se ha descrito anteriormente, pero mantenga pulsada la tecla May\u00fasculas y la tecla CTRL. De esta manera la acci\u00f3n del rat\u00f3n tendr\u00e1 el siguiente efecto:<\/p>\r\n<ul>\r\n  <li class=\"body\"><strong>Desplazamiento hacia la izquierda<\/strong>: rotaci\u00f3n de 90\u00ba.<\/li>\r\n  <li class=\"body\"><strong>Desplazamiento hacia la derecha<\/strong>: rotaci\u00f3n de 270\u00b0.<\/li>\r\n  <li class=\"body\"><strong>Desplazamiento hacia arriba<\/strong>: rotaci\u00f3n de 180\u00b0.<\/li>\r\n  <li class=\"body\"><strong>Desplazamiento hacia\u00a0 abajo<\/strong>: rotaci\u00f3n de 0\u00ba.<\/li>\r\n<\/ul>\r\n<p class=\"note\"><strong>Nota<\/strong><br>\r\n  Cuando un elemento se rueda, sus coordenadas de posici\u00f3n y tama\u00f1o, as\u00ed como su redimensionamiento con el rat\u00f3n,\u00a0 tienen efecto teniendo en cuenta el \u00e1ngulo de rotaci\u00f3n. En otras palabras, para mantener un \u00e1ngulo fijo de rotaci\u00f3n, el redimensionamiento de un elemento modifica las coordenadas y el tama\u00f1o del elemento de manera que se puede respectar el \u00e1ngulo de rotaci\u00f3n. Por lo tanto, en algunos casos se puede verificar un desplazamiento y reducci\u00f3n an\u00f3mala en comparaci\u00f3n con un elemento no girado.<\/p>\r\n<\/div>\n<\/div>\n","protected":false},"excerpt":{"rendered":"<p>Esta p\u00e1gina hace referencia a Labeljoy 5, que no es nuestra \u00faltima versi\u00f3n. Actualice a Labeljoy 6 para obtener la \u00faltima versi\u00f3n del software con todas sus incre\u00edbles caracter\u00edsticas, o si ya es usuario, visite la gu\u00eda del usuario de Labeljoy 6.<\/p>\n","protected":false},"author":8,"featured_media":0,"parent":21680,"menu_order":0,"comment_status":"open","ping_status":"closed","template":"page-template-left-sidebar.php","meta":{"inline_featured_image":false,"_monsterinsights_skip_tracking":false,"_monsterinsights_sitenote_active":false,"_monsterinsights_sitenote_note":"","_monsterinsights_sitenote_category":0,"footnotes":""},"class_list":{"0":"post-22199","1":"page","2":"type-page","3":"status-publish","5":"infinite-scroll-item"},"aioseo_notices":[],"_links":{"self":[{"href":"https:\/\/www.labeljoy.com\/es\/wp-json\/wp\/v2\/pages\/22199","targetHints":{"allow":["GET"]}}],"collection":[{"href":"https:\/\/www.labeljoy.com\/es\/wp-json\/wp\/v2\/pages"}],"about":[{"href":"https:\/\/www.labeljoy.com\/es\/wp-json\/wp\/v2\/types\/page"}],"author":[{"embeddable":true,"href":"https:\/\/www.labeljoy.com\/es\/wp-json\/wp\/v2\/users\/8"}],"replies":[{"embeddable":true,"href":"https:\/\/www.labeljoy.com\/es\/wp-json\/wp\/v2\/comments?post=22199"}],"version-history":[{"count":2,"href":"https:\/\/www.labeljoy.com\/es\/wp-json\/wp\/v2\/pages\/22199\/revisions"}],"predecessor-version":[{"id":22230,"href":"https:\/\/www.labeljoy.com\/es\/wp-json\/wp\/v2\/pages\/22199\/revisions\/22230"}],"up":[{"embeddable":true,"href":"https:\/\/www.labeljoy.com\/es\/wp-json\/wp\/v2\/pages\/21680"}],"wp:attachment":[{"href":"https:\/\/www.labeljoy.com\/es\/wp-json\/wp\/v2\/media?parent=22199"}],"curies":[{"name":"wp","href":"https:\/\/api.w.org\/{rel}","templated":true}]}}