{"id":22200,"date":"2014-11-20T11:39:17","date_gmt":"2014-11-20T11:39:17","guid":{"rendered":"http:\/\/www.labeljoy.com\/ayuda\/deleting-elements\/"},"modified":"2015-01-22T11:07:50","modified_gmt":"2015-01-22T11:07:50","slug":"eliminar-elementos","status":"publish","type":"page","link":"https:\/\/www.labeljoy.com\/es\/ayuda\/eliminar-elementos\/","title":{"rendered":"Eliminar elementos"},"content":{"rendered":"<div data-partent=\"19635\" class=\"callout callout-warning\">\n<h4>Esta p\u00e1gina hace referencia a Labeljoy 5, que no es nuestra \u00faltima versi\u00f3n.<\/h4>\n<p><a href=\"\/es\/comprar\/\">Actualice a Labeljoy 6<\/a> para obtener la \u00faltima versi\u00f3n del software con todas sus incre\u00edbles caracter\u00edsticas, o si ya es usuario, visite la <a href=\"\/es\/ayuda-lj6\/\">gu\u00eda del usuario de Labeljoy 6<\/a>.<\/p>\n<\/div>\n<div id=\"help-guide\">\n\r\n<p class=\"title\">eliminar elementos<\/p>\r\n<p class=\"body\">Despu\u00e9s de seleccionar los elementos que se quiere suprimir, se puede eliminar uno o m\u00e1s elementos seleccionados de varias maneras:<\/p>\r\n<table width=\"100%\">\r\n  <tr valign=\"top\">\r\n    <td>\r\n    <img src=\"http:\/\/www.labeljoy.com\/user-guide-files\/es\/2280_001.png\" align=\"left\" style=\"margin: 0px 24px 4px 0px\">\r\n    <ul>\r\n      <li><span class=\"body\"><strong>Mediante el men\u00fa Cortar<\/strong>: haga clic con el bot\u00f3n derecho del rat\u00f3n sobre uno de los elementos seleccionados para mostrar el men\u00fa de configuraci\u00f3n. En este punto, seleccione la opci\u00f3n <i>Cortar<\/i>.<\/span><\/li>\r\n      <li class=\"body\"><strong>Usar la combinaci\u00f3n de teclas CTRL + X<\/strong>: pulsar la letra <i>X<\/i> mientras se mantiene presionada la tecla <i>CTRL<\/i> (en estos dos primeros casos los elementos cortados se copian al portapapeles).<\/li>\r\n      <li class=\"body\"><strong>Mediante el men\u00fa Eliminar<\/strong>: haga clic con el bot\u00f3n derecho del rat\u00f3n sobre uno de los elementos seleccionados para mostrar el men\u00fa de configuraci\u00f3n. Ahora seleccione la opci\u00f3n <i>Eliminar<\/i>.<\/li>\r\n      <li class=\"body\"><strong>Con la tecla Delete<\/strong>: pulse la tecla <i>Delete<\/i> (o <i>Canc<\/i> o <i>Suprimir<\/i>) para eliminar elementos (en estos dos \u00faltimos casos, se eliminan los elementos sin copiarlos al portapapeles).<\/li>\r\n      <li class=\"body\"><strong>Usando uno de los comandos<\/strong> apropiados en la <a href=\"http:\/\/www.labeljoy.com\/es\/ayuda\/la-barra-de-herramientas\/\">barra de herramientas<\/a>.<\/li>\r\n    <\/ul>\r\n      <p class=\"note\"><strong>Nota<\/strong><br>\r\n        Independientemente del m\u00e9todo elegido para la eliminaci\u00f3n de los elementos, en funci\u00f3n de la configuraci\u00f3n especificada en la pesta\u00f1a <a href=\"http:\/\/www.labeljoy.com\/es\/ayuda\/principal\/\">Principal<\/a> de la ventana <a href=\"http:\/\/www.labeljoy.com\/es\/ayuda\/opciones\/\">Opciones<\/a>, es posible que aparezca un mensaje de confirmaci\u00f3n de eliminaci\u00f3n.<\/p><\/td>\r\n<\/table>\r\n<\/div>\n<\/div>\n","protected":false},"excerpt":{"rendered":"<p>Esta p\u00e1gina hace referencia a Labeljoy 5, que no es nuestra \u00faltima versi\u00f3n. Actualice a Labeljoy 6 para obtener la \u00faltima versi\u00f3n del software con todas sus incre\u00edbles caracter\u00edsticas, o si ya es usuario, visite la gu\u00eda del usuario de Labeljoy 6.<\/p>\n","protected":false},"author":8,"featured_media":0,"parent":21680,"menu_order":0,"comment_status":"open","ping_status":"closed","template":"page-template-left-sidebar.php","meta":{"inline_featured_image":false,"_monsterinsights_skip_tracking":false,"_monsterinsights_sitenote_active":false,"_monsterinsights_sitenote_note":"","_monsterinsights_sitenote_category":0,"footnotes":""},"class_list":{"0":"post-22200","1":"page","2":"type-page","3":"status-publish","5":"infinite-scroll-item"},"aioseo_notices":[],"_links":{"self":[{"href":"https:\/\/www.labeljoy.com\/es\/wp-json\/wp\/v2\/pages\/22200","targetHints":{"allow":["GET"]}}],"collection":[{"href":"https:\/\/www.labeljoy.com\/es\/wp-json\/wp\/v2\/pages"}],"about":[{"href":"https:\/\/www.labeljoy.com\/es\/wp-json\/wp\/v2\/types\/page"}],"author":[{"embeddable":true,"href":"https:\/\/www.labeljoy.com\/es\/wp-json\/wp\/v2\/users\/8"}],"replies":[{"embeddable":true,"href":"https:\/\/www.labeljoy.com\/es\/wp-json\/wp\/v2\/comments?post=22200"}],"version-history":[{"count":3,"href":"https:\/\/www.labeljoy.com\/es\/wp-json\/wp\/v2\/pages\/22200\/revisions"}],"predecessor-version":[{"id":22244,"href":"https:\/\/www.labeljoy.com\/es\/wp-json\/wp\/v2\/pages\/22200\/revisions\/22244"}],"up":[{"embeddable":true,"href":"https:\/\/www.labeljoy.com\/es\/wp-json\/wp\/v2\/pages\/21680"}],"wp:attachment":[{"href":"https:\/\/www.labeljoy.com\/es\/wp-json\/wp\/v2\/media?parent=22200"}],"curies":[{"name":"wp","href":"https:\/\/api.w.org\/{rel}","templated":true}]}}