{"id":22201,"date":"2014-11-20T11:38:17","date_gmt":"2014-11-20T11:38:17","guid":{"rendered":"http:\/\/www.labeljoy.com\/ayuda\/automatic-element-positioning\/"},"modified":"2015-01-22T11:11:40","modified_gmt":"2015-01-22T11:11:40","slug":"organizar-automaticamente-los-elementos","status":"publish","type":"page","link":"https:\/\/www.labeljoy.com\/es\/ayuda\/organizar-automaticamente-los-elementos\/","title":{"rendered":"Organizar autom\u00e1ticamente los elementos"},"content":{"rendered":"<div data-partent=\"19635\" class=\"callout callout-warning\">\n<h4>Esta p\u00e1gina hace referencia a Labeljoy 5, que no es nuestra \u00faltima versi\u00f3n.<\/h4>\n<p><a href=\"\/es\/comprar\/\">Actualice a Labeljoy 6<\/a> para obtener la \u00faltima versi\u00f3n del software con todas sus incre\u00edbles caracter\u00edsticas, o si ya es usuario, visite la <a href=\"\/es\/ayuda-lj6\/\">gu\u00eda del usuario de Labeljoy 6<\/a>.<\/p>\n<\/div>\n<div id=\"help-guide\">\n\r\n<p class=\"title\">organizar autom\u00e1ticamente los elementos<\/p>\r\n<p class=\"body\">Durante la creaci\u00f3n de las etiquetas a menudo es necesario<strong> colocar uno o m\u00e1s elementos relativamente a otros elementos presentes<\/strong>. El men\u00fa <a href=\"http:\/\/www.labeljoy.com\/es\/ayuda\/elemento\/\">Configuraci\u00f3n elemento<\/a> proporciona acceso a una serie de <strong>funciones<\/strong> que permiten colocar de forma <strong>r\u00e1pida<\/strong> y <strong>autom\u00e1tica<\/strong> los elementos.<\/p>\r\n<p class=\"body\">Suponiendo que se han seleccionado <strong>varios elementos en una etiqueta<\/strong>, haciendo clic en uno de ellos con el bot\u00f3n derecho del rat\u00f3n (o pulsando sobre el icono <i>Configuraci\u00f3n elemento<\/i>) se muestra el men\u00fa de gesti\u00f3n de elementos.<br>\r\n  En la parte inferior hay<strong> 4 tipos de acciones<\/strong> que permiten la colocaci\u00f3n autom\u00e1tica de elementos.<\/p>\r\n<p class=\"body\">El men\u00fa <strong>Alinear<\/strong> proporciona acceso a las siguientes funciones:<\/p>\r\n<ul>\r\n  <li class=\"body\"><strong>Alinear izquierda<\/strong>: alinea los elementos en el borde izquierdo.<\/li>\r\n  <li class=\"body\"><strong>Alinear derecha<\/strong>: alinea los elementos en el borde derecho.<\/li>\r\n  <li class=\"body\"><strong>Alinear horizontal<\/strong>: alinea los elementos en sentido horizontal y centrado entre ellos.<\/li>\r\n  <li class=\"body\"><strong>Alinear arriba<\/strong>: alinea los elementos al borde superior.<\/li>\r\n  <li class=\"body\"><strong>Alinear abajo<\/strong>: alinea los elementos al borde inferior.<\/li>\r\n  <li class=\"body\"><strong>Alinear vertical<\/strong>: alinea los elementos verticalmente y centrados entre ellos.<\/li>\r\n<\/ul>\r\n<p class=\"body\">El men\u00fa <strong>Mismo tama\u00f1o<\/strong> ofrece de acceso a las siguientes funciones:<\/p>\r\n<ul>\r\n  <li class=\"body\"><strong>Mismo tama\u00f1o ancho<\/strong>: hace que el ancho de todos los elementos sea igual.<\/li>\r\n  <li class=\"body\"><strong>Mismo<\/strong><strong> tama\u00f1o alto<\/strong>: hace que la altura de todos los elementos sea igual.<\/li>\r\n  <li class=\"body\"><strong>Mismo tama\u00f1o ambos<\/strong>: hace que la anchura y la altura de todos los elementos sean iguales.<\/li>\r\n<\/ul>\r\n<p class=\"note\"><strong>Nota<\/strong><br>\r\n  Las opciones <i>Alinear<\/i> y <i>Mismo tama\u00f1o<\/i> permiten operar sobre <strong>varios elementos a la vez p<\/strong>ara cambiar el tama\u00f1o y\/o posici\u00f3n. Para seleccionar m\u00e1s de un elemento al mismo tiempo haga clic sobre los diferentes elementos <strong>manteniendo pulsada la tecla CTRL (Control)<\/strong>. Los cambios se llevar\u00e1n a cabo teniendo como referencia <strong>el \u00faltimo elemento seleccionado<\/strong>.<\/p>\r\n<p class=\"body\">El men\u00fa <strong>Centrar<\/strong> ofrece acceso a las siguientes funciones:<\/p>\r\n<ul>\r\n  <li class=\"body\"><strong>Centrar horizontal<\/strong>: centra los elementos en direcci\u00f3n horizontal dentro de la etiqueta (de la hoja si se trata de elementos p\u00e1gina).<\/li>\r\n  <li class=\"body\"><strong>Centrar vertical<\/strong>: centra los elementos en direcci\u00f3n vertical dentro de la etiqueta (de la hoja si se trata de elementos p\u00e1gina).<\/li>\r\n  <li class=\"body\"><strong>Centrar ambos<\/strong>: centra los elementos en direcci\u00f3n horizontal y vertical dentro de la etiqueta (de la hoja si se trata de elementos p\u00e1gina).<\/li>\r\n<\/ul>\r\n<p class=\"body\">El men\u00fa <strong>Mover<\/strong> proporciona acceso a las siguientes funciones:<\/p>\r\n<ul>\r\n  <li class=\"body\"><strong>Mover borde izquierdo<\/strong>: coloca el elemento seleccionado de manera que el borde izquierdo del elemento coincide con el borde izquierdo de la etiqueta (de la hoja en el caso de un elemento de p\u00e1gina).<\/li>\r\n  <li class=\"body\"><strong>Mover borde derecho<\/strong>: coloca el elemento seleccionado de modo que el borde derecho del elemento coincide con el borde derecho de la etiqueta (de la hoja en el caso de un elemento de p\u00e1gina).<\/li>\r\n  <li class=\"body\"><strong>Mover borde superior<\/strong>: coloca el elemento seleccionado de modo que el borde superior del elemento coincide con el borde superior de la etiqueta (de la hoja en el caso de un elemento de p\u00e1gina).<\/li>\r\n  <li class=\"body\"><strong>Mover borde inferior<\/strong>: coloca el elemento seleccionado de manera que el borde inferior del elemento coincide con el borde inferior de la etiqueta (de la hoja en el caso de un elemento de p\u00e1gina).<\/li>\r\n  <li class=\"body\"><strong>Mover ancho<\/strong>: cambia el tama\u00f1o del elemento de modo que la anchura coincide a la anchura de la etiqueta (de la hoja en el caso de un elemento de p\u00e1gina).<\/li>\r\n  <li class=\"body\"><strong>Mover alto<\/strong>: cambia el tama\u00f1o del elemento de modo que la altura coincide con la altura de la etiqueta (de la hoja en el caso de un elemento de p\u00e1gina).<\/li>\r\n  <li class=\"body\"><strong>Mover ambos<\/strong>: cambia el tama\u00f1o del elemento de manera que la anchura y la altura coincide con el ancho y el alto de la etiqueta (de la hoja en el caso de un elemento de p\u00e1gina).<\/li>\r\n<\/ul>\r\n<\/div>\n<\/div>\n","protected":false},"excerpt":{"rendered":"<p>Esta p\u00e1gina hace referencia a Labeljoy 5, que no es nuestra \u00faltima versi\u00f3n. Actualice a Labeljoy 6 para obtener la \u00faltima versi\u00f3n del software con todas sus incre\u00edbles caracter\u00edsticas, o si ya es usuario, visite la gu\u00eda del usuario de Labeljoy 6.<\/p>\n","protected":false},"author":8,"featured_media":0,"parent":21680,"menu_order":0,"comment_status":"open","ping_status":"closed","template":"page-template-left-sidebar.php","meta":{"inline_featured_image":false,"_monsterinsights_skip_tracking":false,"_monsterinsights_sitenote_active":false,"_monsterinsights_sitenote_note":"","_monsterinsights_sitenote_category":0,"footnotes":""},"class_list":{"0":"post-22201","1":"page","2":"type-page","3":"status-publish","5":"infinite-scroll-item"},"aioseo_notices":[],"_links":{"self":[{"href":"https:\/\/www.labeljoy.com\/es\/wp-json\/wp\/v2\/pages\/22201","targetHints":{"allow":["GET"]}}],"collection":[{"href":"https:\/\/www.labeljoy.com\/es\/wp-json\/wp\/v2\/pages"}],"about":[{"href":"https:\/\/www.labeljoy.com\/es\/wp-json\/wp\/v2\/types\/page"}],"author":[{"embeddable":true,"href":"https:\/\/www.labeljoy.com\/es\/wp-json\/wp\/v2\/users\/8"}],"replies":[{"embeddable":true,"href":"https:\/\/www.labeljoy.com\/es\/wp-json\/wp\/v2\/comments?post=22201"}],"version-history":[{"count":3,"href":"https:\/\/www.labeljoy.com\/es\/wp-json\/wp\/v2\/pages\/22201\/revisions"}],"predecessor-version":[{"id":22251,"href":"https:\/\/www.labeljoy.com\/es\/wp-json\/wp\/v2\/pages\/22201\/revisions\/22251"}],"up":[{"embeddable":true,"href":"https:\/\/www.labeljoy.com\/es\/wp-json\/wp\/v2\/pages\/21680"}],"wp:attachment":[{"href":"https:\/\/www.labeljoy.com\/es\/wp-json\/wp\/v2\/media?parent=22201"}],"curies":[{"name":"wp","href":"https:\/\/api.w.org\/{rel}","templated":true}]}}