{"id":22202,"date":"2014-11-20T11:44:06","date_gmt":"2014-11-20T11:44:06","guid":{"rendered":"http:\/\/www.labeljoy.com\/ayuda\/copying-and-pasting-elements\/"},"modified":"2015-01-22T11:10:13","modified_gmt":"2015-01-22T11:10:13","slug":"copiar-y-pegar-los-elementos","status":"publish","type":"page","link":"https:\/\/www.labeljoy.com\/es\/ayuda\/copiar-y-pegar-los-elementos\/","title":{"rendered":"Copiar y pegar los elementos"},"content":{"rendered":"<div data-partent=\"19635\" class=\"callout callout-warning\">\n<h4>Esta p\u00e1gina hace referencia a Labeljoy 5, que no es nuestra \u00faltima versi\u00f3n.<\/h4>\n<p><a href=\"\/es\/comprar\/\">Actualice a Labeljoy 6<\/a> para obtener la \u00faltima versi\u00f3n del software con todas sus incre\u00edbles caracter\u00edsticas, o si ya es usuario, visite la <a href=\"\/es\/ayuda-lj6\/\">gu\u00eda del usuario de Labeljoy 6<\/a>.<\/p>\n<\/div>\n<div id=\"help-guide\">\n\r\n<p class=\"title\">copiar y pegar los elementos<\/p>\r\n<p class=\"body\">En caso de que necesite para <strong>crear copias<\/strong> de un elemento de etiqueta o p\u00e1gina, se puede llegar a este objetivo a trav\u00e9s la funci\u00f3n <i>Copiar\/Pegar<\/i>.<\/p>\r\n<table width=\"100%\">\r\n  <tr valign=\"top\">\r\n    <td><p class=\"body\"><img src=\"http:\/\/www.labeljoy.com\/user-guide-files\/es\/2320_001.png\" align=\"left\" style=\"margin: 0px 24px 4px 0px\">Para crear una copia de un elemento proceda de la siguiente manera:<\/p>\r\n      <ol>\r\n        <li class=\"body\">Seleccione los <strong>elementos que desea copiar<\/strong>.<\/li>\r\n        <li class=\"body\">Visualice <strong>el men\u00fa de configuraci\u00f3n elementos<\/strong>, haga clic con el bot\u00f3n derecho del rat\u00f3n sobre el elemento seleccionado o haga clic en el icono <a href=\"http:\/\/www.labeljoy.com\/es\/ayuda\/elemento\/\">configuraci\u00f3n elemento<\/a>.<\/li>\r\n        <li class=\"body\">Seleccione la opci\u00f3n <i>Copiar<\/i> para <strong>almacenar los elementos de origen<\/strong> de los cuales se tiene la intenci\u00f3n de crear la copia.<\/li>\r\n        <li class=\"body\">Visualice de nuevo el men\u00fa Configuraci\u00f3n elemento.<\/li>\r\n        <li class=\"body\">Seleccione la opci\u00f3n <i>Pegar<\/i>. En este punto se agregar\u00e1 <strong>una copia id\u00e9ntica de los elementos<\/strong> de origen.<\/li>\r\n      <\/ol>\r\n      <p class=\"body\">La opci\u00f3n <i>Pegar<\/i> aparece tambi\u00e9n en el men\u00fa de de configuraci\u00f3n <a href=\"http:\/\/www.labeljoy.com\/es\/ayuda\/configuracion-grupo\/\">grupo<\/a> para facilitar la <strong>copia entre diferentes grupos <\/strong>o si el grupo de destino no contiene ning\u00fan elemento.<\/p>\r\n      <p class=\"note\"><strong>Nota<\/strong><br>\r\n        La creaci\u00f3n de copias de elementos es posible s\u00f3lo cuando son compatibles los contextos de origen y de destino. Por ejemplo, puede copiar un elemento p\u00e1gina en la hoja, pero no dentro de una etiqueta porque un elemento de p\u00e1gina no puede pertenecer a una etiqueta. Al contrario, se puede crear copias de elementos de la etiqueta, <strong>incluso entre grupos de diferentes etiquetas<\/strong>, pero no copiar un elemento etiqueta en la hoja.<\/p><\/td>\r\n  <\/tr>\r\n<\/table>\r\n<\/div>\n<\/div>\n","protected":false},"excerpt":{"rendered":"<p>Esta p\u00e1gina hace referencia a Labeljoy 5, que no es nuestra \u00faltima versi\u00f3n. Actualice a Labeljoy 6 para obtener la \u00faltima versi\u00f3n del software con todas sus incre\u00edbles caracter\u00edsticas, o si ya es usuario, visite la gu\u00eda del usuario de Labeljoy 6.<\/p>\n","protected":false},"author":8,"featured_media":0,"parent":21680,"menu_order":0,"comment_status":"open","ping_status":"closed","template":"page-template-left-sidebar.php","meta":{"inline_featured_image":false,"_monsterinsights_skip_tracking":false,"_monsterinsights_sitenote_active":false,"_monsterinsights_sitenote_note":"","_monsterinsights_sitenote_category":0,"footnotes":""},"class_list":{"0":"post-22202","1":"page","2":"type-page","3":"status-publish","5":"infinite-scroll-item"},"aioseo_notices":[],"_links":{"self":[{"href":"https:\/\/www.labeljoy.com\/es\/wp-json\/wp\/v2\/pages\/22202","targetHints":{"allow":["GET"]}}],"collection":[{"href":"https:\/\/www.labeljoy.com\/es\/wp-json\/wp\/v2\/pages"}],"about":[{"href":"https:\/\/www.labeljoy.com\/es\/wp-json\/wp\/v2\/types\/page"}],"author":[{"embeddable":true,"href":"https:\/\/www.labeljoy.com\/es\/wp-json\/wp\/v2\/users\/8"}],"replies":[{"embeddable":true,"href":"https:\/\/www.labeljoy.com\/es\/wp-json\/wp\/v2\/comments?post=22202"}],"version-history":[{"count":3,"href":"https:\/\/www.labeljoy.com\/es\/wp-json\/wp\/v2\/pages\/22202\/revisions"}],"predecessor-version":[{"id":22247,"href":"https:\/\/www.labeljoy.com\/es\/wp-json\/wp\/v2\/pages\/22202\/revisions\/22247"}],"up":[{"embeddable":true,"href":"https:\/\/www.labeljoy.com\/es\/wp-json\/wp\/v2\/pages\/21680"}],"wp:attachment":[{"href":"https:\/\/www.labeljoy.com\/es\/wp-json\/wp\/v2\/media?parent=22202"}],"curies":[{"name":"wp","href":"https:\/\/api.w.org\/{rel}","templated":true}]}}