{"id":22203,"date":"2014-11-20T13:18:37","date_gmt":"2014-11-20T13:18:37","guid":{"rendered":"http:\/\/www.labeljoy.com\/ayuda\/setting-visualization-priority\/"},"modified":"2015-01-22T11:11:20","modified_gmt":"2015-01-22T11:11:20","slug":"establecer-el-orden-de-visualizacion","status":"publish","type":"page","link":"https:\/\/www.labeljoy.com\/es\/ayuda\/establecer-el-orden-de-visualizacion\/","title":{"rendered":"Establecer el orden de visualizaci\u00f3n"},"content":{"rendered":"<div data-partent=\"19635\" class=\"callout callout-warning\">\n<h4>Esta p\u00e1gina hace referencia a Labeljoy 5, que no es nuestra \u00faltima versi\u00f3n.<\/h4>\n<p><a href=\"\/es\/comprar\/\">Actualice a Labeljoy 6<\/a> para obtener la \u00faltima versi\u00f3n del software con todas sus incre\u00edbles caracter\u00edsticas, o si ya es usuario, visite la <a href=\"\/es\/ayuda-lj6\/\">gu\u00eda del usuario de Labeljoy 6<\/a>.<\/p>\n<\/div>\n<div id=\"help-guide\">\n\r\n<p class=\"title\">establecer el orden de visualizaci\u00f3n<\/p>\r\n<p class=\"body\">Cuando hay elementos que se <strong>superponen<\/strong>, aunque sea parcialmente, se puede elegir el <strong>orden de visualizaci\u00f3n<\/strong> mediante el uso de dos comandos que se encuentran dentro del men\u00fa de <a href=\"http:\/\/www.labeljoy.com\/es\/ayuda\/elemento\/\">Configuraci\u00f3n elemento<\/a>.<\/p>\r\n<p class=\"body\">El cambio del orden de visualizaci\u00f3n permite definir <strong>el orden en que se visualizan los elementos<\/strong>. Si, por ejemplo, dos elementos de texto se superponen parcialmente, ser\u00e1 posible decidir <strong>cu\u00e1l de los dos elementos tendr\u00e1 prioridad<\/strong> en la zona de solapamiento, por lo que es completamente visible en detrimento del segundo elemento.<\/p>\r\n<table width=\"100%\">\r\n  <tr valign=\"top\">\r\n    <td><p class=\"body\"><img src=\"http:\/\/www.labeljoy.com\/user-guide-files\/es\/2340_001.png\" align=\"left\" style=\"margin: 0px 24px 4px 0px\">Para cambiar el orden de presentaci\u00f3n hacer los siguientes pasos:<\/p>\r\n      <ol>\r\n        <li class=\"body\">Seleccione el elemento para el que se desea cambiar el orden de visualizaci\u00f3n.<\/li>\r\n        <li class=\"body\">Visualice el men\u00fa de <i>Configuraci\u00f3n elemento<\/i>, o utilice los botones situados en la <a href=\"http:\/\/www.labeljoy.com\/es\/ayuda\/la-barra-de-herramientas\/\">barra de herramientas<\/a>.<\/li>\r\n        <li class=\"body\">Seleccione la opci\u00f3n <i>Traer al frente<\/i> para dar una mayor prioridad al elemento o seleccione <i>Enviar al fondo<\/i> para dar menor prioridad al elemento.<\/li>\r\n      <\/ol>      <\/td>\r\n  <\/tr>\r\n  <tr valign=\"top\">\r\n    <td><p class=\"note\"><img src=\"http:\/\/www.labeljoy.com\/user-guide-files\/es\/2340_002.png\" align=\"left\" style=\"margin: 0px 24px 4px 0px\"><strong>Nota<\/strong><br>\r\n        Los elementos de la p\u00e1gina normalmente tienen <strong>mayor prioridad<\/strong> que los elementos de la etiqueta. La prioridad de los elementos p\u00e1gina se modifica en relaci\u00f3n con los otros elementos p\u00e1gina. Si se desea que un elemento p\u00e1gina se coloque detr\u00e1s de los elementos de etiqueta establezca la opci\u00f3n <i>Atr\u00e1s las Etiquetas<\/i> en la ficha <i>Paginaci\u00f3n<\/i> de la ventana de propiedades del elemento p\u00e1gina.<\/p><\/td>\r\n  <\/tr>\r\n<\/table>\r\n<\/div>\n<\/div>\n","protected":false},"excerpt":{"rendered":"<p>Esta p\u00e1gina hace referencia a Labeljoy 5, que no es nuestra \u00faltima versi\u00f3n. Actualice a Labeljoy 6 para obtener la \u00faltima versi\u00f3n del software con todas sus incre\u00edbles caracter\u00edsticas, o si ya es usuario, visite la gu\u00eda del usuario de Labeljoy 6.<\/p>\n","protected":false},"author":8,"featured_media":0,"parent":21680,"menu_order":0,"comment_status":"open","ping_status":"closed","template":"page-template-left-sidebar.php","meta":{"inline_featured_image":false,"_monsterinsights_skip_tracking":false,"_monsterinsights_sitenote_active":false,"_monsterinsights_sitenote_note":"","_monsterinsights_sitenote_category":0,"footnotes":""},"class_list":{"0":"post-22203","1":"page","2":"type-page","3":"status-publish","5":"infinite-scroll-item"},"aioseo_notices":[],"_links":{"self":[{"href":"https:\/\/www.labeljoy.com\/es\/wp-json\/wp\/v2\/pages\/22203","targetHints":{"allow":["GET"]}}],"collection":[{"href":"https:\/\/www.labeljoy.com\/es\/wp-json\/wp\/v2\/pages"}],"about":[{"href":"https:\/\/www.labeljoy.com\/es\/wp-json\/wp\/v2\/types\/page"}],"author":[{"embeddable":true,"href":"https:\/\/www.labeljoy.com\/es\/wp-json\/wp\/v2\/users\/8"}],"replies":[{"embeddable":true,"href":"https:\/\/www.labeljoy.com\/es\/wp-json\/wp\/v2\/comments?post=22203"}],"version-history":[{"count":3,"href":"https:\/\/www.labeljoy.com\/es\/wp-json\/wp\/v2\/pages\/22203\/revisions"}],"predecessor-version":[{"id":22250,"href":"https:\/\/www.labeljoy.com\/es\/wp-json\/wp\/v2\/pages\/22203\/revisions\/22250"}],"up":[{"embeddable":true,"href":"https:\/\/www.labeljoy.com\/es\/wp-json\/wp\/v2\/pages\/21680"}],"wp:attachment":[{"href":"https:\/\/www.labeljoy.com\/es\/wp-json\/wp\/v2\/media?parent=22203"}],"curies":[{"name":"wp","href":"https:\/\/api.w.org\/{rel}","templated":true}]}}