{"id":22204,"date":"2014-11-20T13:21:32","date_gmt":"2014-11-20T13:21:32","guid":{"rendered":"http:\/\/www.labeljoy.com\/ayuda\/automatic-layout-partitioning\/"},"modified":"2015-01-22T11:03:52","modified_gmt":"2015-01-22T11:03:52","slug":"dividir-un-layout","status":"publish","type":"page","link":"https:\/\/www.labeljoy.com\/es\/ayuda\/dividir-un-layout\/","title":{"rendered":"Dividir un layout"},"content":{"rendered":"<div data-partent=\"19635\" class=\"callout callout-warning\">\n<h4>Esta p\u00e1gina hace referencia a Labeljoy 5, que no es nuestra \u00faltima versi\u00f3n.<\/h4>\n<p><a href=\"\/es\/comprar\/\">Actualice a Labeljoy 6<\/a> para obtener la \u00faltima versi\u00f3n del software con todas sus incre\u00edbles caracter\u00edsticas, o si ya es usuario, visite la <a href=\"\/es\/ayuda-lj6\/\">gu\u00eda del usuario de Labeljoy 6<\/a>.<\/p>\n<\/div>\n<div id=\"help-guide\">\n\r\n<p class=\"title\">dividir un layout<\/p>\r\n<p class=\"body\">La ventana de <a href=\"http:\/\/www.labeljoy.com\/es\/ayuda\/establecer-el-layout\/\">Layout (distribuci\u00f3n)<\/a> permite <strong>dividir verticalmente un layout en dos partes<\/strong>.<\/p>\r\n<p class=\"body\">Esta funcionalidad permite superar el obst\u00e1culo impuesto por los <strong>l\u00edmites f\u00edsicos de la impresora<\/strong> que, debido a la <strong>imposibilidad de manejar la parte final de la hoja en los rodillos<\/strong>, no es capaz de <strong>aprovechar al m\u00e1ximo la superficie<\/strong> de este \u00faltimo. En el caso de la impresi\u00f3n de etiquetas, esto puede resultar <strong>en una p\u00e9rdida considerable de material<\/strong>.<\/p>\r\n<p class=\"body\">La soluci\u00f3n a este problema es <strong>utilizar las hojas de etiquetas 2 veces<\/strong>: la primera vez imprimiendo <strong>la mitad superior de la hoja<\/strong>, la segunda vez imprimiendo de nuevo la hoja <strong>girada a 180\u00b0<\/strong>. De esta manera, la impresi\u00f3n estar\u00e1 <strong>siempre en la zona superior<\/strong> y sin problemas de la gesti\u00f3n de la hoja.<\/p>\r\n<p class=\"body\">En estos casos, por lo tanto, es necesario instruir Labeljoy para que utilice <strong>s\u00f3lo la mitad superior de la hoja<\/strong>. Esto se logra mediante el establecimiento <strong>de un n\u00famero de filas menor al real<\/strong> y <strong>compensando el margen inferior <\/strong>de modo que la altura de la etiqueta se mantenga sin cambios.<\/p>\r\n<p class=\"body\">Labeljoy ofrece una <strong>funci\u00f3n que automatiza el c\u00e1lculo<\/strong>. Una vez que haya establecido el layout para reflejar la hoja a utilizar, haciendo clic con <strong>el bot\u00f3n izquierdo del rat\u00f3n<\/strong> en el panel de vista previa a la derecha se obtiene una distribuci\u00f3n de layout que incluye las l\u00edneas resaltadas en ese momento.<\/p>\r\n<p class=\"body\">Para volver a la <strong>configuraci\u00f3n anterior<\/strong> (la \u00faltima <i>aplicada<\/i>), <strong>haga clic con el bot\u00f3n derecho del rat\u00f3n <\/strong>sobre la vista previa.<\/p>\r\n<\/div>\n<\/div>\n","protected":false},"excerpt":{"rendered":"<p>Esta p\u00e1gina hace referencia a Labeljoy 5, que no es nuestra \u00faltima versi\u00f3n. Actualice a Labeljoy 6 para obtener la \u00faltima versi\u00f3n del software con todas sus incre\u00edbles caracter\u00edsticas, o si ya es usuario, visite la gu\u00eda del usuario de Labeljoy 6.<\/p>\n","protected":false},"author":8,"featured_media":0,"parent":21680,"menu_order":0,"comment_status":"open","ping_status":"closed","template":"page-template-left-sidebar.php","meta":{"inline_featured_image":false,"_monsterinsights_skip_tracking":false,"_monsterinsights_sitenote_active":false,"_monsterinsights_sitenote_note":"","_monsterinsights_sitenote_category":0,"footnotes":""},"class_list":{"0":"post-22204","1":"page","2":"type-page","3":"status-publish","5":"infinite-scroll-item"},"aioseo_notices":[],"_links":{"self":[{"href":"https:\/\/www.labeljoy.com\/es\/wp-json\/wp\/v2\/pages\/22204","targetHints":{"allow":["GET"]}}],"collection":[{"href":"https:\/\/www.labeljoy.com\/es\/wp-json\/wp\/v2\/pages"}],"about":[{"href":"https:\/\/www.labeljoy.com\/es\/wp-json\/wp\/v2\/types\/page"}],"author":[{"embeddable":true,"href":"https:\/\/www.labeljoy.com\/es\/wp-json\/wp\/v2\/users\/8"}],"replies":[{"embeddable":true,"href":"https:\/\/www.labeljoy.com\/es\/wp-json\/wp\/v2\/comments?post=22204"}],"version-history":[{"count":3,"href":"https:\/\/www.labeljoy.com\/es\/wp-json\/wp\/v2\/pages\/22204\/revisions"}],"predecessor-version":[{"id":22242,"href":"https:\/\/www.labeljoy.com\/es\/wp-json\/wp\/v2\/pages\/22204\/revisions\/22242"}],"up":[{"embeddable":true,"href":"https:\/\/www.labeljoy.com\/es\/wp-json\/wp\/v2\/pages\/21680"}],"wp:attachment":[{"href":"https:\/\/www.labeljoy.com\/es\/wp-json\/wp\/v2\/media?parent=22204"}],"curies":[{"name":"wp","href":"https:\/\/api.w.org\/{rel}","templated":true}]}}