{"id":22205,"date":"2014-11-20T13:19:30","date_gmt":"2014-11-20T13:19:30","guid":{"rendered":"http:\/\/www.labeljoy.com\/ayuda\/setting-the-print-start-position\/"},"modified":"2015-01-22T09:50:00","modified_gmt":"2015-01-22T09:50:00","slug":"ajustar-la-posicion-de-inicio-de-impresion","status":"publish","type":"page","link":"https:\/\/www.labeljoy.com\/es\/ayuda\/ajustar-la-posicion-de-inicio-de-impresion\/","title":{"rendered":"Ajustar la posici\u00f3n de inicio de impresi\u00f3n"},"content":{"rendered":"<div data-partent=\"19635\" class=\"callout callout-warning\">\n<h4>Esta p\u00e1gina hace referencia a Labeljoy 5, que no es nuestra \u00faltima versi\u00f3n.<\/h4>\n<p><a href=\"\/es\/comprar\/\">Actualice a Labeljoy 6<\/a> para obtener la \u00faltima versi\u00f3n del software con todas sus incre\u00edbles caracter\u00edsticas, o si ya es usuario, visite la <a href=\"\/es\/ayuda-lj6\/\">gu\u00eda del usuario de Labeljoy 6<\/a>.<\/p>\n<\/div>\n<link rel=\"stylesheet\" href=\"http:\/\/www.labeljoy.com\/user-guide-files\/en\/styles.css\" type=\"text\/css\" media=\"all\" \/>\n<div id=\"help-guide\">\n\r\n<p class=\"title\">ajustar la posici\u00f3n de inicio de impresi\u00f3n<\/p>\r\n<p class=\"body\">Labeljoy permite imprimir los proyectos con <strong>hojas de etiquetas parcialmente utilizadas<\/strong>. No es raro que se al final de un trabajo de impresi\u00f3n se imprima la \u00faltima hoja s\u00f3lo <strong>parcialmente<\/strong>. Para evitar el <strong>desperdicio<\/strong>, Labeljoy permite iniciar una nueva impresi\u00f3n utilizando <strong>como primera p\u00e1gina<\/strong> una hoja de etiquetas ya utilizada parcialmente.<\/p>\r\n<table width=\"100%\">\r\n  <tr valign=\"top\">\r\n    <td><p class=\"body\"><img src=\"http:\/\/www.labeljoy.com\/user-guide-files\/es\/2380_001.png\" align=\"left\" style=\"margin: 0px 24px 4px 0px\">Es posible definir <strong>las coordenadas del inicio impresi\u00f3n<\/strong> utilizando el bot\u00f3n correspondiente en la <a href=\"http:\/\/www.labeljoy.com\/es\/ayuda\/la-barra-de-herramientas\/\">barra de herramientas<\/a>.<\/p><\/td>\r\n  <\/tr>\r\n  <tr valign=\"top\">\r\n    <td><p class=\"body\"><img src=\"http:\/\/www.labeljoy.com\/user-guide-files\/es\/2380_002.png\" align=\"left\" style=\"margin: 0px 24px 4px 0px\">O a trav\u00e9s de las configuraciones en ficha <a href=\"http:\/\/www.labeljoy.com\/es\/ayuda\/impresion\/\">Imprimir<\/a>, en la ventana <a href=\"http:\/\/www.labeljoy.com\/es\/ayuda\/opciones\/\">Opciones.<\/a><\/p><\/td>\r\n  <\/tr>\r\n<\/table>\r\n<p class=\"body\">Tambi\u00e9n se puede <strong>utilizar el rat\u00f3n para una configuraci\u00f3n muy r\u00e1pida<\/strong>.<br>\r\n  Para ajustar la posici\u00f3n de inicio de impresi\u00f3n con el rat\u00f3n, haga lo siguiente: para mayor facilidad, establezca el zoom a P\u00e1gina completa.<br>\r\n  Pulse y mantenga pulsadas las teclas SHIFT, CTRL y ALT. Haga clic en la posici\u00f3n del papel en la que se desea iniciar la impresi\u00f3n. En este punto, si ha hecho clic en una posici\u00f3n diferente de la fila 1 - columna 1, Labeljoy borrar\u00e1 todas las posiciones anteriores a la seleccionada moviendo (offset) todas las etiquetas seleccionadas hacia la parte inferior. <\/p>\r\n<\/div>\n<\/div>\n","protected":false},"excerpt":{"rendered":"<p>Esta p\u00e1gina hace referencia a Labeljoy 5, que no es nuestra \u00faltima versi\u00f3n. Actualice a Labeljoy 6 para obtener la \u00faltima versi\u00f3n del software con todas sus incre\u00edbles caracter\u00edsticas, o si ya es usuario, visite la gu\u00eda del usuario de Labeljoy 6.<\/p>\n","protected":false},"author":8,"featured_media":0,"parent":21680,"menu_order":0,"comment_status":"open","ping_status":"closed","template":"page-template-left-sidebar.php","meta":{"inline_featured_image":false,"_monsterinsights_skip_tracking":false,"_monsterinsights_sitenote_active":false,"_monsterinsights_sitenote_note":"","_monsterinsights_sitenote_category":0,"footnotes":""},"class_list":{"0":"post-22205","1":"page","2":"type-page","3":"status-publish","5":"infinite-scroll-item"},"aioseo_notices":[],"_links":{"self":[{"href":"https:\/\/www.labeljoy.com\/es\/wp-json\/wp\/v2\/pages\/22205","targetHints":{"allow":["GET"]}}],"collection":[{"href":"https:\/\/www.labeljoy.com\/es\/wp-json\/wp\/v2\/pages"}],"about":[{"href":"https:\/\/www.labeljoy.com\/es\/wp-json\/wp\/v2\/types\/page"}],"author":[{"embeddable":true,"href":"https:\/\/www.labeljoy.com\/es\/wp-json\/wp\/v2\/users\/8"}],"replies":[{"embeddable":true,"href":"https:\/\/www.labeljoy.com\/es\/wp-json\/wp\/v2\/comments?post=22205"}],"version-history":[{"count":2,"href":"https:\/\/www.labeljoy.com\/es\/wp-json\/wp\/v2\/pages\/22205\/revisions"}],"predecessor-version":[{"id":22236,"href":"https:\/\/www.labeljoy.com\/es\/wp-json\/wp\/v2\/pages\/22205\/revisions\/22236"}],"up":[{"embeddable":true,"href":"https:\/\/www.labeljoy.com\/es\/wp-json\/wp\/v2\/pages\/21680"}],"wp:attachment":[{"href":"https:\/\/www.labeljoy.com\/es\/wp-json\/wp\/v2\/media?parent=22205"}],"curies":[{"name":"wp","href":"https:\/\/api.w.org\/{rel}","templated":true}]}}