{"id":22206,"date":"2014-11-20T13:20:33","date_gmt":"2014-11-20T13:20:33","guid":{"rendered":"http:\/\/www.labeljoy.com\/ayuda\/working-with-images\/"},"modified":"2015-01-22T11:09:06","modified_gmt":"2015-01-22T11:09:06","slug":"configurar-una-imagen","status":"publish","type":"page","link":"https:\/\/www.labeljoy.com\/es\/ayuda\/configurar-una-imagen\/","title":{"rendered":"Configurar una imagen"},"content":{"rendered":"<div data-partent=\"19635\" class=\"callout callout-warning\">\n<h4>Esta p\u00e1gina hace referencia a Labeljoy 5, que no es nuestra \u00faltima versi\u00f3n.<\/h4>\n<p><a href=\"\/es\/comprar\/\">Actualice a Labeljoy 6<\/a> para obtener la \u00faltima versi\u00f3n del software con todas sus incre\u00edbles caracter\u00edsticas, o si ya es usuario, visite la <a href=\"\/es\/ayuda-lj6\/\">gu\u00eda del usuario de Labeljoy 6<\/a>.<\/p>\n<\/div>\n<div id=\"help-guide\">\n\r\n<p class=\"title\">configurar una imagen<\/p>\r\n<p class=\"body\">En la ventana de propiedad <a href=\"http:\/\/www.labeljoy.com\/es\/ayuda\/configurar-un-elemento-grafico\/\">Gr\u00e1fica<\/a>, <a href=\"http:\/\/www.labeljoy.com\/es\/ayuda\/establecer-el-layout\/\">Layout<\/a>, y <a href=\"http:\/\/www.labeljoy.com\/es\/ayuda\/configurar-un-elemento-de-pagina\/\">elemento p\u00e1gina<\/a> hay una ficha <i>Imagen<\/i> a trav\u00e9s del cual se puede <strong>cargar una imagen<\/strong>.<\/p>\r\n<table width=\"100%\">\r\n  <tr valign=\"top\">\r\n    <td><p class=\"body\"><img src=\"http:\/\/www.labeljoy.com\/user-guide-files\/es\/2120_001.png\" align=\"left\" style=\"margin: 0px 24px 4px 0px\">La configuraci\u00f3n de la imagen se realiza a trav\u00e9s de una pantalla que tiene los siguientes controles:<\/p>\r\n      <ul>\r\n        <li class=\"body\"><img src=\"http:\/\/www.labeljoy.com\/user-guide-files\/es\/2400_001.png\" style=\"margin: 0px 4px 0px 0px\"><strong>Campo<\/strong>: bot\u00f3n para el enlace de la imagen a un campo del origen de datos (si existe).<\/li>\r\n        <li class=\"body\"><img src=\"http:\/\/www.labeljoy.com\/user-guide-files\/es\/2400_002.png\" style=\"margin: 0px 4px 0px 0px\"><strong>Archivo<\/strong>: bot\u00f3n para visualizar una ventana de di\u00e1logo est\u00e1ndar para la selecci\u00f3n de un archivo imagen.<\/li>\r\n        <li class=\"body\"><img src=\"http:\/\/www.labeljoy.com\/user-guide-files\/es\/2400_003.png\" style=\"margin: 0px 4px 0px 0px\"><strong>Scanner<\/strong>: bot\u00f3n para importar una imagen desde una fuente TWAIN (esc\u00e1neres, c\u00e1maras, etc.). La importaci\u00f3n desde el esc\u00e1ner se gestiona a trav\u00e9s los programas del dispositivo seleccionado.<\/li>\r\n        <li class=\"body\"><img src=\"http:\/\/www.labeljoy.com\/user-guide-files\/es\/2400_004.png\" style=\"margin: 0px 4px 0px 0px\"><strong>Clipart<\/strong>: bot\u00f3n para acceder a la pantalla de selecci\u00f3n de <a href=\"http:\/\/www.labeljoy.com\/es\/ayuda\/utilizar-clipart\/\">Clipart<\/a> (no disponible en la versi\u00f3n <em>Light<\/em>).<\/li>\r\n        <li class=\"body\"><img src=\"http:\/\/www.labeljoy.com\/user-guide-files\/es\/2400_005.png\" style=\"margin: 0px 4px 0px 0px\"><strong>Remover<\/strong>: bot\u00f3n para borrar la imagen seleccionada.<\/li>\r\n        <li class=\"body\"><strong>Zoom<\/strong>: cuadro combinado para seleccionar el m\u00e9todo de ajuste del tama\u00f1o de la imagen al tama\u00f1o del elemento que lo contiene:\r\n          <ul>\r\n            <li><i class=\"body\">(Ninguno)<\/i>: no hay zoom, la imagen se muestra en su tama\u00f1o original.<\/li>\r\n            <li><i class=\"body\">Proporcional<\/i>: agranda la imagen hasta el m\u00e1ximo dentro del elemento mientras se mantiene la proporci\u00f3n del aspecto original.<\/li>\r\n            <li><i class=\"body\">Estirar<\/i>: la imagen se dispone en el elemento utilizando todo el espacio disponible sin mantener la proporci\u00f3n original.<\/li>\r\n          <\/ul>\r\n        <\/li>\r\n        <li class=\"body\"><strong>Alineaci\u00f3n<\/strong>: cuadro combinado para definir la alineaci\u00f3n de la imagen dentro del rect\u00e1ngulo de pertenencia. Esta opci\u00f3n est\u00e1 desactivada si la selecci\u00f3n del zoom es <i>Esteso<\/i>.<\/li>\r\n      \r\n        <li class=\"body\"><strong>Ajustes RGB<\/strong> : Hay 5 controles para el ajuste de los atributos RGB:<\/li>\r\n        <ul type=circle>\r\n          <li class=\"body\"><img src=\"http:\/\/www.labeljoy.com\/user-guide-files\/es\/2400_006.png\" style=\"margin: 0px 4px 0px 0px\">Cantidad de rojo<\/li>\r\n          <li class=\"body\"><img src=\"http:\/\/www.labeljoy.com\/user-guide-files\/es\/2400_007.png\" style=\"margin: 0px 4px 0px 0px\">Cantidad de verde<\/li>\r\n          <li class=\"body\"><img src=\"http:\/\/www.labeljoy.com\/user-guide-files\/es\/2400_008.png\" style=\"margin: 0px 4px 0px 0px\">Cantidad de azul<\/li>\r\n          <li class=\"body\"><img src=\"http:\/\/www.labeljoy.com\/user-guide-files\/es\/2400_009.png\" style=\"margin: 0px 4px 0px 0px\">Transparencia de la imagen (<em>Alpha)<\/em>.<\/li>\r\n          <li class=\"body\"><img src=\"http:\/\/www.labeljoy.com\/user-guide-files\/es\/2400_010.png\" style=\"margin: 0px 4px 0px 0px\">Intensidad del color (<i>Gamma)<\/i><\/li>\r\n        <\/ul>\r\n        <li class=\"body\"><strong>Interpolaci\u00f3n<\/strong>: modo de reproducci\u00f3n de la imagen, es decir, la definici\u00f3n de la calidad con la que se \u0093dibuja\u0094 la imagen. Los valores son:<\/li>\r\n        <ul type=circle>\r\n          <li class=\"body\"><i>Baja calidad<\/i>: la imagen se reproduce en baja calidad (m\u00e1s r\u00e1pido).<\/li>\r\n          <li class=\"body\"><i>Alta calidad<\/i>: la imagen se reproduce en alta calidad.<\/li>\r\n          <li class=\"body\"><i>Bilineal<\/i>: no se aplica pre-filtros. Este modo no es adecuado si la imagen tiene que ser reducida a menos del 50% del tama\u00f1o original.<\/li>\r\n          <li class=\"body\"><i>Bic\u00fabica<\/i>: no se aplica pre-filtros. Este modo no es adecuado si la imagen debe ser reducido por debajo de 25% del tama\u00f1o original.<\/li>\r\n          <li class=\"body\"><i>Similar (por defecto)<\/i>: interpolaci\u00f3n llamada <em>Nearest-neighbor<\/em> o <em>Jagged<\/em>. Adecuado para im\u00e1genes sin anti-aliasing.<\/li>\r\n          <li class=\"body\"><i>AC bilineal<\/i>: bilineal de alta calidad. Se ejecuta un pre-filtro para garantizar un escalado de alta calidad.<\/li>\r\n          <li class=\"body\"><i>AC bic\u00fabica<\/i>: bicubic de alta calidad. Se ejecuta un pre-filtro para garantizar un escalado de alta calidad. Este modo produce im\u00e1genes redimensionadas con mayor calidad (m\u00e1s lento).<\/li>\r\n        <\/ul>\r\n      <\/ul>      <\/td>\r\n  <\/tr>\r\n<\/table>\r\n<p class=\"note\"><strong>Nota<\/strong><br>\r\n  La aplicaci\u00f3n de un efecto de <strong>transparencia<\/strong>, el <strong>brillo<\/strong> o la <strong>interpolaci\u00f3n<\/strong> puede <strong>reducir el rendimiento del programa<\/strong>, ya que se requiere al procesador un esfuerzo considerable para el procesamiento de las im\u00e1genes.<br>\r\n  Se aconsejable usar cuidadosamente estas caracter\u00edsticas.<\/p>\r\n<\/div>\n<\/div>\n","protected":false},"excerpt":{"rendered":"<p>Esta p\u00e1gina hace referencia a Labeljoy 5, que no es nuestra \u00faltima versi\u00f3n. Actualice a Labeljoy 6 para obtener la \u00faltima versi\u00f3n del software con todas sus incre\u00edbles caracter\u00edsticas, o si ya es usuario, visite la gu\u00eda del usuario de Labeljoy 6.<\/p>\n","protected":false},"author":8,"featured_media":0,"parent":21680,"menu_order":0,"comment_status":"open","ping_status":"closed","template":"page-template-left-sidebar.php","meta":{"inline_featured_image":false,"_monsterinsights_skip_tracking":false,"_monsterinsights_sitenote_active":false,"_monsterinsights_sitenote_note":"","_monsterinsights_sitenote_category":0,"footnotes":""},"class_list":{"0":"post-22206","1":"page","2":"type-page","3":"status-publish","5":"infinite-scroll-item"},"aioseo_notices":[],"_links":{"self":[{"href":"https:\/\/www.labeljoy.com\/es\/wp-json\/wp\/v2\/pages\/22206","targetHints":{"allow":["GET"]}}],"collection":[{"href":"https:\/\/www.labeljoy.com\/es\/wp-json\/wp\/v2\/pages"}],"about":[{"href":"https:\/\/www.labeljoy.com\/es\/wp-json\/wp\/v2\/types\/page"}],"author":[{"embeddable":true,"href":"https:\/\/www.labeljoy.com\/es\/wp-json\/wp\/v2\/users\/8"}],"replies":[{"embeddable":true,"href":"https:\/\/www.labeljoy.com\/es\/wp-json\/wp\/v2\/comments?post=22206"}],"version-history":[{"count":3,"href":"https:\/\/www.labeljoy.com\/es\/wp-json\/wp\/v2\/pages\/22206\/revisions"}],"predecessor-version":[{"id":22246,"href":"https:\/\/www.labeljoy.com\/es\/wp-json\/wp\/v2\/pages\/22206\/revisions\/22246"}],"up":[{"embeddable":true,"href":"https:\/\/www.labeljoy.com\/es\/wp-json\/wp\/v2\/pages\/21680"}],"wp:attachment":[{"href":"https:\/\/www.labeljoy.com\/es\/wp-json\/wp\/v2\/media?parent=22206"}],"curies":[{"name":"wp","href":"https:\/\/api.w.org\/{rel}","templated":true}]}}