{"id":22207,"date":"2014-11-20T13:22:31","date_gmt":"2014-11-20T13:22:31","guid":{"rendered":"http:\/\/www.labeljoy.com\/ayuda\/simultaneous-edits\/"},"modified":"2015-01-22T11:08:16","modified_gmt":"2015-01-22T11:08:16","slug":"cambios-simultaneos","status":"publish","type":"page","link":"https:\/\/www.labeljoy.com\/es\/ayuda\/cambios-simultaneos\/","title":{"rendered":"Cambios simult\u00e1neos"},"content":{"rendered":"<div data-partent=\"19635\" class=\"callout callout-warning\">\n<h4>Esta p\u00e1gina hace referencia a Labeljoy 5, que no es nuestra \u00faltima versi\u00f3n.<\/h4>\n<p><a href=\"\/es\/comprar\/\">Actualice a Labeljoy 6<\/a> para obtener la \u00faltima versi\u00f3n del software con todas sus incre\u00edbles caracter\u00edsticas, o si ya es usuario, visite la <a href=\"\/es\/ayuda-lj6\/\">gu\u00eda del usuario de Labeljoy 6<\/a>.<\/p>\n<\/div>\n<div id=\"help-guide\">\n\r\n<p class=\"title\">cambios simult\u00e1neos<\/p>\r\n<p class=\"body\">Labeljoy permite <strong>cambiar simult\u00e1neamente<\/strong> algunas caracter\u00edsticas comunes de los elementos.<\/p>\r\n<table width=\"100%\">\r\n  <tr valign=\"top\">\r\n    <td><p class=\"body\"><img src=\"http:\/\/www.labeljoy.com\/user-guide-files\/es\/2900_001.png\" align=\"left\" style=\"margin: 0px 24px 4px 0px\">Estas caracter\u00edsticas son:<\/p>\r\n      <ul>\r\n        <li class=\"body\"><strong>Fuente<\/strong><\/li>\r\n        <li class=\"body\"><strong>Color del frente<\/strong><\/li>\r\n        <li class=\"body\"><strong>Color de fondo<\/strong><\/li>\r\n      <\/ul>\r\n      <p class=\"body\">En algunos casos es necesario <strong>establecer las mismas caracter\u00edsticas en m\u00e1s elementos<\/strong> presentes en las etiquetas.<br>\r\n        Tenga en cuenta que puede realizar estos cambios <strong>s\u00f3lo donde se pueden aplicar<\/strong>.<br>\r\n        Por ejemplo, cambiar el car\u00e1cter de un elemento gr\u00e1fico no tendr\u00e1 ning\u00fan efecto, ya que este tipo de elementos no muestra texto.<\/p>\r\n      <p class=\"note\"><strong>Ejemplo<\/strong><br>\r\n        Hay una etiqueta con dos elementos de texto, y se quiere cambiar el tipo de fuente utilizado por ambos, se seleccionar\u00e1n los dos elementos utilizando la <a href=\"http:\/\/www.labeljoy.com\/es\/ayuda\/seleccion-de-elementos\/\">selecci\u00f3n m\u00faltiple<\/a>, y se har\u00e1 clic sobre comando <i>Fuente<\/i> del men\u00fa <i>Editar<\/i>.<br>\r\n        En este punto, seleccione la fuente deseada desde la ventana de selecci\u00f3n.<br>\r\n        Haga clic en <i>OK<\/i> de manera que la fuente se aplique a los dos elementos seleccionados.<\/p><\/td>\r\n  <\/tr>\r\n<\/table>\r\n<\/div>\n<\/div>\n","protected":false},"excerpt":{"rendered":"<p>Esta p\u00e1gina hace referencia a Labeljoy 5, que no es nuestra \u00faltima versi\u00f3n. Actualice a Labeljoy 6 para obtener la \u00faltima versi\u00f3n del software con todas sus incre\u00edbles caracter\u00edsticas, o si ya es usuario, visite la gu\u00eda del usuario de Labeljoy 6.<\/p>\n","protected":false},"author":8,"featured_media":0,"parent":21680,"menu_order":0,"comment_status":"open","ping_status":"closed","template":"page-template-left-sidebar.php","meta":{"inline_featured_image":false,"_monsterinsights_skip_tracking":false,"_monsterinsights_sitenote_active":false,"_monsterinsights_sitenote_note":"","_monsterinsights_sitenote_category":0,"footnotes":""},"class_list":{"0":"post-22207","1":"page","2":"type-page","3":"status-publish","5":"infinite-scroll-item"},"aioseo_notices":[],"_links":{"self":[{"href":"https:\/\/www.labeljoy.com\/es\/wp-json\/wp\/v2\/pages\/22207","targetHints":{"allow":["GET"]}}],"collection":[{"href":"https:\/\/www.labeljoy.com\/es\/wp-json\/wp\/v2\/pages"}],"about":[{"href":"https:\/\/www.labeljoy.com\/es\/wp-json\/wp\/v2\/types\/page"}],"author":[{"embeddable":true,"href":"https:\/\/www.labeljoy.com\/es\/wp-json\/wp\/v2\/users\/8"}],"replies":[{"embeddable":true,"href":"https:\/\/www.labeljoy.com\/es\/wp-json\/wp\/v2\/comments?post=22207"}],"version-history":[{"count":3,"href":"https:\/\/www.labeljoy.com\/es\/wp-json\/wp\/v2\/pages\/22207\/revisions"}],"predecessor-version":[{"id":22245,"href":"https:\/\/www.labeljoy.com\/es\/wp-json\/wp\/v2\/pages\/22207\/revisions\/22245"}],"up":[{"embeddable":true,"href":"https:\/\/www.labeljoy.com\/es\/wp-json\/wp\/v2\/pages\/21680"}],"wp:attachment":[{"href":"https:\/\/www.labeljoy.com\/es\/wp-json\/wp\/v2\/media?parent=22207"}],"curies":[{"name":"wp","href":"https:\/\/api.w.org\/{rel}","templated":true}]}}