{"id":22208,"date":"2014-11-20T13:23:29","date_gmt":"2014-11-20T13:23:29","guid":{"rendered":"http:\/\/www.labeljoy.com\/ayuda\/the-welcome-screen\/"},"modified":"2015-01-22T11:03:01","modified_gmt":"2015-01-22T11:03:01","slug":"la-pantalla-de-bienvenida","status":"publish","type":"page","link":"https:\/\/www.labeljoy.com\/es\/ayuda\/la-pantalla-de-bienvenida\/","title":{"rendered":"La pantalla de bienvenida"},"content":{"rendered":"<div data-partent=\"19635\" class=\"callout callout-warning\">\n<h4>Esta p\u00e1gina hace referencia a Labeljoy 5, que no es nuestra \u00faltima versi\u00f3n.<\/h4>\n<p><a href=\"\/es\/comprar\/\">Actualice a Labeljoy 6<\/a> para obtener la \u00faltima versi\u00f3n del software con todas sus incre\u00edbles caracter\u00edsticas, o si ya es usuario, visite la <a href=\"\/es\/ayuda-lj6\/\">gu\u00eda del usuario de Labeljoy 6<\/a>.<\/p>\n<\/div>\n<link rel=\"stylesheet\" href=\"http:\/\/www.labeljoy.com\/user-guide-files\/en\/styles.css\" type=\"text\/css\" media=\"all\" \/>\n<div id=\"help-guide\">\n\r\n<p class=\"title\">la pantalla de bienvenida<\/p>\r\n<p class=\"body\">Al iniciar Labeljoy se muestra una pantalla de introducci\u00f3n que proporciona un <strong>acceso r\u00e1pido a funciones frecuentemente utilizadas<\/strong>.<br>\r\n  En la parte superior derecha hay un cuadro para <strong>definir el idioma<\/strong> utilizado para la interfaz Labeljoy.<\/p>\r\n<table width=\"100%\">\r\n  <tr valign=\"top\">\r\n    <td><p class=\"body\"><img src=\"http:\/\/www.labeljoy.com\/user-guide-files\/es\/4200_001.png\" align=\"left\" style=\"margin: 0px 24px 4px 0px\"><strong><u>CREAR UN NUEVO PROYECTO<\/u><\/strong> <br>\r\n      La primera secci\u00f3n en la parte superior izquierda permite crear un nuevo proyecto y <strong>acceder<\/strong><strong> directamente a la ventana de definici\u00f3n <a href=\"http:\/\/www.labeljoy.com\/es\/ayuda\/establecer-el-layout\/\">layout<\/a><\/strong>.<br>\r\n        El comando <i>Nuevo proyecto desde un layout existente<\/i> crea un nuevo proyecto y se abre la ventana para configurar el layout en la ficha de <i>B\u00fasqueda layout<\/i> que permite cargar un layout existente desde la biblioteca de Labeljoy.<br>\r\n        El comando <i>Nuevo proyecto desde un layout personalizado<\/i> crea un nuevo proyecto y abre la pesta\u00f1a <i>Personalizar layout<\/i> que permite la definici\u00f3n personalizada de los par\u00e1metros de p\u00e1gina, n\u00famero de etiquetas, espaciamiento, etc.<\/p>\r\n<p class=\"body\"><strong><u>CARGAR UN PROYECTO EXISTENTE<br>\r\n<\/u><\/strong>La secci\u00f3n central de la parte superior permite <a href=\"http:\/\/www.labeljoy.com\/es\/ayuda\/abrir\/\"><strong>cargar<\/strong><\/a><strong> uno de los \u00faltimos archivos utilizados<\/strong>.<br>\r\n      Tambi\u00e9n existe la opci\u00f3n <i>Abrir<\/i> para seleccionar manualmente un archivo a cargar.<\/p>\r\n<p class=\"body\"><strong><u>CARGAR ARCHIVO DE EJEMPLO<br>\r\n<\/u><\/strong>Labeljoy se distribuye con <strong>algunos proyectos<\/strong> de <a href=\"http:\/\/www.labeljoy.com\/es\/ayuda\/los-ejemplos\/\"><strong>ejemplo<\/strong><\/a> de lo que es posible alcanzar y que se pueden utilizar como fuente de nuevos proyectos.<br>\r\n      Existen cuatro opciones, pero es posible cargar archivos adicionales de forma manual haciendo clic en <i>Otros ejemplos...<\/i><\/p>\r\n      <p class=\"note\"><strong>Nota<\/strong><br>\r\n        Si se desea modificar, personalizar y guardar los ejemplos es aconsejable, inmediatamente despu\u00e9s de la apertura, guardarlos con un nuevo nombre, para no sobrescribir el ejemplo original.<\/p>\r\n      <p class=\"body\"><strong><u>V\u00cdNCULO A FUENTE DE DATOS <\/u><\/strong><u><br>\r\n        <\/u>En la parte inferior izquierda se encuentra el comando para iniciar el <a href=\"http:\/\/www.labeljoy.com\/es\/ayuda\/asistente-para-la-conexion-a-una-fuente-de-datos\/\">Asistente de v\u00ednculo a origen de datos<\/a>.<\/p>\r\n      <p class=\"note\"><strong>Nota<\/strong><br>\r\n        La conexi\u00f3n a la fuente de datos s\u00f3lo est\u00e1 disponible en la versi\u00f3n Full o durante el per\u00edodo de prueba.<\/p>\r\n      <p class=\"body\"><u><strong>ACTIVACI\u00d3N<\/strong><br>\r\n        <\/u>Mientras Labeljoy <strong>est\u00e1 en modo demo<\/strong>, en esta secci\u00f3n se visualiza ofreciendo un <strong>r\u00e1pido acceso a la ventana de <a href=\"http:\/\/www.labeljoy.com\/es\/ayuda\/activar-el-programa\/\">activaci\u00f3n<\/a> del programa<\/strong>.<\/p>\r\n      <p class=\"body\"><strong><u>AYUDA<\/u><\/strong><br>\r\n        Enlaces para mostrar los temas de esta gu\u00eda en relaci\u00f3n con <strong>cada una de las \u00e1reas<\/strong> en la ventana de entrada.<\/p>\r\n      <p class=\"body\">Tambi\u00e9n en la parte inferior izquierda hay el cuadro <i>Mostrar al iniciar<\/i>, si est\u00e1 activo, hace que <strong>esta ventana de introducci\u00f3n se abra autom\u00e1ticamente<\/strong> al abrir del programa. Desactive esta casilla para evitar que la pantalla de presentaci\u00f3n se muestre en el inicio.<\/p>\r\n      <p class=\"body\">Por \u00faltimo en la parte inferior derecha hay un control para definir <strong>la unidad de medida en uso en el programa<\/strong>. Se puede cambiar esta configuraci\u00f3n tambi\u00e9n desde la ventana de opciones, en la primera ficha.<\/p>\r\n      <p class=\"note\"><strong>Nota<\/strong><br>\r\n        Desactivando la opci\u00f3n <i>Mostrar al iniciar<\/i> la ventana de bienvenida ya no ser\u00e1 visible de forma autom\u00e1tica. Si se desea que aparezca, seleccionar la opci\u00f3n <i>Introducci\u00f3n <\/i>desde el men\u00fa <a href=\"http:\/\/www.labeljoy.com\/es\/ayuda\/ayuda-icono\/\">Ayuda<\/a>.<\/p><\/td>\r\n  <\/tr>\r\n<\/table>\r\n<\/div>\n<\/div>\n","protected":false},"excerpt":{"rendered":"<p>Esta p\u00e1gina hace referencia a Labeljoy 5, que no es nuestra \u00faltima versi\u00f3n. Actualice a Labeljoy 6 para obtener la \u00faltima versi\u00f3n del software con todas sus incre\u00edbles caracter\u00edsticas, o si ya es usuario, visite la gu\u00eda del usuario de Labeljoy 6.<\/p>\n","protected":false},"author":8,"featured_media":0,"parent":21680,"menu_order":0,"comment_status":"open","ping_status":"closed","template":"page-template-left-sidebar.php","meta":{"inline_featured_image":false,"_monsterinsights_skip_tracking":false,"_monsterinsights_sitenote_active":false,"_monsterinsights_sitenote_note":"","_monsterinsights_sitenote_category":0,"footnotes":""},"class_list":{"0":"post-22208","1":"page","2":"type-page","3":"status-publish","5":"infinite-scroll-item"},"aioseo_notices":[],"_links":{"self":[{"href":"https:\/\/www.labeljoy.com\/es\/wp-json\/wp\/v2\/pages\/22208","targetHints":{"allow":["GET"]}}],"collection":[{"href":"https:\/\/www.labeljoy.com\/es\/wp-json\/wp\/v2\/pages"}],"about":[{"href":"https:\/\/www.labeljoy.com\/es\/wp-json\/wp\/v2\/types\/page"}],"author":[{"embeddable":true,"href":"https:\/\/www.labeljoy.com\/es\/wp-json\/wp\/v2\/users\/8"}],"replies":[{"embeddable":true,"href":"https:\/\/www.labeljoy.com\/es\/wp-json\/wp\/v2\/comments?post=22208"}],"version-history":[{"count":2,"href":"https:\/\/www.labeljoy.com\/es\/wp-json\/wp\/v2\/pages\/22208\/revisions"}],"predecessor-version":[{"id":22239,"href":"https:\/\/www.labeljoy.com\/es\/wp-json\/wp\/v2\/pages\/22208\/revisions\/22239"}],"up":[{"embeddable":true,"href":"https:\/\/www.labeljoy.com\/es\/wp-json\/wp\/v2\/pages\/21680"}],"wp:attachment":[{"href":"https:\/\/www.labeljoy.com\/es\/wp-json\/wp\/v2\/media?parent=22208"}],"curies":[{"name":"wp","href":"https:\/\/api.w.org\/{rel}","templated":true}]}}