{"id":22209,"date":"2014-11-20T13:24:19","date_gmt":"2014-11-20T13:24:19","guid":{"rendered":"http:\/\/www.labeljoy.com\/ayuda\/the-sample-files\/"},"modified":"2015-01-22T09:50:20","modified_gmt":"2015-01-22T09:50:20","slug":"los-ejemplos","status":"publish","type":"page","link":"https:\/\/www.labeljoy.com\/es\/ayuda\/los-ejemplos\/","title":{"rendered":"Los ejemplos"},"content":{"rendered":"<div data-partent=\"19635\" class=\"callout callout-warning\">\n<h4>Esta p\u00e1gina hace referencia a Labeljoy 5, que no es nuestra \u00faltima versi\u00f3n.<\/h4>\n<p><a href=\"\/es\/comprar\/\">Actualice a Labeljoy 6<\/a> para obtener la \u00faltima versi\u00f3n del software con todas sus incre\u00edbles caracter\u00edsticas, o si ya es usuario, visite la <a href=\"\/es\/ayuda-lj6\/\">gu\u00eda del usuario de Labeljoy 6<\/a>.<\/p>\n<\/div>\n<link rel=\"stylesheet\" href=\"http:\/\/www.labeljoy.com\/user-guide-files\/en\/styles.css\" type=\"text\/css\" media=\"all\" \/>\n<div id=\"help-guide\">\n\r\n<p class=\"title\">los ejemplos<\/p>\r\n<p class=\"body\">Labeljoy se distribuye con <strong>16 archivos de ejemplo<\/strong>.<br>\r\n  Cada archivo est\u00e1 dise\u00f1ado para servir como <strong>demostraci\u00f3n de las diversas funciones<\/strong> del programa, as\u00ed como para ser utilizado como<strong> fuente para la creaci\u00f3n de propios proyectos<\/strong>.<\/p>\r\n<p class=\"body\">Los ejemplos se encuentran dentro la carpeta de instalaci\u00f3n del programa, en la carpeta <i>Ejemplos<\/i>.<\/p>\r\n<p class=\"note\"><strong>Nota<\/strong><br>\r\n  La carpeta de destino de los ejemplos podr\u00eda tener un nombre diferente, en funci\u00f3n del <strong>idioma seleccionado durante la instalaci\u00f3n del programa<\/strong>.<\/p>\r\n<p class=\"body\">Los ejemplos son:<\/p>\r\n<ul>\r\n  <li class=\"body\"><strong>Insignia<\/strong>: tarjeta de identificaci\u00f3n empresarial conectada a fuente de datos*.<\/li>\r\n  <li class=\"body\"><strong>C\u00f3digo<\/strong>: simple etiqueta que contiene un c\u00f3digo de barras y un campo de texto.<\/li>\r\n  <li class=\"body\"><strong>Tarjeta comercial<\/strong>: tarjeta de visita cl\u00e1sica para ser impreso en cart\u00f3n.<\/li>\r\n  <li class=\"body\"><strong>Sobres 230x110<\/strong>: sobre el tama\u00f1o de 230 X 110 mm conectado a una fuente de datos* que contiene una lista de direcciones.<\/li>\r\n  <li class=\"body\"><strong>CD<\/strong>: etiqueta que se aplica sobre CD\/DVD con layout redondo y texto circular.<\/li>\r\n  <li class=\"body\"><strong>Etiqueta vinculada<\/strong>: etiqueta comercial conectada a una fuente de datos*.<\/li>\r\n  <li class=\"body\"><strong>Etiqueta simple<\/strong>: etiqueta comercial est\u00e1tica.<\/li>\r\n  <li class=\"body\"><strong>Direcci\u00f3n<\/strong>: etiqueta est\u00e1tica con direcci\u00f3n de env\u00edo.<\/li>\r\n  <li class=\"body\"><strong>Fusionar impresi&oacute;n<\/strong>: carta conectada a fuente de datos* en estilo que contiene texto est\u00e1tico y din\u00e1micos, campos y referencias*.<\/li>\r\n  <li class=\"body\"><strong>Oferta especial<\/strong>: tarjetas de publicidad para imprimir en etiquetas adhesivas o cartulina.<\/li>\r\n  <li class=\"body\"><strong>Peque&ntilde;os precios<\/strong>: tarjeta redonda de publicidad que imprimir en etiquetas adhesivas o cartulina.<\/li>\r\n  <li class=\"body\"><strong>Productos<\/strong>: etiqueta est\u00e1tica de negocio sin c\u00f3digo de barras.<\/li>\r\n  <li class=\"body\"><strong>Tarjeta de negocios de c&oacute;digo QR<\/strong>: tarjeta de visita moderna con un c\u00f3digo QR &#8203;&#8203;que contiene la direcci\u00f3n del correo electr\u00f3nico.<\/li>\r\n  <li class=\"body\"><strong>Oferta de c&oacute;digo QR<\/strong>: oferta &#8203;&#8203;comercial con c\u00f3digo QR que contiene la direcci\u00f3n del correo electr\u00f3nico.<\/li>\r\n  <li class=\"body\"><strong>Informe<\/strong>: reporte que contiene una lista de direcciones.<\/li>\r\n  <li><span class=\"body\"><strong>Tutorial<\/strong>: archivo que contiene informaci\u00f3n sobre algunas de las caracter\u00edsticas avanzadas de Labeljoy, como la rotaci\u00f3n y la transparencia de los elemento<\/span>s.<\/li>\r\n<\/ul>\r\n<p class=\"note\"><strong>*<\/strong>La funci\u00f3n de conexi\u00f3n de datos s\u00f3lo est\u00e1 disponible en la versi\u00f3n <strong>Full<\/strong> y durante el periodo de prueba.<br>\r\n  Las funciones de textos que contienen <a href=\"http:\/\/www.labeljoy.com\/es\/ayuda\/gestionar-referencias\/\">Referencias<\/a> y <a href=\"http:\/\/www.labeljoy.com\/es\/ayuda\/gestion-de-contadores\/\">contadores<\/a> est\u00e1n disponibles en la versi\u00f3n <strong>Basic<\/strong> y <strong>Full<\/strong> y durante el periodo de prueba.<\/p>\r\n<\/div>\n<\/div>\n","protected":false},"excerpt":{"rendered":"<p>Esta p\u00e1gina hace referencia a Labeljoy 5, que no es nuestra \u00faltima versi\u00f3n. Actualice a Labeljoy 6 para obtener la \u00faltima versi\u00f3n del software con todas sus incre\u00edbles caracter\u00edsticas, o si ya es usuario, visite la gu\u00eda del usuario de Labeljoy 6.<\/p>\n","protected":false},"author":8,"featured_media":0,"parent":21680,"menu_order":0,"comment_status":"open","ping_status":"closed","template":"page-template-left-sidebar.php","meta":{"inline_featured_image":false,"_monsterinsights_skip_tracking":false,"_monsterinsights_sitenote_active":false,"_monsterinsights_sitenote_note":"","_monsterinsights_sitenote_category":0,"footnotes":""},"class_list":{"0":"post-22209","1":"page","2":"type-page","3":"status-publish","5":"infinite-scroll-item"},"aioseo_notices":[],"_links":{"self":[{"href":"https:\/\/www.labeljoy.com\/es\/wp-json\/wp\/v2\/pages\/22209","targetHints":{"allow":["GET"]}}],"collection":[{"href":"https:\/\/www.labeljoy.com\/es\/wp-json\/wp\/v2\/pages"}],"about":[{"href":"https:\/\/www.labeljoy.com\/es\/wp-json\/wp\/v2\/types\/page"}],"author":[{"embeddable":true,"href":"https:\/\/www.labeljoy.com\/es\/wp-json\/wp\/v2\/users\/8"}],"replies":[{"embeddable":true,"href":"https:\/\/www.labeljoy.com\/es\/wp-json\/wp\/v2\/comments?post=22209"}],"version-history":[{"count":2,"href":"https:\/\/www.labeljoy.com\/es\/wp-json\/wp\/v2\/pages\/22209\/revisions"}],"predecessor-version":[{"id":22232,"href":"https:\/\/www.labeljoy.com\/es\/wp-json\/wp\/v2\/pages\/22209\/revisions\/22232"}],"up":[{"embeddable":true,"href":"https:\/\/www.labeljoy.com\/es\/wp-json\/wp\/v2\/pages\/21680"}],"wp:attachment":[{"href":"https:\/\/www.labeljoy.com\/es\/wp-json\/wp\/v2\/media?parent=22209"}],"curies":[{"name":"wp","href":"https:\/\/api.w.org\/{rel}","templated":true}]}}