{"id":22932,"date":"2015-02-16T13:41:01","date_gmt":"2015-02-16T13:41:01","guid":{"rendered":"http:\/\/www.labeljoy.com\/soporte\/generar-codigo-barras\/pdf-417\/"},"modified":"2022-06-21T09:24:53","modified_gmt":"2022-06-21T09:24:53","slug":"pdf-417-es","status":"publish","type":"page","link":"https:\/\/www.labeljoy.com\/es\/soporte\/generar-codigo-barras\/pdf-417-es\/","title":{"rendered":"PDF417"},"content":{"rendered":"<h1>Generar C\u00f3digo de barras PDF417<\/h1>\n<p>Con Labeljoy puedes <strong><a href=\"https:\/\/www.labeljoy.com\/generar-codigo-de-barras-gratis\/\" title=\"Generador de c\u00f3digos de barras online\">generar c\u00f3digo de barras PDF417<\/a><\/strong>, c\u00f3digo utilizados en una variedad de aplicaciones, principalmente de gesti\u00f3n de inventarios, transporte y tarjetas de identificaci\u00f3n.<\/p>\n<div class=\"tt-notification tip\"><p style=\"font-size:12px;\"><strong>Nota<\/strong>:  con este tipo de simbolog\u00eda no existe un <em>texto legible por humanos<\/em>.<br \/>\n<\/p><\/div>\n<h2>Como generar s\u00edmbolo PDF417<\/h2>\n<p>Los <strong>s\u00edmbolos PDF417 generados por Labeljoy<\/strong> pueden codificar texto de <strong>3 formas diferentes<\/strong>. Utilizar el cuadro combinado de codificaci\u00f3n para definir el algoritmo de codificaci\u00f3n m\u00e1s adecuada para el texto que se desea:<\/p>\n<ul>\n<li><strong>(Mixto)<\/strong>: ajuste predeterminado. Permite la codificaci\u00f3n de los datos utilizando una combinaci\u00f3n de todos los siguientes modos de codificaci\u00f3n basado en el tipo de datos encontrado. Normalmente esta configuraci\u00f3n produce los mejores resultados.<\/li>\n<li><strong>Texto<\/strong>: permite la codificaci\u00f3n de todos los 256 caracteres de la tabla ASCII est\u00e1ndar. Produce los mejores resultados en caracteres num\u00e9ricos y valores ASCII entre 0 y 127.<\/li>\n<li><strong>Num\u00e9rico<\/strong>: permite la codificaci\u00f3n de s\u00f3lo n\u00fameros.<\/li>\n<\/ul>\n<p style=\"text-align: center\">Codificaci\u00f3n PDF417: <strong>0123456789<\/strong><\/p>\n<div class=\"one_half\">\n<figure style=\"width: 218px\" class=\"wp-caption aligncenter\"><img decoding=\"async\" width=\"228\" height=\"56\" src=\"http:\/\/www.labeljoy.com\/user-guide-files\/en\/bcd_pdf417_1.png\" alt=\"Con codificaci\u00f3n Mixta\"><figcaption class=\"wp-caption-text\">Con codificaci\u00f3n Mixta<\/figcaption><\/figure>\n<\/div>\n<div class=\"one_half\">\n<figure style=\"width: 218px\" class=\"wp-caption aligncenter\"><img decoding=\"async\" width=\"228\" height=\"56\" src=\"http:\/\/www.labeljoy.com\/user-guide-files\/en\/bcd_pdf417_2.png\" alt=\"Con codificaci\u00f3n Textot\"><figcaption class=\"wp-caption-text\">Con codificaci\u00f3n Texto<\/figcaption><\/figure>\n<\/div>\n<div class=\"column-clear\"><\/div>\n<p>The <em>Error correction level<\/em> combo box enables you to select between 9 different levels of recovery from symbol damage, 0 through 8.<\/p>\n<p>El cuadro <em>Nivel de correcci\u00f3n de errores<\/em> permite seleccionar entre los 9 niveles diferentes de recuperaci\u00f3n de da\u00f1os a s\u00edmbolo, 0 a 8.<br \/>\nPDF417 implementa la correcci\u00f3n de errores para garantizar la legibilidad de los s\u00edmbolos parcialmente da\u00f1adas. Cuanto mayor sea el nivel de correcci\u00f3n de error, mayor ser\u00e1 el tama\u00f1o del s\u00edmbolo necesario para codificar los mismos datos.<\/p>\n<p style=\"text-align: center\">PDF417 che codifica:<strong> http:\/\/www.labeljoy.com\/en\/download-software-create-labels.html<\/strong><\/p>\n<div class=\"one_half\">\n<figure style=\"width: 218px\" class=\"wp-caption aligncenter\"><img decoding=\"async\" width=\"228\" height=\"56\" src=\"http:\/\/www.labeljoy.com\/user-guide-files\/en\/bcd_pdf417_3.png\" alt=\"Con correcci\u00f3n de error de nivel 0\"><figcaption class=\"wp-caption-text\">Con correcci\u00f3n de error de nivel 0<\/figcaption><\/figure>\n<\/div>\n<div class=\"one_half\">\n<figure style=\"width: 218px\" class=\"wp-caption aligncenter\"><img decoding=\"async\" width=\"228\" height=\"91\" src=\"http:\/\/www.labeljoy.com\/user-guide-files\/en\/bcd_pdf417_4.png\" alt=\"Con correzione errori livello 8\"><figcaption class=\"wp-caption-text\">Con correcci\u00f3n de error de nivel 8<\/figcaption><\/figure>\n<\/div>\n<div class=\"column-clear\"><\/div>\n<div class=\"tt-notification tip\"><p style=\"font-size:12px;\"><strong>Concatenaci\u00f3n de texto:<\/strong>:<br \/>\nCuando se genera un c\u00f3digo de barras PDF417 concatenando campos o contadores, se aplican las siguientes reglas:<\/p>\n<ul class=\"barcode-ul\">\n<li>Contenido de texto deben cumplir con el algoritmo de codificaci\u00f3n seleccionado.<\/li>\n<li>La longitud del texto no debe superar la capacidad m\u00e1xima.<\/li>\n<\/ul>\n<p>Cuando se encuentra un valor que no cumpla con las reglas anteriores, no se muestra el c\u00f3digo de barras.<br \/>\n<\/p><\/div>\n<div class=\"tt-notification tip\"><p style=\"font-size:12px;\"><strong>Limitaciones<\/strong>:<br \/>\nS\u00edmbolos PDF417 generados con Labeljoy no soportan: Extended Interpretaci\u00f3n Channel (ECI), y Structure Append Macro PDF417).<br \/>\n<\/p><\/div>\n<div class=\"hr hr-dotted\">&nbsp;<\/div>\n<div class=\"one_half\">\n<p style=\"text-align: center\"><a href=\"\/es\/comprar\/\" class=\"large blue tt-button\" target=\"_self\">Compra el Generador de PDF417<\/a>\n<\/div>\n<div class=\"one_half\">\n<p style=\"text-align: center\"><a href=\"\/es\/download-es\/\" class=\"large green tt-button\" target=\"_self\">  Descarga la versi\u00f3n gratuita <\/a>\n<\/div>\n","protected":false},"excerpt":{"rendered":"<p>Generar C\u00f3digo de barras PDF417 Con Labeljoy puedes generar c\u00f3digo de barras PDF417, c\u00f3digo utilizados en una variedad de aplicaciones, principalmente de gesti\u00f3n de inventarios, transporte y tarjetas de identificaci\u00f3n. Como generar s\u00edmbolo PDF417 Los s\u00edmbolos PDF417 generados por Labeljoy pueden codificar texto de 3 formas diferentes. Utilizar el cuadro combinado de codificaci\u00f3n para definir &#8230; <a title=\"PDF417\" class=\"read-more\" href=\"https:\/\/www.labeljoy.com\/es\/soporte\/generar-codigo-barras\/pdf-417-es\/\" aria-label=\"Leer m\u00e1s sobre PDF417\">Read more<\/a><\/p>\n","protected":false},"author":1,"featured_media":0,"parent":2785,"menu_order":0,"comment_status":"open","ping_status":"closed","template":"","meta":{"inline_featured_image":false,"_monsterinsights_skip_tracking":false,"_monsterinsights_sitenote_active":false,"_monsterinsights_sitenote_note":"","_monsterinsights_sitenote_category":0,"footnotes":""},"class_list":{"0":"post-22932","1":"page","2":"type-page","3":"status-publish","5":"infinite-scroll-item"},"aioseo_notices":[],"_links":{"self":[{"href":"https:\/\/www.labeljoy.com\/es\/wp-json\/wp\/v2\/pages\/22932","targetHints":{"allow":["GET"]}}],"collection":[{"href":"https:\/\/www.labeljoy.com\/es\/wp-json\/wp\/v2\/pages"}],"about":[{"href":"https:\/\/www.labeljoy.com\/es\/wp-json\/wp\/v2\/types\/page"}],"author":[{"embeddable":true,"href":"https:\/\/www.labeljoy.com\/es\/wp-json\/wp\/v2\/users\/1"}],"replies":[{"embeddable":true,"href":"https:\/\/www.labeljoy.com\/es\/wp-json\/wp\/v2\/comments?post=22932"}],"version-history":[{"count":7,"href":"https:\/\/www.labeljoy.com\/es\/wp-json\/wp\/v2\/pages\/22932\/revisions"}],"predecessor-version":[{"id":37605,"href":"https:\/\/www.labeljoy.com\/es\/wp-json\/wp\/v2\/pages\/22932\/revisions\/37605"}],"up":[{"embeddable":true,"href":"https:\/\/www.labeljoy.com\/es\/wp-json\/wp\/v2\/pages\/2785"}],"wp:attachment":[{"href":"https:\/\/www.labeljoy.com\/es\/wp-json\/wp\/v2\/media?parent=22932"}],"curies":[{"name":"wp","href":"https:\/\/api.w.org\/{rel}","templated":true}]}}