{"id":23289,"date":"2015-03-20T09:17:32","date_gmt":"2015-03-20T09:17:32","guid":{"rendered":"http:\/\/www.labeljoy.com\/labeljoy-su-mac-2\/"},"modified":"2022-12-14T13:37:02","modified_gmt":"2022-12-14T13:37:02","slug":"labeljoy-para-mac","status":"publish","type":"page","link":"https:\/\/www.labeljoy.com\/es\/labeljoy-para-mac\/","title":{"rendered":"Labeljoy para Mac"},"content":{"rendered":"<h1>Labeljoy para Mac? Ecco come<\/h1>\n<p><img decoding=\"async\" width=\"754\" height=\"438\" class=\" aligncenter\" src=\"http:\/\/www.labeljoy.com\/images\/mac\/es\/install-labeljoy-o-mac.jpg\" alt=\"Instar Labeljoy en Mac\"><\/p>\n<p>Disfrute del software Labeljoy <strong>directamente en su Mac<\/strong>. Con <a title=\"Parallel Desktop\" href=\"http:\/\/www.parallels.com\/eu\/products\/desktop\/\" target=\"_blank\" rel=\"noopener\">Parallels Desktop<\/a> y la adquisici\u00f3n de una licencia de Microsoft Windows, podr\u00e1 utilizar todas las funcionalidades de Labeljoy para crear sus propias etiquetas y generar c\u00f3digos de barras ilimitados.<\/p>\n<p><a class=\"hover-item\" title=\"Labeljoy on Mac\" href=\"http:\/\/www.labeljoy.com\/images\/mac\/es\/parallels-labeljoy-1.jpg\" data-gal=\"prettyPhoto [mac]\" style=\"margin-right: 15px\"><img decoding=\"async\" width=\"1280\" height=\"800\" src=\"http:\/\/www.labeljoy.com\/images\/mac\/es\/parallels-labeljoy-1.jpg\" alt=\"\" width=\"300px\" border=\"0\"><\/a><a class=\"hover-item\" title=\"Labeljoy on Mac\" href=\"http:\/\/www.labeljoy.com\/images\/mac\/es\/parallels-labeljoy-2.jpg\" data-gal=\"prettyPhoto [mac]\" style=\"margin-left: 15px\"><img decoding=\"async\" width=\"1280\" height=\"800\" src=\"http:\/\/www.labeljoy.com\/images\/mac\/es\/parallels-labeljoy-2.jpg\" alt=\"\" width=\"300px\" border=\"0\"><\/a><\/p>\n<p>En pocos pasos podr\u00e1 utilizar <strong>Labeljoy en su Mac sin ninguna limitaci\u00f3n o problema de compatibilidad<\/strong>. Se puede disfrutar de todas la funcionalidades, como la creaci\u00f3n de etiquetas y la generaci\u00f3n de c\u00f3digo de barras, como si se estuviera usando el software en Windows.<\/p>\n<p>Adem\u00e1s con <a title=\"Parallel Desktop\" href=\"http:\/\/www.parallels.com\/eu\/products\/desktop\/\" target=\"_blank\" rel=\"noopener\">Parallels Desktop<\/a> y una licencia de Windows podr\u00e1 instalar y ejecutar sin problemas sus aplicaciones de Windows favoritas directamente sobre Mac.<\/p>\n<div style=\"text-align:center\">\n<a class=\"jumbo green tt-button\" style=\"margin-top: 15px\" href=\"http:\/\/www.labeljoy.com\/es\/download-es\/\" target=\"_self\" rel=\"noopener\">Descarga Labeljoy Ahora<\/a><\/div>\n","protected":false},"excerpt":{"rendered":"<p>Labeljoy para Mac? Ecco come Disfrute del software Labeljoy directamente en su Mac. Con Parallels Desktop y la adquisici\u00f3n de una licencia de Microsoft Windows, podr\u00e1 utilizar todas las funcionalidades de Labeljoy para crear sus propias etiquetas y generar c\u00f3digos de barras ilimitados. En pocos pasos podr\u00e1 utilizar Labeljoy en su Mac sin ninguna limitaci\u00f3n &#8230; <a title=\"Labeljoy para Mac\" class=\"read-more\" href=\"https:\/\/www.labeljoy.com\/es\/labeljoy-para-mac\/\" aria-label=\"Leer m\u00e1s sobre Labeljoy para Mac\">Read more<\/a><\/p>\n","protected":false},"author":1,"featured_media":0,"parent":0,"menu_order":2,"comment_status":"open","ping_status":"closed","template":"","meta":{"inline_featured_image":false,"_monsterinsights_skip_tracking":false,"_monsterinsights_sitenote_active":false,"_monsterinsights_sitenote_note":"","_monsterinsights_sitenote_category":0,"footnotes":""},"class_list":{"0":"post-23289","1":"page","2":"type-page","3":"status-publish","5":"infinite-scroll-item"},"aioseo_notices":[],"_links":{"self":[{"href":"https:\/\/www.labeljoy.com\/es\/wp-json\/wp\/v2\/pages\/23289","targetHints":{"allow":["GET"]}}],"collection":[{"href":"https:\/\/www.labeljoy.com\/es\/wp-json\/wp\/v2\/pages"}],"about":[{"href":"https:\/\/www.labeljoy.com\/es\/wp-json\/wp\/v2\/types\/page"}],"author":[{"embeddable":true,"href":"https:\/\/www.labeljoy.com\/es\/wp-json\/wp\/v2\/users\/1"}],"replies":[{"embeddable":true,"href":"https:\/\/www.labeljoy.com\/es\/wp-json\/wp\/v2\/comments?post=23289"}],"version-history":[{"count":2,"href":"https:\/\/www.labeljoy.com\/es\/wp-json\/wp\/v2\/pages\/23289\/revisions"}],"predecessor-version":[{"id":39494,"href":"https:\/\/www.labeljoy.com\/es\/wp-json\/wp\/v2\/pages\/23289\/revisions\/39494"}],"wp:attachment":[{"href":"https:\/\/www.labeljoy.com\/es\/wp-json\/wp\/v2\/media?parent=23289"}],"curies":[{"name":"wp","href":"https:\/\/api.w.org\/{rel}","templated":true}]}}