{"id":23446,"date":"2015-04-09T09:58:38","date_gmt":"2015-04-09T09:58:38","guid":{"rendered":"http:\/\/www.labeljoy.com\/soporte\/como-hacer\/contatori-incrementali\/"},"modified":"2025-03-03T13:26:07","modified_gmt":"2025-03-03T13:26:07","slug":"contador-incremental","status":"publish","type":"page","link":"https:\/\/www.labeljoy.com\/es\/soporte\/como-hacer\/contador-incremental\/","title":{"rendered":"Contadores incrementales"},"content":{"rendered":"<p>Una de las caracter\u00edsticas m\u00e1s \u00fatiles del generador de c\u00f3digo de barras Labeljoy es la capacidad de <strong>crear contador incremental<\/strong>: los c\u00f3digos din\u00e1micos que aumentan progresivamente de acuerdo con los par\u00e1metros que has establecido.<\/p>\n<h2>Crear autom\u00e1ticamente cientos de c\u00f3digos de barras<\/h2>\n<p>Con los contadores incrementales puede <strong>imprimir cientos de c\u00f3digos de barras sin necesidad de prepararlos uno a uno<\/strong>: Labeljoy generar\u00e1 los contadores por usted, siguiendo sus instrucciones. El tipo de contador (decimal, alfanum\u00e9rico, hexadecimal), el paso (el valor en el que se incrementar\u00e1 el contador), el n\u00famero de repeticiones posibles: estas son algunas de las caracter\u00edsticas que puede personalizar f\u00e1cilmente.<\/p>\n<p><strong>Puede exportar los c\u00f3digos de barras en los formatos que prefiera<\/strong> (por ejemplo, PDF, JPG, PNG o TIFF) o <strong>imprimirlos directamente en sus etiquetas<\/strong>.<\/p>\n<h3>C\u00f3mo utilizar los contadores incrementales<\/h3>\n<p>Este tutorial explica c\u00f3mo crear etiquetas con c\u00f3digos de barras en serie <strong>sin necesidad de escribir manualmente<\/strong>.<\/p>\n<p>1) Doble clic en el <em>Barcode<\/em>.<\/p>\n<p><a href=\"https:\/\/www.labeljoy.com\/wp-content\/uploads\/2025\/03\/1-Doble-clic-en-el-Barcode.-Imgur-1024x609.png\"><img decoding=\"async\" class=\"alignnone wp-image-43270 size-large\" src=\"https:\/\/www.labeljoy.com\/wp-content\/uploads\/2025\/03\/1-Doble-clic-en-el-Barcode.-Imgur-1024x609.png\" alt=\"1) Doble clic en el Barcode. - Imgur\" width=\"1024\" height=\"609\" srcset=\"https:\/\/www.labeljoy.com\/wp-content\/uploads\/2025\/03\/1-Doble-clic-en-el-Barcode.-Imgur-1024x609.png 1024w, https:\/\/www.labeljoy.com\/wp-content\/uploads\/2025\/03\/1-Doble-clic-en-el-Barcode.-Imgur-300x178.png 300w, https:\/\/www.labeljoy.com\/wp-content\/uploads\/2025\/03\/1-Doble-clic-en-el-Barcode.-Imgur-768x457.png 768w, https:\/\/www.labeljoy.com\/wp-content\/uploads\/2025\/03\/1-Doble-clic-en-el-Barcode.-Imgur-1536x914.png 1536w, https:\/\/www.labeljoy.com\/wp-content\/uploads\/2025\/03\/1-Doble-clic-en-el-Barcode.-Imgur.png 1920w\" sizes=\"(max-width: 1024px) 100vw, 1024px\" \/><\/a><\/p>\n<h4>Parte fija y contador<\/h4>\n<p>2) En este caso, se inserta una <strong>parte fija<\/strong> (00000) y una din\u00e1mica haciendo clic en el icono <strong>Contador<\/strong>.<\/p>\n<p><a href=\"https:\/\/www.labeljoy.com\/wp-content\/uploads\/2025\/03\/2-En-este-caso-se-inserta-una-parte-fija-00000-y-una-dinamica-haciendo-clic-en-el-icono-Contador.-Imgur.png\"><img decoding=\"async\" class=\"alignnone wp-image-43261 size-full\" src=\"https:\/\/www.labeljoy.com\/wp-content\/uploads\/2025\/03\/2-En-este-caso-se-inserta-una-parte-fija-00000-y-una-dinamica-haciendo-clic-en-el-icono-Contador.-Imgur.png\" alt=\"2) En este caso, se inserta una parte fija (00000) y una din\u00e1mica haciendo clic en el icono Contador. - Imgur\" width=\"862\" height=\"727\" srcset=\"https:\/\/www.labeljoy.com\/wp-content\/uploads\/2025\/03\/2-En-este-caso-se-inserta-una-parte-fija-00000-y-una-dinamica-haciendo-clic-en-el-icono-Contador.-Imgur.png 862w, https:\/\/www.labeljoy.com\/wp-content\/uploads\/2025\/03\/2-En-este-caso-se-inserta-una-parte-fija-00000-y-una-dinamica-haciendo-clic-en-el-icono-Contador.-Imgur-300x253.png 300w, https:\/\/www.labeljoy.com\/wp-content\/uploads\/2025\/03\/2-En-este-caso-se-inserta-una-parte-fija-00000-y-una-dinamica-haciendo-clic-en-el-icono-Contador.-Imgur-768x648.png 768w\" sizes=\"(max-width: 862px) 100vw, 862px\" \/><\/a><\/p>\n<p>3) Clic en <em>Contador 0-9<\/em> para abrir la ventana de configuraci\u00f3n.<\/p>\n<p><a href=\"https:\/\/www.labeljoy.com\/wp-content\/uploads\/2025\/03\/3-Clic-en-Contador-0-9-para-abrir-la-ventana-de-configuracion.-Imgur.png\"><img decoding=\"async\" class=\"alignnone wp-image-43252 size-full\" src=\"https:\/\/www.labeljoy.com\/wp-content\/uploads\/2025\/03\/3-Clic-en-Contador-0-9-para-abrir-la-ventana-de-configuracion.-Imgur.png\" alt=\"3) Clic en Contador 0-9 para abrir la ventana de configuraci\u00f3n. - Imgur\" width=\"866\" height=\"733\" srcset=\"https:\/\/www.labeljoy.com\/wp-content\/uploads\/2025\/03\/3-Clic-en-Contador-0-9-para-abrir-la-ventana-de-configuracion.-Imgur.png 866w, https:\/\/www.labeljoy.com\/wp-content\/uploads\/2025\/03\/3-Clic-en-Contador-0-9-para-abrir-la-ventana-de-configuracion.-Imgur-300x254.png 300w, https:\/\/www.labeljoy.com\/wp-content\/uploads\/2025\/03\/3-Clic-en-Contador-0-9-para-abrir-la-ventana-de-configuracion.-Imgur-768x650.png 768w\" sizes=\"(max-width: 866px) 100vw, 866px\" \/><\/a><\/p>\n<p>4) La ventana Modificar contador permite modificar algunas propiedades (<a title=\"Gesti\u00f3n de los contadores\" href=\"https:\/\/www.labeljoy.com\/es\/ayuda-lj6\/gestion-de-contadores\/\">m\u00e1s detalles aqu\u00ed<\/a>)<\/p>\n<p><a href=\"https:\/\/www.labeljoy.com\/wp-content\/uploads\/2025\/03\/4-La-ventana-Modificar-contador-permite-modificar-algunas-propiedades-mas-detalles-aqui-Imgur.png\"><img decoding=\"async\" class=\"alignnone wp-image-43243 size-full\" src=\"https:\/\/www.labeljoy.com\/wp-content\/uploads\/2025\/03\/4-La-ventana-Modificar-contador-permite-modificar-algunas-propiedades-mas-detalles-aqui-Imgur.png\" alt=\"4) La ventana Modificar contador permite modificar algunas propiedades (m\u00e1s detalles aqu\u00ed)\u00a0\u00a0 - Imgur\" width=\"869\" height=\"733\" srcset=\"https:\/\/www.labeljoy.com\/wp-content\/uploads\/2025\/03\/4-La-ventana-Modificar-contador-permite-modificar-algunas-propiedades-mas-detalles-aqui-Imgur.png 869w, https:\/\/www.labeljoy.com\/wp-content\/uploads\/2025\/03\/4-La-ventana-Modificar-contador-permite-modificar-algunas-propiedades-mas-detalles-aqui-Imgur-300x253.png 300w, https:\/\/www.labeljoy.com\/wp-content\/uploads\/2025\/03\/4-La-ventana-Modificar-contador-permite-modificar-algunas-propiedades-mas-detalles-aqui-Imgur-768x648.png 768w\" sizes=\"(max-width: 869px) 100vw, 869px\" \/><\/a><\/p>\n<p>5) Clic en OK: <strong>los c\u00f3digos de barras se generan autom\u00e1ticamente<\/strong><\/p>\n<p><a href=\"https:\/\/www.labeljoy.com\/wp-content\/uploads\/2025\/03\/5-Clic-en-OK-los-codigos-de-barras-se-generan-automaticamente-Imgur-1024x750.png\"><img decoding=\"async\" class=\"alignnone wp-image-43234 size-large\" src=\"https:\/\/www.labeljoy.com\/wp-content\/uploads\/2025\/03\/5-Clic-en-OK-los-codigos-de-barras-se-generan-automaticamente-Imgur-1024x750.png\" alt=\"5) Clic en OK los c\u00f3digos de barras se generan autom\u00e1ticamente\u00a0 \u00a0 \u00a0 - Imgur\" width=\"1024\" height=\"750\" srcset=\"https:\/\/www.labeljoy.com\/wp-content\/uploads\/2025\/03\/5-Clic-en-OK-los-codigos-de-barras-se-generan-automaticamente-Imgur-1024x750.png 1024w, https:\/\/www.labeljoy.com\/wp-content\/uploads\/2025\/03\/5-Clic-en-OK-los-codigos-de-barras-se-generan-automaticamente-Imgur-300x220.png 300w, https:\/\/www.labeljoy.com\/wp-content\/uploads\/2025\/03\/5-Clic-en-OK-los-codigos-de-barras-se-generan-automaticamente-Imgur-768x563.png 768w, https:\/\/www.labeljoy.com\/wp-content\/uploads\/2025\/03\/5-Clic-en-OK-los-codigos-de-barras-se-generan-automaticamente-Imgur.png 1437w\" sizes=\"(max-width: 1024px) 100vw, 1024px\" \/><\/a><\/p>\n<hr style=\"margin: 20px 0;\" \/>\n<h4>Concatenar varios contadores<\/h4>\n<p><a href=\"https:\/\/www.labeljoy.com\/wp-content\/uploads\/2025\/03\/Concatenar-varios-contadores-Imgur.png\"><img decoding=\"async\" class=\"alignnone wp-image-43225 size-full\" src=\"https:\/\/www.labeljoy.com\/wp-content\/uploads\/2025\/03\/Concatenar-varios-contadores-Imgur.png\" alt=\"Concatenar varios contadores - Imgur\" width=\"870\" height=\"734\" srcset=\"https:\/\/www.labeljoy.com\/wp-content\/uploads\/2025\/03\/Concatenar-varios-contadores-Imgur.png 870w, https:\/\/www.labeljoy.com\/wp-content\/uploads\/2025\/03\/Concatenar-varios-contadores-Imgur-300x253.png 300w, https:\/\/www.labeljoy.com\/wp-content\/uploads\/2025\/03\/Concatenar-varios-contadores-Imgur-768x648.png 768w\" sizes=\"(max-width: 870px) 100vw, 870px\" \/><\/a><\/p>\n<p>1) Configurar el <strong>contador decimal<\/strong><\/p>\n<p><a href=\"https:\/\/www.labeljoy.com\/wp-content\/uploads\/2025\/03\/1-Configurar-el-contador-decimal-Imgur.png\"><img decoding=\"async\" class=\"alignnone wp-image-43198 size-full\" src=\"https:\/\/www.labeljoy.com\/wp-content\/uploads\/2025\/03\/1-Configurar-el-contador-decimal-Imgur.png\" alt=\"1) Configurar el contador decimal - Imgur\" width=\"869\" height=\"735\" srcset=\"https:\/\/www.labeljoy.com\/wp-content\/uploads\/2025\/03\/1-Configurar-el-contador-decimal-Imgur.png 869w, https:\/\/www.labeljoy.com\/wp-content\/uploads\/2025\/03\/1-Configurar-el-contador-decimal-Imgur-300x254.png 300w, https:\/\/www.labeljoy.com\/wp-content\/uploads\/2025\/03\/1-Configurar-el-contador-decimal-Imgur-768x650.png 768w\" sizes=\"(max-width: 869px) 100vw, 869px\" \/><\/a><\/p>\n<p>2) Configurar <strong>Contador alfab\u00e9tico may\u00fasculo<\/strong>.<\/p>\n<p><a href=\"https:\/\/www.labeljoy.com\/wp-content\/uploads\/2025\/03\/2-Configurar-Contador-alfabetico-mayusculo.-Imgur.png\"><img decoding=\"async\" class=\"alignnone wp-image-43216 size-full\" src=\"https:\/\/www.labeljoy.com\/wp-content\/uploads\/2025\/03\/2-Configurar-Contador-alfabetico-mayusculo.-Imgur.png\" alt=\"2) Configurar Contador alfab\u00e9tico may\u00fasculo. - Imgur\" width=\"864\" height=\"738\" srcset=\"https:\/\/www.labeljoy.com\/wp-content\/uploads\/2025\/03\/2-Configurar-Contador-alfabetico-mayusculo.-Imgur.png 864w, https:\/\/www.labeljoy.com\/wp-content\/uploads\/2025\/03\/2-Configurar-Contador-alfabetico-mayusculo.-Imgur-300x256.png 300w, https:\/\/www.labeljoy.com\/wp-content\/uploads\/2025\/03\/2-Configurar-Contador-alfabetico-mayusculo.-Imgur-768x656.png 768w\" sizes=\"(max-width: 864px) 100vw, 864px\" \/><\/a><\/p>\n<p>3) Aqu\u00ed est\u00e1n sus c\u00f3digos de barras!<\/p>\n<p><a href=\"https:\/\/www.labeljoy.com\/wp-content\/uploads\/2025\/03\/3-Aqui-estan-sus-codigos-de-barras-Imgur-1024x752.png\"><img decoding=\"async\" class=\"alignnone wp-image-43207 size-large\" src=\"https:\/\/www.labeljoy.com\/wp-content\/uploads\/2025\/03\/3-Aqui-estan-sus-codigos-de-barras-Imgur-1024x752.png\" alt=\"3) Aqu\u00ed est\u00e1n sus c\u00f3digos de barras! - Imgur\" width=\"1024\" height=\"752\" srcset=\"https:\/\/www.labeljoy.com\/wp-content\/uploads\/2025\/03\/3-Aqui-estan-sus-codigos-de-barras-Imgur-1024x752.png 1024w, https:\/\/www.labeljoy.com\/wp-content\/uploads\/2025\/03\/3-Aqui-estan-sus-codigos-de-barras-Imgur-300x220.png 300w, https:\/\/www.labeljoy.com\/wp-content\/uploads\/2025\/03\/3-Aqui-estan-sus-codigos-de-barras-Imgur-768x564.png 768w, https:\/\/www.labeljoy.com\/wp-content\/uploads\/2025\/03\/3-Aqui-estan-sus-codigos-de-barras-Imgur.png 1433w\" sizes=\"(max-width: 1024px) 100vw, 1024px\" \/><\/a><\/p>\n<div class=\"also-like\"><strong>Tambi\u00e9n le puede interesar:<\/strong><\/p>\n<ul>\n<li><a title=\"Gesti\u00f3n de contadores\" href=\"https:\/\/www.labeljoy.com\/es\/ayuda-lj6\/gestion-de-contadores\/\">Gu\u00eda: Gesti\u00f3n de contadores<\/a><\/li>\n<li><a title=\"Video C\u00f3mo usar Contadores Incrementales\" href=\"http:\/\/www.labeljoy.com\/es\/videos\/contadores-incrementales\/\">Video: C\u00f3mo usar Contadores Incrementales<\/a><\/li>\n<li><a title=\"Generador de c\u00f3digos de barras online\" href=\"https:\/\/www.labeljoy.com\/generar-codigo-de-barras-gratis\/\">Generador de c\u00f3digos de barras online<\/a><\/li>\n<\/ul>\n<\/div>\n<p><a class=\"scrollup\" href=\"#\">Volver arriba<\/a><\/p>\n","protected":false},"excerpt":{"rendered":"<p>Una de las caracter\u00edsticas m\u00e1s \u00fatiles del generador de c\u00f3digo de barras Labeljoy es la capacidad de crear contador incremental: los c\u00f3digos din\u00e1micos que aumentan progresivamente de acuerdo con los par\u00e1metros que has establecido. Crear autom\u00e1ticamente cientos de c\u00f3digos de barras Con los contadores incrementales puede imprimir cientos de c\u00f3digos de barras sin necesidad de &#8230; <a title=\"Contadores incrementales\" class=\"read-more\" href=\"https:\/\/www.labeljoy.com\/es\/soporte\/como-hacer\/contador-incremental\/\" aria-label=\"Leer m\u00e1s sobre Contadores incrementales\">Read more<\/a><\/p>\n","protected":false},"author":1,"featured_media":0,"parent":2768,"menu_order":0,"comment_status":"closed","ping_status":"closed","template":"","meta":{"inline_featured_image":false,"_monsterinsights_skip_tracking":false,"_monsterinsights_sitenote_active":false,"_monsterinsights_sitenote_note":"","_monsterinsights_sitenote_category":0,"footnotes":""},"class_list":{"0":"post-23446","1":"page","2":"type-page","3":"status-publish","5":"infinite-scroll-item"},"aioseo_notices":[],"_links":{"self":[{"href":"https:\/\/www.labeljoy.com\/es\/wp-json\/wp\/v2\/pages\/23446","targetHints":{"allow":["GET"]}}],"collection":[{"href":"https:\/\/www.labeljoy.com\/es\/wp-json\/wp\/v2\/pages"}],"about":[{"href":"https:\/\/www.labeljoy.com\/es\/wp-json\/wp\/v2\/types\/page"}],"author":[{"embeddable":true,"href":"https:\/\/www.labeljoy.com\/es\/wp-json\/wp\/v2\/users\/1"}],"replies":[{"embeddable":true,"href":"https:\/\/www.labeljoy.com\/es\/wp-json\/wp\/v2\/comments?post=23446"}],"version-history":[{"count":11,"href":"https:\/\/www.labeljoy.com\/es\/wp-json\/wp\/v2\/pages\/23446\/revisions"}],"predecessor-version":[{"id":43280,"href":"https:\/\/www.labeljoy.com\/es\/wp-json\/wp\/v2\/pages\/23446\/revisions\/43280"}],"up":[{"embeddable":true,"href":"https:\/\/www.labeljoy.com\/es\/wp-json\/wp\/v2\/pages\/2768"}],"wp:attachment":[{"href":"https:\/\/www.labeljoy.com\/es\/wp-json\/wp\/v2\/media?parent=23446"}],"curies":[{"name":"wp","href":"https:\/\/api.w.org\/{rel}","templated":true}]}}