{"id":23683,"date":"2015-05-27T10:47:09","date_gmt":"2015-05-27T10:47:09","guid":{"rendered":"http:\/\/www.labeljoy.com\/how-to-uninstall-labeljoy-2\/"},"modified":"2020-12-22T14:58:12","modified_gmt":"2020-12-22T14:58:12","slug":"como-desinstalar-labeljoy","status":"publish","type":"page","link":"https:\/\/www.labeljoy.com\/es\/como-desinstalar-labeljoy\/","title":{"rendered":"C\u00f3mo desinstalar Labeljoy"},"content":{"rendered":"<h1>C\u00f3mo desinstalar Labeljoy<\/h1>\n<p>Para eliminar el software de su ordenador, siga estos sencillos pasos:<\/p>\n<ol>\n<li>Abrir el Panel de control de Windows desde el bot\u00f3n Inicio.<\/li>\n<li>En la categor\u00eda &#8220;Programas&#8221;, hacer clic en &#8220;Desinstalar un programa&#8221;.<\/li>\n<li>Esto abrir\u00e1 la ventana &#8220;Programas y propriedades&#8221; con una lista de todos los programas en el ordenador, seleccionar Labeljoy con un clic.<\/li>\n<li>Luego hacer clic en el bot\u00f3n &#8220;Desinstalar&#8221;. Windows abrir\u00e1 para confermar si desinstalar Labeljoy: hacer clic en &#8220;S\u00ed&#8221;.<\/li>\n<li>Ahora Windows se encargar\u00e1 del proceso, al final del cual Labeljoy ser\u00e1 eliminado del ordenador.<\/li>\n<\/ol>\n<p>&nbsp;<\/p>\n","protected":false},"excerpt":{"rendered":"<p>C\u00f3mo desinstalar Labeljoy Para eliminar el software de su ordenador, siga estos sencillos pasos: Abrir el Panel de control de Windows desde el bot\u00f3n Inicio. En la categor\u00eda &#8220;Programas&#8221;, hacer clic en &#8220;Desinstalar un programa&#8221;. Esto abrir\u00e1 la ventana &#8220;Programas y propriedades&#8221; con una lista de todos los programas en el ordenador, seleccionar Labeljoy con &#8230; <a title=\"C\u00f3mo desinstalar Labeljoy\" class=\"read-more\" href=\"https:\/\/www.labeljoy.com\/es\/como-desinstalar-labeljoy\/\" aria-label=\"Leer m\u00e1s sobre C\u00f3mo desinstalar Labeljoy\">Read more<\/a><\/p>\n","protected":false},"author":1,"featured_media":0,"parent":0,"menu_order":2,"comment_status":"open","ping_status":"closed","template":"page-template-left-sidebar.php","meta":{"inline_featured_image":false,"_monsterinsights_skip_tracking":false,"_monsterinsights_sitenote_active":false,"_monsterinsights_sitenote_note":"","_monsterinsights_sitenote_category":0,"footnotes":""},"class_list":{"0":"post-23683","1":"page","2":"type-page","3":"status-publish","5":"infinite-scroll-item"},"aioseo_notices":[],"_links":{"self":[{"href":"https:\/\/www.labeljoy.com\/es\/wp-json\/wp\/v2\/pages\/23683","targetHints":{"allow":["GET"]}}],"collection":[{"href":"https:\/\/www.labeljoy.com\/es\/wp-json\/wp\/v2\/pages"}],"about":[{"href":"https:\/\/www.labeljoy.com\/es\/wp-json\/wp\/v2\/types\/page"}],"author":[{"embeddable":true,"href":"https:\/\/www.labeljoy.com\/es\/wp-json\/wp\/v2\/users\/1"}],"replies":[{"embeddable":true,"href":"https:\/\/www.labeljoy.com\/es\/wp-json\/wp\/v2\/comments?post=23683"}],"version-history":[{"count":3,"href":"https:\/\/www.labeljoy.com\/es\/wp-json\/wp\/v2\/pages\/23683\/revisions"}],"predecessor-version":[{"id":35012,"href":"https:\/\/www.labeljoy.com\/es\/wp-json\/wp\/v2\/pages\/23683\/revisions\/35012"}],"wp:attachment":[{"href":"https:\/\/www.labeljoy.com\/es\/wp-json\/wp\/v2\/media?parent=23683"}],"curies":[{"name":"wp","href":"https:\/\/api.w.org\/{rel}","templated":true}]}}