{"id":25717,"date":"2016-03-02T16:31:05","date_gmt":"2016-03-02T16:31:05","guid":{"rendered":"http:\/\/www.labeljoy.com\/es\/?page_id=25717"},"modified":"2021-01-04T12:53:31","modified_gmt":"2021-01-04T12:53:31","slug":"informacion-en-etiquetas","status":"publish","type":"page","link":"https:\/\/www.labeljoy.com\/es\/plantillas\/informacion-en-etiquetas\/","title":{"rendered":"Etiquetas de informaci\u00f3n"},"content":{"rendered":"<h1>Etiquetas de informaci\u00f3n con c\u00f3digos QR<\/h1>\n<p><strong>Labeljoy Barcode Software<\/strong> crea etiquetas de <a title=\"QR code specifications\" href=\"http:\/\/www.labeljoy.com\/qr-code\/qr-code-software\/\">C\u00f3digo QR<\/a>, sus clientes visitar\u00e1n su sitio web o p\u00e1gina de aterrizaje simplemente al leer su <a title=\"QR code specifications\" href=\"http:\/\/www.labeljoy.com\/qr-code\/qr-code-software\/\">C\u00f3digo QR<\/a> con un Smartphone, tambi\u00e9n puede colocar un v\u00ednculo a un recurso multimedia o video.<br \/>\nLa tecnolog\u00eda <a title=\"QR code specifications\" href=\"http:\/\/www.labeljoy.com\/qr-code\/qr-code-software\/\">QR-code<\/a> es la soluci\u00f3n perfecta, a veces usted posee mucho que decir en un espacio reducido en la etiqueta, expanda sus posibilidades.<\/p>\n<p>Comparta e incremente la informaci\u00f3n que sus clientes pueden aprovechar, s\u00f3lo utilizando un Smartphone cualquiera obtendr\u00e1 sus noticias.<\/p>\n<h1>Imprima sus propias etiquetas personalizadas<\/h1>\n<p>Puede imprimir etiquetas utilizando impresoras l\u00e1ser, impresoras de tinta o de cinta. Descargue y personalice las etiquetas<\/p>\n<ul>\n<li>Incluya el logo y la direcci\u00f3n de su empresa<\/li>\n<li>Incluya C\u00f3digos de Barra y Qr-Code<\/li>\n<li>Importe desde una fuente de datos externa<\/li>\n<\/ul>\n<h3>Aqu\u00ed abajo encontrar\u00e1 algunas plantillas gratis<\/h3>\n<p>&nbsp;<\/p>\n<div class=\"one_third\">\n<p>MUSEO<\/p>\n<div class=\"img-frame full-fourth\"><div class=\"lightbox-zoom\"><a title=\"Museo\" href=\"http:\/\/www.labeljoy.com\/label-templates\/information\/museum1_2.jpg\" data-gal=\"prettyPhoto[address label]\" class=\"hover-item\"><img decoding=\"async\" width=\"197\" height=\"133\" alt=\"Museo\" src=\"https:\/\/www.labeljoy.com\/wp-content\/plugins\/sterling-shortcodes\/\/timthumb\/timthumb.php?src=http:\/\/www.labeljoy.com\/label-templates\/information\/museum1_1.jpg&#038;h=133&#038;w=197\"><\/a><\/div><\/div>\n<p style=\"text-align: center\"><a href=\"http:\/\/www.labeljoy.com\/label-templates\/information\/museum.lpa\" class=\"small white tt-button\" target=\"_self\"> Descargar <\/a>\n<\/div>\n<div class=\"one_third\">\n<p>EXHIBICIONES DE ARTE<\/p>\n<div class=\"img-frame full-fourth\"><div class=\"lightbox-zoom\"><a title=\"EXHIBICIONES DE ARTE\" href=\"http:\/\/www.labeljoy.com\/label-templates\/information\/art_exhibitions1.jpg\" data-gal=\"prettyPhoto[address label]\" class=\"hover-item\"><img decoding=\"async\" width=\"197\" height=\"133\" alt=\"EXHIBICIONES DE ARTE\" src=\"https:\/\/www.labeljoy.com\/wp-content\/plugins\/sterling-shortcodes\/\/timthumb\/timthumb.php?src=http:\/\/www.labeljoy.com\/label-templates\/information\/art_exhibitions.jpg&#038;h=133&#038;w=197\"><\/a><\/div><\/div>\n<p style=\"text-align: center\"><a href=\"http:\/\/www.labeljoy.com\/label-templates\/information\/art_exhibitions.lpa\" class=\"small white tt-button\" target=\"_self\"> Descargar <\/a>\n<\/div>\n<div class=\"one_third\">\n<p>CAMPING<\/p>\n<div class=\"img-frame full-fourth\"><div class=\"lightbox-zoom\"><a title=\"Camping\" href=\"http:\/\/www.labeljoy.com\/label-templates\/information\/camping1.jpg\" data-gal=\"prettyPhoto[address label]\" class=\"hover-item\"><img decoding=\"async\" width=\"197\" height=\"133\" alt=\"Camping\" src=\"https:\/\/www.labeljoy.com\/wp-content\/plugins\/sterling-shortcodes\/\/timthumb\/timthumb.php?src=http:\/\/www.labeljoy.com\/label-templates\/information\/camping.jpg&#038;h=133&#038;w=197\"><\/a><\/div><\/div>\n<p style=\"text-align: center\"><a href=\"http:\/\/www.labeljoy.com\/label-templates\/information\/camping.lpa\" class=\"small white tt-button\" target=\"_self\"> Descargar <\/a>\n<\/div>\n<div class=\"hr hr-dotted\">&nbsp;<\/div>\n<div class=\"one_half\">\n<p style=\"text-align: center\"><a href=\"\/es\/comprar\/\" class=\"large blue tt-button\" target=\"\"> Compra Software <\/a>\n<\/div>\n<div class=\"one_half\">\n<p style=\"text-align: center\"><a href=\"\/es\/download-es\/\" class=\"large green tt-button\" target=\"\"> Descarga versi\u00f3n gratuita <\/a>\n<\/div>\n","protected":false},"excerpt":{"rendered":"<p>Etiquetas de informaci\u00f3n con c\u00f3digos QR Labeljoy Barcode Software crea etiquetas de C\u00f3digo QR, sus clientes visitar\u00e1n su sitio web o p\u00e1gina de aterrizaje simplemente al leer su C\u00f3digo QR con un Smartphone, tambi\u00e9n puede colocar un v\u00ednculo a un recurso multimedia o video. La tecnolog\u00eda QR-code es la soluci\u00f3n perfecta, a veces usted posee &#8230; <a title=\"Etiquetas de informaci\u00f3n\" class=\"read-more\" href=\"https:\/\/www.labeljoy.com\/es\/plantillas\/informacion-en-etiquetas\/\" aria-label=\"Leer m\u00e1s sobre Etiquetas de informaci\u00f3n\">Read more<\/a><\/p>\n","protected":false},"author":12,"featured_media":0,"parent":2789,"menu_order":0,"comment_status":"open","ping_status":"closed","template":"page-template-left-sidebar.php","meta":{"inline_featured_image":false,"_monsterinsights_skip_tracking":false,"_monsterinsights_sitenote_active":false,"_monsterinsights_sitenote_note":"","_monsterinsights_sitenote_category":0,"footnotes":""},"class_list":{"0":"post-25717","1":"page","2":"type-page","3":"status-publish","5":"infinite-scroll-item"},"aioseo_notices":[],"_links":{"self":[{"href":"https:\/\/www.labeljoy.com\/es\/wp-json\/wp\/v2\/pages\/25717","targetHints":{"allow":["GET"]}}],"collection":[{"href":"https:\/\/www.labeljoy.com\/es\/wp-json\/wp\/v2\/pages"}],"about":[{"href":"https:\/\/www.labeljoy.com\/es\/wp-json\/wp\/v2\/types\/page"}],"author":[{"embeddable":true,"href":"https:\/\/www.labeljoy.com\/es\/wp-json\/wp\/v2\/users\/12"}],"replies":[{"embeddable":true,"href":"https:\/\/www.labeljoy.com\/es\/wp-json\/wp\/v2\/comments?post=25717"}],"version-history":[{"count":5,"href":"https:\/\/www.labeljoy.com\/es\/wp-json\/wp\/v2\/pages\/25717\/revisions"}],"predecessor-version":[{"id":34830,"href":"https:\/\/www.labeljoy.com\/es\/wp-json\/wp\/v2\/pages\/25717\/revisions\/34830"}],"up":[{"embeddable":true,"href":"https:\/\/www.labeljoy.com\/es\/wp-json\/wp\/v2\/pages\/2789"}],"wp:attachment":[{"href":"https:\/\/www.labeljoy.com\/es\/wp-json\/wp\/v2\/media?parent=25717"}],"curies":[{"name":"wp","href":"https:\/\/api.w.org\/{rel}","templated":true}]}}