{"id":25840,"date":"2016-03-18T16:23:02","date_gmt":"2016-03-18T16:23:02","guid":{"rendered":"http:\/\/www.labeljoy.com\/es\/?page_id=25840"},"modified":"2025-02-11T11:07:45","modified_gmt":"2025-02-11T11:07:45","slug":"que-es-un-codigo-qr","status":"publish","type":"page","link":"https:\/\/www.labeljoy.com\/es\/qr-code-es\/que-es-un-codigo-qr\/","title":{"rendered":"Qu\u00e9 es un C\u00f3digo QR?"},"content":{"rendered":"<h1>Qu\u00e9 es un C\u00f3digo QR?<\/h1>\n<p>M\u00e1s y m\u00e1s personas preguntan: <strong>Qu\u00e9 es un c\u00f3digo qr?<\/strong>, <a title=\"Crear un C\u00f3digo QR\" href=\"http:\/\/www.labeljoy.com\/es\/qr-code-es\/crear-un-codigo-qr\/\">c\u00f3mo puedo crear uno<\/a>. En esta p\u00e1gina encontrar\u00e1 las respuestas a estas preguntas, como as\u00ed tambi\u00e9n una explicaci\u00f3n sobre c\u00f3mo leer el c\u00f3digo QR y cu\u00e1les son los mejores programas para esta particular lectura, de c\u00f3digo de barras creciente en popularidad.<img decoding=\"async\" class=\"alignleft\" src=\"http:\/\/www.labeljoy.com\/images\/qr-code\/qr-code-example.jpg\" alt=\"Qr code example\" width=\"140\" height=\"140\" \/><\/p>\n<h2>Informaci\u00f3n de C\u00f3digo Qr<\/h2>\n<p>El <strong>C\u00f3digo QR es una matriz de c\u00f3digo de barras<\/strong>, compuesto por m\u00f3dulos dispuestos en un patr\u00f3n cuadrado. Es utilizado para almacenar informaci\u00f3n para ser le\u00edda por un tel\u00e9fono m\u00f3vil, una table o cualquier equipo que posea capacidad de decodificar.<\/p>\n<p><em>El C\u00f3digo QR \u201cQuick Response Code\u201d es una evoluci\u00f3n del c\u00f3digo de barra tradicional<\/em>. Los c\u00f3digos QR pueden ser representados en un gr\u00e1fico de dos dimensiones hasta 4,296 caracteres alfanum\u00e9ricos. Pueden ser impresos en posters, libros, sitios de negocios, tableros. La imagen puede contener mensajes, fotos, v\u00ednculos, informaci\u00f3n, datos, que pueden ser accedidos r\u00e1pidamente.<\/p>\n<p><img decoding=\"async\" class=\"aligncenter\" src=\"http:\/\/www.labeljoy.com\/images\/qr-code\/qr-code-informations.jpg\" alt=\"Qr Code informations\" width=\"548\" height=\"152\" \/><\/p>\n<h3>Beneficios del c\u00f3digo de barras QR<\/h3>\n<p>El uso de este tipo de simbolog\u00eda posee muchas ventajas en comparaci\u00f3n con el c\u00f3digo de barras tradicional 1D:<br \/>\n<div class=\"one_half\">\n<ul>\n<li>Contiene gran cantidad de informaci\u00f3n<\/li>\n<li>Posee bajo costo de producci\u00f3n,, es una impresi\u00f3n<\/li>\n<li>Posee un est\u00e1ndar abierto y difundido<\/li>\n<\/ul>\n<\/div>\n<div class=\"one_half\">\n<ul>\n<li>Legible por tel\u00e9fonos m\u00f3viles<\/li>\n<li>Funciona a\u00fan si una parte est\u00e1 da\u00f1ada<\/li>\n<\/ul>\n<\/div>\n<div class=\"column-clear\"><\/div>\n<h3>C\u00f3mo crear c\u00f3digos QR<\/h3>\n<p>Para <strong>crear c\u00f3digos QR<\/strong> existen muchos sitios y aplicaciones. Una de las mejores herramientas es el <a title=\"Generador de c\u00f3digo Qr\" href=\"http:\/\/www.labeljoy.com\/es\/qr-code-es\/generador-codigo-qr\/\">Generador de C\u00f3digo QR Online<\/a> de Labeljoy que permite crear vCard, v\u00ednculos a sitios web, v\u00ednculos a Facebook, ubicaciones de Google Maps y m\u00e1s.<\/p>\n<p style=\"text-align: center;\"><a href=\"\/es\/download-es\/\" class=\"jumbo green tt-button\" target=\"_self\">DESCARGAR SOFTWARE DE C\u00d3DIGO QR GRATIS<\/a>\n<p>En forma alternativa, es posible <a title=\"descargar Labeljoy\" href=\"http:\/\/www.labeljoy.com\/es\/download-es\/\">descargar Labeljoy<\/a>, un software de c\u00f3digo QR completo, que le premite generar C\u00f3digo QR, crear <a title=\"QR Code label software\" href=\"http:\/\/www.labeljoy.com\/qr-code\/qr-code-label-software\/\">etiquetas de c\u00f3digo QR, <\/a>, imprimir y exportar c\u00f3digos de barras a pdf, jpg o png, todo esto sin necesidad de conexi\u00f3n a Internet.<a name=\"read qr code\"><\/a><\/p>\n<h3>Como leer el c\u00f3digo QR<\/h3>\n<p>Para <strong>leer el C\u00f3digo QR <\/strong> basta con poseer un smartphone o tablet con una c\u00e1mara capaz de leer el c\u00f3digo. Existen muchas aplicaciones gratis que usted puede instalar en smartphones que permiten el acceso al contenido multimedia o servicios web sin necesidad de ingresar una larga direcci\u00f3n en un teclado poco confortable.<br \/>\n<div class=\"one_third\">\nAndroid<\/p>\n<ul>\n<li><a href=\"https:\/\/play.google.com\/store\/apps\/details?id=com.google.zxing.client.android&amp;hl=en\">Barcode Scanner<\/a><\/li>\n<li><a href=\"https:\/\/play.google.com\/store\/apps\/details?id=com.threegvision.products.inigma.Android&amp;hl=en\">i-nigma<\/a><\/li>\n<li><a href=\"https:\/\/play.google.com\/store\/apps\/details?id=com.ebay.redlaser&amp;hl=en\">RedLaser<\/a><\/li>\n<\/ul>\n<\/div>\n<div class=\"one_third\">\niOS<\/p>\n<ul>\n<li><a href=\"https:\/\/itunes.apple.com\/en\/app\/i-nigma-qr-code-data-matrix\/id388923203?mt=8\">i-nigma<\/a><\/li>\n<li><a href=\"https:\/\/itunes.apple.com\/en\/app\/redlaser-barcode-scanner-qr\/id474902001?mt=8\">RedLaser<\/a><\/li>\n<\/ul>\n<\/div>\n<div class=\"one_third\">\nOtros sistemas m\u00f3biles<\/p>\n<ul>\n<li><a href=\"http:\/\/www.i-nigma.com\/Downloadi-nigmaReader.html\">i-nigma<\/a><\/li>\n<\/ul>\n<\/div>\n<div class=\"column-clear\"><\/div>\n<h4>C\u00f3digos de barras vs C\u00f3digos QR<\/h4>\n<p>Aparte de la obvia diferencia de tipo gr\u00e1fico, la principal diferencia entre los c\u00f3digos de barras y los c\u00f3digos QR es la cantidad de informaci\u00f3n almacenada (hasta unas pocas decenas de d\u00edgitos vs hasta 4.926 caracteres alfanum\u00e9ricos). Con el c\u00f3digo de barras solo se pueden almacenar los c\u00f3digos, mientras que con el c\u00f3digo QR se pueden almacenar enlaces, datos, mensajes completos y vCard. Adem\u00e1s, el QR Code se puede leer f\u00e1cilmente en un smartphone y es muy utilizado en la publicidad y en las etiquetas de algunos productos de venta.<\/p>\n<figure style=\"width: 538px\" class=\"wp-caption aligncenter\"><img decoding=\"async\" src=\"http:\/\/www.labeljoy.com\/images\/qr-code\/qr-code-barcode.jpg\" alt=\"Qr Code vs barcode\" width=\"548\" height=\"158\" \/><figcaption class=\"wp-caption-text\">C\u00f3digo QR \u2013 Codificaci\u00f3n de C\u00f3digo de Barras Labeljoy<\/figcaption><\/figure>\n<p>&nbsp;<\/p>\n","protected":false},"excerpt":{"rendered":"<p>Qu\u00e9 es un C\u00f3digo QR? M\u00e1s y m\u00e1s personas preguntan: Qu\u00e9 es un c\u00f3digo qr?, c\u00f3mo puedo crear uno. En esta p\u00e1gina encontrar\u00e1 las respuestas a estas preguntas, como as\u00ed tambi\u00e9n una explicaci\u00f3n sobre c\u00f3mo leer el c\u00f3digo QR y cu\u00e1les son los mejores programas para esta particular lectura, de c\u00f3digo de barras creciente en &#8230; <a title=\"Qu\u00e9 es un C\u00f3digo QR?\" class=\"read-more\" href=\"https:\/\/www.labeljoy.com\/es\/qr-code-es\/que-es-un-codigo-qr\/\" aria-label=\"Leer m\u00e1s sobre Qu\u00e9 es un C\u00f3digo QR?\">Read more<\/a><\/p>\n","protected":false},"author":12,"featured_media":0,"parent":15943,"menu_order":0,"comment_status":"closed","ping_status":"closed","template":"","meta":{"inline_featured_image":false,"_monsterinsights_skip_tracking":false,"_monsterinsights_sitenote_active":false,"_monsterinsights_sitenote_note":"","_monsterinsights_sitenote_category":0,"footnotes":""},"class_list":{"0":"post-25840","1":"page","2":"type-page","3":"status-publish","5":"infinite-scroll-item"},"aioseo_notices":[],"_links":{"self":[{"href":"https:\/\/www.labeljoy.com\/es\/wp-json\/wp\/v2\/pages\/25840","targetHints":{"allow":["GET"]}}],"collection":[{"href":"https:\/\/www.labeljoy.com\/es\/wp-json\/wp\/v2\/pages"}],"about":[{"href":"https:\/\/www.labeljoy.com\/es\/wp-json\/wp\/v2\/types\/page"}],"author":[{"embeddable":true,"href":"https:\/\/www.labeljoy.com\/es\/wp-json\/wp\/v2\/users\/12"}],"replies":[{"embeddable":true,"href":"https:\/\/www.labeljoy.com\/es\/wp-json\/wp\/v2\/comments?post=25840"}],"version-history":[{"count":3,"href":"https:\/\/www.labeljoy.com\/es\/wp-json\/wp\/v2\/pages\/25840\/revisions"}],"predecessor-version":[{"id":42932,"href":"https:\/\/www.labeljoy.com\/es\/wp-json\/wp\/v2\/pages\/25840\/revisions\/42932"}],"up":[{"embeddable":true,"href":"https:\/\/www.labeljoy.com\/es\/wp-json\/wp\/v2\/pages\/15943"}],"wp:attachment":[{"href":"https:\/\/www.labeljoy.com\/es\/wp-json\/wp\/v2\/media?parent=25840"}],"curies":[{"name":"wp","href":"https:\/\/api.w.org\/{rel}","templated":true}]}}