{"id":25843,"date":"2016-03-19T12:10:34","date_gmt":"2016-03-19T12:10:34","guid":{"rendered":"http:\/\/www.labeljoy.com\/es\/?page_id=25843"},"modified":"2026-03-06T07:51:53","modified_gmt":"2026-03-06T07:51:53","slug":"como-hacer-un-codigo-qr","status":"publish","type":"page","link":"https:\/\/www.labeljoy.com\/es\/qr-code-es\/como-hacer-un-codigo-qr\/","title":{"rendered":"C\u00f3mo hacer un C\u00f3digo QR?"},"content":{"rendered":"<h1>C\u00f3mo hacer un C\u00f3digo QR?<\/h1>\n<p><strong>Hacer un c\u00f3digo QR con Labeljoy<\/strong> es muy simple y r\u00e1pido. Labeljoy permite <strong>generar sus propios C\u00f3digos QR personalizados<\/strong> en dos formas diferentes: la primera mediante el uso de la <a title=\"Generador de c\u00f3digo Qr\" href=\"http:\/\/www.labeljoy.com\/es\/qr-code-es\/generador-codigo-qr\/\">herramienta de generaci\u00f3n de C\u00f3digo QR<\/a> (la cual permite generar c\u00f3digos de barras 2D online), y la segunda usando el Software Generador de c\u00f3digo QR, <a title=\"Download Labeljoy\" href=\"http:\/\/www.labeljoy.com\/es\/download-es\/\">descargue el software gratis<\/a> y cree C\u00f3digos QR infinitos offline.<br \/>\n<img decoding=\"async\" class=\"aligncenter\" style=\"margin-top: 20px;\" src=\"http:\/\/www.labeljoy.com\/images\/qr-code\/your-own-qrcode.jpg\" alt=\"Hacer un C\u00f3digo QR offline\" width=\"670\" height=\"200\" \/><\/p>\n<h2>Hacer un C\u00f3digo QR offline<\/h2>\n<p>Labeljoy, el <a title=\"QR Code label software\" href=\"http:\/\/www.labeljoy.com\/qr-code\/qr-code-label-software\/\">software creador de C\u00f3digos QR<\/a> le permite <strong>generar c\u00f3digos QR infinitos<\/strong> directamente desde su computadora, sin requerir conexi\u00f3n a Internet. Estos son los pasos para crear un C\u00f3digo QR con Labeljoy:<br \/>\n<a class=\"hover-item\" title=\"Labeljoy Hacer un C\u00f3digo QR offline\" href=\"http:\/\/www.labeljoy.com\/images\/qr-code\/offline-qr-code-software.jpg\"><img decoding=\"async\" class=\"alignright\" style=\"margin-top: 20px;\" src=\"http:\/\/www.labeljoy.com\/images\/qr-code\/create-qr-code-software.jpg\" alt=\"Hacer un C\u00f3digo QR offline\" width=\"200\" height=\"133\" \/><\/a><\/p>\n<ol>\n<li>Ingrese a Labeljoy y establezca el layout (opcional)<\/li>\n<li>Realice doble clic sobre un c\u00f3digo de barras ya existente o cree uno nuevo con el bot\u00f3n \u201cInsertar c\u00f3digo de barras\u201d<\/li>\n<li>Seleccione el \u201cC\u00f3digo de Barras\u201d desde la lista de simbolog\u00edas<\/li>\n<li>Agregue su texto preferido<\/li>\n<li>Presione OK<\/li>\n<\/ol>\n<p>Ahora puede exporter su C\u00f3digo QR presionando en \u201cArchivo\u201d \u2013 \u201cExportar\u201d \u2013 \u201cC\u00f3digo de Barras\u201d. Haer un c\u00f3digo de barras offline es f\u00e1cil!<\/p>\n<p style=\"text-align: center;\"><a href=\"\/es\/download-es\/\" class=\"jumbo green tt-button\" target=\"_self\"> Descargar el Software Generador de C\u00f3digos de Barras Offline <\/a>\n<h2>Cree sus propios C\u00f3digos QR Online<\/h2>\n<p>Puede <strong>crear un c\u00f3digo QR<\/strong> con la <a title=\"QR Code Generator\" href=\"http:\/\/www.labeljoy.com\/es\/qr-code-es\/generador-codigo-qr\/\">herramienta generadora Labeljoy online<\/a> en s\u00f3lo tres pasos::<\/p>\n<ol>\n<li>Seleccione la acci\u00f3n<\/li>\n<li>Ingrese su mensaje\/url\/informaci\u00f3n<\/li>\n<li>Presione \u201cGenerar\u201d para generar su C\u00f3digo QR.<\/li>\n<\/ol>\n<p>Ahora puede Descargar su C\u00f3digo QR personalizado realizando clic derecho sobre las im\u00e1genes y seleccionando \u201cGuardar imagen como\u201d.<\/p>\n<h3>Generar C\u00f3digo QR desde Bases de datos<\/h3>\n<p><a class=\"hover-item\" title=\"Generar C\u00f3digo QR desde Bases de datos\" href=\"http:\/\/www.labeljoy.com\/images\/qr-code\/make-code-from-database.jpg\"><img decoding=\"async\" class=\"alignleft\" style=\"margin-right: 10px;\" src=\"http:\/\/www.labeljoy.com\/images\/qr-code\/make-code-from-database.jpg\" alt=\"Generar C\u00f3digo QR desde Bases de datos\" width=\"330\" height=\"175\" \/><\/a> Una <a title=\"Features\" href=\"http:\/\/www.labeljoy.com\/es\/caracteristicas\/\">funci\u00f3n <\/a> \u00fatil de labeljoy otorga la posibilidad de <a title=\"importar informaci\u00f3n desde Excel\" href=\"http:\/\/www.labeljoy.com\/es\/videos\/cargar-datos-desde-excel\/\">importar informaci\u00f3n desde fuentes de datos externas<\/a> tales como Excel, Access, MySql, archivo de Texto, SQLite.\u00a0De esta forma usted puede crear C\u00f3digos QR diferentes relacionados a los campos que desee, una aplicaci\u00f3n \u00fatil ser\u00eda crear <a title=\"Plantillas de Tarjetas de Visita\" href=\"http:\/\/www.labeljoy.com\/es\/plantillas\/tarjeta-de-visita\/\">tarjetas de negocios<\/a>, cada una con un c\u00f3digo QR diferente.<\/p>\n<p><em>Ha observado alguna vez una forma m\u00e1s f\u00e1cil de crear un c\u00f3digo QR?<\/em><\/p>\n","protected":false},"excerpt":{"rendered":"<p>C\u00f3mo hacer un C\u00f3digo QR? Hacer un c\u00f3digo QR con Labeljoy es muy simple y r\u00e1pido. Labeljoy permite generar sus propios C\u00f3digos QR personalizados en dos formas diferentes: la primera mediante el uso de la herramienta de generaci\u00f3n de C\u00f3digo QR (la cual permite generar c\u00f3digos de barras 2D online), y la segunda usando el &#8230; <a title=\"C\u00f3mo hacer un C\u00f3digo QR?\" class=\"read-more\" href=\"https:\/\/www.labeljoy.com\/es\/qr-code-es\/como-hacer-un-codigo-qr\/\" aria-label=\"Leer m\u00e1s sobre C\u00f3mo hacer un C\u00f3digo QR?\">Read more<\/a><\/p>\n","protected":false},"author":12,"featured_media":0,"parent":15943,"menu_order":0,"comment_status":"closed","ping_status":"closed","template":"","meta":{"inline_featured_image":false,"_monsterinsights_skip_tracking":false,"_monsterinsights_sitenote_active":false,"_monsterinsights_sitenote_note":"","_monsterinsights_sitenote_category":0,"footnotes":""},"class_list":{"0":"post-25843","1":"page","2":"type-page","3":"status-publish","5":"infinite-scroll-item"},"aioseo_notices":[],"_links":{"self":[{"href":"https:\/\/www.labeljoy.com\/es\/wp-json\/wp\/v2\/pages\/25843","targetHints":{"allow":["GET"]}}],"collection":[{"href":"https:\/\/www.labeljoy.com\/es\/wp-json\/wp\/v2\/pages"}],"about":[{"href":"https:\/\/www.labeljoy.com\/es\/wp-json\/wp\/v2\/types\/page"}],"author":[{"embeddable":true,"href":"https:\/\/www.labeljoy.com\/es\/wp-json\/wp\/v2\/users\/12"}],"replies":[{"embeddable":true,"href":"https:\/\/www.labeljoy.com\/es\/wp-json\/wp\/v2\/comments?post=25843"}],"version-history":[{"count":3,"href":"https:\/\/www.labeljoy.com\/es\/wp-json\/wp\/v2\/pages\/25843\/revisions"}],"predecessor-version":[{"id":45141,"href":"https:\/\/www.labeljoy.com\/es\/wp-json\/wp\/v2\/pages\/25843\/revisions\/45141"}],"up":[{"embeddable":true,"href":"https:\/\/www.labeljoy.com\/es\/wp-json\/wp\/v2\/pages\/15943"}],"wp:attachment":[{"href":"https:\/\/www.labeljoy.com\/es\/wp-json\/wp\/v2\/media?parent=25843"}],"curies":[{"name":"wp","href":"https:\/\/api.w.org\/{rel}","templated":true}]}}