{"id":25849,"date":"2016-03-20T23:27:31","date_gmt":"2016-03-20T23:27:31","guid":{"rendered":"http:\/\/www.labeljoy.com\/es\/?page_id=25849"},"modified":"2026-03-06T08:17:13","modified_gmt":"2026-03-06T08:17:13","slug":"crear-etiquetas-de-codigo-qr-con-labeljoy","status":"publish","type":"page","link":"https:\/\/www.labeljoy.com\/es\/qr-code-es\/crear-etiquetas-de-codigo-qr-con-labeljoy\/","title":{"rendered":"Crear etiquetas de C\u00f3digo QR con Labeljoy"},"content":{"rendered":"<h1>Crear etiquetas de C\u00f3digo QR con Labeljoy<\/h1>\n<p>Si necesita crear un \u00fanico C\u00f3digo QR puede probar nuestro <a title=\"Generador de c\u00f3digo Qr\" href=\"http:\/\/www.labeljoy.com\/es\/qr-code-es\/generador-codigo-qr\/\">Generador de C\u00f3digo QR Online<\/a>, si necesita crear e imprimir Etiquetas de C\u00f3digo QR con texto, im\u00e1genes e <a title=\"C\u00f3mo Cargar datos desde Excel\" href=\"http:\/\/www.labeljoy.com\/es\/videos\/cargar-datos-desde-excel\/\">importar informaci\u00f3n<\/a> desde fuentes de datos externas, LabelJoy es la soluci\u00f3n perfecta.<\/p>\n<h2>El mejor software de etiquetas de c\u00f3digo QR<\/h2>\n<p><em>Importe informaci\u00f3n de C\u00f3digo QR desde bases de datos hacia etiquetas.<\/em><img decoding=\"async\" class=\"alignright\" src=\"http:\/\/www.labeljoy.com\/images\/qr-code\/qr-code-labels.jpg\" alt=\"QR Code Labels\" width=\"280\" height=\"222\" \/><\/p>\n<ul>\n<li>Con Labeljoy puede <strong>conectar etiquetas de C\u00f3digo QR<\/strong> con diferentes bases de datos en forma f\u00e1cil y r\u00e1pida.<\/li>\n<li>Labeljoy ofrece una gu\u00eda para <strong>crear c\u00f3digo QR<\/strong> <a title=\"C\u00f3mo Cargar datos desde Excel\" href=\"http:\/\/www.labeljoy.com\/es\/videos\/cargar-datos-desde-excel\/\">importando informaci\u00f3n desde bases de datos tales como Excel<\/a>, archivos de texto, archivos CSV, Access<\/li>\n<li>Importar contactos desde Windows Mail, Outlook y SQLite.<\/li>\n<li>Importar informaci\u00f3n desde bases de datos profesionales MySQL y Oracle.<\/li>\n<\/ul>\n<div class=\"column-clear\"><\/div>\n<p style=\"text-align: center;\"><a href=\"\/es\/download-es\/\" class=\"jumbo green tt-button\" target=\"_self\">Descargar Software de Etiquetas de C\u00f3digo QR GRATIS<\/a>\n<div class=\"column-clear\"><\/div>\n<h2>C\u00f3mo crear Etiquetas de C\u00f3digo QR con Labeljoy<\/h2>\n<p>LabelJoy permite crear Etiquetas de C\u00f3digo QR f\u00e1cilmente,\u00a0<a title=\"Descargar LabelJoy\" href=\"http:\/\/www.labeljoy.com\/es\/download-es\/\">download<\/a>\u00a0e instale LabelJoy en su Pc, e ingrese a LabelJoy.<\/p>\n<p><a href=\"http:\/\/www.labeljoy.com\/es\/plantillas\/etiqueta-vino\/\"><img decoding=\"async\" class=\" alignright\" src=\"http:\/\/www.labeljoy.com\/images\/qr-code\/wine-qrcode.jpg\" alt=\"Plantilla de Etiqueta de Vino\" width=\"211\" height=\"364\" \/><\/a><\/p>\n<ol>\n<li>Seleccione el bot\u00f3n \u201cInsertar c\u00f3digo de barras\u201d desde la barra de herramientas izquierda<\/li>\n<li>Indique la posici\u00f3n de la etiqueta en la cual desea <strong>imprimir el C\u00f3digo QR<\/strong>.<\/li>\n<li>Seleccione &#8220;<em>C\u00f3digo QR&#8221;<\/em> desde la caja desplegable de <em>Tipo de C\u00f3digo de barra<\/em>, 3 cajas desplegables adicionales se muestran para permitir definir los atributos de este c\u00f3digo de barras bi-dimensional: Codificaci\u00f3n, tama\u00f1o y correcci\u00f3n de error.<\/li>\n<li>Escriba el texto en la secci\u00f3n inferior, agregando contadores e informaci\u00f3n desde las bases de datos<\/li>\n<li>Finalmente presione OK para generar el C\u00f3digo QR autom\u00e1ticamente<\/li>\n<li>Cambie el tama\u00f1o y dimensi\u00f3n del c\u00f3digo directamente en la etiqueta<\/li>\n<\/ol>\n<a href=\"\/es\/plantillas\/etiqueta-vino\/\" class=\"large orange tt-button\" target=\"_self\">Plantillas de Etiquetas de Vino<\/a>\n","protected":false},"excerpt":{"rendered":"<p>Crear etiquetas de C\u00f3digo QR con Labeljoy Si necesita crear un \u00fanico C\u00f3digo QR puede probar nuestro Generador de C\u00f3digo QR Online, si necesita crear e imprimir Etiquetas de C\u00f3digo QR con texto, im\u00e1genes e importar informaci\u00f3n desde fuentes de datos externas, LabelJoy es la soluci\u00f3n perfecta. El mejor software de etiquetas de c\u00f3digo QR &#8230; <a title=\"Crear etiquetas de C\u00f3digo QR con Labeljoy\" class=\"read-more\" href=\"https:\/\/www.labeljoy.com\/es\/qr-code-es\/crear-etiquetas-de-codigo-qr-con-labeljoy\/\" aria-label=\"Leer m\u00e1s sobre Crear etiquetas de C\u00f3digo QR con Labeljoy\">Read more<\/a><\/p>\n","protected":false},"author":12,"featured_media":0,"parent":15943,"menu_order":0,"comment_status":"closed","ping_status":"closed","template":"","meta":{"inline_featured_image":false,"_monsterinsights_skip_tracking":false,"_monsterinsights_sitenote_active":false,"_monsterinsights_sitenote_note":"","_monsterinsights_sitenote_category":0,"footnotes":""},"class_list":{"0":"post-25849","1":"page","2":"type-page","3":"status-publish","5":"infinite-scroll-item"},"aioseo_notices":[],"_links":{"self":[{"href":"https:\/\/www.labeljoy.com\/es\/wp-json\/wp\/v2\/pages\/25849","targetHints":{"allow":["GET"]}}],"collection":[{"href":"https:\/\/www.labeljoy.com\/es\/wp-json\/wp\/v2\/pages"}],"about":[{"href":"https:\/\/www.labeljoy.com\/es\/wp-json\/wp\/v2\/types\/page"}],"author":[{"embeddable":true,"href":"https:\/\/www.labeljoy.com\/es\/wp-json\/wp\/v2\/users\/12"}],"replies":[{"embeddable":true,"href":"https:\/\/www.labeljoy.com\/es\/wp-json\/wp\/v2\/comments?post=25849"}],"version-history":[{"count":4,"href":"https:\/\/www.labeljoy.com\/es\/wp-json\/wp\/v2\/pages\/25849\/revisions"}],"predecessor-version":[{"id":45153,"href":"https:\/\/www.labeljoy.com\/es\/wp-json\/wp\/v2\/pages\/25849\/revisions\/45153"}],"up":[{"embeddable":true,"href":"https:\/\/www.labeljoy.com\/es\/wp-json\/wp\/v2\/pages\/15943"}],"wp:attachment":[{"href":"https:\/\/www.labeljoy.com\/es\/wp-json\/wp\/v2\/media?parent=25849"}],"curies":[{"name":"wp","href":"https:\/\/api.w.org\/{rel}","templated":true}]}}